{"id":164,"date":"2022-07-08T12:27:59","date_gmt":"2022-07-08T11:27:59","guid":{"rendered":"http:\/\/bardelconvent.com\/funguje-blind-dating\/"},"modified":"2022-07-08T12:27:59","modified_gmt":"2022-07-08T11:27:59","slug":"funguje-blind-dating","status":"publish","type":"page","link":"http:\/\/bardelconvent.com\/cs\/funguje-blind-dating\/","title":{"rendered":"Funguje Blind Dating?"},"content":{"rendered":"<p>Blind dating je skv\u011bl\u00fd zp\u016fsob, jak se setkat s lidmi, kte\u0159\u00ed sd\u00edlej\u00ed <a href=\"http:\/\/bardelconvent.com\/cs\/spolehlive-aplikace-pro-pripojeni-pro-hledani-sexu\/\">podobn\u00e9 z\u00e1jmy<\/a>. Tento typ datov\u00e1n\u00ed je \u010dasto ozna\u010dov\u00e1n jako speed dating, proto\u017ee neexistuje \u017e\u00e1dn\u00e9 p\u0159edem dohodnut\u00e9 m\u00edsto nebo \u010das setk\u00e1n\u00ed.<\/p>\n<p>M\u00edsto toho se rande naslepo kon\u00e1 na ve\u0159ejn\u00e9m m\u00edst\u011b, kde mohou nezadan\u00ed p\u0159ij\u00edt k sob\u011b a nav\u00e1zat konverzaci. C\u00edlem je naj\u00edt kompatibiln\u00ed shodu do 30 minut.<\/p>\n<p>Speed dating je popul\u00e1rn\u00ed mezi nezadan\u00fdmi, kte\u0159\u00ed hledaj\u00ed rychl\u00e9 rande. Nicm\u00e9n\u011b, slep\u00e9 datov\u00e1n\u00ed je ide\u00e1ln\u00ed pro ty, kte\u0159\u00ed d\u00e1vaj\u00ed p\u0159ednost setk\u00e1n\u00ed s lidmi organicky.<\/p>\n<h2>Je to pro v\u00e1s?<\/h2>\n<p>Pokud se nijak zvl\u00e1\u0161\u0165 nestar\u00e1te o svou vlastn\u00ed bezpe\u010dnost, mo\u017en\u00e1 budete cht\u00edt zv\u00e1\u017eit rande naslepo.<\/p>\n<p>M\u016f\u017eete pomoci zajistit, aby se va\u0161e rande c\u00edtilo bezpe\u010dn\u011b a pohodln\u011b t\u00edm, \u017ee <a href=\"http:\/\/bardelconvent.com\/cs\/podepisuje-divka-vas-ma-rada-online\/\">navrhnete sch\u016fzku na ve\u0159ejn\u00e9m m\u00edst\u011b<\/a>, jako je kav\u00e1rna nebo restaurace. A zat\u00edmco pl\u00e1nujete, sna\u017ete se to udr\u017eet na jedn\u00e9 aktivit\u011b, tak\u017ee existuje snadn\u011bj\u0161\u00ed cesta, pokud se va\u0161e rande nec\u00edt\u00ed dob\u0159e. Ptejte se m\u00e9n\u011b ot\u00e1zek, kter\u00e9 by mohly zp\u016fsobit, \u017ee se n\u011bkdo bude c\u00edtit trapn\u011b nebo podez\u0159ele ohledn\u011b va\u0161ich z\u00e1m\u011br\u016f. Pokud mluv\u00edte o sv\u00fdch z\u00e1jmech, kon\u00ed\u010dc\u00edch, kari\u00e9\u0159e nebo obl\u00edben\u00fdch kapel\u00e1ch, budete se oba moci spojit na hlub\u0161\u00ed \u00farovni.<\/p>\n<p>Nezklamte svou ostra\u017eitost. D\u00e1vejte si pozor na to, s k\u00fdm se setk\u00e1te online. Pokud si mysl\u00edte, \u017ee n\u011bco nen\u00ed v po\u0159\u00e1dku, pak to pravd\u011bpodobn\u011b nen\u00ed. Pokud jste n\u011bkdy m\u011bli b\u00fdvalou zpr\u00e1vu pot\u00e9, co se roze\u0161li, pak v\u00edte, co t\u00edm mysl\u00edm. V\u00e1\u0161 instinkt v\u00e1m obvykle \u0159ekne, jestli je n\u011bco \u0161patn\u011b. V\u017edy zkontrolujte reference, ne\u017e se s n\u011bk\u00fdm setk\u00e1te v re\u00e1ln\u00e9m \u017eivot\u011b. A nikdy neposkytujte osobn\u00ed \u00fadaje, jako je va\u0161e adresa, telefonn\u00ed \u010d\u00edslo nebo p\u0159\u00edjmen\u00ed.<\/p>\n<h2>Blind Dating Alternativy<\/h2>\n<p>U\u017e jste n\u011bkdy byli na online seznamce? Jak\u00fd jste z toho m\u011bl pocit? C\u00edtili jste se bezpe\u010dn\u011b? Pokud jste je\u0161t\u011b nevyzkou\u0161eli online seznamov\u00e1n\u00ed, pak si p\u0159e\u010dt\u011bte na\u0161e o nejlep\u0161\u00edch online seznamk\u00e1ch, kter\u00e9 v\u00e1m mohou opravdu pomoci.<\/p>\n<p>Aplikace jako Tinder a Bumble umo\u017e\u0148uj\u00ed u\u017eivatel\u016fm p\u0159ejet prstem doprava nebo doleva na fotografi\u00edch ostatn\u00edch u\u017eivatel\u016f, aby zjistili, zda o n\u011b maj\u00ed z\u00e1jem. Ale zat\u00edmco aplikace se mohou zd\u00e1t ne\u0161kodn\u00e9, existuj\u00ed v\u00e1\u017en\u00e1 rizika spojen\u00e1 s jejich pou\u017eit\u00edm k setk\u00e1n\u00ed s n\u011bk\u00fdm nov\u00fdm.<\/p>\n<p>Jakmile najdete sv\u016fj prot\u011bj\u0161ek, budete ho muset l\u00e9pe poznat, ne\u017e za\u010dnete mluvit. To znamen\u00e1 vym\u011b\u0148ovat si zpr\u00e1vy, volat si a nakonec pl\u00e1novat data. To v\u0161e vy\u017eaduje \u010das a \u00fasil\u00ed. Tak pro\u010d nep\u0159esko\u010dit prost\u0159edn\u00edka a nep\u0159esko\u010dit rovnou k z\u00e1bav\u011b?<\/p>\n","protected":false},"excerpt":{"rendered":"<p>Blind dating je skv\u011bl\u00fd zp\u016fsob, jak se setkat s lidmi, kte\u0159\u00ed sd\u00edlej\u00ed podobn\u00e9 z\u00e1jmy. Tento typ datov\u00e1n\u00ed je \u010dasto ozna\u010dov\u00e1n jako speed dating, <\/p>\n","protected":false},"author":1,"featured_media":152,"parent":0,"menu_order":0,"comment_status":"closed","ping_status":"closed","template":"","meta":[],"yoast_head":"<!-- This site is optimized with the Yoast SEO plugin v19.2 - https:\/\/yoast.com\/wordpress\/plugins\/seo\/ -->\n<title>Funguje Blind Dating? - Hookup L\u00e1ska<\/title>\n<meta name=\"robots\" content=\"index, follow, max-snippet:-1, max-image-preview:large, max-video-preview:-1\" \/>\n<link rel=\"canonical\" href=\"http:\/\/bardelconvent.com\/cs\/funguje-blind-dating\/\" \/>\n<meta property=\"og:locale\" content=\"cs_CZ\" \/>\n<meta property=\"og:type\" content=\"article\" \/>\n<meta property=\"og:title\" content=\"Funguje Blind Dating? - Hookup L\u00e1ska\" \/>\n<meta property=\"og:description\" content=\"Blind dating je skv\u011bl\u00fd zp\u016fsob, jak se setkat s lidmi, kte\u0159\u00ed sd\u00edlej\u00ed podobn\u00e9 z\u00e1jmy. Tento typ datov\u00e1n\u00ed je \u010dasto ozna\u010dov\u00e1n jako speed dating,\" \/>\n<meta property=\"og:url\" content=\"http:\/\/bardelconvent.com\/cs\/funguje-blind-dating\/\" \/>\n<meta property=\"og:site_name\" content=\"Hookup L\u00e1ska\" \/>\n<meta property=\"og:image\" content=\"http:\/\/bardelconvent.com\/wp-content\/uploads\/2022\/07\/casual-sex-hookups.jpg\" \/>\n\t<meta property=\"og:image:width\" content=\"500\" \/>\n\t<meta property=\"og:image:height\" content=\"333\" \/>\n\t<meta property=\"og:image:type\" content=\"image\/jpeg\" \/>\n<meta name=\"author\" content=\"Dating Expert\" \/>\n<meta name=\"twitter:card\" content=\"summary_large_image\" \/>\n<meta name=\"twitter:label1\" content=\"Odhadovan\u00e1 doba \u010dten\u00ed\" \/>\n\t<meta name=\"twitter:data1\" content=\"3 minuty\" \/>\n<script type=\"application\/ld+json\" class=\"yoast-schema-graph\">{\"@context\":\"https:\/\/schema.org\",\"@graph\":[{\"@type\":\"WebSite\",\"@id\":\"http:\/\/bardelconvent.com\/de\/#website\",\"url\":\"http:\/\/bardelconvent.com\/de\/\",\"name\":\"Hookup L\u00e1ska\",\"description\":\"Seznamov\u00e1n\u00ed a vztahy\",\"potentialAction\":[{\"@type\":\"SearchAction\",\"target\":{\"@type\":\"EntryPoint\",\"urlTemplate\":\"http:\/\/bardelconvent.com\/de\/?s={search_term_string}\"},\"query-input\":\"required name=search_term_string\"}],\"inLanguage\":\"cs\"},{\"@type\":\"ImageObject\",\"inLanguage\":\"cs\",\"@id\":\"http:\/\/bardelconvent.com\/cs\/funguje-blind-dating\/#primaryimage\",\"url\":\"http:\/\/bardelconvent.com\/wp-content\/uploads\/2022\/07\/casual-sex-hookups.jpg\",\"contentUrl\":\"http:\/\/bardelconvent.com\/wp-content\/uploads\/2022\/07\/casual-sex-hookups.jpg\",\"width\":500,\"height\":333},{\"@type\":\"WebPage\",\"@id\":\"http:\/\/bardelconvent.com\/cs\/funguje-blind-dating\/#webpage\",\"url\":\"http:\/\/bardelconvent.com\/cs\/funguje-blind-dating\/\",\"name\":\"Funguje Blind Dating? - Hookup L\u00e1ska\",\"isPartOf\":{\"@id\":\"http:\/\/bardelconvent.com\/de\/#website\"},\"primaryImageOfPage\":{\"@id\":\"http:\/\/bardelconvent.com\/cs\/funguje-blind-dating\/#primaryimage\"},\"datePublished\":\"2022-07-08T11:27:59+00:00\",\"dateModified\":\"2022-07-08T11:27:59+00:00\",\"breadcrumb\":{\"@id\":\"http:\/\/bardelconvent.com\/cs\/funguje-blind-dating\/#breadcrumb\"},\"inLanguage\":\"cs\",\"potentialAction\":[{\"@type\":\"ReadAction\",\"target\":[\"http:\/\/bardelconvent.com\/cs\/funguje-blind-dating\/\"]}]},{\"@type\":\"BreadcrumbList\",\"@id\":\"http:\/\/bardelconvent.com\/cs\/funguje-blind-dating\/#breadcrumb\",\"itemListElement\":[{\"@type\":\"ListItem\",\"position\":1,\"name\":\"Domov\",\"item\":\"https:\/\/bardelconvent.com\/cs\/\"},{\"@type\":\"ListItem\",\"position\":2,\"name\":\"Funguje Blind Dating?\"}]}]}<\/script>\n<!-- \/ Yoast SEO plugin. -->","yoast_head_json":{"title":"Funguje Blind Dating? - Hookup L\u00e1ska","robots":{"index":"index","follow":"follow","max-snippet":"max-snippet:-1","max-image-preview":"max-image-preview:large","max-video-preview":"max-video-preview:-1"},"canonical":"http:\/\/bardelconvent.com\/cs\/funguje-blind-dating\/","og_locale":"cs_CZ","og_type":"article","og_title":"Funguje Blind Dating? - Hookup L\u00e1ska","og_description":"Blind dating je skv\u011bl\u00fd zp\u016fsob, jak se setkat s lidmi, kte\u0159\u00ed sd\u00edlej\u00ed podobn\u00e9 z\u00e1jmy. Tento typ datov\u00e1n\u00ed je \u010dasto ozna\u010dov\u00e1n jako speed dating,","og_url":"http:\/\/bardelconvent.com\/cs\/funguje-blind-dating\/","og_site_name":"Hookup L\u00e1ska","og_image":[{"width":500,"height":333,"url":"http:\/\/bardelconvent.com\/wp-content\/uploads\/2022\/07\/casual-sex-hookups.jpg","type":"image\/jpeg"}],"author":"Dating Expert","twitter_card":"summary_large_image","twitter_misc":{"Odhadovan\u00e1 doba \u010dten\u00ed":"3 minuty"},"schema":{"@context":"https:\/\/schema.org","@graph":[{"@type":"WebSite","@id":"http:\/\/bardelconvent.com\/de\/#website","url":"http:\/\/bardelconvent.com\/de\/","name":"Hookup L\u00e1ska","description":"Seznamov\u00e1n\u00ed a vztahy","potentialAction":[{"@type":"SearchAction","target":{"@type":"EntryPoint","urlTemplate":"http:\/\/bardelconvent.com\/de\/?s={search_term_string}"},"query-input":"required name=search_term_string"}],"inLanguage":"cs"},{"@type":"ImageObject","inLanguage":"cs","@id":"http:\/\/bardelconvent.com\/cs\/funguje-blind-dating\/#primaryimage","url":"http:\/\/bardelconvent.com\/wp-content\/uploads\/2022\/07\/casual-sex-hookups.jpg","contentUrl":"http:\/\/bardelconvent.com\/wp-content\/uploads\/2022\/07\/casual-sex-hookups.jpg","width":500,"height":333},{"@type":"WebPage","@id":"http:\/\/bardelconvent.com\/cs\/funguje-blind-dating\/#webpage","url":"http:\/\/bardelconvent.com\/cs\/funguje-blind-dating\/","name":"Funguje Blind Dating? - Hookup L\u00e1ska","isPartOf":{"@id":"http:\/\/bardelconvent.com\/de\/#website"},"primaryImageOfPage":{"@id":"http:\/\/bardelconvent.com\/cs\/funguje-blind-dating\/#primaryimage"},"datePublished":"2022-07-08T11:27:59+00:00","dateModified":"2022-07-08T11:27:59+00:00","breadcrumb":{"@id":"http:\/\/bardelconvent.com\/cs\/funguje-blind-dating\/#breadcrumb"},"inLanguage":"cs","potentialAction":[{"@type":"ReadAction","target":["http:\/\/bardelconvent.com\/cs\/funguje-blind-dating\/"]}]},{"@type":"BreadcrumbList","@id":"http:\/\/bardelconvent.com\/cs\/funguje-blind-dating\/#breadcrumb","itemListElement":[{"@type":"ListItem","position":1,"name":"Domov","item":"https:\/\/bardelconvent.com\/cs\/"},{"@type":"ListItem","position":2,"name":"Funguje Blind Dating?"}]}]}},"_links":{"self":[{"href":"http:\/\/bardelconvent.com\/cs\/wp-json\/wp\/v2\/pages\/164"}],"collection":[{"href":"http:\/\/bardelconvent.com\/cs\/wp-json\/wp\/v2\/pages"}],"about":[{"href":"http:\/\/bardelconvent.com\/cs\/wp-json\/wp\/v2\/types\/page"}],"author":[{"embeddable":true,"href":"http:\/\/bardelconvent.com\/cs\/wp-json\/wp\/v2\/users\/1"}],"replies":[{"embeddable":true,"href":"http:\/\/bardelconvent.com\/cs\/wp-json\/wp\/v2\/comments?post=164"}],"version-history":[{"count":0,"href":"http:\/\/bardelconvent.com\/cs\/wp-json\/wp\/v2\/pages\/164\/revisions"}],"wp:featuredmedia":[{"embeddable":true,"href":"http:\/\/bardelconvent.com\/cs\/wp-json\/wp\/v2\/media\/152"}],"wp:attachment":[{"href":"http:\/\/bardelconvent.com\/cs\/wp-json\/wp\/v2\/media?parent=164"}],"curies":[{"name":"wp","href":"https:\/\/api.w.org\/{rel}","templated":true}]}}