{"id":177,"date":"2022-07-08T12:19:13","date_gmt":"2022-07-08T11:19:13","guid":{"rendered":"http:\/\/bardelconvent.com\/podepisuje-divka-vas-ma-rada-online\/"},"modified":"2022-07-08T12:19:13","modified_gmt":"2022-07-08T11:19:13","slug":"podepisuje-divka-vas-ma-rada-online","status":"publish","type":"page","link":"http:\/\/bardelconvent.com\/cs\/podepisuje-divka-vas-ma-rada-online\/","title":{"rendered":"Podepisuje d\u00edvka v\u00e1s m\u00e1 r\u00e1da online?"},"content":{"rendered":"<p>Pos\u00edl\u00e1n\u00ed textov\u00fdch zpr\u00e1v d\u00edvk\u00e1m je zaj\u00edmav\u00e1 zku\u0161enost. Ve sv\u00fdch textech m\u016f\u017eete z\u00edskat rady o tom, jak se k v\u00e1m skute\u010dn\u011b c\u00edt\u00ed. V\u011bnovat velkou pozornost tomu, co, kdy a jak v\u00e1m po\u0161lou text, v\u00e1m pom\u016f\u017ee l\u00e9pe jim porozum\u011bt.<\/p>\n<p>Pokud si nejste jisti, zda m\u00e1 z\u00e1jem o p\u0159\u00e1telstv\u00ed, pod\u00edvejte se na <a href=\"http:\/\/bardelconvent.com\/cs\/bezpecnost-online-seznamovacich-aplikaci\/\">dal\u0161\u00ed znamen\u00ed<\/a>. Nap\u0159\u00edklad by v\u00e1m mohla pos\u00edlat zpr\u00e1vy, aby si vzpomn\u011bla na z\u00e1bavn\u00fd spole\u010dn\u00fd \u010das. Nebo se m\u016f\u017ee ozvat, proto\u017ee pot\u0159ebuje pomoc s konkr\u00e9tn\u00edm \u00fakolem nebo testem.<\/p>\n<h2>Texty jste prvn\u00ed?<\/h2>\n<p>Pokud v\u00e1m z\u010distajasna nap\u00ed\u0161e, m\u016f\u017ee to znamenat cokoliv. M\u016f\u017ee se nudit, nebo se v\u00e1s mo\u017en\u00e1 sna\u017e\u00ed l\u00e9pe poznat. M\u016f\u017eete b\u00fdt jej\u00ed typ chlapa, nebo v\u00e1s nemus\u00ed m\u00edt v\u016fbec r\u00e1da. A\u0165 tak \u010di onak, nez\u00e1le\u017e\u00ed na tom, proto\u017ee s t\u00edm nem\u016f\u017eete nic d\u011blat. To znamen\u00e1, \u017ee pokud v\u00e1m nejprve pos\u00edl\u00e1 textov\u00e9 zpr\u00e1vy, znamen\u00e1 to, \u017ee s v\u00e1mi chce mluvit. Tak\u017ee, kdy\u017e v\u00e1m po\u0161le zpr\u00e1vu, d\u00e1vejte pozor.<\/p>\n<h2>Nem\u016f\u017eete p\u0159estat pos\u00edlat textov\u00e9 zpr\u00e1vy?<\/h2>\n<p>Nem\u00e1 v\u00e1s r\u00e1da, kdy\u017e se s v\u00e1mi poprv\u00e9 setk\u00e1. Ale po chv\u00edli <a href=\"http:\/\/bardelconvent.com\/cs\/zdarma-sex-chat-webove-stranky\/\">v\u00e1s za\u010dne m\u00edt r\u00e1da<\/a>. A pokud s v\u00e1mi bude st\u00e1le mluvit, za\u010dne se k v\u00e1m c\u00edtit opravdu bl\u00edzko. Pokud s v\u00e1mi chce mluvit poka\u017ed\u00e9, kdy\u017e se setk\u00e1te, pravd\u011bpodobn\u011b je do v\u00e1s zamilovan\u00e1.<\/p>\n<h2>Pos\u00edl\u00e1te textov\u00e9 zpr\u00e1vy po cel\u00fd den?<\/h2>\n<p>Pokud v\u00e1m \u010dasto p\u00ed\u0161e, znamen\u00e1 to, \u017ee v\u00e1s m\u00e1 r\u00e1da. M\u016f\u017ee m\u00edt dokonce z\u00e1jem v\u00e1s l\u00e9pe poznat. Chce, abyste ji poznali a poznali to, za \u010d\u00edm si stoj\u00ed, proto\u017ee v\u00ed, \u017ee to ocen\u00edte. \u017deny v\u011bd\u00ed, \u017ee rozv\u00edjen\u00ed vztahu je d\u016fle\u017eit\u00fdm krokem k zah\u00e1jen\u00ed vztahu s mu\u017eem, kter\u00fd se v\u00e1m l\u00edb\u00ed. Nau\u010dil jsem se to od vztahov\u00e9 guru Kate Spring.<\/p>\n<h2>Opravdu textov\u00e9 zpr\u00e1vy funguj\u00ed?<\/h2>\n<p>Textov\u00e9 zpr\u00e1vy jsou skv\u011blou formou komunikace, zvl\u00e1\u0161t\u011b kdy\u017e se sna\u017e\u00edte n\u011bkoho poznat. Existuj\u00ed v\u0161ak chv\u00edle, kdy pot\u0159ebujete ustoupit a d\u00e1t si \u010das na p\u0159em\u00fd\u0161len\u00ed, ne\u017e po\u0161lete dal\u0161\u00ed zpr\u00e1vu. Pokud jste s n\u011bk\u00fdm m\u011bli \u0161patnou zku\u0161enost, m\u016f\u017ee b\u00fdt nejlep\u0161\u00ed po\u010dkat, a\u017e se uklidn\u00edte, ne\u017e se oslov\u00edte. M\u016f\u017eete je tak\u00e9 zkusit zavolat m\u00edsto textov\u00fdch zpr\u00e1v. T\u00edmto zp\u016fsobem nebudete m\u00edt pocit, \u017ee je obt\u011b\u017eujete, zat\u00edmco jste st\u00e1le na\u0161tvan\u00ed.<\/p>\n","protected":false},"excerpt":{"rendered":"<p>Pos\u00edl\u00e1n\u00ed textov\u00fdch zpr\u00e1v d\u00edvk\u00e1m je zaj\u00edmav\u00e1 zku\u0161enost. Ve sv\u00fdch textech m\u016f\u017eete z\u00edskat rady o tom, jak se k v\u00e1m skute\u010dn\u011b c\u00edt\u00ed. V\u011bnovat velkou <\/p>\n","protected":false},"author":1,"featured_media":132,"parent":0,"menu_order":0,"comment_status":"closed","ping_status":"closed","template":"","meta":[],"yoast_head":"<!-- This site is optimized with the Yoast SEO plugin v19.2 - https:\/\/yoast.com\/wordpress\/plugins\/seo\/ -->\n<title>Podepisuje d\u00edvka v\u00e1s m\u00e1 r\u00e1da online? - Hookup L\u00e1ska<\/title>\n<meta name=\"robots\" content=\"index, follow, max-snippet:-1, max-image-preview:large, max-video-preview:-1\" \/>\n<link rel=\"canonical\" href=\"http:\/\/bardelconvent.com\/cs\/podepisuje-divka-vas-ma-rada-online\/\" \/>\n<meta property=\"og:locale\" content=\"cs_CZ\" \/>\n<meta property=\"og:type\" content=\"article\" \/>\n<meta property=\"og:title\" content=\"Podepisuje d\u00edvka v\u00e1s m\u00e1 r\u00e1da online? - Hookup L\u00e1ska\" \/>\n<meta property=\"og:description\" content=\"Pos\u00edl\u00e1n\u00ed textov\u00fdch zpr\u00e1v d\u00edvk\u00e1m je zaj\u00edmav\u00e1 zku\u0161enost. Ve sv\u00fdch textech m\u016f\u017eete z\u00edskat rady o tom, jak se k v\u00e1m skute\u010dn\u011b c\u00edt\u00ed. V\u011bnovat velkou\" \/>\n<meta property=\"og:url\" content=\"http:\/\/bardelconvent.com\/cs\/podepisuje-divka-vas-ma-rada-online\/\" \/>\n<meta property=\"og:site_name\" content=\"Hookup L\u00e1ska\" \/>\n<meta property=\"og:image\" content=\"http:\/\/bardelconvent.com\/wp-content\/uploads\/2022\/07\/real-sex-chat.jpeg\" \/>\n\t<meta property=\"og:image:width\" content=\"2250\" \/>\n\t<meta property=\"og:image:height\" content=\"1500\" \/>\n\t<meta property=\"og:image:type\" content=\"image\/jpeg\" \/>\n<meta name=\"author\" content=\"Dating Expert\" \/>\n<meta name=\"twitter:card\" content=\"summary_large_image\" \/>\n<meta name=\"twitter:label1\" content=\"Odhadovan\u00e1 doba \u010dten\u00ed\" \/>\n\t<meta name=\"twitter:data1\" content=\"2 minuty\" \/>\n<script type=\"application\/ld+json\" class=\"yoast-schema-graph\">{\"@context\":\"https:\/\/schema.org\",\"@graph\":[{\"@type\":\"WebSite\",\"@id\":\"http:\/\/bardelconvent.com\/de\/#website\",\"url\":\"http:\/\/bardelconvent.com\/de\/\",\"name\":\"Hookup L\u00e1ska\",\"description\":\"Seznamov\u00e1n\u00ed a vztahy\",\"potentialAction\":[{\"@type\":\"SearchAction\",\"target\":{\"@type\":\"EntryPoint\",\"urlTemplate\":\"http:\/\/bardelconvent.com\/de\/?s={search_term_string}\"},\"query-input\":\"required name=search_term_string\"}],\"inLanguage\":\"cs\"},{\"@type\":\"ImageObject\",\"inLanguage\":\"cs\",\"@id\":\"http:\/\/bardelconvent.com\/cs\/podepisuje-divka-vas-ma-rada-online\/#primaryimage\",\"url\":\"http:\/\/bardelconvent.com\/wp-content\/uploads\/2022\/07\/real-sex-chat.jpeg\",\"contentUrl\":\"http:\/\/bardelconvent.com\/wp-content\/uploads\/2022\/07\/real-sex-chat.jpeg\",\"width\":2250,\"height\":1500},{\"@type\":\"WebPage\",\"@id\":\"http:\/\/bardelconvent.com\/cs\/podepisuje-divka-vas-ma-rada-online\/#webpage\",\"url\":\"http:\/\/bardelconvent.com\/cs\/podepisuje-divka-vas-ma-rada-online\/\",\"name\":\"Podepisuje d\u00edvka v\u00e1s m\u00e1 r\u00e1da online? - Hookup L\u00e1ska\",\"isPartOf\":{\"@id\":\"http:\/\/bardelconvent.com\/de\/#website\"},\"primaryImageOfPage\":{\"@id\":\"http:\/\/bardelconvent.com\/cs\/podepisuje-divka-vas-ma-rada-online\/#primaryimage\"},\"datePublished\":\"2022-07-08T11:19:13+00:00\",\"dateModified\":\"2022-07-08T11:19:13+00:00\",\"breadcrumb\":{\"@id\":\"http:\/\/bardelconvent.com\/cs\/podepisuje-divka-vas-ma-rada-online\/#breadcrumb\"},\"inLanguage\":\"cs\",\"potentialAction\":[{\"@type\":\"ReadAction\",\"target\":[\"http:\/\/bardelconvent.com\/cs\/podepisuje-divka-vas-ma-rada-online\/\"]}]},{\"@type\":\"BreadcrumbList\",\"@id\":\"http:\/\/bardelconvent.com\/cs\/podepisuje-divka-vas-ma-rada-online\/#breadcrumb\",\"itemListElement\":[{\"@type\":\"ListItem\",\"position\":1,\"name\":\"Domov\",\"item\":\"https:\/\/bardelconvent.com\/cs\/\"},{\"@type\":\"ListItem\",\"position\":2,\"name\":\"Podepisuje d\u00edvka v\u00e1s m\u00e1 r\u00e1da online?\"}]}]}<\/script>\n<!-- \/ Yoast SEO plugin. -->","yoast_head_json":{"title":"Podepisuje d\u00edvka v\u00e1s m\u00e1 r\u00e1da online? - Hookup L\u00e1ska","robots":{"index":"index","follow":"follow","max-snippet":"max-snippet:-1","max-image-preview":"max-image-preview:large","max-video-preview":"max-video-preview:-1"},"canonical":"http:\/\/bardelconvent.com\/cs\/podepisuje-divka-vas-ma-rada-online\/","og_locale":"cs_CZ","og_type":"article","og_title":"Podepisuje d\u00edvka v\u00e1s m\u00e1 r\u00e1da online? - Hookup L\u00e1ska","og_description":"Pos\u00edl\u00e1n\u00ed textov\u00fdch zpr\u00e1v d\u00edvk\u00e1m je zaj\u00edmav\u00e1 zku\u0161enost. Ve sv\u00fdch textech m\u016f\u017eete z\u00edskat rady o tom, jak se k v\u00e1m skute\u010dn\u011b c\u00edt\u00ed. V\u011bnovat velkou","og_url":"http:\/\/bardelconvent.com\/cs\/podepisuje-divka-vas-ma-rada-online\/","og_site_name":"Hookup L\u00e1ska","og_image":[{"width":2250,"height":1500,"url":"http:\/\/bardelconvent.com\/wp-content\/uploads\/2022\/07\/real-sex-chat.jpeg","type":"image\/jpeg"}],"author":"Dating Expert","twitter_card":"summary_large_image","twitter_misc":{"Odhadovan\u00e1 doba \u010dten\u00ed":"2 minuty"},"schema":{"@context":"https:\/\/schema.org","@graph":[{"@type":"WebSite","@id":"http:\/\/bardelconvent.com\/de\/#website","url":"http:\/\/bardelconvent.com\/de\/","name":"Hookup L\u00e1ska","description":"Seznamov\u00e1n\u00ed a vztahy","potentialAction":[{"@type":"SearchAction","target":{"@type":"EntryPoint","urlTemplate":"http:\/\/bardelconvent.com\/de\/?s={search_term_string}"},"query-input":"required name=search_term_string"}],"inLanguage":"cs"},{"@type":"ImageObject","inLanguage":"cs","@id":"http:\/\/bardelconvent.com\/cs\/podepisuje-divka-vas-ma-rada-online\/#primaryimage","url":"http:\/\/bardelconvent.com\/wp-content\/uploads\/2022\/07\/real-sex-chat.jpeg","contentUrl":"http:\/\/bardelconvent.com\/wp-content\/uploads\/2022\/07\/real-sex-chat.jpeg","width":2250,"height":1500},{"@type":"WebPage","@id":"http:\/\/bardelconvent.com\/cs\/podepisuje-divka-vas-ma-rada-online\/#webpage","url":"http:\/\/bardelconvent.com\/cs\/podepisuje-divka-vas-ma-rada-online\/","name":"Podepisuje d\u00edvka v\u00e1s m\u00e1 r\u00e1da online? - Hookup L\u00e1ska","isPartOf":{"@id":"http:\/\/bardelconvent.com\/de\/#website"},"primaryImageOfPage":{"@id":"http:\/\/bardelconvent.com\/cs\/podepisuje-divka-vas-ma-rada-online\/#primaryimage"},"datePublished":"2022-07-08T11:19:13+00:00","dateModified":"2022-07-08T11:19:13+00:00","breadcrumb":{"@id":"http:\/\/bardelconvent.com\/cs\/podepisuje-divka-vas-ma-rada-online\/#breadcrumb"},"inLanguage":"cs","potentialAction":[{"@type":"ReadAction","target":["http:\/\/bardelconvent.com\/cs\/podepisuje-divka-vas-ma-rada-online\/"]}]},{"@type":"BreadcrumbList","@id":"http:\/\/bardelconvent.com\/cs\/podepisuje-divka-vas-ma-rada-online\/#breadcrumb","itemListElement":[{"@type":"ListItem","position":1,"name":"Domov","item":"https:\/\/bardelconvent.com\/cs\/"},{"@type":"ListItem","position":2,"name":"Podepisuje d\u00edvka v\u00e1s m\u00e1 r\u00e1da online?"}]}]}},"_links":{"self":[{"href":"http:\/\/bardelconvent.com\/cs\/wp-json\/wp\/v2\/pages\/177"}],"collection":[{"href":"http:\/\/bardelconvent.com\/cs\/wp-json\/wp\/v2\/pages"}],"about":[{"href":"http:\/\/bardelconvent.com\/cs\/wp-json\/wp\/v2\/types\/page"}],"author":[{"embeddable":true,"href":"http:\/\/bardelconvent.com\/cs\/wp-json\/wp\/v2\/users\/1"}],"replies":[{"embeddable":true,"href":"http:\/\/bardelconvent.com\/cs\/wp-json\/wp\/v2\/comments?post=177"}],"version-history":[{"count":0,"href":"http:\/\/bardelconvent.com\/cs\/wp-json\/wp\/v2\/pages\/177\/revisions"}],"wp:featuredmedia":[{"embeddable":true,"href":"http:\/\/bardelconvent.com\/cs\/wp-json\/wp\/v2\/media\/132"}],"wp:attachment":[{"href":"http:\/\/bardelconvent.com\/cs\/wp-json\/wp\/v2\/media?parent=177"}],"curies":[{"name":"wp","href":"https:\/\/api.w.org\/{rel}","templated":true}]}}