{"id":178,"date":"2022-07-08T12:08:53","date_gmt":"2022-07-08T11:08:53","guid":{"rendered":"http:\/\/bardelconvent.com\/bezpecnost-online-seznamovacich-aplikaci\/"},"modified":"2022-07-08T12:08:53","modified_gmt":"2022-07-08T11:08:53","slug":"bezpecnost-online-seznamovacich-aplikaci","status":"publish","type":"page","link":"http:\/\/bardelconvent.com\/cs\/bezpecnost-online-seznamovacich-aplikaci\/","title":{"rendered":"Bezpe\u010dnost online seznamovac\u00edch aplikac\u00ed"},"content":{"rendered":"<p>Online seznamov\u00e1n\u00ed je st\u00e1le popul\u00e1rn\u011bj\u0161\u00ed aktivitou mezi nezadan\u00fdmi. Obavy o bezpe\u010dnost v\u0161ak \u010dasto vznikaj\u00ed p\u0159i setk\u00e1n\u00ed s n\u011bk\u00fdm prost\u0159ednictv\u00edm webov\u00fdch str\u00e1nek. I kdy\u017e existuje n\u011bkolik zp\u016fsob\u016f, jak se chr\u00e1nit, nemus\u00ed b\u00fdt v\u017edy mo\u017en\u00e9 zabr\u00e1nit ka\u017ed\u00e9mu potenci\u00e1ln\u00edmu riziku.<\/p>\n<h2>N\u00e1\u0161 pr\u016fvodce<\/h2>\n<p>Zde je n\u011bkolik zp\u016fsob\u016f, jak se m\u016f\u017eete chr\u00e1nit p\u0159i pou\u017e\u00edv\u00e1n\u00ed online seznamovac\u00ed aplikace nebo slu\u017eby. Tyto tipy nejsou z\u00e1rukou, ale mohou v\u00e1m pomoci c\u00edtit se bezpe\u010dn\u011bji.<\/p>\n<p>Nejlep\u0161\u00ed je nesd\u00edlet osobn\u00ed \u00fadaje na sv\u00e9m <a href=\"http:\/\/bardelconvent.com\/cs\/proc-by-online-seznamovaci-aplikace-mohly-pracovat-pro-vas\/\">profilu na seznamce<\/a>. M\u011bli byste se vyhnout sd\u00edlen\u00ed sv\u00e9ho cel\u00e9ho jm\u00e9na a telefonn\u00edho \u010d\u00edsla, stejn\u011b jako jak\u00fdchkoli dal\u0161\u00edch informac\u00ed, kter\u00e9 by v\u00e1s mohly osobn\u011b identifikovat. Je tak\u00e9 moudr\u00e9 udr\u017eet svou online p\u0159\u00edtomnost odd\u011blenou od va\u0161eho skute\u010dn\u00e9ho \u017eivota. Pokud se s n\u011bk\u00fdm setk\u00e1te v baru nebo na ve\u010d\u00edrku, sna\u017ete se dr\u017eet d\u00e1l od sv\u00fdch \u00fa\u010dt\u016f soci\u00e1ln\u00edch m\u00e9di\u00ed, dokud si nebudete jisti, \u017ee se v\u00e1m l\u00edb\u00ed natolik, abyste mohli mluvit po telefonu. Nesd\u011blujte svou adresu ani informace o kreditn\u00ed kart\u011b p\u0159ed osobn\u00edm setk\u00e1n\u00edm. A v\u017edy po\u017e\u00e1dejte o reference, kdy\u017e mluv\u00edte o potenci\u00e1ln\u00edch datech.<\/p>\n<h2>P\u0159i chatov\u00e1n\u00ed s ciz\u00edmi lidmi<\/h2>\n<p>Pokud hled\u00e1te l\u00e1sku na soci\u00e1ln\u00edch m\u00e9di\u00edch, pod\u00edvejte se nejprve na profily potenci\u00e1ln\u00edho rande. Pokud zn\u00e1te jejich jm\u00e9na nebo rukojeti na soci\u00e1ln\u00edch m\u00e9di\u00edch, vyhledejte je. Pod\u00edvejte se na jejich fotky a uvid\u00edte, jestli je pozn\u00e1te. Zkontrolujte, zda maj\u00ed spole\u010dn\u00e9 p\u0159\u00e1tele na soci\u00e1ln\u00edch m\u00e9di\u00edch. Pokud vypadaj\u00ed jako sumci, zablokujte je a nahlaste. M\u016f\u017eete tak\u00e9 zablokovat a nahl\u00e1sit ostatn\u00ed u\u017eivatele, pokud se domn\u00edv\u00e1te, \u017ee jejich profily jsou podez\u0159el\u00e9 nebo pokud se k v\u00e1m chovali nevhodn\u011b. V\u017edy d\u016fv\u011b\u0159ujte sv\u00e9mu instinktu, kdy\u017e jedn\u00e1te s ostatn\u00edmi. Pokud m\u00e1te pocit, \u017ee k v\u00e1m n\u011bkdo nen\u00ed up\u0159\u00edmn\u00fd, pak prost\u011b odejd\u011bte.<\/p>\n<p>Existuje n\u011bkolik \u010derven\u00fdch vlajek, kter\u00e9 by m\u011bly <a href=\"http:\/\/bardelconvent.com\/cs\/zdarma-sex-chat-webove-stranky\/\">vyvolat obavy<\/a> o n\u011bkoho, s k\u00fdm komunikujete online. Pokud se c\u00edt\u00edte pod tlakem, abyste poskytli osobn\u00ed \u00fadaje, jako je \u010d\u00edslo va\u0161eho mobiln\u00edho telefonu, nebo pokud obdr\u017e\u00edte p\u0159\u00edli\u0161 romantickou zpr\u00e1vu na za\u010d\u00e1tku va\u0161eho vztahu, mo\u017en\u00e1 budete cht\u00edt zv\u00e1\u017eit nahl\u00e1\u0161en\u00ed u\u017eivatele.<\/p>\n<p>Nesd\u00edlejte sv\u00e9 osobn\u00ed \u00fadaje s ciz\u00edmi lidmi. P\u0159i komunikaci s jinou osobou prost\u0159ednictv\u00edm webu nebo aplikace byste nikdy nem\u011bli poskytovat \u017e\u00e1dn\u00e9 osobn\u00ed \u00fadaje. Va\u0161e osobn\u00ed \u00fadaje zahrnuj\u00ed v\u0161e, co by v\u00e1s mohlo osobn\u011b identifikovat, jako je va\u0161e jm\u00e9no, telefonn\u00ed \u010d\u00edsla, adresy, data narozen\u00ed, \u010d\u00edsla \u0159idi\u010dsk\u00fdch pr\u016fkaz\u016f, \u010d\u00edsla \u00fa\u010dt\u016f, hesla a \u010d\u00edsla soci\u00e1ln\u00edho poji\u0161t\u011bn\u00ed.<\/p>\n<h2>Seznamte se ve\u0159ejn\u011b<\/h2>\n<p>Seznamte se n\u011bkde v bezpe\u010d\u00ed a na ve\u0159ejnosti. Pokud hled\u00e1te n\u011bco neform\u00e1ln\u00edho, vyberte si ve\u0159ejn\u00e9 m\u00edsto, jako je kav\u00e1rna, restaurace nebo bar. Uvid\u00edte se, ne\u017e se rozhodnete, zda j\u00edt znovu ven. Pokud d\u00e1v\u00e1te p\u0159ednost soukrom\u011bj\u0161\u00edmu prost\u0159ed\u00ed, zva\u017ete m\u00edsto toho n\u00e1v\u0161t\u011bvu domu p\u0159\u00edtele nebo jin\u00e9ho spole\u010dn\u00e9ho zn\u00e1m\u00e9ho. Pokud jste nerv\u00f3zn\u00ed z prvn\u00edho setk\u00e1n\u00ed s n\u011bk\u00fdm osobn\u011b, zkuste pou\u017e\u00edt online seznamku, kter\u00e1 v\u00e1m pom\u016f\u017ee sezn\u00e1mit se s potenci\u00e1ln\u00edmi partnery. M\u016f\u017eete tak\u00e9 po\u017e\u00e1dat p\u0159\u00e1tele o doporu\u010den\u00ed m\u00edst, kde se m\u016f\u017eete setkat.<\/p>\n<p>Vyberte si m\u00edsto, kter\u00e9 se c\u00edt\u00ed pohodln\u011b a bezpe\u010dn\u011b. Bav se! Pokud chcete j\u00edt n\u011bkam soukrom\u011b, existuje spousta aplikac\u00ed, kter\u00e9 v\u00e1m umo\u017en\u00ed setkat se soukrom\u011b.<\/p>\n","protected":false},"excerpt":{"rendered":"<p>Online seznamov\u00e1n\u00ed je st\u00e1le popul\u00e1rn\u011bj\u0161\u00ed aktivitou mezi nezadan\u00fdmi. Obavy o bezpe\u010dnost v\u0161ak \u010dasto vznikaj\u00ed p\u0159i setk\u00e1n\u00ed s n\u011bk\u00fdm prost\u0159ednictv\u00edm webov\u00fdch str\u00e1nek. I kdy\u017e <\/p>\n","protected":false},"author":1,"featured_media":122,"parent":0,"menu_order":0,"comment_status":"closed","ping_status":"closed","template":"","meta":[],"yoast_head":"<!-- This site is optimized with the Yoast SEO plugin v19.2 - https:\/\/yoast.com\/wordpress\/plugins\/seo\/ -->\n<title>Bezpe\u010dnost online seznamovac\u00edch aplikac\u00ed - Hookup L\u00e1ska<\/title>\n<meta name=\"robots\" content=\"index, follow, max-snippet:-1, max-image-preview:large, max-video-preview:-1\" \/>\n<link rel=\"canonical\" href=\"http:\/\/bardelconvent.com\/cs\/bezpecnost-online-seznamovacich-aplikaci\/\" \/>\n<meta property=\"og:locale\" content=\"cs_CZ\" \/>\n<meta property=\"og:type\" content=\"article\" \/>\n<meta property=\"og:title\" content=\"Bezpe\u010dnost online seznamovac\u00edch aplikac\u00ed - Hookup L\u00e1ska\" \/>\n<meta property=\"og:description\" content=\"Online seznamov\u00e1n\u00ed je st\u00e1le popul\u00e1rn\u011bj\u0161\u00ed aktivitou mezi nezadan\u00fdmi. Obavy o bezpe\u010dnost v\u0161ak \u010dasto vznikaj\u00ed p\u0159i setk\u00e1n\u00ed s n\u011bk\u00fdm prost\u0159ednictv\u00edm webov\u00fdch str\u00e1nek. I kdy\u017e\" \/>\n<meta property=\"og:url\" content=\"http:\/\/bardelconvent.com\/cs\/bezpecnost-online-seznamovacich-aplikaci\/\" \/>\n<meta property=\"og:site_name\" content=\"Hookup L\u00e1ska\" \/>\n<meta property=\"og:image\" content=\"http:\/\/bardelconvent.com\/wp-content\/uploads\/2022\/07\/dating-scams.jpeg\" \/>\n\t<meta property=\"og:image:width\" content=\"2250\" \/>\n\t<meta property=\"og:image:height\" content=\"1500\" \/>\n\t<meta property=\"og:image:type\" content=\"image\/jpeg\" \/>\n<meta name=\"author\" content=\"Dating Expert\" \/>\n<meta name=\"twitter:card\" content=\"summary_large_image\" \/>\n<meta name=\"twitter:label1\" content=\"Odhadovan\u00e1 doba \u010dten\u00ed\" \/>\n\t<meta name=\"twitter:data1\" content=\"3 minuty\" \/>\n<script type=\"application\/ld+json\" class=\"yoast-schema-graph\">{\"@context\":\"https:\/\/schema.org\",\"@graph\":[{\"@type\":\"WebSite\",\"@id\":\"http:\/\/bardelconvent.com\/de\/#website\",\"url\":\"http:\/\/bardelconvent.com\/de\/\",\"name\":\"Hookup L\u00e1ska\",\"description\":\"Seznamov\u00e1n\u00ed a vztahy\",\"potentialAction\":[{\"@type\":\"SearchAction\",\"target\":{\"@type\":\"EntryPoint\",\"urlTemplate\":\"http:\/\/bardelconvent.com\/de\/?s={search_term_string}\"},\"query-input\":\"required name=search_term_string\"}],\"inLanguage\":\"cs\"},{\"@type\":\"ImageObject\",\"inLanguage\":\"cs\",\"@id\":\"http:\/\/bardelconvent.com\/cs\/bezpecnost-online-seznamovacich-aplikaci\/#primaryimage\",\"url\":\"http:\/\/bardelconvent.com\/wp-content\/uploads\/2022\/07\/dating-scams.jpeg\",\"contentUrl\":\"http:\/\/bardelconvent.com\/wp-content\/uploads\/2022\/07\/dating-scams.jpeg\",\"width\":2250,\"height\":1500},{\"@type\":\"WebPage\",\"@id\":\"http:\/\/bardelconvent.com\/cs\/bezpecnost-online-seznamovacich-aplikaci\/#webpage\",\"url\":\"http:\/\/bardelconvent.com\/cs\/bezpecnost-online-seznamovacich-aplikaci\/\",\"name\":\"Bezpe\u010dnost online seznamovac\u00edch aplikac\u00ed - Hookup L\u00e1ska\",\"isPartOf\":{\"@id\":\"http:\/\/bardelconvent.com\/de\/#website\"},\"primaryImageOfPage\":{\"@id\":\"http:\/\/bardelconvent.com\/cs\/bezpecnost-online-seznamovacich-aplikaci\/#primaryimage\"},\"datePublished\":\"2022-07-08T11:08:53+00:00\",\"dateModified\":\"2022-07-08T11:08:53+00:00\",\"breadcrumb\":{\"@id\":\"http:\/\/bardelconvent.com\/cs\/bezpecnost-online-seznamovacich-aplikaci\/#breadcrumb\"},\"inLanguage\":\"cs\",\"potentialAction\":[{\"@type\":\"ReadAction\",\"target\":[\"http:\/\/bardelconvent.com\/cs\/bezpecnost-online-seznamovacich-aplikaci\/\"]}]},{\"@type\":\"BreadcrumbList\",\"@id\":\"http:\/\/bardelconvent.com\/cs\/bezpecnost-online-seznamovacich-aplikaci\/#breadcrumb\",\"itemListElement\":[{\"@type\":\"ListItem\",\"position\":1,\"name\":\"Domov\",\"item\":\"https:\/\/bardelconvent.com\/cs\/\"},{\"@type\":\"ListItem\",\"position\":2,\"name\":\"Bezpe\u010dnost online seznamovac\u00edch aplikac\u00ed\"}]}]}<\/script>\n<!-- \/ Yoast SEO plugin. -->","yoast_head_json":{"title":"Bezpe\u010dnost online seznamovac\u00edch aplikac\u00ed - Hookup L\u00e1ska","robots":{"index":"index","follow":"follow","max-snippet":"max-snippet:-1","max-image-preview":"max-image-preview:large","max-video-preview":"max-video-preview:-1"},"canonical":"http:\/\/bardelconvent.com\/cs\/bezpecnost-online-seznamovacich-aplikaci\/","og_locale":"cs_CZ","og_type":"article","og_title":"Bezpe\u010dnost online seznamovac\u00edch aplikac\u00ed - Hookup L\u00e1ska","og_description":"Online seznamov\u00e1n\u00ed je st\u00e1le popul\u00e1rn\u011bj\u0161\u00ed aktivitou mezi nezadan\u00fdmi. Obavy o bezpe\u010dnost v\u0161ak \u010dasto vznikaj\u00ed p\u0159i setk\u00e1n\u00ed s n\u011bk\u00fdm prost\u0159ednictv\u00edm webov\u00fdch str\u00e1nek. I kdy\u017e","og_url":"http:\/\/bardelconvent.com\/cs\/bezpecnost-online-seznamovacich-aplikaci\/","og_site_name":"Hookup L\u00e1ska","og_image":[{"width":2250,"height":1500,"url":"http:\/\/bardelconvent.com\/wp-content\/uploads\/2022\/07\/dating-scams.jpeg","type":"image\/jpeg"}],"author":"Dating Expert","twitter_card":"summary_large_image","twitter_misc":{"Odhadovan\u00e1 doba \u010dten\u00ed":"3 minuty"},"schema":{"@context":"https:\/\/schema.org","@graph":[{"@type":"WebSite","@id":"http:\/\/bardelconvent.com\/de\/#website","url":"http:\/\/bardelconvent.com\/de\/","name":"Hookup L\u00e1ska","description":"Seznamov\u00e1n\u00ed a vztahy","potentialAction":[{"@type":"SearchAction","target":{"@type":"EntryPoint","urlTemplate":"http:\/\/bardelconvent.com\/de\/?s={search_term_string}"},"query-input":"required name=search_term_string"}],"inLanguage":"cs"},{"@type":"ImageObject","inLanguage":"cs","@id":"http:\/\/bardelconvent.com\/cs\/bezpecnost-online-seznamovacich-aplikaci\/#primaryimage","url":"http:\/\/bardelconvent.com\/wp-content\/uploads\/2022\/07\/dating-scams.jpeg","contentUrl":"http:\/\/bardelconvent.com\/wp-content\/uploads\/2022\/07\/dating-scams.jpeg","width":2250,"height":1500},{"@type":"WebPage","@id":"http:\/\/bardelconvent.com\/cs\/bezpecnost-online-seznamovacich-aplikaci\/#webpage","url":"http:\/\/bardelconvent.com\/cs\/bezpecnost-online-seznamovacich-aplikaci\/","name":"Bezpe\u010dnost online seznamovac\u00edch aplikac\u00ed - Hookup L\u00e1ska","isPartOf":{"@id":"http:\/\/bardelconvent.com\/de\/#website"},"primaryImageOfPage":{"@id":"http:\/\/bardelconvent.com\/cs\/bezpecnost-online-seznamovacich-aplikaci\/#primaryimage"},"datePublished":"2022-07-08T11:08:53+00:00","dateModified":"2022-07-08T11:08:53+00:00","breadcrumb":{"@id":"http:\/\/bardelconvent.com\/cs\/bezpecnost-online-seznamovacich-aplikaci\/#breadcrumb"},"inLanguage":"cs","potentialAction":[{"@type":"ReadAction","target":["http:\/\/bardelconvent.com\/cs\/bezpecnost-online-seznamovacich-aplikaci\/"]}]},{"@type":"BreadcrumbList","@id":"http:\/\/bardelconvent.com\/cs\/bezpecnost-online-seznamovacich-aplikaci\/#breadcrumb","itemListElement":[{"@type":"ListItem","position":1,"name":"Domov","item":"https:\/\/bardelconvent.com\/cs\/"},{"@type":"ListItem","position":2,"name":"Bezpe\u010dnost online seznamovac\u00edch aplikac\u00ed"}]}]}},"_links":{"self":[{"href":"http:\/\/bardelconvent.com\/cs\/wp-json\/wp\/v2\/pages\/178"}],"collection":[{"href":"http:\/\/bardelconvent.com\/cs\/wp-json\/wp\/v2\/pages"}],"about":[{"href":"http:\/\/bardelconvent.com\/cs\/wp-json\/wp\/v2\/types\/page"}],"author":[{"embeddable":true,"href":"http:\/\/bardelconvent.com\/cs\/wp-json\/wp\/v2\/users\/1"}],"replies":[{"embeddable":true,"href":"http:\/\/bardelconvent.com\/cs\/wp-json\/wp\/v2\/comments?post=178"}],"version-history":[{"count":0,"href":"http:\/\/bardelconvent.com\/cs\/wp-json\/wp\/v2\/pages\/178\/revisions"}],"wp:featuredmedia":[{"embeddable":true,"href":"http:\/\/bardelconvent.com\/cs\/wp-json\/wp\/v2\/media\/122"}],"wp:attachment":[{"href":"http:\/\/bardelconvent.com\/cs\/wp-json\/wp\/v2\/media?parent=178"}],"curies":[{"name":"wp","href":"https:\/\/api.w.org\/{rel}","templated":true}]}}