{"id":182,"date":"2022-07-08T12:21:20","date_gmt":"2022-07-08T11:21:20","guid":{"rendered":"http:\/\/bardelconvent.com\/spolehlive-aplikace-pro-pripojeni-pro-hledani-sexu\/"},"modified":"2022-07-08T12:21:20","modified_gmt":"2022-07-08T11:21:20","slug":"spolehlive-aplikace-pro-pripojeni-pro-hledani-sexu","status":"publish","type":"page","link":"http:\/\/bardelconvent.com\/cs\/spolehlive-aplikace-pro-pripojeni-pro-hledani-sexu\/","title":{"rendered":"Spolehliv\u00e9 aplikace pro p\u0159ipojen\u00ed pro hled\u00e1n\u00ed sexu"},"content":{"rendered":"<p>Online seznamov\u00e1n\u00ed se stalo tak b\u011b\u017en\u00fdm, \u017ee to t\u00e9m\u011b\u0159 vypad\u00e1 jako ka\u017edodenn\u00ed v\u011bc. A\u0165 u\u017e hled\u00e1te l\u00e1sku nebo jen n\u011bkoho, s k\u00fdm byste mohli chatovat online, je k dispozici spousta mo\u017enost\u00ed. S lidmi se m\u016f\u017eete setkat prost\u0159ednictv\u00edm soci\u00e1ln\u00edch m\u00e9di\u00ed, aplikac\u00ed, webov\u00fdch str\u00e1nek nebo dokonce m\u00edstn\u00edch ud\u00e1lost\u00ed. Pokud m\u00e1te z\u00e1jem setkat se s n\u011bk\u00fdm zvl\u00e1\u0161tn\u00edm, zde je n\u011bkolik tip\u016f, kter\u00e9 v\u00e1m pomohou za\u010d\u00edt.<\/p>\n<p>Zvl\u00e1\u0161t\u011b od p\u0159\u00edchodu Tinderu a dal\u0161\u00edch podobn\u00fdch aplikac\u00ed! Pou\u017e\u00edv\u00e1n\u00ed takov\u00e9 aplikace m\u00e1 mnoho v\u00fdhod, v\u010detn\u011b pohodl\u00ed a soukrom\u00ed. Existuj\u00ed v\u0161ak i rizika spojen\u00e1 s online seznamov\u00e1n\u00edm. M\u016f\u017eete se setkat s n\u011bk\u00fdm, kdo nen\u00ed prav\u00fd, nebo kdo se v\u00e1s pokus\u00ed vyl\u00e1kat z va\u0161ich pen\u011bz. P\u0159i osobn\u00edm setk\u00e1n\u00ed m\u016f\u017eete b\u00fdt dokonce <a href=\"http:\/\/bardelconvent.com\/cs\/bezpecnost-online-seznamovacich-aplikaci\/\">fyzicky ohro\u017eeni<\/a>. Pokud hled\u00e1te l\u00e1sku, zkuste n\u011bco jin\u00e9ho!<\/p>\n<h2>Bezpe\u010dnost na prvn\u00edm m\u00edst\u011b<\/h2>\n<p>Ne\u017e se s n\u011bk\u00fdm setk\u00e1te v re\u00e1ln\u00e9m \u017eivot\u011b, zkuste s n\u00edm online chatovat. Chatov\u00e1n\u00ed online v\u00e1m umo\u017en\u00ed okam\u017eit\u011b zjistit, zda se m\u00e1te r\u00e1di. M\u016f\u017eete se tak\u00e9 zeptat na to, co se jim l\u00edb\u00ed a nel\u00edb\u00ed, a zda se cht\u011bj\u00ed setkat osobn\u011b. Pokud se zd\u00e1, \u017ee v\u00e1haj\u00ed s v\u00e1mi mluvit, mohlo by to b\u00fdt \u010derven\u00e1 vlajka. Neposkytujte osobn\u00ed \u00fadaje, dokud se nesetk\u00e1te tv\u00e1\u0159\u00ed v tv\u00e1\u0159. Ne\u017e budete souhlasit s t\u00edm, \u017ee se n\u011bkde setk\u00e1te, \u0159ekn\u011bte p\u0159\u00edteli, kam sm\u011b\u0159ujete.<\/p>\n<p>Po\u0159i\u010fte sn\u00edmek obrazovky jejich profilu a po\u0161lete je sv\u00fdm p\u0159\u00e1tel\u016fm. Pos\u00edl\u00e1n\u00ed textov\u00fdch zpr\u00e1v p\u0159\u00edteli, kdy\u017e jste na rande, se nemus\u00ed c\u00edtit pohodln\u011b, ale umo\u017en\u00ed v\u00e1m to informovat sv\u00e9ho p\u0159\u00edtele. Pokud budete pokra\u010dovat v datov\u00e1n\u00ed za bodem, kter\u00fd jste o\u010dek\u00e1vali, napi\u0161te p\u0159\u00edteli, abyste mu \u0159ekli, kam sm\u011b\u0159ujete p\u0159\u00ed\u0161t\u011b.<\/p>\n<h2>Vyhn\u011bte se podvod\u016fm<\/h2>\n<p>Nen\u00ed to va\u0161e chyba, pokud se v\u00e1s n\u011bkdo pokus\u00ed podv\u00e9st online. <a href=\"http:\/\/bardelconvent.com\/cs\/podepisuje-divka-vas-ma-rada-online\/\">Nem\u011bli byste platit pen\u00edze, abyste se od nich dostali pry\u010d<\/a>. Existuj\u00ed v\u0161ak zp\u016fsoby, jak se chr\u00e1nit p\u0159i pou\u017e\u00edv\u00e1n\u00ed aplikace, jako je Tinder. N\u00ed\u017ee jsme sestavili seznam bezpe\u010dnostn\u00edch tip\u016f spolu s grafem porovn\u00e1vaj\u00edc\u00edm bezpe\u010dnostn\u00ed funkce dostupn\u00e9 v n\u011bkter\u00fdch z nejpopul\u00e1rn\u011bj\u0161\u00edch aplikac\u00ed roku 2019. Zjist\u011bte, zda v\u00e1m n\u011bkter\u00e1 z t\u011bchto mo\u017enost\u00ed pom\u016f\u017ee udr\u017eet se p\u0159i pou\u017e\u00edv\u00e1n\u00ed Tinderu v bezpe\u010d\u00ed.<\/p>\n<h2>Fale\u0161n\u00e9 profily<\/h2>\n<p>Fale\u0161n\u00e9 profily, roboti a dal\u0161\u00ed podvodn\u00edci opl\u00fdvaj\u00ed online. Dokonce i kdy\u017e nehled\u00e1te l\u00e1sku, existuje spousta d\u016fvod\u016f, pro\u010d byste se od nich cht\u011bli dr\u017eet d\u00e1l. Fale\u0161n\u00e9 \u00fa\u010dty se mohou zpo\u010d\u00e1tku zd\u00e1t ne\u0161kodn\u00e9, ale mohou zp\u016fsobit \u0161kodu. Pokud se v\u00e1s n\u011bkdo pokus\u00ed podv\u00e9st, okam\u017eit\u011b ho nahlaste. Zva\u017ete tak\u00e9 pou\u017eit\u00ed seznamovac\u00ed aplikace, kter\u00e1 ov\u011b\u0159uje identitu u\u017eivatel\u016f p\u0159edt\u00edm, ne\u017e jim umo\u017en\u00ed spojit se s ostatn\u00edmi. M\u016f\u017eete se tak\u00e9 pod\u00edvat na na\u0161e tipy n\u00ed\u017ee, kde najdete zp\u016fsoby, jak se chr\u00e1nit p\u0159i setk\u00e1n\u00ed s lidmi online.<\/p>\n<h2>Chatujte se sv\u00fdm datem p\u0159ed sch\u016fzkou<\/h2>\n<p>P\u0159ed sch\u016fzkou je d\u016fle\u017eit\u00e9 si promluvit se sv\u00fdm potenci\u00e1ln\u00edm datem. Pokud si nejste jisti, zda je pro v\u00e1s ten prav\u00fd, budete muset zjistit, zda je na n\u011bm n\u011bco, co v\u00e1m nesed\u00ed. M\u011bli byste se tak\u00e9 zeptat sami sebe, zda mu d\u016fv\u011b\u0159ujete natolik, abyste jim \u0159ekli n\u011bco, co by je mohlo odradit. Jakmile se setk\u00e1te tv\u00e1\u0159\u00ed v tv\u00e1\u0159, budete moci navz\u00e1jem posoudit sv\u00e9 osobnosti a rozhodnout se, zda se v\u00e1m l\u00edb\u00ed. Zpo\u010d\u00e1tku v\u0161ak nesd\u00edlejte p\u0159\u00edli\u0161 mnoho podrobnost\u00ed o sob\u011b. Nechcete prozradit \u017e\u00e1dn\u00e9 informace o sob\u011b, kter\u00e9 by mohly zp\u016fsobit, \u017ee se budete zd\u00e1t neprofesion\u00e1ln\u00ed nebo nespolehliv\u00ed.<\/p>\n","protected":false},"excerpt":{"rendered":"<p>Online seznamov\u00e1n\u00ed se stalo tak b\u011b\u017en\u00fdm, \u017ee to t\u00e9m\u011b\u0159 vypad\u00e1 jako ka\u017edodenn\u00ed v\u011bc. A\u0165 u\u017e hled\u00e1te l\u00e1sku nebo jen n\u011bkoho, s k\u00fdm byste <\/p>\n","protected":false},"author":1,"featured_media":0,"parent":0,"menu_order":0,"comment_status":"closed","ping_status":"closed","template":"","meta":[],"yoast_head":"<!-- This site is optimized with the Yoast SEO plugin v19.2 - https:\/\/yoast.com\/wordpress\/plugins\/seo\/ -->\n<title>Spolehliv\u00e9 aplikace pro p\u0159ipojen\u00ed pro hled\u00e1n\u00ed sexu - Hookup L\u00e1ska<\/title>\n<meta name=\"robots\" content=\"index, follow, max-snippet:-1, max-image-preview:large, max-video-preview:-1\" \/>\n<link rel=\"canonical\" href=\"http:\/\/bardelconvent.com\/cs\/spolehlive-aplikace-pro-pripojeni-pro-hledani-sexu\/\" \/>\n<meta property=\"og:locale\" content=\"cs_CZ\" \/>\n<meta property=\"og:type\" content=\"article\" \/>\n<meta property=\"og:title\" content=\"Spolehliv\u00e9 aplikace pro p\u0159ipojen\u00ed pro hled\u00e1n\u00ed sexu - Hookup L\u00e1ska\" \/>\n<meta property=\"og:description\" content=\"Online seznamov\u00e1n\u00ed se stalo tak b\u011b\u017en\u00fdm, \u017ee to t\u00e9m\u011b\u0159 vypad\u00e1 jako ka\u017edodenn\u00ed v\u011bc. A\u0165 u\u017e hled\u00e1te l\u00e1sku nebo jen n\u011bkoho, s k\u00fdm byste\" \/>\n<meta property=\"og:url\" content=\"http:\/\/bardelconvent.com\/cs\/spolehlive-aplikace-pro-pripojeni-pro-hledani-sexu\/\" \/>\n<meta property=\"og:site_name\" content=\"Hookup L\u00e1ska\" \/>\n<meta name=\"author\" content=\"Dating Expert\" \/>\n<meta name=\"twitter:card\" content=\"summary_large_image\" \/>\n<meta name=\"twitter:label1\" content=\"Odhadovan\u00e1 doba \u010dten\u00ed\" \/>\n\t<meta name=\"twitter:data1\" content=\"4 minuty\" \/>\n<script type=\"application\/ld+json\" class=\"yoast-schema-graph\">{\"@context\":\"https:\/\/schema.org\",\"@graph\":[{\"@type\":\"WebSite\",\"@id\":\"http:\/\/bardelconvent.com\/de\/#website\",\"url\":\"http:\/\/bardelconvent.com\/de\/\",\"name\":\"Hookup L\u00e1ska\",\"description\":\"Seznamov\u00e1n\u00ed a vztahy\",\"potentialAction\":[{\"@type\":\"SearchAction\",\"target\":{\"@type\":\"EntryPoint\",\"urlTemplate\":\"http:\/\/bardelconvent.com\/de\/?s={search_term_string}\"},\"query-input\":\"required name=search_term_string\"}],\"inLanguage\":\"cs\"},{\"@type\":\"WebPage\",\"@id\":\"http:\/\/bardelconvent.com\/cs\/spolehlive-aplikace-pro-pripojeni-pro-hledani-sexu\/#webpage\",\"url\":\"http:\/\/bardelconvent.com\/cs\/spolehlive-aplikace-pro-pripojeni-pro-hledani-sexu\/\",\"name\":\"Spolehliv\u00e9 aplikace pro p\u0159ipojen\u00ed pro hled\u00e1n\u00ed sexu - Hookup L\u00e1ska\",\"isPartOf\":{\"@id\":\"http:\/\/bardelconvent.com\/de\/#website\"},\"datePublished\":\"2022-07-08T11:21:20+00:00\",\"dateModified\":\"2022-07-08T11:21:20+00:00\",\"breadcrumb\":{\"@id\":\"http:\/\/bardelconvent.com\/cs\/spolehlive-aplikace-pro-pripojeni-pro-hledani-sexu\/#breadcrumb\"},\"inLanguage\":\"cs\",\"potentialAction\":[{\"@type\":\"ReadAction\",\"target\":[\"http:\/\/bardelconvent.com\/cs\/spolehlive-aplikace-pro-pripojeni-pro-hledani-sexu\/\"]}]},{\"@type\":\"BreadcrumbList\",\"@id\":\"http:\/\/bardelconvent.com\/cs\/spolehlive-aplikace-pro-pripojeni-pro-hledani-sexu\/#breadcrumb\",\"itemListElement\":[{\"@type\":\"ListItem\",\"position\":1,\"name\":\"Domov\",\"item\":\"https:\/\/bardelconvent.com\/cs\/\"},{\"@type\":\"ListItem\",\"position\":2,\"name\":\"Spolehliv\u00e9 aplikace pro p\u0159ipojen\u00ed pro hled\u00e1n\u00ed sexu\"}]}]}<\/script>\n<!-- \/ Yoast SEO plugin. -->","yoast_head_json":{"title":"Spolehliv\u00e9 aplikace pro p\u0159ipojen\u00ed pro hled\u00e1n\u00ed sexu - Hookup L\u00e1ska","robots":{"index":"index","follow":"follow","max-snippet":"max-snippet:-1","max-image-preview":"max-image-preview:large","max-video-preview":"max-video-preview:-1"},"canonical":"http:\/\/bardelconvent.com\/cs\/spolehlive-aplikace-pro-pripojeni-pro-hledani-sexu\/","og_locale":"cs_CZ","og_type":"article","og_title":"Spolehliv\u00e9 aplikace pro p\u0159ipojen\u00ed pro hled\u00e1n\u00ed sexu - Hookup L\u00e1ska","og_description":"Online seznamov\u00e1n\u00ed se stalo tak b\u011b\u017en\u00fdm, \u017ee to t\u00e9m\u011b\u0159 vypad\u00e1 jako ka\u017edodenn\u00ed v\u011bc. A\u0165 u\u017e hled\u00e1te l\u00e1sku nebo jen n\u011bkoho, s k\u00fdm byste","og_url":"http:\/\/bardelconvent.com\/cs\/spolehlive-aplikace-pro-pripojeni-pro-hledani-sexu\/","og_site_name":"Hookup L\u00e1ska","author":"Dating Expert","twitter_card":"summary_large_image","twitter_misc":{"Odhadovan\u00e1 doba \u010dten\u00ed":"4 minuty"},"schema":{"@context":"https:\/\/schema.org","@graph":[{"@type":"WebSite","@id":"http:\/\/bardelconvent.com\/de\/#website","url":"http:\/\/bardelconvent.com\/de\/","name":"Hookup L\u00e1ska","description":"Seznamov\u00e1n\u00ed a vztahy","potentialAction":[{"@type":"SearchAction","target":{"@type":"EntryPoint","urlTemplate":"http:\/\/bardelconvent.com\/de\/?s={search_term_string}"},"query-input":"required name=search_term_string"}],"inLanguage":"cs"},{"@type":"WebPage","@id":"http:\/\/bardelconvent.com\/cs\/spolehlive-aplikace-pro-pripojeni-pro-hledani-sexu\/#webpage","url":"http:\/\/bardelconvent.com\/cs\/spolehlive-aplikace-pro-pripojeni-pro-hledani-sexu\/","name":"Spolehliv\u00e9 aplikace pro p\u0159ipojen\u00ed pro hled\u00e1n\u00ed sexu - Hookup L\u00e1ska","isPartOf":{"@id":"http:\/\/bardelconvent.com\/de\/#website"},"datePublished":"2022-07-08T11:21:20+00:00","dateModified":"2022-07-08T11:21:20+00:00","breadcrumb":{"@id":"http:\/\/bardelconvent.com\/cs\/spolehlive-aplikace-pro-pripojeni-pro-hledani-sexu\/#breadcrumb"},"inLanguage":"cs","potentialAction":[{"@type":"ReadAction","target":["http:\/\/bardelconvent.com\/cs\/spolehlive-aplikace-pro-pripojeni-pro-hledani-sexu\/"]}]},{"@type":"BreadcrumbList","@id":"http:\/\/bardelconvent.com\/cs\/spolehlive-aplikace-pro-pripojeni-pro-hledani-sexu\/#breadcrumb","itemListElement":[{"@type":"ListItem","position":1,"name":"Domov","item":"https:\/\/bardelconvent.com\/cs\/"},{"@type":"ListItem","position":2,"name":"Spolehliv\u00e9 aplikace pro p\u0159ipojen\u00ed pro hled\u00e1n\u00ed sexu"}]}]}},"_links":{"self":[{"href":"http:\/\/bardelconvent.com\/cs\/wp-json\/wp\/v2\/pages\/182"}],"collection":[{"href":"http:\/\/bardelconvent.com\/cs\/wp-json\/wp\/v2\/pages"}],"about":[{"href":"http:\/\/bardelconvent.com\/cs\/wp-json\/wp\/v2\/types\/page"}],"author":[{"embeddable":true,"href":"http:\/\/bardelconvent.com\/cs\/wp-json\/wp\/v2\/users\/1"}],"replies":[{"embeddable":true,"href":"http:\/\/bardelconvent.com\/cs\/wp-json\/wp\/v2\/comments?post=182"}],"version-history":[{"count":0,"href":"http:\/\/bardelconvent.com\/cs\/wp-json\/wp\/v2\/pages\/182\/revisions"}],"wp:attachment":[{"href":"http:\/\/bardelconvent.com\/cs\/wp-json\/wp\/v2\/media?parent=182"}],"curies":[{"name":"wp","href":"https:\/\/api.w.org\/{rel}","templated":true}]}}