{"id":212,"date":"2022-07-08T11:59:57","date_gmt":"2022-07-08T10:59:57","guid":{"rendered":"http:\/\/bardelconvent.com\/proc-by-online-seznamovaci-aplikace-mohly-pracovat-pro-vas\/"},"modified":"2022-07-08T11:59:57","modified_gmt":"2022-07-08T10:59:57","slug":"proc-by-online-seznamovaci-aplikace-mohly-pracovat-pro-vas","status":"publish","type":"page","link":"http:\/\/bardelconvent.com\/cs\/proc-by-online-seznamovaci-aplikace-mohly-pracovat-pro-vas\/","title":{"rendered":"Pro\u010d by online seznamovac\u00ed aplikace mohly pracovat pro v\u00e1s"},"content":{"rendered":"<p>Internet n\u00e1m umo\u017e\u0148uje spojit se s lidmi po cel\u00e9m sv\u011bt\u011b. Poskytuje n\u00e1m p\u0159\u00edle\u017eitost oslovit lidi, se kter\u00fdmi bychom norm\u00e1ln\u011b nekomunikovali. M\u016f\u017eeme s nimi komunikovat tv\u00e1\u0159\u00ed v tv\u00e1\u0159, sd\u00edlet na\u0161e my\u0161lenky a pocity a dokonce se zamilovat. Kdy\u017e se spol\u00e9h\u00e1me na na\u0161e soci\u00e1ln\u00ed kruhy, na\u0161e mo\u017enosti jsou pom\u011brn\u011b omezen\u00e9. Ale pokud vyu\u017eijeme internet pro n\u00e1\u0161 prosp\u011bch, m\u016f\u017eeme m\u00edt \u00fa\u017easn\u00e9 z\u00e1\u017eitky, kter\u00e9 jsme si d\u0159\u00edve nedok\u00e1zali p\u0159edstavit.<\/p>\n<p>Kdy\u017e hled\u00e1te m\u00edstn\u00ed p\u0159ipojen\u00ed, v\u017edy jd\u011bte na ve\u0159ejn\u00e9 rande a vyhn\u011bte se setk\u00e1n\u00ed s nimi v soukrom\u00e9m prost\u0159ed\u00ed. Pokud se setk\u00e1te s n\u011bk\u00fdm v restauraci, baru nebo na jak\u00e9mkoli jin\u00e9m m\u00edst\u011b se spoustou lid\u00ed kolem, pak bude snaz\u0161\u00ed zjistit, zda se pokus\u00ed podv\u00e1d\u011bt. Ujist\u011bte se, \u017ee v\u0161ichni v\u011bd\u00ed o va\u0161ich pl\u00e1nech, ne\u017e odejdete. Telefon tak\u00e9 nechte zapnut\u00fd a chr\u00e1n\u011bn\u00fd, kdy\u017e jste na rande. Nikdy nev\u00edte, kdy se n\u011bco m\u016f\u017ee st\u00e1t, a mus\u00edte z\u016fstat v bezpe\u010d\u00ed.<\/p>\n<h2>Co se dozv\u011bd\u011bt o seznamovac\u00edch aplikac\u00edch<\/h2>\n<p>Dozv\u00edte se hodn\u011b o sob\u011b a sv\u00e9 <a href=\"http:\/\/bardelconvent.com\/cs\/spolehlive-aplikace-pro-pripojeni-pro-hledani-sexu\/\">vlastn\u00ed osobnosti<\/a> , kdy\u017e se p\u0159ipoj\u00edte k modern\u00ed seznamovac\u00ed sc\u00e9n\u011b. Seznamovac\u00ed aplikace jako Tinder a Bumble rostou v popularit\u011b ka\u017ed\u00fd den. Tyto aplikace v\u00e1m umo\u017en\u00ed spojit se s dal\u0161\u00edmi nezadan\u00fdmi v okol\u00ed a dokonce se spojit s kompatibiln\u00edmi partnery. K dispozici je mnoho r\u016fzn\u00fdch typ\u016f \u010dlenstv\u00ed, v\u010detn\u011b bezplatn\u00e9ho, placen\u00e9ho, pr\u00e9miov\u00e9ho a zlat\u00e9ho. Zlat\u00e9 \u010dlenstv\u00ed poskytuje u\u017eivatel\u016fm p\u0159\u00edstup k exkluzivn\u00edm funkc\u00edm, jako je neomezen\u00e9 p\u0159ejet\u00ed, neomezen\u00e9 shody a speci\u00e1ln\u00ed slevy.<\/p>\n<p>Pomoc\u00ed funkce vyhled\u00e1v\u00e1n\u00ed m\u016f\u017eete tak\u00e9 naj\u00edt lidi podobn\u00e9 v\u00e1m. Pak se s nimi m\u016f\u017eete setkat a vym\u011b\u0148ovat si zpr\u00e1vy. Je vysok\u00e1 pravd\u011bpodobnost, \u017ee najdete n\u011bkoho, kdo s v\u00e1mi chce tr\u00e1vit \u010das.<\/p>\n<h3>Bumble &#8211; jedna z nej\u017ehav\u011bj\u0161\u00edch mo\u017enost\u00ed<\/h3>\n<p>Bumble byl navr\u017een tak, aby pomohl \u017een\u00e1m ud\u011blat prvn\u00ed krok. Je to <a href=\"http:\/\/bardelconvent.com\/cs\/funguje-blind-dating\/\">aplikace pro \u017eeny, kter\u00e9<\/a> se cht\u011bj\u00ed polo\u017eit. M\u016f\u017eete proch\u00e1zet profily svobodn\u00fdch mu\u017e\u016f a vybrat si sv\u016fj obl\u00edben\u00fd. Pokud se v\u00e1m l\u00edb\u00ed, co vid\u00edte, po\u0161lete jim zpr\u00e1vu. Pokud reaguj\u00ed pozitivn\u011b, m\u016f\u017eete zah\u00e1jit konverzaci. Pot\u00e9 budete muset po\u010dkat, a\u017e v\u00e1m v\u00e1\u0161 mu\u017e po\u0161le mrknut\u00ed. Pokud ano, pak je dobr\u00e9 j\u00edt!<\/p>\n<h2>Co d\u011blat d\u00e1l?<\/h2>\n<p>Pokud si nejste jisti, zda o v\u00e1s m\u00e1 n\u011bkdo z\u00e1jem, zkuste ho pozvat na rande. Z\u00edsk\u00e1te lep\u0161\u00ed p\u0159edstavu o tom, jak\u00fd druh \u010dlov\u011bka je a zda byste je cht\u011bli znovu vid\u011bt. Pokud jste ji\u017e p\u0159\u00e1tel\u00e9, zeptejte se jich na jejich z\u00e1jmy a kon\u00ed\u010dky. Mo\u017en\u00e1 byste dokonce mohli j\u00edt na dvojit\u00e9 rande spole\u010dn\u011b!<\/p>\n","protected":false},"excerpt":{"rendered":"<p>Internet n\u00e1m umo\u017e\u0148uje spojit se s lidmi po cel\u00e9m sv\u011bt\u011b. Poskytuje n\u00e1m p\u0159\u00edle\u017eitost oslovit lidi, se kter\u00fdmi bychom norm\u00e1ln\u011b nekomunikovali. M\u016f\u017eeme s nimi <\/p>\n","protected":false},"author":1,"featured_media":102,"parent":0,"menu_order":0,"comment_status":"closed","ping_status":"closed","template":"","meta":[],"yoast_head":"<!-- This site is optimized with the Yoast SEO plugin v19.2 - https:\/\/yoast.com\/wordpress\/plugins\/seo\/ -->\n<title>Pro\u010d by online seznamovac\u00ed aplikace mohly pracovat pro v\u00e1s - Hookup L\u00e1ska<\/title>\n<meta name=\"robots\" content=\"index, follow, max-snippet:-1, max-image-preview:large, max-video-preview:-1\" \/>\n<link rel=\"canonical\" href=\"http:\/\/bardelconvent.com\/cs\/proc-by-online-seznamovaci-aplikace-mohly-pracovat-pro-vas\/\" \/>\n<meta property=\"og:locale\" content=\"cs_CZ\" \/>\n<meta property=\"og:type\" content=\"article\" \/>\n<meta property=\"og:title\" content=\"Pro\u010d by online seznamovac\u00ed aplikace mohly pracovat pro v\u00e1s - Hookup L\u00e1ska\" \/>\n<meta property=\"og:description\" content=\"Internet n\u00e1m umo\u017e\u0148uje spojit se s lidmi po cel\u00e9m sv\u011bt\u011b. Poskytuje n\u00e1m p\u0159\u00edle\u017eitost oslovit lidi, se kter\u00fdmi bychom norm\u00e1ln\u011b nekomunikovali. M\u016f\u017eeme s nimi\" \/>\n<meta property=\"og:url\" content=\"http:\/\/bardelconvent.com\/cs\/proc-by-online-seznamovaci-aplikace-mohly-pracovat-pro-vas\/\" \/>\n<meta property=\"og:site_name\" content=\"Hookup L\u00e1ska\" \/>\n<meta property=\"og:image\" content=\"http:\/\/bardelconvent.com\/wp-content\/uploads\/2022\/07\/casual-chat-rooms.jpeg\" \/>\n\t<meta property=\"og:image:width\" content=\"2248\" \/>\n\t<meta property=\"og:image:height\" content=\"1500\" \/>\n\t<meta property=\"og:image:type\" content=\"image\/jpeg\" \/>\n<meta name=\"author\" content=\"Dating Expert\" \/>\n<meta name=\"twitter:card\" content=\"summary_large_image\" \/>\n<meta name=\"twitter:label1\" content=\"Odhadovan\u00e1 doba \u010dten\u00ed\" \/>\n\t<meta name=\"twitter:data1\" content=\"3 minuty\" \/>\n<script type=\"application\/ld+json\" class=\"yoast-schema-graph\">{\"@context\":\"https:\/\/schema.org\",\"@graph\":[{\"@type\":\"WebSite\",\"@id\":\"http:\/\/bardelconvent.com\/de\/#website\",\"url\":\"http:\/\/bardelconvent.com\/de\/\",\"name\":\"Hookup L\u00e1ska\",\"description\":\"Seznamov\u00e1n\u00ed a vztahy\",\"potentialAction\":[{\"@type\":\"SearchAction\",\"target\":{\"@type\":\"EntryPoint\",\"urlTemplate\":\"http:\/\/bardelconvent.com\/de\/?s={search_term_string}\"},\"query-input\":\"required name=search_term_string\"}],\"inLanguage\":\"cs\"},{\"@type\":\"ImageObject\",\"inLanguage\":\"cs\",\"@id\":\"http:\/\/bardelconvent.com\/cs\/proc-by-online-seznamovaci-aplikace-mohly-pracovat-pro-vas\/#primaryimage\",\"url\":\"http:\/\/bardelconvent.com\/wp-content\/uploads\/2022\/07\/casual-chat-rooms.jpeg\",\"contentUrl\":\"http:\/\/bardelconvent.com\/wp-content\/uploads\/2022\/07\/casual-chat-rooms.jpeg\",\"width\":2248,\"height\":1500},{\"@type\":\"WebPage\",\"@id\":\"http:\/\/bardelconvent.com\/cs\/proc-by-online-seznamovaci-aplikace-mohly-pracovat-pro-vas\/#webpage\",\"url\":\"http:\/\/bardelconvent.com\/cs\/proc-by-online-seznamovaci-aplikace-mohly-pracovat-pro-vas\/\",\"name\":\"Pro\u010d by online seznamovac\u00ed aplikace mohly pracovat pro v\u00e1s - Hookup L\u00e1ska\",\"isPartOf\":{\"@id\":\"http:\/\/bardelconvent.com\/de\/#website\"},\"primaryImageOfPage\":{\"@id\":\"http:\/\/bardelconvent.com\/cs\/proc-by-online-seznamovaci-aplikace-mohly-pracovat-pro-vas\/#primaryimage\"},\"datePublished\":\"2022-07-08T10:59:57+00:00\",\"dateModified\":\"2022-07-08T10:59:57+00:00\",\"breadcrumb\":{\"@id\":\"http:\/\/bardelconvent.com\/cs\/proc-by-online-seznamovaci-aplikace-mohly-pracovat-pro-vas\/#breadcrumb\"},\"inLanguage\":\"cs\",\"potentialAction\":[{\"@type\":\"ReadAction\",\"target\":[\"http:\/\/bardelconvent.com\/cs\/proc-by-online-seznamovaci-aplikace-mohly-pracovat-pro-vas\/\"]}]},{\"@type\":\"BreadcrumbList\",\"@id\":\"http:\/\/bardelconvent.com\/cs\/proc-by-online-seznamovaci-aplikace-mohly-pracovat-pro-vas\/#breadcrumb\",\"itemListElement\":[{\"@type\":\"ListItem\",\"position\":1,\"name\":\"Domov\",\"item\":\"https:\/\/bardelconvent.com\/cs\/\"},{\"@type\":\"ListItem\",\"position\":2,\"name\":\"Pro\u010d by online seznamovac\u00ed aplikace mohly pracovat pro v\u00e1s\"}]}]}<\/script>\n<!-- \/ Yoast SEO plugin. -->","yoast_head_json":{"title":"Pro\u010d by online seznamovac\u00ed aplikace mohly pracovat pro v\u00e1s - Hookup L\u00e1ska","robots":{"index":"index","follow":"follow","max-snippet":"max-snippet:-1","max-image-preview":"max-image-preview:large","max-video-preview":"max-video-preview:-1"},"canonical":"http:\/\/bardelconvent.com\/cs\/proc-by-online-seznamovaci-aplikace-mohly-pracovat-pro-vas\/","og_locale":"cs_CZ","og_type":"article","og_title":"Pro\u010d by online seznamovac\u00ed aplikace mohly pracovat pro v\u00e1s - Hookup L\u00e1ska","og_description":"Internet n\u00e1m umo\u017e\u0148uje spojit se s lidmi po cel\u00e9m sv\u011bt\u011b. Poskytuje n\u00e1m p\u0159\u00edle\u017eitost oslovit lidi, se kter\u00fdmi bychom norm\u00e1ln\u011b nekomunikovali. M\u016f\u017eeme s nimi","og_url":"http:\/\/bardelconvent.com\/cs\/proc-by-online-seznamovaci-aplikace-mohly-pracovat-pro-vas\/","og_site_name":"Hookup L\u00e1ska","og_image":[{"width":2248,"height":1500,"url":"http:\/\/bardelconvent.com\/wp-content\/uploads\/2022\/07\/casual-chat-rooms.jpeg","type":"image\/jpeg"}],"author":"Dating Expert","twitter_card":"summary_large_image","twitter_misc":{"Odhadovan\u00e1 doba \u010dten\u00ed":"3 minuty"},"schema":{"@context":"https:\/\/schema.org","@graph":[{"@type":"WebSite","@id":"http:\/\/bardelconvent.com\/de\/#website","url":"http:\/\/bardelconvent.com\/de\/","name":"Hookup L\u00e1ska","description":"Seznamov\u00e1n\u00ed a vztahy","potentialAction":[{"@type":"SearchAction","target":{"@type":"EntryPoint","urlTemplate":"http:\/\/bardelconvent.com\/de\/?s={search_term_string}"},"query-input":"required name=search_term_string"}],"inLanguage":"cs"},{"@type":"ImageObject","inLanguage":"cs","@id":"http:\/\/bardelconvent.com\/cs\/proc-by-online-seznamovaci-aplikace-mohly-pracovat-pro-vas\/#primaryimage","url":"http:\/\/bardelconvent.com\/wp-content\/uploads\/2022\/07\/casual-chat-rooms.jpeg","contentUrl":"http:\/\/bardelconvent.com\/wp-content\/uploads\/2022\/07\/casual-chat-rooms.jpeg","width":2248,"height":1500},{"@type":"WebPage","@id":"http:\/\/bardelconvent.com\/cs\/proc-by-online-seznamovaci-aplikace-mohly-pracovat-pro-vas\/#webpage","url":"http:\/\/bardelconvent.com\/cs\/proc-by-online-seznamovaci-aplikace-mohly-pracovat-pro-vas\/","name":"Pro\u010d by online seznamovac\u00ed aplikace mohly pracovat pro v\u00e1s - Hookup L\u00e1ska","isPartOf":{"@id":"http:\/\/bardelconvent.com\/de\/#website"},"primaryImageOfPage":{"@id":"http:\/\/bardelconvent.com\/cs\/proc-by-online-seznamovaci-aplikace-mohly-pracovat-pro-vas\/#primaryimage"},"datePublished":"2022-07-08T10:59:57+00:00","dateModified":"2022-07-08T10:59:57+00:00","breadcrumb":{"@id":"http:\/\/bardelconvent.com\/cs\/proc-by-online-seznamovaci-aplikace-mohly-pracovat-pro-vas\/#breadcrumb"},"inLanguage":"cs","potentialAction":[{"@type":"ReadAction","target":["http:\/\/bardelconvent.com\/cs\/proc-by-online-seznamovaci-aplikace-mohly-pracovat-pro-vas\/"]}]},{"@type":"BreadcrumbList","@id":"http:\/\/bardelconvent.com\/cs\/proc-by-online-seznamovaci-aplikace-mohly-pracovat-pro-vas\/#breadcrumb","itemListElement":[{"@type":"ListItem","position":1,"name":"Domov","item":"https:\/\/bardelconvent.com\/cs\/"},{"@type":"ListItem","position":2,"name":"Pro\u010d by online seznamovac\u00ed aplikace mohly pracovat pro v\u00e1s"}]}]}},"_links":{"self":[{"href":"http:\/\/bardelconvent.com\/cs\/wp-json\/wp\/v2\/pages\/212"}],"collection":[{"href":"http:\/\/bardelconvent.com\/cs\/wp-json\/wp\/v2\/pages"}],"about":[{"href":"http:\/\/bardelconvent.com\/cs\/wp-json\/wp\/v2\/types\/page"}],"author":[{"embeddable":true,"href":"http:\/\/bardelconvent.com\/cs\/wp-json\/wp\/v2\/users\/1"}],"replies":[{"embeddable":true,"href":"http:\/\/bardelconvent.com\/cs\/wp-json\/wp\/v2\/comments?post=212"}],"version-history":[{"count":0,"href":"http:\/\/bardelconvent.com\/cs\/wp-json\/wp\/v2\/pages\/212\/revisions"}],"wp:featuredmedia":[{"embeddable":true,"href":"http:\/\/bardelconvent.com\/cs\/wp-json\/wp\/v2\/media\/102"}],"wp:attachment":[{"href":"http:\/\/bardelconvent.com\/cs\/wp-json\/wp\/v2\/media?parent=212"}],"curies":[{"name":"wp","href":"https:\/\/api.w.org\/{rel}","templated":true}]}}