{"id":213,"date":"2022-07-08T12:05:25","date_gmt":"2022-07-08T11:05:25","guid":{"rendered":"http:\/\/bardelconvent.com\/zdarma-sex-chat-webove-stranky\/"},"modified":"2022-07-08T12:05:25","modified_gmt":"2022-07-08T11:05:25","slug":"zdarma-sex-chat-webove-stranky","status":"publish","type":"page","link":"http:\/\/bardelconvent.com\/cs\/zdarma-sex-chat-webove-stranky\/","title":{"rendered":"Zdarma Sex Chat Webov\u00e9 str\u00e1nky"},"content":{"rendered":"<p>V\u011bt\u0161ina lid\u00ed v\u00e1m \u0159ekne, abyste \u0161li na bar hopping nebo pou\u017e\u00edvali m\u00edstn\u00ed aplikace pro p\u0159ipojen\u00ed. Ale tyto mo\u017enosti nejsou p\u0159\u00edli\u0161 \u00fa\u010dinn\u00e9. Mohli byste str\u00e1vit spoustu pen\u011bz a \u010dasu j\u00edt ven ka\u017edou noc, nebo byste mohli jen pou\u017e\u00edt jednu z mnoha m\u00edstn\u00edch webov\u00fdch str\u00e1nek, kter\u00e9 jsou dnes k dispozici. Tyto str\u00e1nky nab\u00edzej\u00ed stejn\u00e9 funkce jako jin\u00e9 seznamovac\u00ed str\u00e1nky, ale maj\u00ed tak\u00e9 tis\u00edce \u010dlen\u016f, kte\u0159\u00ed hledaj\u00ed z\u00e1bavu. Tak\u017ee p\u0159esta\u0148te pou\u017e\u00edvat podpr\u016fm\u011brn\u00e9 str\u00e1nky a vyzkou\u0161ejte jednu z t\u011bchto slu\u017eeb!<\/p>\n<p>Zd\u00e1 se, \u017ee hlavn\u00edm probl\u00e9mem <a href=\"http:\/\/bardelconvent.com\/cs\/proc-by-online-seznamovaci-aplikace-mohly-pracovat-pro-vas\/\">online seznamovac\u00edch str\u00e1nek<\/a> je, \u017ee nejsou p\u0159\u00edli\u0161 \u00fa\u010dinn\u00e9. Vid\u00edte pro\u010d \u2013 nab\u00edzej\u00ed spoustu p\u0159\u00edle\u017eitost\u00ed, ale tak\u00e9 spoustu probl\u00e9m\u016f.<\/p>\n<ul>\n<li>Za prv\u00e9, skute\u010dnost, \u017ee nevid\u00edte, co ostatn\u00ed u\u017eivatel\u00e9 d\u011blaj\u00ed na webu, znamen\u00e1, \u017ee nikdy nebudete v\u011bd\u011bt, zda o v\u00e1s m\u00e1 n\u011bkdo jin\u00fd z\u00e1jem.<\/li>\n<li>Za druh\u00e9, pokud se setk\u00e1te s lidmi v re\u00e1ln\u00e9m \u017eivot\u011b, mus\u00edte v\u011bnovat pozornost jejich vzhledu a chov\u00e1n\u00ed, jinak byste mohli b\u00fdt zklam\u00e1ni, kdy\u017e se s nimi skute\u010dn\u011b setk\u00e1te.<\/li>\n<li>Za t\u0159et\u00ed, <a href=\"http:\/\/bardelconvent.com\/cs\/funguje-blind-dating\/\">online seznamky jsou \u010dasto pln\u00e9 fale\u0161n\u00fdch profil\u016f<\/a>. Pokud se chyst\u00e1te setkat s d\u00edvkou prost\u0159ednictv\u00edm online platformy, m\u011bli byste pe\u010dliv\u011b zkontrolovat jej\u00ed profil, ne\u017e j\u00ed d\u00e1te sv\u00e9 telefonn\u00ed \u010d\u00edslo. Kone\u010dn\u011b, mnoho online seznamovac\u00edch str\u00e1nek jsou jen podvody. Slibuj\u00ed hodn\u011b, ale nic nep\u0159in\u00e1\u0161ej\u00ed. Tak\u017ee, abych to shrnul, online datov\u00e1n\u00ed je skv\u011bl\u00fd n\u00e1pad, ale ne dokonal\u00fd.<\/li>\n<\/ul>\n<h2>Sex Chat M\u00edstnosti<\/h2>\n<p>Sexu\u00e1ln\u00ed chatovac\u00ed str\u00e1nky jsou webov\u00e9 str\u00e1nky, kde se lid\u00e9 setk\u00e1vaj\u00ed online, aby diskutovali o sexu\u00e1ln\u00edch t\u00e9matech. Existuje mnoho r\u016fzn\u00fdch typ\u016f sexu\u00e1ln\u00edch chatovac\u00edch str\u00e1nek, v\u010detn\u011b specializovan\u00fdch str\u00e1nek, jako je BBW nebo BDSM. N\u011bkter\u00e9 z t\u011bchto web\u016f umo\u017e\u0148uj\u00ed \u010dlen\u016fm nahr\u00e1vat obr\u00e1zky a videa o sob\u011b, zat\u00edmco jin\u00e9 vy\u017eaduj\u00ed, aby u\u017eivatel\u00e9 pos\u00edlali zpr\u00e1vy prost\u0159ednictv\u00edm textov\u00fdch program\u016f nebo program\u016f pro rychl\u00e9 zas\u00edl\u00e1n\u00ed zpr\u00e1v.<\/p>\n<ul>\n<li>Mnoho sexu\u00e1ln\u00edch chatovac\u00edch web\u016f nab\u00edz\u00ed \u017eiv\u00e9 videochaty, kter\u00e9 umo\u017e\u0148uj\u00ed \u010dlen\u016fm vid\u011bt se navz\u00e1jem na webov\u00e9 kame\u0159e.<\/li>\n<li>Sex chat str\u00e1nky jsou vynikaj\u00edc\u00edm m\u00edstem pro setk\u00e1n\u00ed s nov\u00fdmi lidmi.<\/li>\n<li>Dobr\u00e1 volba pro p\u0159ipojen\u00ed<\/li>\n<\/ul>\n<p>Hled\u00e1te dnes ve\u010der n\u011bjakou z\u00e1bavu? U\u017e v\u00e1s nebav\u00ed b\u00fdt s\u00e1m? Tak pro\u010d nevyzkou\u0161et sexu\u00e1ln\u00ed chatovac\u00ed m\u00edstnosti, kde se m\u016f\u017eete setkat s nov\u00fdmi lidmi z cel\u00e9ho sv\u011bta! Jsme si jisti, \u017ee zde najdete n\u011bkoho zvl\u00e1\u0161tn\u00edho.<\/p>\n<p>Tyto aplikace maj\u00ed tis\u00edce \u010dlen\u016f z cel\u00e9ho sv\u011bta, v\u010detn\u011b USA, Velk\u00e9 Brit\u00e1nie, Kanady, Austr\u00e1lie, Nov\u00e9ho Z\u00e9landu, Evropy, Asie a Afriky. Tak\u017ee pokud hled\u00e1te m\u00edsto, kde se m\u016f\u017eete spojit s ostatn\u00edmi, p\u0159idejte se k n\u00e1m.<\/p>\n<p>Existuje mnoho v\u00fdhod pro pou\u017e\u00edv\u00e1n\u00ed tohoto webu. Za prv\u00e9, je zcela zdarma, tak\u017ee nen\u00ed co ztratit. Za druh\u00e9, m\u016f\u017eete si vybrat, zda chcete pou\u017e\u00edt webovou kameru nebo jen textov\u00e9 chaty. Pokud d\u00e1v\u00e1te p\u0159ednost pou\u017eit\u00ed webov\u00e9 kamery, m\u016f\u017eete tak u\u010dinit jednodu\u0161e kliknut\u00edm na tla\u010d\u00edtko &#8222;videochat&#8220;. Otev\u0159e se okno, kde m\u016f\u017eete vid\u011bt sv\u00e9ho partnera na\u017eivo. M\u016f\u017eete s nimi mluvit, kl\u00e1st jim ot\u00e1zky a dokonce s nimi sd\u00edlet obr\u00e1zky.<\/p>\n<p>Tak na co je\u0161t\u011b \u010dek\u00e1te? P\u0159ipojte se nyn\u00ed a za\u010dn\u011bte pozn\u00e1vat nov\u00e9 p\u0159\u00e1tele!<\/p>\n","protected":false},"excerpt":{"rendered":"<p>V\u011bt\u0161ina lid\u00ed v\u00e1m \u0159ekne, abyste \u0161li na bar hopping nebo pou\u017e\u00edvali m\u00edstn\u00ed aplikace pro p\u0159ipojen\u00ed. Ale tyto mo\u017enosti nejsou p\u0159\u00edli\u0161 \u00fa\u010dinn\u00e9. Mohli byste <\/p>\n","protected":false},"author":1,"featured_media":112,"parent":0,"menu_order":0,"comment_status":"closed","ping_status":"closed","template":"","meta":[],"yoast_head":"<!-- This site is optimized with the Yoast SEO plugin v19.2 - https:\/\/yoast.com\/wordpress\/plugins\/seo\/ -->\n<title>Zdarma Sex Chat Webov\u00e9 str\u00e1nky - Hookup L\u00e1ska<\/title>\n<meta name=\"robots\" content=\"index, follow, max-snippet:-1, max-image-preview:large, max-video-preview:-1\" \/>\n<link rel=\"canonical\" href=\"http:\/\/bardelconvent.com\/cs\/zdarma-sex-chat-webove-stranky\/\" \/>\n<meta property=\"og:locale\" content=\"cs_CZ\" \/>\n<meta property=\"og:type\" content=\"article\" \/>\n<meta property=\"og:title\" content=\"Zdarma Sex Chat Webov\u00e9 str\u00e1nky - Hookup L\u00e1ska\" \/>\n<meta property=\"og:description\" content=\"V\u011bt\u0161ina lid\u00ed v\u00e1m \u0159ekne, abyste \u0161li na bar hopping nebo pou\u017e\u00edvali m\u00edstn\u00ed aplikace pro p\u0159ipojen\u00ed. Ale tyto mo\u017enosti nejsou p\u0159\u00edli\u0161 \u00fa\u010dinn\u00e9. Mohli byste\" \/>\n<meta property=\"og:url\" content=\"http:\/\/bardelconvent.com\/cs\/zdarma-sex-chat-webove-stranky\/\" \/>\n<meta property=\"og:site_name\" content=\"Hookup L\u00e1ska\" \/>\n<meta property=\"og:image\" content=\"http:\/\/bardelconvent.com\/wp-content\/uploads\/2022\/07\/join-now.jpeg\" \/>\n\t<meta property=\"og:image:width\" content=\"2250\" \/>\n\t<meta property=\"og:image:height\" content=\"1500\" \/>\n\t<meta property=\"og:image:type\" content=\"image\/jpeg\" \/>\n<meta name=\"author\" content=\"Dating Expert\" \/>\n<meta name=\"twitter:card\" content=\"summary_large_image\" \/>\n<meta name=\"twitter:label1\" content=\"Odhadovan\u00e1 doba \u010dten\u00ed\" \/>\n\t<meta name=\"twitter:data1\" content=\"3 minuty\" \/>\n<script type=\"application\/ld+json\" class=\"yoast-schema-graph\">{\"@context\":\"https:\/\/schema.org\",\"@graph\":[{\"@type\":\"WebSite\",\"@id\":\"http:\/\/bardelconvent.com\/de\/#website\",\"url\":\"http:\/\/bardelconvent.com\/de\/\",\"name\":\"Hookup L\u00e1ska\",\"description\":\"Seznamov\u00e1n\u00ed a vztahy\",\"potentialAction\":[{\"@type\":\"SearchAction\",\"target\":{\"@type\":\"EntryPoint\",\"urlTemplate\":\"http:\/\/bardelconvent.com\/de\/?s={search_term_string}\"},\"query-input\":\"required name=search_term_string\"}],\"inLanguage\":\"cs\"},{\"@type\":\"ImageObject\",\"inLanguage\":\"cs\",\"@id\":\"http:\/\/bardelconvent.com\/cs\/zdarma-sex-chat-webove-stranky\/#primaryimage\",\"url\":\"http:\/\/bardelconvent.com\/wp-content\/uploads\/2022\/07\/join-now.jpeg\",\"contentUrl\":\"http:\/\/bardelconvent.com\/wp-content\/uploads\/2022\/07\/join-now.jpeg\",\"width\":2250,\"height\":1500},{\"@type\":\"WebPage\",\"@id\":\"http:\/\/bardelconvent.com\/cs\/zdarma-sex-chat-webove-stranky\/#webpage\",\"url\":\"http:\/\/bardelconvent.com\/cs\/zdarma-sex-chat-webove-stranky\/\",\"name\":\"Zdarma Sex Chat Webov\u00e9 str\u00e1nky - Hookup L\u00e1ska\",\"isPartOf\":{\"@id\":\"http:\/\/bardelconvent.com\/de\/#website\"},\"primaryImageOfPage\":{\"@id\":\"http:\/\/bardelconvent.com\/cs\/zdarma-sex-chat-webove-stranky\/#primaryimage\"},\"datePublished\":\"2022-07-08T11:05:25+00:00\",\"dateModified\":\"2022-07-08T11:05:25+00:00\",\"breadcrumb\":{\"@id\":\"http:\/\/bardelconvent.com\/cs\/zdarma-sex-chat-webove-stranky\/#breadcrumb\"},\"inLanguage\":\"cs\",\"potentialAction\":[{\"@type\":\"ReadAction\",\"target\":[\"http:\/\/bardelconvent.com\/cs\/zdarma-sex-chat-webove-stranky\/\"]}]},{\"@type\":\"BreadcrumbList\",\"@id\":\"http:\/\/bardelconvent.com\/cs\/zdarma-sex-chat-webove-stranky\/#breadcrumb\",\"itemListElement\":[{\"@type\":\"ListItem\",\"position\":1,\"name\":\"Domov\",\"item\":\"https:\/\/bardelconvent.com\/cs\/\"},{\"@type\":\"ListItem\",\"position\":2,\"name\":\"Zdarma Sex Chat Webov\u00e9 str\u00e1nky\"}]}]}<\/script>\n<!-- \/ Yoast SEO plugin. -->","yoast_head_json":{"title":"Zdarma Sex Chat Webov\u00e9 str\u00e1nky - Hookup L\u00e1ska","robots":{"index":"index","follow":"follow","max-snippet":"max-snippet:-1","max-image-preview":"max-image-preview:large","max-video-preview":"max-video-preview:-1"},"canonical":"http:\/\/bardelconvent.com\/cs\/zdarma-sex-chat-webove-stranky\/","og_locale":"cs_CZ","og_type":"article","og_title":"Zdarma Sex Chat Webov\u00e9 str\u00e1nky - Hookup L\u00e1ska","og_description":"V\u011bt\u0161ina lid\u00ed v\u00e1m \u0159ekne, abyste \u0161li na bar hopping nebo pou\u017e\u00edvali m\u00edstn\u00ed aplikace pro p\u0159ipojen\u00ed. Ale tyto mo\u017enosti nejsou p\u0159\u00edli\u0161 \u00fa\u010dinn\u00e9. Mohli byste","og_url":"http:\/\/bardelconvent.com\/cs\/zdarma-sex-chat-webove-stranky\/","og_site_name":"Hookup L\u00e1ska","og_image":[{"width":2250,"height":1500,"url":"http:\/\/bardelconvent.com\/wp-content\/uploads\/2022\/07\/join-now.jpeg","type":"image\/jpeg"}],"author":"Dating Expert","twitter_card":"summary_large_image","twitter_misc":{"Odhadovan\u00e1 doba \u010dten\u00ed":"3 minuty"},"schema":{"@context":"https:\/\/schema.org","@graph":[{"@type":"WebSite","@id":"http:\/\/bardelconvent.com\/de\/#website","url":"http:\/\/bardelconvent.com\/de\/","name":"Hookup L\u00e1ska","description":"Seznamov\u00e1n\u00ed a vztahy","potentialAction":[{"@type":"SearchAction","target":{"@type":"EntryPoint","urlTemplate":"http:\/\/bardelconvent.com\/de\/?s={search_term_string}"},"query-input":"required name=search_term_string"}],"inLanguage":"cs"},{"@type":"ImageObject","inLanguage":"cs","@id":"http:\/\/bardelconvent.com\/cs\/zdarma-sex-chat-webove-stranky\/#primaryimage","url":"http:\/\/bardelconvent.com\/wp-content\/uploads\/2022\/07\/join-now.jpeg","contentUrl":"http:\/\/bardelconvent.com\/wp-content\/uploads\/2022\/07\/join-now.jpeg","width":2250,"height":1500},{"@type":"WebPage","@id":"http:\/\/bardelconvent.com\/cs\/zdarma-sex-chat-webove-stranky\/#webpage","url":"http:\/\/bardelconvent.com\/cs\/zdarma-sex-chat-webove-stranky\/","name":"Zdarma Sex Chat Webov\u00e9 str\u00e1nky - Hookup L\u00e1ska","isPartOf":{"@id":"http:\/\/bardelconvent.com\/de\/#website"},"primaryImageOfPage":{"@id":"http:\/\/bardelconvent.com\/cs\/zdarma-sex-chat-webove-stranky\/#primaryimage"},"datePublished":"2022-07-08T11:05:25+00:00","dateModified":"2022-07-08T11:05:25+00:00","breadcrumb":{"@id":"http:\/\/bardelconvent.com\/cs\/zdarma-sex-chat-webove-stranky\/#breadcrumb"},"inLanguage":"cs","potentialAction":[{"@type":"ReadAction","target":["http:\/\/bardelconvent.com\/cs\/zdarma-sex-chat-webove-stranky\/"]}]},{"@type":"BreadcrumbList","@id":"http:\/\/bardelconvent.com\/cs\/zdarma-sex-chat-webove-stranky\/#breadcrumb","itemListElement":[{"@type":"ListItem","position":1,"name":"Domov","item":"https:\/\/bardelconvent.com\/cs\/"},{"@type":"ListItem","position":2,"name":"Zdarma Sex Chat Webov\u00e9 str\u00e1nky"}]}]}},"_links":{"self":[{"href":"http:\/\/bardelconvent.com\/cs\/wp-json\/wp\/v2\/pages\/213"}],"collection":[{"href":"http:\/\/bardelconvent.com\/cs\/wp-json\/wp\/v2\/pages"}],"about":[{"href":"http:\/\/bardelconvent.com\/cs\/wp-json\/wp\/v2\/types\/page"}],"author":[{"embeddable":true,"href":"http:\/\/bardelconvent.com\/cs\/wp-json\/wp\/v2\/users\/1"}],"replies":[{"embeddable":true,"href":"http:\/\/bardelconvent.com\/cs\/wp-json\/wp\/v2\/comments?post=213"}],"version-history":[{"count":0,"href":"http:\/\/bardelconvent.com\/cs\/wp-json\/wp\/v2\/pages\/213\/revisions"}],"wp:featuredmedia":[{"embeddable":true,"href":"http:\/\/bardelconvent.com\/cs\/wp-json\/wp\/v2\/media\/112"}],"wp:attachment":[{"href":"http:\/\/bardelconvent.com\/cs\/wp-json\/wp\/v2\/media?parent=213"}],"curies":[{"name":"wp","href":"https:\/\/api.w.org\/{rel}","templated":true}]}}