{"id":167,"date":"2022-07-08T12:27:59","date_gmt":"2022-07-08T11:27:59","guid":{"rendered":"http:\/\/bardelconvent.com\/virker-blind-dating\/"},"modified":"2022-07-08T12:27:59","modified_gmt":"2022-07-08T11:27:59","slug":"virker-blind-dating","status":"publish","type":"page","link":"http:\/\/bardelconvent.com\/da\/virker-blind-dating\/","title":{"rendered":"Virker blind dating?"},"content":{"rendered":"<p>Blind dating er en fantastisk m\u00e5de at m\u00f8de mennesker, der deler <a href=\"http:\/\/bardelconvent.com\/da\/paalidelige-tilslutningsapps-til-at-finde-sex\/\">lignende interesser<\/a>. Denne type dating kaldes ofte speed dating, fordi der ikke er noget forudbestemt m\u00f8dested eller tidspunkt.<\/p>\n<p>I stedet finder blind dates sted p\u00e5 et offentligt sted, hvor singler kan g\u00e5 op til hinanden og indlede en samtale. M\u00e5let er at finde en kompatibel kamp inden for 30 minutter.<\/p>\n<p>Speed dating er popul\u00e6rt blandt singler, der leder efter en hurtig date. Blind dating er dog ideel til dem, der foretr\u00e6kker at m\u00f8de mennesker organisk.<\/p>\n<h2>Er det noget for dig?<\/h2>\n<p>Hvis du ikke er s\u00e6rlig bekymret for din egen sikkerhed, kan du overveje at g\u00e5 p\u00e5 en blind date.<\/p>\n<p>Du kan hj\u00e6lpe med at sikre, at din date f\u00f8ler sig tryg og godt tilpas ved at foresl\u00e5 <a href=\"http:\/\/bardelconvent.com\/da\/tegn-paa-at-en-pige-kan-lide-dig-online\/\">at m\u00f8des p\u00e5 et offentligt sted<\/a>, f.eks. en kaffebar eller restaurant. Og mens du planl\u00e6gger, s\u00e5 pr\u00f8v at holde det til en aktivitet, s\u00e5 der er en lettere vej ud, hvis din date ikke har det godt. Stil f\u00e6rre sp\u00f8rgsm\u00e5l, der kan f\u00e5 nogen til at f\u00f8le sig akavet eller mist\u00e6nksom over for dine intentioner. Hvis du taler om dine interesser, hobbyer, karriere eller yndlingsbands, vil du begge v\u00e6re i stand til at oprette forbindelse p\u00e5 et dybere niveau.<\/p>\n<p>Lad ikke paraderne falde. V\u00e6r forsigtig med, hvem du m\u00f8der online. Hvis du mener, at noget ikke er rigtigt, s\u00e5 er det sandsynligvis ikke. Hvis du nogensinde har haft en ex-besked, efter at de slog op, s\u00e5 ved du, hvad jeg mener. Din mavefornemmelse vil normalt fort\u00e6lle dig, hvis noget f\u00f8les forkert. Kontroller altid referencer, f\u00f8r du m\u00f8der nogen i det virkelige liv. Og giv aldrig personlige oplysninger som din adresse, telefonnummer eller efternavn.<\/p>\n<h2>Alternativer til blind dating<\/h2>\n<p>Har du nogensinde v\u00e6ret p\u00e5 en online datingside? Hvordan havde du det med det? F\u00f8lte du dig tryg? Hvis du ikke har pr\u00f8vet online dating endnu, s\u00e5 kan det virkelig hj\u00e6lpe dig at l\u00e6se vores om de bedste online datingsider.<\/p>\n<p>Apps som Tinder og Bumble giver brugerne mulighed for at stryge til h\u00f8jre eller venstre p\u00e5 fotos af andre brugere for at se, om de er interesserede i dem. Men selvom apps kan virke harml\u00f8se, er der alvorlige risici forbundet med at bruge dem til at m\u00f8de nogen ny.<\/p>\n<p>N\u00e5r du har fundet dit match, skal du l\u00e6re ham eller hende bedre at kende, f\u00f8r du kan begynde at tale. Det betyder at udveksle beskeder, ringe til hinanden og til sidst planl\u00e6gge datoer. Alt dette tager tid og kr\u00e6fter. S\u00e5 hvorfor ikke springe mellemmanden over og sk\u00e6re direkte til det sjove?<\/p>\n","protected":false},"excerpt":{"rendered":"<p>Blind dating er en fantastisk m\u00e5de at m\u00f8de mennesker, der deler lignende interesser. Denne type dating kaldes ofte speed dating, fordi der ikke <\/p>\n","protected":false},"author":1,"featured_media":153,"parent":0,"menu_order":0,"comment_status":"closed","ping_status":"closed","template":"","meta":[],"yoast_head":"<!-- This site is optimized with the Yoast SEO plugin v19.2 - https:\/\/yoast.com\/wordpress\/plugins\/seo\/ -->\n<title>Virker blind dating? - Tilslutning k\u00e6rlighed<\/title>\n<meta name=\"robots\" content=\"index, follow, max-snippet:-1, max-image-preview:large, max-video-preview:-1\" \/>\n<link rel=\"canonical\" href=\"http:\/\/bardelconvent.com\/da\/virker-blind-dating\/\" \/>\n<meta property=\"og:locale\" content=\"da_DK\" \/>\n<meta property=\"og:type\" content=\"article\" \/>\n<meta property=\"og:title\" content=\"Virker blind dating? - Tilslutning k\u00e6rlighed\" \/>\n<meta property=\"og:description\" content=\"Blind dating er en fantastisk m\u00e5de at m\u00f8de mennesker, der deler lignende interesser. Denne type dating kaldes ofte speed dating, fordi der ikke\" \/>\n<meta property=\"og:url\" content=\"http:\/\/bardelconvent.com\/da\/virker-blind-dating\/\" \/>\n<meta property=\"og:site_name\" content=\"Tilslutning k\u00e6rlighed\" \/>\n<meta property=\"og:image\" content=\"http:\/\/bardelconvent.com\/wp-content\/uploads\/2022\/07\/casual-sex-hookups.jpg\" \/>\n\t<meta property=\"og:image:width\" content=\"500\" \/>\n\t<meta property=\"og:image:height\" content=\"333\" \/>\n\t<meta property=\"og:image:type\" content=\"image\/jpeg\" \/>\n<meta name=\"author\" content=\"Dating Expert\" \/>\n<meta name=\"twitter:card\" content=\"summary_large_image\" \/>\n<meta name=\"twitter:label1\" content=\"Estimeret l\u00e6setid\" \/>\n\t<meta name=\"twitter:data1\" content=\"2 minutter\" \/>\n<script type=\"application\/ld+json\" class=\"yoast-schema-graph\">{\"@context\":\"https:\/\/schema.org\",\"@graph\":[{\"@type\":\"WebSite\",\"@id\":\"http:\/\/bardelconvent.com\/de\/#website\",\"url\":\"http:\/\/bardelconvent.com\/de\/\",\"name\":\"Tilslutning k\u00e6rlighed\",\"description\":\"Dating &amp; Forhold\",\"potentialAction\":[{\"@type\":\"SearchAction\",\"target\":{\"@type\":\"EntryPoint\",\"urlTemplate\":\"http:\/\/bardelconvent.com\/de\/?s={search_term_string}\"},\"query-input\":\"required name=search_term_string\"}],\"inLanguage\":\"da-DK\"},{\"@type\":\"ImageObject\",\"inLanguage\":\"da-DK\",\"@id\":\"http:\/\/bardelconvent.com\/da\/virker-blind-dating\/#primaryimage\",\"url\":\"http:\/\/bardelconvent.com\/wp-content\/uploads\/2022\/07\/casual-sex-hookups.jpg\",\"contentUrl\":\"http:\/\/bardelconvent.com\/wp-content\/uploads\/2022\/07\/casual-sex-hookups.jpg\",\"width\":500,\"height\":333},{\"@type\":\"WebPage\",\"@id\":\"http:\/\/bardelconvent.com\/da\/virker-blind-dating\/#webpage\",\"url\":\"http:\/\/bardelconvent.com\/da\/virker-blind-dating\/\",\"name\":\"Virker blind dating? - Tilslutning k\u00e6rlighed\",\"isPartOf\":{\"@id\":\"http:\/\/bardelconvent.com\/de\/#website\"},\"primaryImageOfPage\":{\"@id\":\"http:\/\/bardelconvent.com\/da\/virker-blind-dating\/#primaryimage\"},\"datePublished\":\"2022-07-08T11:27:59+00:00\",\"dateModified\":\"2022-07-08T11:27:59+00:00\",\"breadcrumb\":{\"@id\":\"http:\/\/bardelconvent.com\/da\/virker-blind-dating\/#breadcrumb\"},\"inLanguage\":\"da-DK\",\"potentialAction\":[{\"@type\":\"ReadAction\",\"target\":[\"http:\/\/bardelconvent.com\/da\/virker-blind-dating\/\"]}]},{\"@type\":\"BreadcrumbList\",\"@id\":\"http:\/\/bardelconvent.com\/da\/virker-blind-dating\/#breadcrumb\",\"itemListElement\":[{\"@type\":\"ListItem\",\"position\":1,\"name\":\"Hjem\",\"item\":\"https:\/\/bardelconvent.com\/da\/\"},{\"@type\":\"ListItem\",\"position\":2,\"name\":\"Virker blind dating?\"}]}]}<\/script>\n<!-- \/ Yoast SEO plugin. -->","yoast_head_json":{"title":"Virker blind dating? - Tilslutning k\u00e6rlighed","robots":{"index":"index","follow":"follow","max-snippet":"max-snippet:-1","max-image-preview":"max-image-preview:large","max-video-preview":"max-video-preview:-1"},"canonical":"http:\/\/bardelconvent.com\/da\/virker-blind-dating\/","og_locale":"da_DK","og_type":"article","og_title":"Virker blind dating? - Tilslutning k\u00e6rlighed","og_description":"Blind dating er en fantastisk m\u00e5de at m\u00f8de mennesker, der deler lignende interesser. Denne type dating kaldes ofte speed dating, fordi der ikke","og_url":"http:\/\/bardelconvent.com\/da\/virker-blind-dating\/","og_site_name":"Tilslutning k\u00e6rlighed","og_image":[{"width":500,"height":333,"url":"http:\/\/bardelconvent.com\/wp-content\/uploads\/2022\/07\/casual-sex-hookups.jpg","type":"image\/jpeg"}],"author":"Dating Expert","twitter_card":"summary_large_image","twitter_misc":{"Estimeret l\u00e6setid":"2 minutter"},"schema":{"@context":"https:\/\/schema.org","@graph":[{"@type":"WebSite","@id":"http:\/\/bardelconvent.com\/de\/#website","url":"http:\/\/bardelconvent.com\/de\/","name":"Tilslutning k\u00e6rlighed","description":"Dating &amp; Forhold","potentialAction":[{"@type":"SearchAction","target":{"@type":"EntryPoint","urlTemplate":"http:\/\/bardelconvent.com\/de\/?s={search_term_string}"},"query-input":"required name=search_term_string"}],"inLanguage":"da-DK"},{"@type":"ImageObject","inLanguage":"da-DK","@id":"http:\/\/bardelconvent.com\/da\/virker-blind-dating\/#primaryimage","url":"http:\/\/bardelconvent.com\/wp-content\/uploads\/2022\/07\/casual-sex-hookups.jpg","contentUrl":"http:\/\/bardelconvent.com\/wp-content\/uploads\/2022\/07\/casual-sex-hookups.jpg","width":500,"height":333},{"@type":"WebPage","@id":"http:\/\/bardelconvent.com\/da\/virker-blind-dating\/#webpage","url":"http:\/\/bardelconvent.com\/da\/virker-blind-dating\/","name":"Virker blind dating? - Tilslutning k\u00e6rlighed","isPartOf":{"@id":"http:\/\/bardelconvent.com\/de\/#website"},"primaryImageOfPage":{"@id":"http:\/\/bardelconvent.com\/da\/virker-blind-dating\/#primaryimage"},"datePublished":"2022-07-08T11:27:59+00:00","dateModified":"2022-07-08T11:27:59+00:00","breadcrumb":{"@id":"http:\/\/bardelconvent.com\/da\/virker-blind-dating\/#breadcrumb"},"inLanguage":"da-DK","potentialAction":[{"@type":"ReadAction","target":["http:\/\/bardelconvent.com\/da\/virker-blind-dating\/"]}]},{"@type":"BreadcrumbList","@id":"http:\/\/bardelconvent.com\/da\/virker-blind-dating\/#breadcrumb","itemListElement":[{"@type":"ListItem","position":1,"name":"Hjem","item":"https:\/\/bardelconvent.com\/da\/"},{"@type":"ListItem","position":2,"name":"Virker blind dating?"}]}]}},"_links":{"self":[{"href":"http:\/\/bardelconvent.com\/da\/wp-json\/wp\/v2\/pages\/167"}],"collection":[{"href":"http:\/\/bardelconvent.com\/da\/wp-json\/wp\/v2\/pages"}],"about":[{"href":"http:\/\/bardelconvent.com\/da\/wp-json\/wp\/v2\/types\/page"}],"author":[{"embeddable":true,"href":"http:\/\/bardelconvent.com\/da\/wp-json\/wp\/v2\/users\/1"}],"replies":[{"embeddable":true,"href":"http:\/\/bardelconvent.com\/da\/wp-json\/wp\/v2\/comments?post=167"}],"version-history":[{"count":0,"href":"http:\/\/bardelconvent.com\/da\/wp-json\/wp\/v2\/pages\/167\/revisions"}],"wp:featuredmedia":[{"embeddable":true,"href":"http:\/\/bardelconvent.com\/da\/wp-json\/wp\/v2\/media\/153"}],"wp:attachment":[{"href":"http:\/\/bardelconvent.com\/da\/wp-json\/wp\/v2\/media?parent=167"}],"curies":[{"name":"wp","href":"https:\/\/api.w.org\/{rel}","templated":true}]}}