{"id":180,"date":"2022-07-08T12:19:13","date_gmt":"2022-07-08T11:19:13","guid":{"rendered":"http:\/\/bardelconvent.com\/tegn-paa-at-en-pige-kan-lide-dig-online\/"},"modified":"2022-07-08T12:19:13","modified_gmt":"2022-07-08T11:19:13","slug":"tegn-paa-at-en-pige-kan-lide-dig-online","status":"publish","type":"page","link":"http:\/\/bardelconvent.com\/da\/tegn-paa-at-en-pige-kan-lide-dig-online\/","title":{"rendered":"Tegn p\u00e5, at en pige kan lide dig online?"},"content":{"rendered":"<p>Sms&#8217;er piger er en interessant oplevelse. Du kan f\u00e5 tip om, hvordan de virkelig har det med dig i deres tekster. Hvis du er meget opm\u00e6rksom p\u00e5, hvad, hvorn\u00e5r og hvordan de sms&#8217;er, hj\u00e6lper du dig med at forst\u00e5 dem bedre.<\/p>\n<p>Hvis du ikke er sikker p\u00e5, om hun er interesseret i venskab, s\u00e5 tjek de <a href=\"http:\/\/bardelconvent.com\/da\/sikkerhed-for-online-datingapps\/\">andre tegn<\/a>. For eksempel kan hun sende dig beskeder for at mindes en sjov tid sammen. Eller hun kan r\u00e6kke ud, fordi hun har brug for hj\u00e6lp til en bestemt opgave eller test.<\/p>\n<h2>Sms&#8217;er du f\u00f8rst?<\/h2>\n<p>Hvis hun sender dig en sms ud af det bl\u00e5, kan det betyde hvad som helst. Hun keder sig m\u00e5ske, eller hun pr\u00f8ver m\u00e5ske at l\u00e6re dig bedre at kende. Du kan v\u00e6re hendes type fyr, eller hun kan slet ikke lide dig. Uanset hvad betyder det ikke noget, fordi der ikke er noget, du kan g\u00f8re ved det. N\u00e5r det er sagt, hvis hun sender dig en sms f\u00f8rst, betyder det, at hun vil tale med dig. S\u00e5 n\u00e5r hun sender dig en besked, skal du v\u00e6re opm\u00e6rksom.<\/p>\n<h2>Kan du ikke stoppe med at sende dig en sms?<\/h2>\n<p>Hun kan ikke lide dig, n\u00e5r hun f\u00f8rst m\u00f8der dig. Men efter et stykke tid <a href=\"http:\/\/bardelconvent.com\/da\/gratis-sex-chat-websites\/\">begynder hun at kunne lide dig<\/a>. Og hvis hun bliver ved med at tale med dig, vil hun begynde at f\u00f8le sig virkelig t\u00e6t p\u00e5 dig. Hvis hun vil tale med dig, hver gang du m\u00f8des, er hun sandsynligvis forelsket i dig.<\/p>\n<h2>Sms&#8217;er du hele dagen?<\/h2>\n<p>Hvis hun ofte sender dig en sms, betyder det, at hun kan lide dig. Hun kan endda v\u00e6re interesseret i at l\u00e6re dig bedre at kende. Hun vil have dig til at l\u00e6re hende at kende, og hvad hun st\u00e5r for, fordi hun ved, at du vil s\u00e6tte pris p\u00e5 det. Kvinder ved, at udvikling af rapport er et vigtigt skridt i retning af at starte et forhold til den fyr, du kan lide. Det l\u00e6rte jeg af parforholdsguruen Kate Spring.<\/p>\n<h2>Fungerer sms&#8217;er virkelig?<\/h2>\n<p>Sms&#8217;er er en fantastisk form for kommunikation, is\u00e6r n\u00e5r du pr\u00f8ver at l\u00e6re nogen at kende. Der er dog tidspunkter, hvor du har brug for at bakke v\u00e6k og give dig selv tid til at t\u00e6nke, f\u00f8r du sender en anden besked. Hvis du har haft en d\u00e5rlig oplevelse med nogen, kan det v\u00e6re bedst at vente, indtil du er faldet til ro, f\u00f8r du n\u00e5r ud. Du kan ogs\u00e5 pr\u00f8ve at ringe til dem i stedet for at sende en sms. P\u00e5 den m\u00e5de vil du ikke f\u00f8le, at du generer dem, mens du stadig er ked af det.<\/p>\n","protected":false},"excerpt":{"rendered":"<p>Sms&#8217;er piger er en interessant oplevelse. Du kan f\u00e5 tip om, hvordan de virkelig har det med dig i deres tekster. Hvis du <\/p>\n","protected":false},"author":1,"featured_media":133,"parent":0,"menu_order":0,"comment_status":"closed","ping_status":"closed","template":"","meta":[],"yoast_head":"<!-- This site is optimized with the Yoast SEO plugin v19.2 - https:\/\/yoast.com\/wordpress\/plugins\/seo\/ -->\n<title>Tegn p\u00e5, at en pige kan lide dig online? - Tilslutning k\u00e6rlighed<\/title>\n<meta name=\"robots\" content=\"index, follow, max-snippet:-1, max-image-preview:large, max-video-preview:-1\" \/>\n<link rel=\"canonical\" href=\"http:\/\/bardelconvent.com\/da\/tegn-paa-at-en-pige-kan-lide-dig-online\/\" \/>\n<meta property=\"og:locale\" content=\"da_DK\" \/>\n<meta property=\"og:type\" content=\"article\" \/>\n<meta property=\"og:title\" content=\"Tegn p\u00e5, at en pige kan lide dig online? - Tilslutning k\u00e6rlighed\" \/>\n<meta property=\"og:description\" content=\"Sms&#8217;er piger er en interessant oplevelse. Du kan f\u00e5 tip om, hvordan de virkelig har det med dig i deres tekster. Hvis du\" \/>\n<meta property=\"og:url\" content=\"http:\/\/bardelconvent.com\/da\/tegn-paa-at-en-pige-kan-lide-dig-online\/\" \/>\n<meta property=\"og:site_name\" content=\"Tilslutning k\u00e6rlighed\" \/>\n<meta property=\"og:image\" content=\"http:\/\/bardelconvent.com\/wp-content\/uploads\/2022\/07\/real-sex-chat.jpeg\" \/>\n\t<meta property=\"og:image:width\" content=\"2250\" \/>\n\t<meta property=\"og:image:height\" content=\"1500\" \/>\n\t<meta property=\"og:image:type\" content=\"image\/jpeg\" \/>\n<meta name=\"author\" content=\"Dating Expert\" \/>\n<meta name=\"twitter:card\" content=\"summary_large_image\" \/>\n<meta name=\"twitter:label1\" content=\"Estimeret l\u00e6setid\" \/>\n\t<meta name=\"twitter:data1\" content=\"2 minutter\" \/>\n<script type=\"application\/ld+json\" class=\"yoast-schema-graph\">{\"@context\":\"https:\/\/schema.org\",\"@graph\":[{\"@type\":\"WebSite\",\"@id\":\"http:\/\/bardelconvent.com\/de\/#website\",\"url\":\"http:\/\/bardelconvent.com\/de\/\",\"name\":\"Tilslutning k\u00e6rlighed\",\"description\":\"Dating &amp; Forhold\",\"potentialAction\":[{\"@type\":\"SearchAction\",\"target\":{\"@type\":\"EntryPoint\",\"urlTemplate\":\"http:\/\/bardelconvent.com\/de\/?s={search_term_string}\"},\"query-input\":\"required name=search_term_string\"}],\"inLanguage\":\"da-DK\"},{\"@type\":\"ImageObject\",\"inLanguage\":\"da-DK\",\"@id\":\"http:\/\/bardelconvent.com\/da\/tegn-paa-at-en-pige-kan-lide-dig-online\/#primaryimage\",\"url\":\"http:\/\/bardelconvent.com\/wp-content\/uploads\/2022\/07\/real-sex-chat.jpeg\",\"contentUrl\":\"http:\/\/bardelconvent.com\/wp-content\/uploads\/2022\/07\/real-sex-chat.jpeg\",\"width\":2250,\"height\":1500},{\"@type\":\"WebPage\",\"@id\":\"http:\/\/bardelconvent.com\/da\/tegn-paa-at-en-pige-kan-lide-dig-online\/#webpage\",\"url\":\"http:\/\/bardelconvent.com\/da\/tegn-paa-at-en-pige-kan-lide-dig-online\/\",\"name\":\"Tegn p\u00e5, at en pige kan lide dig online? - Tilslutning k\u00e6rlighed\",\"isPartOf\":{\"@id\":\"http:\/\/bardelconvent.com\/de\/#website\"},\"primaryImageOfPage\":{\"@id\":\"http:\/\/bardelconvent.com\/da\/tegn-paa-at-en-pige-kan-lide-dig-online\/#primaryimage\"},\"datePublished\":\"2022-07-08T11:19:13+00:00\",\"dateModified\":\"2022-07-08T11:19:13+00:00\",\"breadcrumb\":{\"@id\":\"http:\/\/bardelconvent.com\/da\/tegn-paa-at-en-pige-kan-lide-dig-online\/#breadcrumb\"},\"inLanguage\":\"da-DK\",\"potentialAction\":[{\"@type\":\"ReadAction\",\"target\":[\"http:\/\/bardelconvent.com\/da\/tegn-paa-at-en-pige-kan-lide-dig-online\/\"]}]},{\"@type\":\"BreadcrumbList\",\"@id\":\"http:\/\/bardelconvent.com\/da\/tegn-paa-at-en-pige-kan-lide-dig-online\/#breadcrumb\",\"itemListElement\":[{\"@type\":\"ListItem\",\"position\":1,\"name\":\"Hjem\",\"item\":\"https:\/\/bardelconvent.com\/da\/\"},{\"@type\":\"ListItem\",\"position\":2,\"name\":\"Tegn p\u00e5, at en pige kan lide dig online?\"}]}]}<\/script>\n<!-- \/ Yoast SEO plugin. -->","yoast_head_json":{"title":"Tegn p\u00e5, at en pige kan lide dig online? - Tilslutning k\u00e6rlighed","robots":{"index":"index","follow":"follow","max-snippet":"max-snippet:-1","max-image-preview":"max-image-preview:large","max-video-preview":"max-video-preview:-1"},"canonical":"http:\/\/bardelconvent.com\/da\/tegn-paa-at-en-pige-kan-lide-dig-online\/","og_locale":"da_DK","og_type":"article","og_title":"Tegn p\u00e5, at en pige kan lide dig online? - Tilslutning k\u00e6rlighed","og_description":"Sms&#8217;er piger er en interessant oplevelse. Du kan f\u00e5 tip om, hvordan de virkelig har det med dig i deres tekster. Hvis du","og_url":"http:\/\/bardelconvent.com\/da\/tegn-paa-at-en-pige-kan-lide-dig-online\/","og_site_name":"Tilslutning k\u00e6rlighed","og_image":[{"width":2250,"height":1500,"url":"http:\/\/bardelconvent.com\/wp-content\/uploads\/2022\/07\/real-sex-chat.jpeg","type":"image\/jpeg"}],"author":"Dating Expert","twitter_card":"summary_large_image","twitter_misc":{"Estimeret l\u00e6setid":"2 minutter"},"schema":{"@context":"https:\/\/schema.org","@graph":[{"@type":"WebSite","@id":"http:\/\/bardelconvent.com\/de\/#website","url":"http:\/\/bardelconvent.com\/de\/","name":"Tilslutning k\u00e6rlighed","description":"Dating &amp; Forhold","potentialAction":[{"@type":"SearchAction","target":{"@type":"EntryPoint","urlTemplate":"http:\/\/bardelconvent.com\/de\/?s={search_term_string}"},"query-input":"required name=search_term_string"}],"inLanguage":"da-DK"},{"@type":"ImageObject","inLanguage":"da-DK","@id":"http:\/\/bardelconvent.com\/da\/tegn-paa-at-en-pige-kan-lide-dig-online\/#primaryimage","url":"http:\/\/bardelconvent.com\/wp-content\/uploads\/2022\/07\/real-sex-chat.jpeg","contentUrl":"http:\/\/bardelconvent.com\/wp-content\/uploads\/2022\/07\/real-sex-chat.jpeg","width":2250,"height":1500},{"@type":"WebPage","@id":"http:\/\/bardelconvent.com\/da\/tegn-paa-at-en-pige-kan-lide-dig-online\/#webpage","url":"http:\/\/bardelconvent.com\/da\/tegn-paa-at-en-pige-kan-lide-dig-online\/","name":"Tegn p\u00e5, at en pige kan lide dig online? - Tilslutning k\u00e6rlighed","isPartOf":{"@id":"http:\/\/bardelconvent.com\/de\/#website"},"primaryImageOfPage":{"@id":"http:\/\/bardelconvent.com\/da\/tegn-paa-at-en-pige-kan-lide-dig-online\/#primaryimage"},"datePublished":"2022-07-08T11:19:13+00:00","dateModified":"2022-07-08T11:19:13+00:00","breadcrumb":{"@id":"http:\/\/bardelconvent.com\/da\/tegn-paa-at-en-pige-kan-lide-dig-online\/#breadcrumb"},"inLanguage":"da-DK","potentialAction":[{"@type":"ReadAction","target":["http:\/\/bardelconvent.com\/da\/tegn-paa-at-en-pige-kan-lide-dig-online\/"]}]},{"@type":"BreadcrumbList","@id":"http:\/\/bardelconvent.com\/da\/tegn-paa-at-en-pige-kan-lide-dig-online\/#breadcrumb","itemListElement":[{"@type":"ListItem","position":1,"name":"Hjem","item":"https:\/\/bardelconvent.com\/da\/"},{"@type":"ListItem","position":2,"name":"Tegn p\u00e5, at en pige kan lide dig online?"}]}]}},"_links":{"self":[{"href":"http:\/\/bardelconvent.com\/da\/wp-json\/wp\/v2\/pages\/180"}],"collection":[{"href":"http:\/\/bardelconvent.com\/da\/wp-json\/wp\/v2\/pages"}],"about":[{"href":"http:\/\/bardelconvent.com\/da\/wp-json\/wp\/v2\/types\/page"}],"author":[{"embeddable":true,"href":"http:\/\/bardelconvent.com\/da\/wp-json\/wp\/v2\/users\/1"}],"replies":[{"embeddable":true,"href":"http:\/\/bardelconvent.com\/da\/wp-json\/wp\/v2\/comments?post=180"}],"version-history":[{"count":0,"href":"http:\/\/bardelconvent.com\/da\/wp-json\/wp\/v2\/pages\/180\/revisions"}],"wp:featuredmedia":[{"embeddable":true,"href":"http:\/\/bardelconvent.com\/da\/wp-json\/wp\/v2\/media\/133"}],"wp:attachment":[{"href":"http:\/\/bardelconvent.com\/da\/wp-json\/wp\/v2\/media?parent=180"}],"curies":[{"name":"wp","href":"https:\/\/api.w.org\/{rel}","templated":true}]}}