{"id":181,"date":"2022-07-08T12:08:53","date_gmt":"2022-07-08T11:08:53","guid":{"rendered":"http:\/\/bardelconvent.com\/sikkerhed-for-online-datingapps\/"},"modified":"2022-07-08T12:08:53","modified_gmt":"2022-07-08T11:08:53","slug":"sikkerhed-for-online-datingapps","status":"publish","type":"page","link":"http:\/\/bardelconvent.com\/da\/sikkerhed-for-online-datingapps\/","title":{"rendered":"Sikkerhed for online datingapps"},"content":{"rendered":"<p>Online dating er en stadig mere popul\u00e6r aktivitet blandt singler. Imidlertid opst\u00e5r der ofte sikkerhedsproblemer, n\u00e5r man m\u00f8der nogen via et websted. Selvom der er flere m\u00e5der at beskytte dig selv p\u00e5, er det m\u00e5ske ikke altid muligt at forhindre enhver potentiel risiko.<\/p>\n<h2>Vores guide<\/h2>\n<p>Her er nogle m\u00e5der, du kan beskytte dig selv p\u00e5, mens du bruger en online dating app eller tjeneste. Disse tips er ikke en garanti, men de kan hj\u00e6lpe dig med at f\u00f8le dig mere sikker.<\/p>\n<p>Det er bedst ikke at dele personlige oplysninger p\u00e5 din <a href=\"http:\/\/bardelconvent.com\/da\/hvorfor-online-dating-apps-kunne-fungere-for-dig\/\">datingprofil<\/a>. Du b\u00f8r undg\u00e5 at dele dit fulde navn og telefonnummer samt andre oplysninger, der kan identificere dig personligt. Det er ogs\u00e5 klogt at holde din online tilstedev\u00e6relse adskilt fra dit virkelige liv. Hvis du m\u00f8der nogen p\u00e5 en bar eller fest, s\u00e5 pr\u00f8v at holde dig v\u00e6k fra dine sociale mediekonti, indtil du er sikker p\u00e5, at du kan lide hinanden nok til at tale i telefon. Giv ikke din adresse eller kreditkortoplysninger ud, f\u00f8r du m\u00f8des personligt. Og sp\u00f8rg altid om referencer, n\u00e5r du taler med potentielle datoer.<\/p>\n<h2>N\u00e5r du chatter med fremmede<\/h2>\n<p>Hvis du leder efter k\u00e6rlighed p\u00e5 sociale medier, skal du f\u00f8rst tjekke din potentielle datos profiler. Hvis du kender deres navne eller h\u00e5ndtag p\u00e5 sociale medier, skal du sl\u00e5 dem op. Se p\u00e5 deres fotos og se, om du genkender dem. Kontroller, om de har f\u00e6lles venner p\u00e5 sociale medier. Hvis de ligner en havkat, skal du blokere og rapportere dem. Du kan ogs\u00e5 blokere og rapportere andre brugere, hvis du mener, at deres profiler er mist\u00e6nkelige, eller hvis de har opf\u00f8rt sig upassende over for dig. Stol altid p\u00e5 din mavefornemmelse, n\u00e5r du har med andre at g\u00f8re. Hvis du f\u00f8ler, at nogen ikke er \u00e6rlige over for dig, s\u00e5 g\u00e5 bare v\u00e6k.<\/p>\n<p>Der er flere r\u00f8de flag, der b\u00f8r <a href=\"http:\/\/bardelconvent.com\/da\/gratis-sex-chat-websites\/\">rejse bekymring<\/a> for nogen, du kommunikerer med online. Hvis du f\u00f8ler dig presset til at udlevere personlige oplysninger som dit mobiltelefonnummer, eller hvis du modtager en alt for romantisk besked tidligt i dit forhold, kan du overveje at rapportere brugeren.<\/p>\n<p>Del ikke dine personlige oplysninger med fremmede. Du b\u00f8r aldrig give personlige oplysninger, n\u00e5r du kommunikerer med en anden person via et websted eller en app. Dine personlige oplysninger omfatter alt, hvad der kan identificere dig personligt, s\u00e5som dit navn, telefonnumre, adresser, f\u00f8dselsdatoer, k\u00f8rekortnumre, kontonumre, adgangskoder og personnumre.<\/p>\n<h2>M\u00f8d offentligt<\/h2>\n<p>M\u00f8d et sikkert og offentligt sted. Hvis du leder efter noget afslappet, skal du v\u00e6lge et offentligt sted som en kaffebar, restaurant eller bar. I kommer til at se hinanden, inden I beslutter jer for, om I skal ud igen. Hvis du foretr\u00e6kker en mere privat indstilling, kan du overveje at g\u00e5 til en vens hus eller en anden f\u00e6lles bekendts hus eller lejlighed i stedet. Hvis du er nerv\u00f8s for at m\u00f8de nogen personligt for f\u00f8rste gang, kan du pr\u00f8ve at bruge en online datingside til at hj\u00e6lpe dig med at blive bekendt med potentielle partnere. Du kan ogs\u00e5 bede venner om anbefalinger af steder at m\u00f8des.<\/p>\n<p>V\u00e6lg et sted, der f\u00f8les behageligt og sikkert. Hav det sjovt! Hvis du vil g\u00e5 et sted privat, er der masser af apps, der giver dig mulighed for at m\u00f8des privat.<\/p>\n","protected":false},"excerpt":{"rendered":"<p>Online dating er en stadig mere popul\u00e6r aktivitet blandt singler. Imidlertid opst\u00e5r der ofte sikkerhedsproblemer, n\u00e5r man m\u00f8der nogen via et websted. Selvom <\/p>\n","protected":false},"author":1,"featured_media":123,"parent":0,"menu_order":0,"comment_status":"closed","ping_status":"closed","template":"","meta":[],"yoast_head":"<!-- This site is optimized with the Yoast SEO plugin v19.2 - https:\/\/yoast.com\/wordpress\/plugins\/seo\/ -->\n<title>Sikkerhed for online datingapps - Tilslutning k\u00e6rlighed<\/title>\n<meta name=\"robots\" content=\"index, follow, max-snippet:-1, max-image-preview:large, max-video-preview:-1\" \/>\n<link rel=\"canonical\" href=\"http:\/\/bardelconvent.com\/da\/sikkerhed-for-online-datingapps\/\" \/>\n<meta property=\"og:locale\" content=\"da_DK\" \/>\n<meta property=\"og:type\" content=\"article\" \/>\n<meta property=\"og:title\" content=\"Sikkerhed for online datingapps - Tilslutning k\u00e6rlighed\" \/>\n<meta property=\"og:description\" content=\"Online dating er en stadig mere popul\u00e6r aktivitet blandt singler. Imidlertid opst\u00e5r der ofte sikkerhedsproblemer, n\u00e5r man m\u00f8der nogen via et websted. Selvom\" \/>\n<meta property=\"og:url\" content=\"http:\/\/bardelconvent.com\/da\/sikkerhed-for-online-datingapps\/\" \/>\n<meta property=\"og:site_name\" content=\"Tilslutning k\u00e6rlighed\" \/>\n<meta property=\"og:image\" content=\"http:\/\/bardelconvent.com\/wp-content\/uploads\/2022\/07\/dating-scams.jpeg\" \/>\n\t<meta property=\"og:image:width\" content=\"2250\" \/>\n\t<meta property=\"og:image:height\" content=\"1500\" \/>\n\t<meta property=\"og:image:type\" content=\"image\/jpeg\" \/>\n<meta name=\"author\" content=\"Dating Expert\" \/>\n<meta name=\"twitter:card\" content=\"summary_large_image\" \/>\n<meta name=\"twitter:label1\" content=\"Estimeret l\u00e6setid\" \/>\n\t<meta name=\"twitter:data1\" content=\"3 minutter\" \/>\n<script type=\"application\/ld+json\" class=\"yoast-schema-graph\">{\"@context\":\"https:\/\/schema.org\",\"@graph\":[{\"@type\":\"WebSite\",\"@id\":\"http:\/\/bardelconvent.com\/de\/#website\",\"url\":\"http:\/\/bardelconvent.com\/de\/\",\"name\":\"Tilslutning k\u00e6rlighed\",\"description\":\"Dating &amp; Forhold\",\"potentialAction\":[{\"@type\":\"SearchAction\",\"target\":{\"@type\":\"EntryPoint\",\"urlTemplate\":\"http:\/\/bardelconvent.com\/de\/?s={search_term_string}\"},\"query-input\":\"required name=search_term_string\"}],\"inLanguage\":\"da-DK\"},{\"@type\":\"ImageObject\",\"inLanguage\":\"da-DK\",\"@id\":\"http:\/\/bardelconvent.com\/da\/sikkerhed-for-online-datingapps\/#primaryimage\",\"url\":\"http:\/\/bardelconvent.com\/wp-content\/uploads\/2022\/07\/dating-scams.jpeg\",\"contentUrl\":\"http:\/\/bardelconvent.com\/wp-content\/uploads\/2022\/07\/dating-scams.jpeg\",\"width\":2250,\"height\":1500},{\"@type\":\"WebPage\",\"@id\":\"http:\/\/bardelconvent.com\/da\/sikkerhed-for-online-datingapps\/#webpage\",\"url\":\"http:\/\/bardelconvent.com\/da\/sikkerhed-for-online-datingapps\/\",\"name\":\"Sikkerhed for online datingapps - Tilslutning k\u00e6rlighed\",\"isPartOf\":{\"@id\":\"http:\/\/bardelconvent.com\/de\/#website\"},\"primaryImageOfPage\":{\"@id\":\"http:\/\/bardelconvent.com\/da\/sikkerhed-for-online-datingapps\/#primaryimage\"},\"datePublished\":\"2022-07-08T11:08:53+00:00\",\"dateModified\":\"2022-07-08T11:08:53+00:00\",\"breadcrumb\":{\"@id\":\"http:\/\/bardelconvent.com\/da\/sikkerhed-for-online-datingapps\/#breadcrumb\"},\"inLanguage\":\"da-DK\",\"potentialAction\":[{\"@type\":\"ReadAction\",\"target\":[\"http:\/\/bardelconvent.com\/da\/sikkerhed-for-online-datingapps\/\"]}]},{\"@type\":\"BreadcrumbList\",\"@id\":\"http:\/\/bardelconvent.com\/da\/sikkerhed-for-online-datingapps\/#breadcrumb\",\"itemListElement\":[{\"@type\":\"ListItem\",\"position\":1,\"name\":\"Hjem\",\"item\":\"https:\/\/bardelconvent.com\/da\/\"},{\"@type\":\"ListItem\",\"position\":2,\"name\":\"Sikkerhed for online datingapps\"}]}]}<\/script>\n<!-- \/ Yoast SEO plugin. -->","yoast_head_json":{"title":"Sikkerhed for online datingapps - Tilslutning k\u00e6rlighed","robots":{"index":"index","follow":"follow","max-snippet":"max-snippet:-1","max-image-preview":"max-image-preview:large","max-video-preview":"max-video-preview:-1"},"canonical":"http:\/\/bardelconvent.com\/da\/sikkerhed-for-online-datingapps\/","og_locale":"da_DK","og_type":"article","og_title":"Sikkerhed for online datingapps - Tilslutning k\u00e6rlighed","og_description":"Online dating er en stadig mere popul\u00e6r aktivitet blandt singler. Imidlertid opst\u00e5r der ofte sikkerhedsproblemer, n\u00e5r man m\u00f8der nogen via et websted. Selvom","og_url":"http:\/\/bardelconvent.com\/da\/sikkerhed-for-online-datingapps\/","og_site_name":"Tilslutning k\u00e6rlighed","og_image":[{"width":2250,"height":1500,"url":"http:\/\/bardelconvent.com\/wp-content\/uploads\/2022\/07\/dating-scams.jpeg","type":"image\/jpeg"}],"author":"Dating Expert","twitter_card":"summary_large_image","twitter_misc":{"Estimeret l\u00e6setid":"3 minutter"},"schema":{"@context":"https:\/\/schema.org","@graph":[{"@type":"WebSite","@id":"http:\/\/bardelconvent.com\/de\/#website","url":"http:\/\/bardelconvent.com\/de\/","name":"Tilslutning k\u00e6rlighed","description":"Dating &amp; Forhold","potentialAction":[{"@type":"SearchAction","target":{"@type":"EntryPoint","urlTemplate":"http:\/\/bardelconvent.com\/de\/?s={search_term_string}"},"query-input":"required name=search_term_string"}],"inLanguage":"da-DK"},{"@type":"ImageObject","inLanguage":"da-DK","@id":"http:\/\/bardelconvent.com\/da\/sikkerhed-for-online-datingapps\/#primaryimage","url":"http:\/\/bardelconvent.com\/wp-content\/uploads\/2022\/07\/dating-scams.jpeg","contentUrl":"http:\/\/bardelconvent.com\/wp-content\/uploads\/2022\/07\/dating-scams.jpeg","width":2250,"height":1500},{"@type":"WebPage","@id":"http:\/\/bardelconvent.com\/da\/sikkerhed-for-online-datingapps\/#webpage","url":"http:\/\/bardelconvent.com\/da\/sikkerhed-for-online-datingapps\/","name":"Sikkerhed for online datingapps - Tilslutning k\u00e6rlighed","isPartOf":{"@id":"http:\/\/bardelconvent.com\/de\/#website"},"primaryImageOfPage":{"@id":"http:\/\/bardelconvent.com\/da\/sikkerhed-for-online-datingapps\/#primaryimage"},"datePublished":"2022-07-08T11:08:53+00:00","dateModified":"2022-07-08T11:08:53+00:00","breadcrumb":{"@id":"http:\/\/bardelconvent.com\/da\/sikkerhed-for-online-datingapps\/#breadcrumb"},"inLanguage":"da-DK","potentialAction":[{"@type":"ReadAction","target":["http:\/\/bardelconvent.com\/da\/sikkerhed-for-online-datingapps\/"]}]},{"@type":"BreadcrumbList","@id":"http:\/\/bardelconvent.com\/da\/sikkerhed-for-online-datingapps\/#breadcrumb","itemListElement":[{"@type":"ListItem","position":1,"name":"Hjem","item":"https:\/\/bardelconvent.com\/da\/"},{"@type":"ListItem","position":2,"name":"Sikkerhed for online datingapps"}]}]}},"_links":{"self":[{"href":"http:\/\/bardelconvent.com\/da\/wp-json\/wp\/v2\/pages\/181"}],"collection":[{"href":"http:\/\/bardelconvent.com\/da\/wp-json\/wp\/v2\/pages"}],"about":[{"href":"http:\/\/bardelconvent.com\/da\/wp-json\/wp\/v2\/types\/page"}],"author":[{"embeddable":true,"href":"http:\/\/bardelconvent.com\/da\/wp-json\/wp\/v2\/users\/1"}],"replies":[{"embeddable":true,"href":"http:\/\/bardelconvent.com\/da\/wp-json\/wp\/v2\/comments?post=181"}],"version-history":[{"count":0,"href":"http:\/\/bardelconvent.com\/da\/wp-json\/wp\/v2\/pages\/181\/revisions"}],"wp:featuredmedia":[{"embeddable":true,"href":"http:\/\/bardelconvent.com\/da\/wp-json\/wp\/v2\/media\/123"}],"wp:attachment":[{"href":"http:\/\/bardelconvent.com\/da\/wp-json\/wp\/v2\/media?parent=181"}],"curies":[{"name":"wp","href":"https:\/\/api.w.org\/{rel}","templated":true}]}}