{"id":189,"date":"2022-07-08T12:21:20","date_gmt":"2022-07-08T11:21:20","guid":{"rendered":"http:\/\/bardelconvent.com\/paalidelige-tilslutningsapps-til-at-finde-sex\/"},"modified":"2022-07-08T12:21:20","modified_gmt":"2022-07-08T11:21:20","slug":"paalidelige-tilslutningsapps-til-at-finde-sex","status":"publish","type":"page","link":"http:\/\/bardelconvent.com\/da\/paalidelige-tilslutningsapps-til-at-finde-sex\/","title":{"rendered":"P\u00e5lidelige tilslutningsapps til at finde sex"},"content":{"rendered":"<p>Online dating er blevet s\u00e5 almindeligt, at det n\u00e6sten virker som en hverdagsting. Uanset om du leder efter k\u00e6rlighed eller bare nogen at chatte med online, er der masser af muligheder tilg\u00e6ngelige. Du kan m\u00f8de mennesker gennem sociale medier, apps, websteder eller endda lokale begivenheder. Hvis du er interesseret i at m\u00f8de en s\u00e6rlig person, er her nogle tips, der kan hj\u00e6lpe dig med at komme i gang.<\/p>\n<p>Is\u00e6r siden fremkomsten af Tinder og andre lignende apps! Der er mange fordele ved at bruge en app som denne, herunder bekvemmelighed og privatliv. Der er dog ogs\u00e5 risici forbundet med online dating. Du kan st\u00f8de p\u00e5 nogen, der ikke er \u00e6gte, eller som fors\u00f8ger at snyde dig ud af dine penge. Du kan endda blive <a href=\"http:\/\/bardelconvent.com\/da\/sikkerhed-for-online-datingapps\/\">fysisk truet, n\u00e5r du m\u00f8des personligt<\/a>. Hvis du leder efter k\u00e6rlighed, s\u00e5 pr\u00f8v noget andet!<\/p>\n<h2>Sikkerhed f\u00f8rst<\/h2>\n<p>F\u00f8r du m\u00f8der nogen i det virkelige liv, kan du pr\u00f8ve at videochatte med dem online. At chatte online giver dig mulighed for at se, om du kan lide hinanden med det samme. Du kan ogs\u00e5 stille sp\u00f8rgsm\u00e5l om, hvad de kan lide og ikke kan lide, og om de vil m\u00f8des personligt. Hvis de virker t\u00f8vende med at tale med dig, kan det v\u00e6re et r\u00f8dt flag. Giv ikke personlige oplysninger ud, f\u00f8r du har m\u00f8dt hinanden ansigt til ansigt. F\u00f8r du accepterer at m\u00f8des et sted, skal du fort\u00e6lle en ven, hvor du er p\u00e5 vej hen.<\/p>\n<p>Tag et sk\u00e6rmbillede af deres profil, og send det til dine venner. At sende en sms til en ven, mens du er p\u00e5 en date, f\u00f8les m\u00e5ske ikke behageligt, men det giver dig mulighed for at holde din ven informeret. Hvis du forts\u00e6tter din dating forbi det punkt, du forventede, skal du sende en sms til en ven for at fort\u00e6lle dem, hvor du er p\u00e5 vej hen n\u00e6ste gang.<\/p>\n<h2>Undg\u00e5 svindel<\/h2>\n<p>Det er ikke din skyld, hvis nogen fors\u00f8ger at snyde dig online. Du <a href=\"http:\/\/bardelconvent.com\/da\/tegn-paa-at-en-pige-kan-lide-dig-online\/\">skal ikke betale penge for at komme v\u00e6k fra dem<\/a>. Men der er m\u00e5der at beskytte dig selv p\u00e5, mens du bruger en app som Tinder. Vi har samlet en liste over sikkerhedstips nedenfor sammen med et diagram, der sammenligner de sikkerhedsfunktioner, der er tilg\u00e6ngelige p\u00e5 nogle af de mest popul\u00e6re apps i 2019. Se om nogen af disse muligheder hj\u00e6lper dig med at beskytte dig, mens du bruger Tinder.<\/p>\n<h2>Falske profiler<\/h2>\n<p>Falske profiler, bots, og andre svindlere bugner online. Selvom du ikke leder efter k\u00e6rlighed, er der masser af grunde til, at du m\u00e5ske vil holde dig v\u00e6k fra dem. Falske konti kan virke harml\u00f8se i starten, men de kan for\u00e5rsage skade. Hvis nogen fors\u00f8ger at snyde dig, skal du straks rapportere dem. Overvej ogs\u00e5 at bruge en datingapp, der verificerer brugernes identiteter, f\u00f8r du giver dem mulighed for at oprette forbindelse til andre. Du kan ogs\u00e5 tjekke vores tip nedenfor for m\u00e5der at beskytte dig selv p\u00e5, n\u00e5r du m\u00f8der folk online.<\/p>\n<h2>Chat med din date, f\u00f8r du m\u00f8des<\/h2>\n<p>Det er vigtigt at tale med din potentielle date, f\u00f8r du m\u00f8des. Hvis du ikke er sikker p\u00e5, om han eller hun er den rigtige for dig, s\u00e5 skal du se, om der er noget ved ham eller hende, der ikke sidder godt hos dig. Du b\u00f8r ogs\u00e5 sp\u00f8rge dig selv, om du stoler nok p\u00e5 ham eller hende til at fort\u00e6lle dem noget, der kan afskr\u00e6kke dem. N\u00e5r I m\u00f8des ansigt til ansigt, vil I v\u00e6re i stand til at bed\u00f8mme hinandens personligheder og beslutte, om I kan lide hinanden. Del dog ikke for mange detaljer om dig selv i starten. Du \u00f8nsker ikke at give v\u00e6k nogen oplysninger om dig selv, der kan f\u00e5 dig til at virke uprofessionel eller up\u00e5lidelig.<\/p>\n","protected":false},"excerpt":{"rendered":"<p>Online dating er blevet s\u00e5 almindeligt, at det n\u00e6sten virker som en hverdagsting. Uanset om du leder efter k\u00e6rlighed eller bare nogen at <\/p>\n","protected":false},"author":1,"featured_media":0,"parent":0,"menu_order":0,"comment_status":"closed","ping_status":"closed","template":"","meta":[],"yoast_head":"<!-- This site is optimized with the Yoast SEO plugin v19.2 - https:\/\/yoast.com\/wordpress\/plugins\/seo\/ -->\n<title>P\u00e5lidelige tilslutningsapps til at finde sex - Tilslutning k\u00e6rlighed<\/title>\n<meta name=\"robots\" content=\"index, follow, max-snippet:-1, max-image-preview:large, max-video-preview:-1\" \/>\n<link rel=\"canonical\" href=\"http:\/\/bardelconvent.com\/da\/paalidelige-tilslutningsapps-til-at-finde-sex\/\" \/>\n<meta property=\"og:locale\" content=\"da_DK\" \/>\n<meta property=\"og:type\" content=\"article\" \/>\n<meta property=\"og:title\" content=\"P\u00e5lidelige tilslutningsapps til at finde sex - Tilslutning k\u00e6rlighed\" \/>\n<meta property=\"og:description\" content=\"Online dating er blevet s\u00e5 almindeligt, at det n\u00e6sten virker som en hverdagsting. Uanset om du leder efter k\u00e6rlighed eller bare nogen at\" \/>\n<meta property=\"og:url\" content=\"http:\/\/bardelconvent.com\/da\/paalidelige-tilslutningsapps-til-at-finde-sex\/\" \/>\n<meta property=\"og:site_name\" content=\"Tilslutning k\u00e6rlighed\" \/>\n<meta name=\"author\" content=\"Dating Expert\" \/>\n<meta name=\"twitter:card\" content=\"summary_large_image\" \/>\n<meta name=\"twitter:label1\" content=\"Estimeret l\u00e6setid\" \/>\n\t<meta name=\"twitter:data1\" content=\"3 minutter\" \/>\n<script type=\"application\/ld+json\" class=\"yoast-schema-graph\">{\"@context\":\"https:\/\/schema.org\",\"@graph\":[{\"@type\":\"WebSite\",\"@id\":\"http:\/\/bardelconvent.com\/de\/#website\",\"url\":\"http:\/\/bardelconvent.com\/de\/\",\"name\":\"Tilslutning k\u00e6rlighed\",\"description\":\"Dating &amp; Forhold\",\"potentialAction\":[{\"@type\":\"SearchAction\",\"target\":{\"@type\":\"EntryPoint\",\"urlTemplate\":\"http:\/\/bardelconvent.com\/de\/?s={search_term_string}\"},\"query-input\":\"required name=search_term_string\"}],\"inLanguage\":\"da-DK\"},{\"@type\":\"WebPage\",\"@id\":\"http:\/\/bardelconvent.com\/da\/paalidelige-tilslutningsapps-til-at-finde-sex\/#webpage\",\"url\":\"http:\/\/bardelconvent.com\/da\/paalidelige-tilslutningsapps-til-at-finde-sex\/\",\"name\":\"P\u00e5lidelige tilslutningsapps til at finde sex - Tilslutning k\u00e6rlighed\",\"isPartOf\":{\"@id\":\"http:\/\/bardelconvent.com\/de\/#website\"},\"datePublished\":\"2022-07-08T11:21:20+00:00\",\"dateModified\":\"2022-07-08T11:21:20+00:00\",\"breadcrumb\":{\"@id\":\"http:\/\/bardelconvent.com\/da\/paalidelige-tilslutningsapps-til-at-finde-sex\/#breadcrumb\"},\"inLanguage\":\"da-DK\",\"potentialAction\":[{\"@type\":\"ReadAction\",\"target\":[\"http:\/\/bardelconvent.com\/da\/paalidelige-tilslutningsapps-til-at-finde-sex\/\"]}]},{\"@type\":\"BreadcrumbList\",\"@id\":\"http:\/\/bardelconvent.com\/da\/paalidelige-tilslutningsapps-til-at-finde-sex\/#breadcrumb\",\"itemListElement\":[{\"@type\":\"ListItem\",\"position\":1,\"name\":\"Hjem\",\"item\":\"https:\/\/bardelconvent.com\/da\/\"},{\"@type\":\"ListItem\",\"position\":2,\"name\":\"P\u00e5lidelige tilslutningsapps til at finde sex\"}]}]}<\/script>\n<!-- \/ Yoast SEO plugin. -->","yoast_head_json":{"title":"P\u00e5lidelige tilslutningsapps til at finde sex - Tilslutning k\u00e6rlighed","robots":{"index":"index","follow":"follow","max-snippet":"max-snippet:-1","max-image-preview":"max-image-preview:large","max-video-preview":"max-video-preview:-1"},"canonical":"http:\/\/bardelconvent.com\/da\/paalidelige-tilslutningsapps-til-at-finde-sex\/","og_locale":"da_DK","og_type":"article","og_title":"P\u00e5lidelige tilslutningsapps til at finde sex - Tilslutning k\u00e6rlighed","og_description":"Online dating er blevet s\u00e5 almindeligt, at det n\u00e6sten virker som en hverdagsting. Uanset om du leder efter k\u00e6rlighed eller bare nogen at","og_url":"http:\/\/bardelconvent.com\/da\/paalidelige-tilslutningsapps-til-at-finde-sex\/","og_site_name":"Tilslutning k\u00e6rlighed","author":"Dating Expert","twitter_card":"summary_large_image","twitter_misc":{"Estimeret l\u00e6setid":"3 minutter"},"schema":{"@context":"https:\/\/schema.org","@graph":[{"@type":"WebSite","@id":"http:\/\/bardelconvent.com\/de\/#website","url":"http:\/\/bardelconvent.com\/de\/","name":"Tilslutning k\u00e6rlighed","description":"Dating &amp; Forhold","potentialAction":[{"@type":"SearchAction","target":{"@type":"EntryPoint","urlTemplate":"http:\/\/bardelconvent.com\/de\/?s={search_term_string}"},"query-input":"required name=search_term_string"}],"inLanguage":"da-DK"},{"@type":"WebPage","@id":"http:\/\/bardelconvent.com\/da\/paalidelige-tilslutningsapps-til-at-finde-sex\/#webpage","url":"http:\/\/bardelconvent.com\/da\/paalidelige-tilslutningsapps-til-at-finde-sex\/","name":"P\u00e5lidelige tilslutningsapps til at finde sex - Tilslutning k\u00e6rlighed","isPartOf":{"@id":"http:\/\/bardelconvent.com\/de\/#website"},"datePublished":"2022-07-08T11:21:20+00:00","dateModified":"2022-07-08T11:21:20+00:00","breadcrumb":{"@id":"http:\/\/bardelconvent.com\/da\/paalidelige-tilslutningsapps-til-at-finde-sex\/#breadcrumb"},"inLanguage":"da-DK","potentialAction":[{"@type":"ReadAction","target":["http:\/\/bardelconvent.com\/da\/paalidelige-tilslutningsapps-til-at-finde-sex\/"]}]},{"@type":"BreadcrumbList","@id":"http:\/\/bardelconvent.com\/da\/paalidelige-tilslutningsapps-til-at-finde-sex\/#breadcrumb","itemListElement":[{"@type":"ListItem","position":1,"name":"Hjem","item":"https:\/\/bardelconvent.com\/da\/"},{"@type":"ListItem","position":2,"name":"P\u00e5lidelige tilslutningsapps til at finde sex"}]}]}},"_links":{"self":[{"href":"http:\/\/bardelconvent.com\/da\/wp-json\/wp\/v2\/pages\/189"}],"collection":[{"href":"http:\/\/bardelconvent.com\/da\/wp-json\/wp\/v2\/pages"}],"about":[{"href":"http:\/\/bardelconvent.com\/da\/wp-json\/wp\/v2\/types\/page"}],"author":[{"embeddable":true,"href":"http:\/\/bardelconvent.com\/da\/wp-json\/wp\/v2\/users\/1"}],"replies":[{"embeddable":true,"href":"http:\/\/bardelconvent.com\/da\/wp-json\/wp\/v2\/comments?post=189"}],"version-history":[{"count":0,"href":"http:\/\/bardelconvent.com\/da\/wp-json\/wp\/v2\/pages\/189\/revisions"}],"wp:attachment":[{"href":"http:\/\/bardelconvent.com\/da\/wp-json\/wp\/v2\/media?parent=189"}],"curies":[{"name":"wp","href":"https:\/\/api.w.org\/{rel}","templated":true}]}}