{"id":218,"date":"2022-07-08T11:59:57","date_gmt":"2022-07-08T10:59:57","guid":{"rendered":"http:\/\/bardelconvent.com\/hvorfor-online-dating-apps-kunne-fungere-for-dig\/"},"modified":"2022-07-08T11:59:57","modified_gmt":"2022-07-08T10:59:57","slug":"hvorfor-online-dating-apps-kunne-fungere-for-dig","status":"publish","type":"page","link":"http:\/\/bardelconvent.com\/da\/hvorfor-online-dating-apps-kunne-fungere-for-dig\/","title":{"rendered":"Hvorfor online dating apps kunne fungere for dig"},"content":{"rendered":"<p>Internettet giver os mulighed for at oprette forbindelse til mennesker over hele kloden. Det giver os mulighed for at n\u00e5 ud til mennesker, vi normalt ikke ville interagere med. Vi kan kommunikere med dem ansigt til ansigt, dele vores tanker og f\u00f8lelser og endda blive forelskede. N\u00e5r vi stoler p\u00e5 vores sociale kredse, er vores muligheder ret begr\u00e6nsede. Men hvis vi udnytter internettet til vores fordel, kan vi f\u00e5 fantastiske oplevelser, som vi ikke kunne have forestillet os f\u00f8r.<\/p>\n<p>N\u00e5r du leder efter en lokal tilslutning, skal du altid g\u00e5 ud p\u00e5 en offentlig date og undg\u00e5 at m\u00f8de dem i private omgivelser. Hvis du m\u00f8der nogen p\u00e5 en restaurant, bar eller et andet sted med masser af mennesker omkring, s\u00e5 bliver det lettere at f\u00e5 \u00f8je p\u00e5, hvis de fors\u00f8ger at snyde. S\u00f8rg for, at alle kender til dine planer, f\u00f8r du rejser. Hold ogs\u00e5 din telefon t\u00e6ndt og beskyttet, mens du er ude p\u00e5 datoen. Du ved aldrig, hvorn\u00e5r noget kan ske, og du skal v\u00e6re sikker.<\/p>\n<h2>Hvad du skal l\u00e6re om datingapps<\/h2>\n<p>Du l\u00e6rer meget om dig selv og din <a href=\"http:\/\/bardelconvent.com\/da\/paalidelige-tilslutningsapps-til-at-finde-sex\/\">egen personlighed<\/a> , n\u00e5r du slutter dig til den moderne datingscene. Datingapps som Tinder og Bumble vokser i popularitet hver dag. Disse apps giver dig mulighed for at oprette forbindelse til andre singler i n\u00e6rheden og endda blive matchet med kompatible partnere. Der er mange forskellige typer medlemskaber tilg\u00e6ngelige, herunder gratis, betalt, premium og guld. Guldmedlemskaber giver brugerne adgang til eksklusive funktioner, s\u00e5som ubegr\u00e6nset swipes, ubegr\u00e6nsede kampe og s\u00e6rlige rabatter.<\/p>\n<p>Du kan ogs\u00e5 bruge s\u00f8gefunktionen til at finde personer, der ligner dig selv. Du kan derefter m\u00f8de dem og udveksle beskeder. Der er stor sandsynlighed for, at du finder nogen, der \u00f8nsker at tilbringe tid sammen med dig.<\/p>\n<h3>Bumble &#8211; Et af de hotteste valg<\/h3>\n<p>Bumble blev designet til at hj\u00e6lpe kvinder med at tage det f\u00f8rste skridt. Det er en <a href=\"http:\/\/bardelconvent.com\/da\/virker-blind-dating\/\">app til kvinder,<\/a> der \u00f8nsker at blive lagt. Du kan gennemse profiler af enlige m\u00e6nd og v\u00e6lge din favorit. Hvis du kan lide det, du ser, skal du sende dem en besked. Hvis de reagerer positivt, kan du starte en samtale. Derefter bliver du n\u00f8dt til at vente, indtil din mand sender dig et blink. Hvis han g\u00f8r det, s\u00e5 er du klar til at g\u00e5!<\/p>\n<h2>Hvad skal man g\u00f8re n\u00e6ste?<\/h2>\n<p>Hvis du ikke er sikker p\u00e5, om nogen er interesseret i dig, kan du pr\u00f8ve at sp\u00f8rge dem ud p\u00e5 en date. Du f\u00e5r en bedre id\u00e9 om, hvilken slags person de er, og om du gerne vil se dem igen. Hvis du allerede er venner, s\u00e5 sp\u00f8rg dem om deres interesser og hobbyer. M\u00e5ske kunne I endda tage p\u00e5 dobbeltdate sammen!<\/p>\n","protected":false},"excerpt":{"rendered":"<p>Internettet giver os mulighed for at oprette forbindelse til mennesker over hele kloden. Det giver os mulighed for at n\u00e5 ud til mennesker, <\/p>\n","protected":false},"author":1,"featured_media":103,"parent":0,"menu_order":0,"comment_status":"closed","ping_status":"closed","template":"","meta":[],"yoast_head":"<!-- This site is optimized with the Yoast SEO plugin v19.2 - https:\/\/yoast.com\/wordpress\/plugins\/seo\/ -->\n<title>Hvorfor online dating apps kunne fungere for dig - Tilslutning k\u00e6rlighed<\/title>\n<meta name=\"robots\" content=\"index, follow, max-snippet:-1, max-image-preview:large, max-video-preview:-1\" \/>\n<link rel=\"canonical\" href=\"http:\/\/bardelconvent.com\/da\/hvorfor-online-dating-apps-kunne-fungere-for-dig\/\" \/>\n<meta property=\"og:locale\" content=\"da_DK\" \/>\n<meta property=\"og:type\" content=\"article\" \/>\n<meta property=\"og:title\" content=\"Hvorfor online dating apps kunne fungere for dig - Tilslutning k\u00e6rlighed\" \/>\n<meta property=\"og:description\" content=\"Internettet giver os mulighed for at oprette forbindelse til mennesker over hele kloden. Det giver os mulighed for at n\u00e5 ud til mennesker,\" \/>\n<meta property=\"og:url\" content=\"http:\/\/bardelconvent.com\/da\/hvorfor-online-dating-apps-kunne-fungere-for-dig\/\" \/>\n<meta property=\"og:site_name\" content=\"Tilslutning k\u00e6rlighed\" \/>\n<meta property=\"og:image\" content=\"http:\/\/bardelconvent.com\/wp-content\/uploads\/2022\/07\/casual-chat-rooms.jpeg\" \/>\n\t<meta property=\"og:image:width\" content=\"2248\" \/>\n\t<meta property=\"og:image:height\" content=\"1500\" \/>\n\t<meta property=\"og:image:type\" content=\"image\/jpeg\" \/>\n<meta name=\"author\" content=\"Dating Expert\" \/>\n<meta name=\"twitter:card\" content=\"summary_large_image\" \/>\n<meta name=\"twitter:label1\" content=\"Estimeret l\u00e6setid\" \/>\n\t<meta name=\"twitter:data1\" content=\"2 minutter\" \/>\n<script type=\"application\/ld+json\" class=\"yoast-schema-graph\">{\"@context\":\"https:\/\/schema.org\",\"@graph\":[{\"@type\":\"WebSite\",\"@id\":\"http:\/\/bardelconvent.com\/de\/#website\",\"url\":\"http:\/\/bardelconvent.com\/de\/\",\"name\":\"Tilslutning k\u00e6rlighed\",\"description\":\"Dating &amp; Forhold\",\"potentialAction\":[{\"@type\":\"SearchAction\",\"target\":{\"@type\":\"EntryPoint\",\"urlTemplate\":\"http:\/\/bardelconvent.com\/de\/?s={search_term_string}\"},\"query-input\":\"required name=search_term_string\"}],\"inLanguage\":\"da-DK\"},{\"@type\":\"ImageObject\",\"inLanguage\":\"da-DK\",\"@id\":\"http:\/\/bardelconvent.com\/da\/hvorfor-online-dating-apps-kunne-fungere-for-dig\/#primaryimage\",\"url\":\"http:\/\/bardelconvent.com\/wp-content\/uploads\/2022\/07\/casual-chat-rooms.jpeg\",\"contentUrl\":\"http:\/\/bardelconvent.com\/wp-content\/uploads\/2022\/07\/casual-chat-rooms.jpeg\",\"width\":2248,\"height\":1500},{\"@type\":\"WebPage\",\"@id\":\"http:\/\/bardelconvent.com\/da\/hvorfor-online-dating-apps-kunne-fungere-for-dig\/#webpage\",\"url\":\"http:\/\/bardelconvent.com\/da\/hvorfor-online-dating-apps-kunne-fungere-for-dig\/\",\"name\":\"Hvorfor online dating apps kunne fungere for dig - Tilslutning k\u00e6rlighed\",\"isPartOf\":{\"@id\":\"http:\/\/bardelconvent.com\/de\/#website\"},\"primaryImageOfPage\":{\"@id\":\"http:\/\/bardelconvent.com\/da\/hvorfor-online-dating-apps-kunne-fungere-for-dig\/#primaryimage\"},\"datePublished\":\"2022-07-08T10:59:57+00:00\",\"dateModified\":\"2022-07-08T10:59:57+00:00\",\"breadcrumb\":{\"@id\":\"http:\/\/bardelconvent.com\/da\/hvorfor-online-dating-apps-kunne-fungere-for-dig\/#breadcrumb\"},\"inLanguage\":\"da-DK\",\"potentialAction\":[{\"@type\":\"ReadAction\",\"target\":[\"http:\/\/bardelconvent.com\/da\/hvorfor-online-dating-apps-kunne-fungere-for-dig\/\"]}]},{\"@type\":\"BreadcrumbList\",\"@id\":\"http:\/\/bardelconvent.com\/da\/hvorfor-online-dating-apps-kunne-fungere-for-dig\/#breadcrumb\",\"itemListElement\":[{\"@type\":\"ListItem\",\"position\":1,\"name\":\"Hjem\",\"item\":\"https:\/\/bardelconvent.com\/da\/\"},{\"@type\":\"ListItem\",\"position\":2,\"name\":\"Hvorfor online dating apps kunne fungere for dig\"}]}]}<\/script>\n<!-- \/ Yoast SEO plugin. -->","yoast_head_json":{"title":"Hvorfor online dating apps kunne fungere for dig - Tilslutning k\u00e6rlighed","robots":{"index":"index","follow":"follow","max-snippet":"max-snippet:-1","max-image-preview":"max-image-preview:large","max-video-preview":"max-video-preview:-1"},"canonical":"http:\/\/bardelconvent.com\/da\/hvorfor-online-dating-apps-kunne-fungere-for-dig\/","og_locale":"da_DK","og_type":"article","og_title":"Hvorfor online dating apps kunne fungere for dig - Tilslutning k\u00e6rlighed","og_description":"Internettet giver os mulighed for at oprette forbindelse til mennesker over hele kloden. Det giver os mulighed for at n\u00e5 ud til mennesker,","og_url":"http:\/\/bardelconvent.com\/da\/hvorfor-online-dating-apps-kunne-fungere-for-dig\/","og_site_name":"Tilslutning k\u00e6rlighed","og_image":[{"width":2248,"height":1500,"url":"http:\/\/bardelconvent.com\/wp-content\/uploads\/2022\/07\/casual-chat-rooms.jpeg","type":"image\/jpeg"}],"author":"Dating Expert","twitter_card":"summary_large_image","twitter_misc":{"Estimeret l\u00e6setid":"2 minutter"},"schema":{"@context":"https:\/\/schema.org","@graph":[{"@type":"WebSite","@id":"http:\/\/bardelconvent.com\/de\/#website","url":"http:\/\/bardelconvent.com\/de\/","name":"Tilslutning k\u00e6rlighed","description":"Dating &amp; Forhold","potentialAction":[{"@type":"SearchAction","target":{"@type":"EntryPoint","urlTemplate":"http:\/\/bardelconvent.com\/de\/?s={search_term_string}"},"query-input":"required name=search_term_string"}],"inLanguage":"da-DK"},{"@type":"ImageObject","inLanguage":"da-DK","@id":"http:\/\/bardelconvent.com\/da\/hvorfor-online-dating-apps-kunne-fungere-for-dig\/#primaryimage","url":"http:\/\/bardelconvent.com\/wp-content\/uploads\/2022\/07\/casual-chat-rooms.jpeg","contentUrl":"http:\/\/bardelconvent.com\/wp-content\/uploads\/2022\/07\/casual-chat-rooms.jpeg","width":2248,"height":1500},{"@type":"WebPage","@id":"http:\/\/bardelconvent.com\/da\/hvorfor-online-dating-apps-kunne-fungere-for-dig\/#webpage","url":"http:\/\/bardelconvent.com\/da\/hvorfor-online-dating-apps-kunne-fungere-for-dig\/","name":"Hvorfor online dating apps kunne fungere for dig - Tilslutning k\u00e6rlighed","isPartOf":{"@id":"http:\/\/bardelconvent.com\/de\/#website"},"primaryImageOfPage":{"@id":"http:\/\/bardelconvent.com\/da\/hvorfor-online-dating-apps-kunne-fungere-for-dig\/#primaryimage"},"datePublished":"2022-07-08T10:59:57+00:00","dateModified":"2022-07-08T10:59:57+00:00","breadcrumb":{"@id":"http:\/\/bardelconvent.com\/da\/hvorfor-online-dating-apps-kunne-fungere-for-dig\/#breadcrumb"},"inLanguage":"da-DK","potentialAction":[{"@type":"ReadAction","target":["http:\/\/bardelconvent.com\/da\/hvorfor-online-dating-apps-kunne-fungere-for-dig\/"]}]},{"@type":"BreadcrumbList","@id":"http:\/\/bardelconvent.com\/da\/hvorfor-online-dating-apps-kunne-fungere-for-dig\/#breadcrumb","itemListElement":[{"@type":"ListItem","position":1,"name":"Hjem","item":"https:\/\/bardelconvent.com\/da\/"},{"@type":"ListItem","position":2,"name":"Hvorfor online dating apps kunne fungere for dig"}]}]}},"_links":{"self":[{"href":"http:\/\/bardelconvent.com\/da\/wp-json\/wp\/v2\/pages\/218"}],"collection":[{"href":"http:\/\/bardelconvent.com\/da\/wp-json\/wp\/v2\/pages"}],"about":[{"href":"http:\/\/bardelconvent.com\/da\/wp-json\/wp\/v2\/types\/page"}],"author":[{"embeddable":true,"href":"http:\/\/bardelconvent.com\/da\/wp-json\/wp\/v2\/users\/1"}],"replies":[{"embeddable":true,"href":"http:\/\/bardelconvent.com\/da\/wp-json\/wp\/v2\/comments?post=218"}],"version-history":[{"count":0,"href":"http:\/\/bardelconvent.com\/da\/wp-json\/wp\/v2\/pages\/218\/revisions"}],"wp:featuredmedia":[{"embeddable":true,"href":"http:\/\/bardelconvent.com\/da\/wp-json\/wp\/v2\/media\/103"}],"wp:attachment":[{"href":"http:\/\/bardelconvent.com\/da\/wp-json\/wp\/v2\/media?parent=218"}],"curies":[{"name":"wp","href":"https:\/\/api.w.org\/{rel}","templated":true}]}}