{"id":219,"date":"2022-07-08T12:05:25","date_gmt":"2022-07-08T11:05:25","guid":{"rendered":"http:\/\/bardelconvent.com\/gratis-sex-chat-websites\/"},"modified":"2022-07-08T12:05:25","modified_gmt":"2022-07-08T11:05:25","slug":"gratis-sex-chat-websites","status":"publish","type":"page","link":"http:\/\/bardelconvent.com\/da\/gratis-sex-chat-websites\/","title":{"rendered":"Gratis Sex Chat Websites"},"content":{"rendered":"<p>De fleste mennesker vil fort\u00e6lle dig at g\u00e5 bar hopping eller bruge lokale tilslutningsapps. Men disse muligheder er ikke s\u00e6rlig effektive. Du kan bruge en masse penge og tid p\u00e5 at g\u00e5 ud hver aften, eller du kan bare bruge et af de mange lokale tilslutningswebsteder, der er tilg\u00e6ngelige i dag. Disse sider tilbyder de samme funktioner som andre datingsider, men de har ogs\u00e5 tusindvis af medlemmer, der leder efter sjov. S\u00e5 stop med at bruge subpar websteder og pr\u00f8v en af disse tjenester!<\/p>\n<p>Det ser ud til, at det st\u00f8rste problem med <a href=\"http:\/\/bardelconvent.com\/da\/hvorfor-online-dating-apps-kunne-fungere-for-dig\/\">online datingsider<\/a> er, at de ikke er s\u00e6rlig effektive. Du kan se hvorfor \u2013 de tilbyder en masse muligheder, men ogs\u00e5 en masse problemer.<\/p>\n<ul>\n<li>F\u00f8rst og fremmest betyder det faktum, at du ikke kan se, hvad andre brugere laver p\u00e5 webstedet, at du aldrig vil vide, om en anden er interesseret i dig.<\/li>\n<li>For det andet, hvis du skal m\u00f8de mennesker i det virkelige liv, skal du v\u00e6re opm\u00e6rksom p\u00e5 deres udseende og adf\u00e6rd, ellers kan du blive skuffet, n\u00e5r du rent faktisk m\u00f8der dem.<\/li>\n<li>For det tredje <a href=\"http:\/\/bardelconvent.com\/da\/virker-blind-dating\/\">er online datingsider ofte fulde af falske profiler<\/a>. Hvis du skal m\u00f8de en pige via en online platform, skal du kontrollere hendes profil omhyggeligt, f\u00f8r du giver hende dit telefonnummer. Endelig er mange online datingsider bare svindel. De lover meget, men leverer intet. S\u00e5 for at opsummere er online dating en god id\u00e9, men ikke en perfekt.<\/li>\n<\/ul>\n<h2>Sex Chatrum<\/h2>\n<p>Sexchatsider er websteder, hvor folk m\u00f8der hinanden online for at diskutere seksuelle emner. Der er mange forskellige typer sexchatsider, herunder nichesider som BBW eller BDSM. Nogle af disse websteder giver medlemmer mulighed for at uploade billeder og videoer af sig selv, mens andre kr\u00e6ver, at brugerne sender beskeder via tekst- eller instant messaging-programmer.<\/p>\n<ul>\n<li>Mange sexchatsider tilbyder live videochats, som giver medlemmerne mulighed for at se hinanden p\u00e5 webcam.<\/li>\n<li>Sexchatsider er et glimrende sted at m\u00f8de nye mennesker.<\/li>\n<li>Godt valg til tilslutning<\/li>\n<\/ul>\n<p>Leder du efter noget sjovt i aften? Er du tr\u00e6t af at v\u00e6re alene? S\u00e5 hvorfor ikke pr\u00f8ve sexchatrum, hvor du kan m\u00f8de nye mennesker fra hele verden! Vi er sikre p\u00e5, at du vil finde nogen speciel her.<\/p>\n<p>Disse apps har tusindvis af medlemmer fra hele verden, herunder USA, Storbritannien, Canada, Australien, New Zealand, Europa, Asien og Afrika. S\u00e5 hvis du leder efter et sted at oprette forbindelse til andre, s\u00e5 kom og v\u00e6r med nu.<\/p>\n<p>Der er mange fordele ved at bruge dette websted. F\u00f8rst og fremmest er det helt gratis, s\u00e5 der er intet at tabe. For det andet kan du v\u00e6lge, om du vil bruge et webcam eller bare tekstbaserede chats. Hvis du foretr\u00e6kker at bruge et webcam, kan du g\u00f8re det ved blot at klikke p\u00e5 knappen &#8220;videochat&#8221;. Dette \u00e5bner et vindue, hvor du kan se din partner live. Du kan tale med dem, stille dem sp\u00f8rgsm\u00e5l og endda dele billeder med dem.<\/p>\n<p>S\u00e5 hvad venter du p\u00e5? Tilmeld dig nu, og begynd at m\u00f8de nye venner!<\/p>\n","protected":false},"excerpt":{"rendered":"<p>De fleste mennesker vil fort\u00e6lle dig at g\u00e5 bar hopping eller bruge lokale tilslutningsapps. Men disse muligheder er ikke s\u00e6rlig effektive. Du kan <\/p>\n","protected":false},"author":1,"featured_media":113,"parent":0,"menu_order":0,"comment_status":"closed","ping_status":"closed","template":"","meta":[],"yoast_head":"<!-- This site is optimized with the Yoast SEO plugin v19.2 - https:\/\/yoast.com\/wordpress\/plugins\/seo\/ -->\n<title>Gratis Sex Chat Websites - Tilslutning k\u00e6rlighed<\/title>\n<meta name=\"robots\" content=\"index, follow, max-snippet:-1, max-image-preview:large, max-video-preview:-1\" \/>\n<link rel=\"canonical\" href=\"http:\/\/bardelconvent.com\/da\/gratis-sex-chat-websites\/\" \/>\n<meta property=\"og:locale\" content=\"da_DK\" \/>\n<meta property=\"og:type\" content=\"article\" \/>\n<meta property=\"og:title\" content=\"Gratis Sex Chat Websites - Tilslutning k\u00e6rlighed\" \/>\n<meta property=\"og:description\" content=\"De fleste mennesker vil fort\u00e6lle dig at g\u00e5 bar hopping eller bruge lokale tilslutningsapps. Men disse muligheder er ikke s\u00e6rlig effektive. Du kan\" \/>\n<meta property=\"og:url\" content=\"http:\/\/bardelconvent.com\/da\/gratis-sex-chat-websites\/\" \/>\n<meta property=\"og:site_name\" content=\"Tilslutning k\u00e6rlighed\" \/>\n<meta property=\"og:image\" content=\"http:\/\/bardelconvent.com\/wp-content\/uploads\/2022\/07\/join-now.jpeg\" \/>\n\t<meta property=\"og:image:width\" content=\"2250\" \/>\n\t<meta property=\"og:image:height\" content=\"1500\" \/>\n\t<meta property=\"og:image:type\" content=\"image\/jpeg\" \/>\n<meta name=\"author\" content=\"Dating Expert\" \/>\n<meta name=\"twitter:card\" content=\"summary_large_image\" \/>\n<meta name=\"twitter:label1\" content=\"Estimeret l\u00e6setid\" \/>\n\t<meta name=\"twitter:data1\" content=\"3 minutter\" \/>\n<script type=\"application\/ld+json\" class=\"yoast-schema-graph\">{\"@context\":\"https:\/\/schema.org\",\"@graph\":[{\"@type\":\"WebSite\",\"@id\":\"http:\/\/bardelconvent.com\/de\/#website\",\"url\":\"http:\/\/bardelconvent.com\/de\/\",\"name\":\"Tilslutning k\u00e6rlighed\",\"description\":\"Dating &amp; Forhold\",\"potentialAction\":[{\"@type\":\"SearchAction\",\"target\":{\"@type\":\"EntryPoint\",\"urlTemplate\":\"http:\/\/bardelconvent.com\/de\/?s={search_term_string}\"},\"query-input\":\"required name=search_term_string\"}],\"inLanguage\":\"da-DK\"},{\"@type\":\"ImageObject\",\"inLanguage\":\"da-DK\",\"@id\":\"http:\/\/bardelconvent.com\/da\/gratis-sex-chat-websites\/#primaryimage\",\"url\":\"http:\/\/bardelconvent.com\/wp-content\/uploads\/2022\/07\/join-now.jpeg\",\"contentUrl\":\"http:\/\/bardelconvent.com\/wp-content\/uploads\/2022\/07\/join-now.jpeg\",\"width\":2250,\"height\":1500},{\"@type\":\"WebPage\",\"@id\":\"http:\/\/bardelconvent.com\/da\/gratis-sex-chat-websites\/#webpage\",\"url\":\"http:\/\/bardelconvent.com\/da\/gratis-sex-chat-websites\/\",\"name\":\"Gratis Sex Chat Websites - Tilslutning k\u00e6rlighed\",\"isPartOf\":{\"@id\":\"http:\/\/bardelconvent.com\/de\/#website\"},\"primaryImageOfPage\":{\"@id\":\"http:\/\/bardelconvent.com\/da\/gratis-sex-chat-websites\/#primaryimage\"},\"datePublished\":\"2022-07-08T11:05:25+00:00\",\"dateModified\":\"2022-07-08T11:05:25+00:00\",\"breadcrumb\":{\"@id\":\"http:\/\/bardelconvent.com\/da\/gratis-sex-chat-websites\/#breadcrumb\"},\"inLanguage\":\"da-DK\",\"potentialAction\":[{\"@type\":\"ReadAction\",\"target\":[\"http:\/\/bardelconvent.com\/da\/gratis-sex-chat-websites\/\"]}]},{\"@type\":\"BreadcrumbList\",\"@id\":\"http:\/\/bardelconvent.com\/da\/gratis-sex-chat-websites\/#breadcrumb\",\"itemListElement\":[{\"@type\":\"ListItem\",\"position\":1,\"name\":\"Hjem\",\"item\":\"https:\/\/bardelconvent.com\/da\/\"},{\"@type\":\"ListItem\",\"position\":2,\"name\":\"Gratis Sex Chat Websites\"}]}]}<\/script>\n<!-- \/ Yoast SEO plugin. -->","yoast_head_json":{"title":"Gratis Sex Chat Websites - Tilslutning k\u00e6rlighed","robots":{"index":"index","follow":"follow","max-snippet":"max-snippet:-1","max-image-preview":"max-image-preview:large","max-video-preview":"max-video-preview:-1"},"canonical":"http:\/\/bardelconvent.com\/da\/gratis-sex-chat-websites\/","og_locale":"da_DK","og_type":"article","og_title":"Gratis Sex Chat Websites - Tilslutning k\u00e6rlighed","og_description":"De fleste mennesker vil fort\u00e6lle dig at g\u00e5 bar hopping eller bruge lokale tilslutningsapps. Men disse muligheder er ikke s\u00e6rlig effektive. Du kan","og_url":"http:\/\/bardelconvent.com\/da\/gratis-sex-chat-websites\/","og_site_name":"Tilslutning k\u00e6rlighed","og_image":[{"width":2250,"height":1500,"url":"http:\/\/bardelconvent.com\/wp-content\/uploads\/2022\/07\/join-now.jpeg","type":"image\/jpeg"}],"author":"Dating Expert","twitter_card":"summary_large_image","twitter_misc":{"Estimeret l\u00e6setid":"3 minutter"},"schema":{"@context":"https:\/\/schema.org","@graph":[{"@type":"WebSite","@id":"http:\/\/bardelconvent.com\/de\/#website","url":"http:\/\/bardelconvent.com\/de\/","name":"Tilslutning k\u00e6rlighed","description":"Dating &amp; Forhold","potentialAction":[{"@type":"SearchAction","target":{"@type":"EntryPoint","urlTemplate":"http:\/\/bardelconvent.com\/de\/?s={search_term_string}"},"query-input":"required name=search_term_string"}],"inLanguage":"da-DK"},{"@type":"ImageObject","inLanguage":"da-DK","@id":"http:\/\/bardelconvent.com\/da\/gratis-sex-chat-websites\/#primaryimage","url":"http:\/\/bardelconvent.com\/wp-content\/uploads\/2022\/07\/join-now.jpeg","contentUrl":"http:\/\/bardelconvent.com\/wp-content\/uploads\/2022\/07\/join-now.jpeg","width":2250,"height":1500},{"@type":"WebPage","@id":"http:\/\/bardelconvent.com\/da\/gratis-sex-chat-websites\/#webpage","url":"http:\/\/bardelconvent.com\/da\/gratis-sex-chat-websites\/","name":"Gratis Sex Chat Websites - Tilslutning k\u00e6rlighed","isPartOf":{"@id":"http:\/\/bardelconvent.com\/de\/#website"},"primaryImageOfPage":{"@id":"http:\/\/bardelconvent.com\/da\/gratis-sex-chat-websites\/#primaryimage"},"datePublished":"2022-07-08T11:05:25+00:00","dateModified":"2022-07-08T11:05:25+00:00","breadcrumb":{"@id":"http:\/\/bardelconvent.com\/da\/gratis-sex-chat-websites\/#breadcrumb"},"inLanguage":"da-DK","potentialAction":[{"@type":"ReadAction","target":["http:\/\/bardelconvent.com\/da\/gratis-sex-chat-websites\/"]}]},{"@type":"BreadcrumbList","@id":"http:\/\/bardelconvent.com\/da\/gratis-sex-chat-websites\/#breadcrumb","itemListElement":[{"@type":"ListItem","position":1,"name":"Hjem","item":"https:\/\/bardelconvent.com\/da\/"},{"@type":"ListItem","position":2,"name":"Gratis Sex Chat Websites"}]}]}},"_links":{"self":[{"href":"http:\/\/bardelconvent.com\/da\/wp-json\/wp\/v2\/pages\/219"}],"collection":[{"href":"http:\/\/bardelconvent.com\/da\/wp-json\/wp\/v2\/pages"}],"about":[{"href":"http:\/\/bardelconvent.com\/da\/wp-json\/wp\/v2\/types\/page"}],"author":[{"embeddable":true,"href":"http:\/\/bardelconvent.com\/da\/wp-json\/wp\/v2\/users\/1"}],"replies":[{"embeddable":true,"href":"http:\/\/bardelconvent.com\/da\/wp-json\/wp\/v2\/comments?post=219"}],"version-history":[{"count":0,"href":"http:\/\/bardelconvent.com\/da\/wp-json\/wp\/v2\/pages\/219\/revisions"}],"wp:featuredmedia":[{"embeddable":true,"href":"http:\/\/bardelconvent.com\/da\/wp-json\/wp\/v2\/media\/113"}],"wp:attachment":[{"href":"http:\/\/bardelconvent.com\/da\/wp-json\/wp\/v2\/media?parent=219"}],"curies":[{"name":"wp","href":"https:\/\/api.w.org\/{rel}","templated":true}]}}