{"id":179,"date":"2022-07-08T12:27:59","date_gmt":"2022-07-08T11:27:59","guid":{"rendered":"http:\/\/bardelconvent.com\/funktioniert-blind-dating\/"},"modified":"2022-09-08T14:23:43","modified_gmt":"2022-09-08T13:23:43","slug":"funktioniert-blind-dating","status":"publish","type":"page","link":"http:\/\/bardelconvent.com\/de\/funktioniert-blind-dating\/","title":{"rendered":"Funktioniert Blind Dating?"},"content":{"rendered":"<p>Blind Dating ist eine gro\u00dfartige M\u00f6glichkeit, Menschen zu treffen, die <a href=\"http:\/\/bardelconvent.com\/de\/zuverlaessige-hookup-apps-zum-finden-von-sex\/\">\u00e4hnliche Interessen<\/a> teilen. Diese Art von Dating wird oft als Speed-Dating bezeichnet, da es keinen vorher vereinbarten Treffpunkt oder keine Zeit gibt.<\/p>\n<p>Stattdessen finden Blind Dates an einem \u00f6ffentlichen Ort statt <a href=\"http:\/\/www.jerkingresources.com\/de\/kostenlose-sexting-apps\/\">kostenlose sexting<\/a>, an dem Singles aufeinander zugehen und ein Gespr\u00e4ch beginnen k\u00f6nnen. Ziel ist es, innerhalb von 30 Minuten eine kompatible \u00dcbereinstimmung zu finden.<\/p>\n<p>Speed-Dating ist beliebt bei Singles, die ein schnelles Date suchen. Blind Dating ist jedoch ideal f\u00fcr diejenigen, die es vorziehen, Menschen organisch zu treffen.<\/p>\n<h2>Ist es f\u00fcr Sie?<\/h2>\n<p>Wenn Sie sich nicht besonders um Ihre eigene Sicherheit sorgen, sollten Sie ein Blind Date in Betracht ziehen.<\/p>\n<p>Sie k\u00f6nnen dazu beitragen, dass sich Ihr Date sicher und wohl f\u00fchlt, indem Sie vorschlagen, <a href=\"http:\/\/bardelconvent.com\/de\/anzeichen-ein-maedchen-mag-dich-online\/\">sich an einem \u00f6ffentlichen Ort wie einem<\/a> Caf\u00e9 oder Restaurant zu treffen. Und w\u00e4hrend Sie planen, versuchen Sie, es auf eine Aktivit\u00e4t zu beschr\u00e4nken, damit es einen einfacheren Ausweg gibt, wenn sich Ihr Date nicht gut anf\u00fchlt. Stellen Sie weniger Fragen, die dazu f\u00fchren k\u00f6nnten, dass sich jemand unbeholfen oder misstrauisch gegen\u00fcber Ihren Absichten f\u00fchlt. Wenn du \u00fcber deine Interessen, Hobbys, Karriere oder Lieblingsbands sprichst, wirst du beide in der Lage sein, dich auf einer tieferen Ebene zu verbinden.<\/p>\n<p>Lassen Sie Ihre Wachsamkeit nicht im Stich. Seien Sie vorsichtig, wen Sie online treffen. Wenn Sie denken <a href=\"http:\/\/www.bulletforcegame.com\/de\/die-besten-nutaku-spiele\/\">nutaku hentai<\/a>, dass etwas nicht stimmt, dann ist es wahrscheinlich nicht. Wenn du jemals eine Ex-Nachricht erhalten hast, nachdem sie sich getrennt haben, dann wei\u00dft du, was ich meine. Ihr Bauchgef\u00fchl wird Ihnen normalerweise sagen, wenn sich etwas falsch anf\u00fchlt. \u00dcberpr\u00fcfen Sie immer die Referenzen, bevor Sie jemanden im wirklichen Leben treffen. Und geben Sie niemals pers\u00f6nliche Informationen wie Ihre Adresse, Telefonnummer oder Ihren Nachnamen preis.<\/p>\n<h2>Blind Dating Alternativen<\/h2>\n<p>Waren Sie schon einmal auf einer Online-Dating-Site? Wie haben Sie sich dabei gef\u00fchlt? Haben Sie sich sicher gef\u00fchlt? Wenn Sie Online-Dating noch nicht ausprobiert haben, dann k\u00f6nnte Ihnen das Lesen unserer \u00fcber die besten Online-Dating-Sites wirklich helfen.<\/p>\n<p>Apps wie Tinder und Bumble erm\u00f6glichen es Benutzern, auf Fotos anderer Benutzer nach rechts oder <a href=\"https:\/\/www.free-adult-cams.com\/de\/seiten-wie-camfuze\/\">Camfuze<\/a> links zu wischen, um zu sehen, ob sie daran interessiert sind. Aber w\u00e4hrend Apps harmlos erscheinen m\u00f6gen, gibt es ernsthafte Risiken, wenn sie verwendet werden, um jemanden neu kennenzulernen.<\/p>\n<p>Sobald Sie Ihre \u00dcbereinstimmung gefunden haben, m\u00fcssen Sie ihn oder sie besser kennenlernen, bevor Sie mit dem Reden beginnen k\u00f6nnen. Das bedeutet, Nachrichten auszutauschen, sich gegenseitig anzurufen und schlie\u00dflich Termine zu planen. All das kostet Zeit und M\u00fche. Warum also nicht den Mittelsmann \u00fcberspringen und direkt zum Spa\u00df schneiden?<\/p>\n","protected":false},"excerpt":{"rendered":"<p>Blind Dating ist eine gro\u00dfartige M\u00f6glichkeit, Menschen zu treffen, die \u00e4hnliche Interessen teilen. Diese Art von Dating wird oft als Speed-Dating bezeichnet, da <\/p>\n","protected":false},"author":1,"featured_media":157,"parent":0,"menu_order":0,"comment_status":"closed","ping_status":"closed","template":"","meta":[],"yoast_head":"<!-- This site is optimized with the Yoast SEO plugin v19.2 - https:\/\/yoast.com\/wordpress\/plugins\/seo\/ -->\n<title>Funktioniert Blind Dating? - Hookup Liebe<\/title>\n<meta name=\"robots\" content=\"index, follow, max-snippet:-1, max-image-preview:large, max-video-preview:-1\" \/>\n<link rel=\"canonical\" href=\"http:\/\/bardelconvent.com\/de\/funktioniert-blind-dating\/\" \/>\n<meta property=\"og:locale\" content=\"de_DE\" \/>\n<meta property=\"og:type\" content=\"article\" \/>\n<meta property=\"og:title\" content=\"Funktioniert Blind Dating? - Hookup Liebe\" \/>\n<meta property=\"og:description\" content=\"Blind Dating ist eine gro\u00dfartige M\u00f6glichkeit, Menschen zu treffen, die \u00e4hnliche Interessen teilen. Diese Art von Dating wird oft als Speed-Dating bezeichnet, da\" \/>\n<meta property=\"og:url\" content=\"http:\/\/bardelconvent.com\/de\/funktioniert-blind-dating\/\" \/>\n<meta property=\"og:site_name\" content=\"Hookup Liebe\" \/>\n<meta property=\"article:modified_time\" content=\"2022-09-08T13:23:43+00:00\" \/>\n<meta property=\"og:image\" content=\"http:\/\/bardelconvent.com\/wp-content\/uploads\/2022\/07\/casual-sex-hookups.jpg\" \/>\n\t<meta property=\"og:image:width\" content=\"500\" \/>\n\t<meta property=\"og:image:height\" content=\"333\" \/>\n\t<meta property=\"og:image:type\" content=\"image\/jpeg\" \/>\n<meta name=\"author\" content=\"Dating Expert\" \/>\n<meta name=\"twitter:card\" content=\"summary_large_image\" \/>\n<meta name=\"twitter:label1\" content=\"Gesch\u00e4tzte Lesezeit\" \/>\n\t<meta name=\"twitter:data1\" content=\"2\u00a0Minuten\" \/>\n<script type=\"application\/ld+json\" class=\"yoast-schema-graph\">{\"@context\":\"https:\/\/schema.org\",\"@graph\":[{\"@type\":\"WebSite\",\"@id\":\"http:\/\/bardelconvent.com\/de\/#website\",\"url\":\"http:\/\/bardelconvent.com\/de\/\",\"name\":\"Hookup Liebe\",\"description\":\"Dating &amp; Beziehungen\",\"potentialAction\":[{\"@type\":\"SearchAction\",\"target\":{\"@type\":\"EntryPoint\",\"urlTemplate\":\"http:\/\/bardelconvent.com\/de\/?s={search_term_string}\"},\"query-input\":\"required name=search_term_string\"}],\"inLanguage\":\"de\"},{\"@type\":\"ImageObject\",\"inLanguage\":\"de\",\"@id\":\"http:\/\/bardelconvent.com\/de\/funktioniert-blind-dating\/#primaryimage\",\"url\":\"http:\/\/bardelconvent.com\/wp-content\/uploads\/2022\/07\/casual-sex-hookups.jpg\",\"contentUrl\":\"http:\/\/bardelconvent.com\/wp-content\/uploads\/2022\/07\/casual-sex-hookups.jpg\",\"width\":500,\"height\":333},{\"@type\":\"WebPage\",\"@id\":\"http:\/\/bardelconvent.com\/de\/funktioniert-blind-dating\/#webpage\",\"url\":\"http:\/\/bardelconvent.com\/de\/funktioniert-blind-dating\/\",\"name\":\"Funktioniert Blind Dating? - Hookup Liebe\",\"isPartOf\":{\"@id\":\"http:\/\/bardelconvent.com\/de\/#website\"},\"primaryImageOfPage\":{\"@id\":\"http:\/\/bardelconvent.com\/de\/funktioniert-blind-dating\/#primaryimage\"},\"datePublished\":\"2022-07-08T11:27:59+00:00\",\"dateModified\":\"2022-09-08T13:23:43+00:00\",\"breadcrumb\":{\"@id\":\"http:\/\/bardelconvent.com\/de\/funktioniert-blind-dating\/#breadcrumb\"},\"inLanguage\":\"de\",\"potentialAction\":[{\"@type\":\"ReadAction\",\"target\":[\"http:\/\/bardelconvent.com\/de\/funktioniert-blind-dating\/\"]}]},{\"@type\":\"BreadcrumbList\",\"@id\":\"http:\/\/bardelconvent.com\/de\/funktioniert-blind-dating\/#breadcrumb\",\"itemListElement\":[{\"@type\":\"ListItem\",\"position\":1,\"name\":\"Heim\",\"item\":\"http:\/\/bardelconvent.com\/de\/\"},{\"@type\":\"ListItem\",\"position\":2,\"name\":\"Funktioniert Blind Dating?\"}]}]}<\/script>\n<!-- \/ Yoast SEO plugin. -->","yoast_head_json":{"title":"Funktioniert Blind Dating? - Hookup Liebe","robots":{"index":"index","follow":"follow","max-snippet":"max-snippet:-1","max-image-preview":"max-image-preview:large","max-video-preview":"max-video-preview:-1"},"canonical":"http:\/\/bardelconvent.com\/de\/funktioniert-blind-dating\/","og_locale":"de_DE","og_type":"article","og_title":"Funktioniert Blind Dating? - Hookup Liebe","og_description":"Blind Dating ist eine gro\u00dfartige M\u00f6glichkeit, Menschen zu treffen, die \u00e4hnliche Interessen teilen. Diese Art von Dating wird oft als Speed-Dating bezeichnet, da","og_url":"http:\/\/bardelconvent.com\/de\/funktioniert-blind-dating\/","og_site_name":"Hookup Liebe","article_modified_time":"2022-09-08T13:23:43+00:00","og_image":[{"width":500,"height":333,"url":"http:\/\/bardelconvent.com\/wp-content\/uploads\/2022\/07\/casual-sex-hookups.jpg","type":"image\/jpeg"}],"author":"Dating Expert","twitter_card":"summary_large_image","twitter_misc":{"Gesch\u00e4tzte Lesezeit":"2\u00a0Minuten"},"schema":{"@context":"https:\/\/schema.org","@graph":[{"@type":"WebSite","@id":"http:\/\/bardelconvent.com\/de\/#website","url":"http:\/\/bardelconvent.com\/de\/","name":"Hookup Liebe","description":"Dating &amp; Beziehungen","potentialAction":[{"@type":"SearchAction","target":{"@type":"EntryPoint","urlTemplate":"http:\/\/bardelconvent.com\/de\/?s={search_term_string}"},"query-input":"required name=search_term_string"}],"inLanguage":"de"},{"@type":"ImageObject","inLanguage":"de","@id":"http:\/\/bardelconvent.com\/de\/funktioniert-blind-dating\/#primaryimage","url":"http:\/\/bardelconvent.com\/wp-content\/uploads\/2022\/07\/casual-sex-hookups.jpg","contentUrl":"http:\/\/bardelconvent.com\/wp-content\/uploads\/2022\/07\/casual-sex-hookups.jpg","width":500,"height":333},{"@type":"WebPage","@id":"http:\/\/bardelconvent.com\/de\/funktioniert-blind-dating\/#webpage","url":"http:\/\/bardelconvent.com\/de\/funktioniert-blind-dating\/","name":"Funktioniert Blind Dating? - Hookup Liebe","isPartOf":{"@id":"http:\/\/bardelconvent.com\/de\/#website"},"primaryImageOfPage":{"@id":"http:\/\/bardelconvent.com\/de\/funktioniert-blind-dating\/#primaryimage"},"datePublished":"2022-07-08T11:27:59+00:00","dateModified":"2022-09-08T13:23:43+00:00","breadcrumb":{"@id":"http:\/\/bardelconvent.com\/de\/funktioniert-blind-dating\/#breadcrumb"},"inLanguage":"de","potentialAction":[{"@type":"ReadAction","target":["http:\/\/bardelconvent.com\/de\/funktioniert-blind-dating\/"]}]},{"@type":"BreadcrumbList","@id":"http:\/\/bardelconvent.com\/de\/funktioniert-blind-dating\/#breadcrumb","itemListElement":[{"@type":"ListItem","position":1,"name":"Heim","item":"http:\/\/bardelconvent.com\/de\/"},{"@type":"ListItem","position":2,"name":"Funktioniert Blind Dating?"}]}]}},"_links":{"self":[{"href":"http:\/\/bardelconvent.com\/de\/wp-json\/wp\/v2\/pages\/179"}],"collection":[{"href":"http:\/\/bardelconvent.com\/de\/wp-json\/wp\/v2\/pages"}],"about":[{"href":"http:\/\/bardelconvent.com\/de\/wp-json\/wp\/v2\/types\/page"}],"author":[{"embeddable":true,"href":"http:\/\/bardelconvent.com\/de\/wp-json\/wp\/v2\/users\/1"}],"replies":[{"embeddable":true,"href":"http:\/\/bardelconvent.com\/de\/wp-json\/wp\/v2\/comments?post=179"}],"version-history":[{"count":1,"href":"http:\/\/bardelconvent.com\/de\/wp-json\/wp\/v2\/pages\/179\/revisions"}],"predecessor-version":[{"id":272,"href":"http:\/\/bardelconvent.com\/de\/wp-json\/wp\/v2\/pages\/179\/revisions\/272"}],"wp:featuredmedia":[{"embeddable":true,"href":"http:\/\/bardelconvent.com\/de\/wp-json\/wp\/v2\/media\/157"}],"wp:attachment":[{"href":"http:\/\/bardelconvent.com\/de\/wp-json\/wp\/v2\/media?parent=179"}],"curies":[{"name":"wp","href":"https:\/\/api.w.org\/{rel}","templated":true}]}}