{"id":195,"date":"2022-07-08T12:19:13","date_gmt":"2022-07-08T11:19:13","guid":{"rendered":"http:\/\/bardelconvent.com\/anzeichen-ein-maedchen-mag-dich-online\/"},"modified":"2022-07-08T12:19:13","modified_gmt":"2022-07-08T11:19:13","slug":"anzeichen-ein-maedchen-mag-dich-online","status":"publish","type":"page","link":"http:\/\/bardelconvent.com\/de\/anzeichen-ein-maedchen-mag-dich-online\/","title":{"rendered":"Anzeichen Ein M\u00e4dchen mag dich online?"},"content":{"rendered":"<p>SMS an M\u00e4dchen zu schreiben ist eine interessante Erfahrung. Sie k\u00f6nnen Hinweise darauf erhalten, wie sie wirklich \u00fcber Sie in ihren Texten denken. Wenn Sie genau darauf achten, was, wann und wie sie texten, k\u00f6nnen Sie sie besser verstehen.<\/p>\n<p>Wenn Sie sich nicht sicher sind, ob sie an Freundschaft interessiert ist, schauen Sie sich die <a href=\"http:\/\/bardelconvent.com\/de\/sicherheit-von-online-dating-apps\/\">anderen Zeichen<\/a> an. Zum Beispiel k\u00f6nnte sie Ihnen Nachrichten senden, um sich an eine lustige gemeinsame Zeit zu erinnern. Oder sie k\u00f6nnte sich melden, weil sie Hilfe bei einer bestimmten Aufgabe oder einem bestimmten Test ben\u00f6tigt.<\/p>\n<h2>Texte Sie zuerst?<\/h2>\n<p>Wenn sie dir aus heiterem Himmel eine SMS schreibt, k\u00f6nnte das alles bedeuten. Sie k\u00f6nnte sich langweilen, oder sie k\u00f6nnte versuchen, dich besser kennenzulernen. Du magst ihr Typ sein, oder sie mag dich \u00fcberhaupt nicht. So oder so, es spielt keine Rolle, weil es nichts gibt, was Sie dagegen tun k\u00f6nnen. Das hei\u00dft, wenn sie dir zuerst eine SMS schreibt, bedeutet das, dass sie mit dir sprechen m\u00f6chte. Also, wenn sie dir eine Nachricht schickt, pass auf.<\/p>\n<h2>K\u00f6nnen Sie nicht aufh\u00f6ren, Ihnen eine SMS zu schreiben?<\/h2>\n<p>Sie mag dich nicht, wenn sie dich zum ersten Mal trifft. Aber nach einer Weile <a href=\"http:\/\/bardelconvent.com\/de\/kostenlose-sex-chat-webseiten\/\">f\u00e4ngt sie an, dich zu m\u00f6gen<\/a>. Und wenn sie weiter mit dir spricht, wird sie anfangen, sich dir wirklich nahe zu f\u00fchlen. Wenn sie jedes Mal, wenn du dich triffst, mit dir reden m\u00f6chte, ist sie wahrscheinlich in dich verliebt.<\/p>\n<h2>Schreiben Sie Ihnen den ganzen Tag \u00fcber eine SMS?<\/h2>\n<p>Wenn sie dir oft schreibt, bedeutet das, dass sie dich mag. Vielleicht ist sie sogar daran interessiert, dich besser kennenzulernen. Sie m\u00f6chte, dass du sie und das, wof\u00fcr sie steht, kennenlernst, weil sie wei\u00df, dass du es sch\u00e4tzen wirst. Frauen wissen, dass die Entwicklung einer Beziehung ein wichtiger Schritt ist, um eine Beziehung mit dem Mann zu beginnen, den Sie m\u00f6gen. Das habe ich von Beziehungsguru Kate Spring gelernt.<\/p>\n<h2>Funktioniert SMS wirklich?<\/h2>\n<p>SMS sind eine gro\u00dfartige Form der Kommunikation, besonders wenn Sie versuchen, jemanden kennenzulernen. Es gibt jedoch Zeiten, in denen Sie sich zur\u00fcckziehen und sich Zeit zum Nachdenken geben m\u00fcssen, bevor Sie eine weitere Nachricht senden. Wenn Sie eine schlechte Erfahrung mit jemandem gemacht haben, ist es vielleicht am besten, zu warten, bis Sie sich beruhigt haben, bevor Sie sich melden. Sie k\u00f6nnen auch versuchen, sie anzurufen, anstatt eine SMS zu schreiben. Auf diese Weise werden Sie nicht das Gef\u00fchl haben, dass Sie sie bel\u00e4stigen, w\u00e4hrend Sie immer noch ver\u00e4rgert sind.<\/p>\n","protected":false},"excerpt":{"rendered":"<p>SMS an M\u00e4dchen zu schreiben ist eine interessante Erfahrung. Sie k\u00f6nnen Hinweise darauf erhalten, wie sie wirklich \u00fcber Sie in ihren Texten denken. <\/p>\n","protected":false},"author":1,"featured_media":137,"parent":0,"menu_order":0,"comment_status":"closed","ping_status":"closed","template":"","meta":[],"yoast_head":"<!-- This site is optimized with the Yoast SEO plugin v19.2 - https:\/\/yoast.com\/wordpress\/plugins\/seo\/ -->\n<title>Anzeichen Ein M\u00e4dchen mag dich online? - Hookup Liebe<\/title>\n<meta name=\"robots\" content=\"index, follow, max-snippet:-1, max-image-preview:large, max-video-preview:-1\" \/>\n<link rel=\"canonical\" href=\"http:\/\/bardelconvent.com\/de\/anzeichen-ein-maedchen-mag-dich-online\/\" \/>\n<meta property=\"og:locale\" content=\"de_DE\" \/>\n<meta property=\"og:type\" content=\"article\" \/>\n<meta property=\"og:title\" content=\"Anzeichen Ein M\u00e4dchen mag dich online? - Hookup Liebe\" \/>\n<meta property=\"og:description\" content=\"SMS an M\u00e4dchen zu schreiben ist eine interessante Erfahrung. Sie k\u00f6nnen Hinweise darauf erhalten, wie sie wirklich \u00fcber Sie in ihren Texten denken.\" \/>\n<meta property=\"og:url\" content=\"http:\/\/bardelconvent.com\/de\/anzeichen-ein-maedchen-mag-dich-online\/\" \/>\n<meta property=\"og:site_name\" content=\"Hookup Liebe\" \/>\n<meta property=\"og:image\" content=\"https:\/\/bardelconvent.com\/wp-content\/uploads\/2022\/07\/real-sex-chat.jpeg\" \/>\n\t<meta property=\"og:image:width\" content=\"2250\" \/>\n\t<meta property=\"og:image:height\" content=\"1500\" \/>\n\t<meta property=\"og:image:type\" content=\"image\/jpeg\" \/>\n<meta name=\"author\" content=\"Dating Expert\" \/>\n<meta name=\"twitter:card\" content=\"summary_large_image\" \/>\n<meta name=\"twitter:label1\" content=\"Gesch\u00e4tzte Lesezeit\" \/>\n\t<meta name=\"twitter:data1\" content=\"2\u00a0Minuten\" \/>\n<script type=\"application\/ld+json\" class=\"yoast-schema-graph\">{\"@context\":\"https:\/\/schema.org\",\"@graph\":[{\"@type\":\"WebSite\",\"@id\":\"http:\/\/bardelconvent.com\/de\/#website\",\"url\":\"http:\/\/bardelconvent.com\/de\/\",\"name\":\"Hookup Liebe\",\"description\":\"Dating &amp; Beziehungen\",\"potentialAction\":[{\"@type\":\"SearchAction\",\"target\":{\"@type\":\"EntryPoint\",\"urlTemplate\":\"http:\/\/bardelconvent.com\/de\/?s={search_term_string}\"},\"query-input\":\"required name=search_term_string\"}],\"inLanguage\":\"de\"},{\"@type\":\"ImageObject\",\"inLanguage\":\"de\",\"@id\":\"http:\/\/bardelconvent.com\/de\/anzeichen-ein-maedchen-mag-dich-online\/#primaryimage\",\"url\":\"http:\/\/bardelconvent.com\/wp-content\/uploads\/2022\/07\/real-sex-chat.jpeg\",\"contentUrl\":\"http:\/\/bardelconvent.com\/wp-content\/uploads\/2022\/07\/real-sex-chat.jpeg\",\"width\":2250,\"height\":1500},{\"@type\":\"WebPage\",\"@id\":\"http:\/\/bardelconvent.com\/de\/anzeichen-ein-maedchen-mag-dich-online\/#webpage\",\"url\":\"http:\/\/bardelconvent.com\/de\/anzeichen-ein-maedchen-mag-dich-online\/\",\"name\":\"Anzeichen Ein M\u00e4dchen mag dich online? - Hookup Liebe\",\"isPartOf\":{\"@id\":\"http:\/\/bardelconvent.com\/de\/#website\"},\"primaryImageOfPage\":{\"@id\":\"http:\/\/bardelconvent.com\/de\/anzeichen-ein-maedchen-mag-dich-online\/#primaryimage\"},\"datePublished\":\"2022-07-08T11:19:13+00:00\",\"dateModified\":\"2022-07-08T11:19:13+00:00\",\"breadcrumb\":{\"@id\":\"http:\/\/bardelconvent.com\/de\/anzeichen-ein-maedchen-mag-dich-online\/#breadcrumb\"},\"inLanguage\":\"de\",\"potentialAction\":[{\"@type\":\"ReadAction\",\"target\":[\"http:\/\/bardelconvent.com\/de\/anzeichen-ein-maedchen-mag-dich-online\/\"]}]},{\"@type\":\"BreadcrumbList\",\"@id\":\"http:\/\/bardelconvent.com\/de\/anzeichen-ein-maedchen-mag-dich-online\/#breadcrumb\",\"itemListElement\":[{\"@type\":\"ListItem\",\"position\":1,\"name\":\"Heim\",\"item\":\"http:\/\/bardelconvent.com\/de\/\"},{\"@type\":\"ListItem\",\"position\":2,\"name\":\"Anzeichen Ein M\u00e4dchen mag dich online?\"}]}]}<\/script>\n<!-- \/ Yoast SEO plugin. -->","yoast_head_json":{"title":"Anzeichen Ein M\u00e4dchen mag dich online? - Hookup Liebe","robots":{"index":"index","follow":"follow","max-snippet":"max-snippet:-1","max-image-preview":"max-image-preview:large","max-video-preview":"max-video-preview:-1"},"canonical":"http:\/\/bardelconvent.com\/de\/anzeichen-ein-maedchen-mag-dich-online\/","og_locale":"de_DE","og_type":"article","og_title":"Anzeichen Ein M\u00e4dchen mag dich online? - Hookup Liebe","og_description":"SMS an M\u00e4dchen zu schreiben ist eine interessante Erfahrung. Sie k\u00f6nnen Hinweise darauf erhalten, wie sie wirklich \u00fcber Sie in ihren Texten denken.","og_url":"http:\/\/bardelconvent.com\/de\/anzeichen-ein-maedchen-mag-dich-online\/","og_site_name":"Hookup Liebe","og_image":[{"width":2250,"height":1500,"url":"https:\/\/bardelconvent.com\/wp-content\/uploads\/2022\/07\/real-sex-chat.jpeg","type":"image\/jpeg"}],"author":"Dating Expert","twitter_card":"summary_large_image","twitter_misc":{"Gesch\u00e4tzte Lesezeit":"2\u00a0Minuten"},"schema":{"@context":"https:\/\/schema.org","@graph":[{"@type":"WebSite","@id":"http:\/\/bardelconvent.com\/de\/#website","url":"http:\/\/bardelconvent.com\/de\/","name":"Hookup Liebe","description":"Dating &amp; Beziehungen","potentialAction":[{"@type":"SearchAction","target":{"@type":"EntryPoint","urlTemplate":"http:\/\/bardelconvent.com\/de\/?s={search_term_string}"},"query-input":"required name=search_term_string"}],"inLanguage":"de"},{"@type":"ImageObject","inLanguage":"de","@id":"http:\/\/bardelconvent.com\/de\/anzeichen-ein-maedchen-mag-dich-online\/#primaryimage","url":"http:\/\/bardelconvent.com\/wp-content\/uploads\/2022\/07\/real-sex-chat.jpeg","contentUrl":"http:\/\/bardelconvent.com\/wp-content\/uploads\/2022\/07\/real-sex-chat.jpeg","width":2250,"height":1500},{"@type":"WebPage","@id":"http:\/\/bardelconvent.com\/de\/anzeichen-ein-maedchen-mag-dich-online\/#webpage","url":"http:\/\/bardelconvent.com\/de\/anzeichen-ein-maedchen-mag-dich-online\/","name":"Anzeichen Ein M\u00e4dchen mag dich online? - Hookup Liebe","isPartOf":{"@id":"http:\/\/bardelconvent.com\/de\/#website"},"primaryImageOfPage":{"@id":"http:\/\/bardelconvent.com\/de\/anzeichen-ein-maedchen-mag-dich-online\/#primaryimage"},"datePublished":"2022-07-08T11:19:13+00:00","dateModified":"2022-07-08T11:19:13+00:00","breadcrumb":{"@id":"http:\/\/bardelconvent.com\/de\/anzeichen-ein-maedchen-mag-dich-online\/#breadcrumb"},"inLanguage":"de","potentialAction":[{"@type":"ReadAction","target":["http:\/\/bardelconvent.com\/de\/anzeichen-ein-maedchen-mag-dich-online\/"]}]},{"@type":"BreadcrumbList","@id":"http:\/\/bardelconvent.com\/de\/anzeichen-ein-maedchen-mag-dich-online\/#breadcrumb","itemListElement":[{"@type":"ListItem","position":1,"name":"Heim","item":"http:\/\/bardelconvent.com\/de\/"},{"@type":"ListItem","position":2,"name":"Anzeichen Ein M\u00e4dchen mag dich online?"}]}]}},"_links":{"self":[{"href":"http:\/\/bardelconvent.com\/de\/wp-json\/wp\/v2\/pages\/195"}],"collection":[{"href":"http:\/\/bardelconvent.com\/de\/wp-json\/wp\/v2\/pages"}],"about":[{"href":"http:\/\/bardelconvent.com\/de\/wp-json\/wp\/v2\/types\/page"}],"author":[{"embeddable":true,"href":"http:\/\/bardelconvent.com\/de\/wp-json\/wp\/v2\/users\/1"}],"replies":[{"embeddable":true,"href":"http:\/\/bardelconvent.com\/de\/wp-json\/wp\/v2\/comments?post=195"}],"version-history":[{"count":0,"href":"http:\/\/bardelconvent.com\/de\/wp-json\/wp\/v2\/pages\/195\/revisions"}],"wp:featuredmedia":[{"embeddable":true,"href":"http:\/\/bardelconvent.com\/de\/wp-json\/wp\/v2\/media\/137"}],"wp:attachment":[{"href":"http:\/\/bardelconvent.com\/de\/wp-json\/wp\/v2\/media?parent=195"}],"curies":[{"name":"wp","href":"https:\/\/api.w.org\/{rel}","templated":true}]}}