{"id":198,"date":"2022-07-08T12:08:53","date_gmt":"2022-07-08T11:08:53","guid":{"rendered":"http:\/\/bardelconvent.com\/sicherheit-von-online-dating-apps\/"},"modified":"2022-08-15T20:06:20","modified_gmt":"2022-08-15T19:06:20","slug":"sicherheit-von-online-dating-apps","status":"publish","type":"page","link":"http:\/\/bardelconvent.com\/de\/sicherheit-von-online-dating-apps\/","title":{"rendered":"Sicherheit von Online-Dating-Apps"},"content":{"rendered":"<p>Online-Dating ist eine immer beliebtere Aktivit\u00e4t unter Singles. Sicherheitsbedenken treten jedoch h\u00e4ufig auf, wenn Sie jemanden \u00fcber eine Website treffen. Es gibt zwar mehrere M\u00f6glichkeiten, sich zu sch\u00fctzen, aber es ist m\u00f6glicherweise nicht immer m\u00f6glich, jedes potenzielle Risiko zu verhindern.<\/p>\n<h2>Unser Guide<\/h2>\n<p>Hier sind einige M\u00f6glichkeiten, wie Sie sich bei der Verwendung einer Online-Dating-App oder eines Online-Dating-Dienstes sch\u00fctzen k\u00f6nnen. Diese Tipps sind keine Garantie, aber sie k\u00f6nnten Ihnen helfen, sich sicherer zu f\u00fchlen.<\/p>\n<p>Es ist am besten, keine pers\u00f6nlichen Daten in Ihrem <a href=\"http:\/\/bardelconvent.com\/de\/warum-online-dating-apps-fuer-sie-funktionieren-koennten\/\">Dating-Profil<\/a> zu teilen. Sie sollten es vermeiden, Ihren vollst\u00e4ndigen Namen und Ihre Telefonnummer sowie andere Informationen, die Sie pers\u00f6nlich identifizieren k\u00f6nnten, weiterzugeben. Es ist auch ratsam, Ihre Online-Pr\u00e4senz von Ihrem wirklichen Leben getrennt zu halten. Wenn Sie jemanden in einer Bar oder auf einer Party treffen und <a href=\"http:\/\/www.sextstrangers.com\/de\/\">anonymes sexting<\/a>, versuchen Sie, sich von Ihren Social-Media-Konten fernzuhalten, bis Sie sicher sind, dass Sie sich genug m\u00f6gen, um am Telefon zu sprechen. Geben Sie Ihre Adress- oder Kreditkarteninformationen nicht preis, bevor Sie sich pers\u00f6nlich treffen. Und fragen Sie immer nach Referenzen, wenn Sie mit potenziellen Terminen sprechen.<\/p>\n<h2>Beim Chatten mit Fremden<\/h2>\n<p>Wenn Sie in den sozialen Medien nach Liebe suchen, schauen Sie sich zuerst die Profile Ihres potenziellen Dates an. Wenn Sie ihre Namen oder Handles in den sozialen Medien kennen, schlagen Sie sie nach. Schauen Sie sich ihre Fotos an und sehen Sie, ob Sie sie erkennen. \u00dcberpr\u00fcfen Sie, ob sie gemeinsame Freunde in den sozialen Medien haben. Wenn sie wie ein Wels aussehen <a href=\"https:\/\/www.sextchat.net\/de\/pornospiele-fuer-mac\/\">pornospiele free<\/a>, blockieren und melden Sie sie. Sie k\u00f6nnen auch andere Benutzer blockieren und melden, wenn Sie der Meinung sind, dass ihre Profile verd\u00e4chtig sind oder wenn sie sich Ihnen gegen\u00fcber unangemessen verhalten haben. Vertrauen Sie immer Ihrem Bauchgef\u00fchl, wenn Sie mit anderen zu tun haben. Wenn du das Gef\u00fchl hast, dass jemand nicht ehrlich zu dir ist, dann geh einfach weg.<\/p>\n<p>Es gibt mehrere rote Fahnen, die <a href=\"http:\/\/bardelconvent.com\/de\/kostenlose-sex-chat-webseiten\/\">Besorgnis \u00fcber jemanden hervorrufen<\/a> sollten, mit dem Sie online kommunizieren. Wenn Sie sich unter Druck gesetzt f\u00fchlen, pers\u00f6nliche Informationen wie Ihre Handynummer preiszugeben, oder wenn Sie zu Beginn Ihrer Beziehung eine \u00fcberm\u00e4\u00dfig romantische Nachricht erhalten, sollten Sie in Betracht ziehen, den Benutzer zu melden.<\/p>\n<p>Geben Sie Ihre pers\u00f6nlichen Daten nicht an Fremde weiter. Sie sollten niemals pers\u00f6nliche Informationen angeben, wenn Sie mit einer anderen Person \u00fcber eine Website oder App kommunizieren. Ihre pers\u00f6nlichen Daten umfassen alles, was Sie pers\u00f6nlich identifizieren k\u00f6nnte, wie Ihren Namen, Telefonnummern, Adressen, Geburtsdaten, F\u00fchrerscheinnummern, Kontonummern, Passw\u00f6rter und Sozialversicherungsnummern.<\/p>\n<h2>Treffen Sie sich in der \u00d6ffentlichkeit<\/h2>\n<p>Treffen Sie sich an einem sicheren und \u00f6ffentlichen Ort. Wenn Sie nach etwas L\u00e4ssigem <a href=\"https:\/\/www.jerkoffforme.com\/de\/teen-cams\/\">teen cams<\/a>, w\u00e4hlen Sie einen \u00f6ffentlichen Ort wie ein Caf\u00e9, ein Restaurant oder eine Bar. Sie werden sich sehen, bevor Sie entscheiden, ob Sie wieder ausgehen m\u00f6chten. Wenn Sie eine privatere Umgebung bevorzugen, sollten Sie stattdessen in das Haus oder die Wohnung eines Freundes oder eines anderen gemeinsamen Bekannten gehen. Wenn Sie nerv\u00f6s sind, jemanden zum ersten Mal pers\u00f6nlich zu treffen, versuchen Sie, eine Online-Dating-Site zu verwenden, um potenzielle Partner kennenzulernen. Sie k\u00f6nnen auch Freunde nach Empfehlungen f\u00fcr Orte fragen, an denen Sie sich treffen k\u00f6nnen.<\/p>\n<p>W\u00e4hlen Sie einen Ort, der sich komfortabel und sicher anf\u00fchlt. Viel Spass! Wenn Sie irgendwo privat gehen m\u00f6chten, gibt es viele Apps, mit denen Sie sich privat treffen k\u00f6nnen.<\/p>\n","protected":false},"excerpt":{"rendered":"<p>Online-Dating ist eine immer beliebtere Aktivit\u00e4t unter Singles. Sicherheitsbedenken treten jedoch h\u00e4ufig auf, wenn Sie jemanden \u00fcber eine Website treffen. Es gibt zwar <\/p>\n","protected":false},"author":1,"featured_media":127,"parent":0,"menu_order":0,"comment_status":"closed","ping_status":"closed","template":"","meta":[],"yoast_head":"<!-- This site is optimized with the Yoast SEO plugin v19.2 - https:\/\/yoast.com\/wordpress\/plugins\/seo\/ -->\n<title>Sicherheit von Online-Dating-Apps - Hookup Liebe<\/title>\n<meta name=\"robots\" content=\"index, follow, max-snippet:-1, max-image-preview:large, max-video-preview:-1\" \/>\n<link rel=\"canonical\" href=\"http:\/\/bardelconvent.com\/de\/sicherheit-von-online-dating-apps\/\" \/>\n<meta property=\"og:locale\" content=\"de_DE\" \/>\n<meta property=\"og:type\" content=\"article\" \/>\n<meta property=\"og:title\" content=\"Sicherheit von Online-Dating-Apps - Hookup Liebe\" \/>\n<meta property=\"og:description\" content=\"Online-Dating ist eine immer beliebtere Aktivit\u00e4t unter Singles. Sicherheitsbedenken treten jedoch h\u00e4ufig auf, wenn Sie jemanden \u00fcber eine Website treffen. Es gibt zwar\" \/>\n<meta property=\"og:url\" content=\"http:\/\/bardelconvent.com\/de\/sicherheit-von-online-dating-apps\/\" \/>\n<meta property=\"og:site_name\" content=\"Hookup Liebe\" \/>\n<meta property=\"article:modified_time\" content=\"2022-08-15T19:06:20+00:00\" \/>\n<meta property=\"og:image\" content=\"https:\/\/bardelconvent.com\/wp-content\/uploads\/2022\/07\/dating-scams.jpeg\" \/>\n\t<meta property=\"og:image:width\" content=\"2250\" \/>\n\t<meta property=\"og:image:height\" content=\"1500\" \/>\n\t<meta property=\"og:image:type\" content=\"image\/jpeg\" \/>\n<meta name=\"author\" content=\"Dating Expert\" \/>\n<meta name=\"twitter:card\" content=\"summary_large_image\" \/>\n<meta name=\"twitter:label1\" content=\"Gesch\u00e4tzte Lesezeit\" \/>\n\t<meta name=\"twitter:data1\" content=\"3\u00a0Minuten\" \/>\n<script type=\"application\/ld+json\" class=\"yoast-schema-graph\">{\"@context\":\"https:\/\/schema.org\",\"@graph\":[{\"@type\":\"WebSite\",\"@id\":\"http:\/\/bardelconvent.com\/de\/#website\",\"url\":\"http:\/\/bardelconvent.com\/de\/\",\"name\":\"Hookup Liebe\",\"description\":\"Dating &amp; Beziehungen\",\"potentialAction\":[{\"@type\":\"SearchAction\",\"target\":{\"@type\":\"EntryPoint\",\"urlTemplate\":\"http:\/\/bardelconvent.com\/de\/?s={search_term_string}\"},\"query-input\":\"required name=search_term_string\"}],\"inLanguage\":\"de\"},{\"@type\":\"ImageObject\",\"inLanguage\":\"de\",\"@id\":\"http:\/\/bardelconvent.com\/de\/sicherheit-von-online-dating-apps\/#primaryimage\",\"url\":\"http:\/\/bardelconvent.com\/wp-content\/uploads\/2022\/07\/dating-scams.jpeg\",\"contentUrl\":\"http:\/\/bardelconvent.com\/wp-content\/uploads\/2022\/07\/dating-scams.jpeg\",\"width\":2250,\"height\":1500},{\"@type\":\"WebPage\",\"@id\":\"http:\/\/bardelconvent.com\/de\/sicherheit-von-online-dating-apps\/#webpage\",\"url\":\"http:\/\/bardelconvent.com\/de\/sicherheit-von-online-dating-apps\/\",\"name\":\"Sicherheit von Online-Dating-Apps - Hookup Liebe\",\"isPartOf\":{\"@id\":\"http:\/\/bardelconvent.com\/de\/#website\"},\"primaryImageOfPage\":{\"@id\":\"http:\/\/bardelconvent.com\/de\/sicherheit-von-online-dating-apps\/#primaryimage\"},\"datePublished\":\"2022-07-08T11:08:53+00:00\",\"dateModified\":\"2022-08-15T19:06:20+00:00\",\"breadcrumb\":{\"@id\":\"http:\/\/bardelconvent.com\/de\/sicherheit-von-online-dating-apps\/#breadcrumb\"},\"inLanguage\":\"de\",\"potentialAction\":[{\"@type\":\"ReadAction\",\"target\":[\"http:\/\/bardelconvent.com\/de\/sicherheit-von-online-dating-apps\/\"]}]},{\"@type\":\"BreadcrumbList\",\"@id\":\"http:\/\/bardelconvent.com\/de\/sicherheit-von-online-dating-apps\/#breadcrumb\",\"itemListElement\":[{\"@type\":\"ListItem\",\"position\":1,\"name\":\"Heim\",\"item\":\"http:\/\/bardelconvent.com\/de\/\"},{\"@type\":\"ListItem\",\"position\":2,\"name\":\"Sicherheit von Online-Dating-Apps\"}]}]}<\/script>\n<!-- \/ Yoast SEO plugin. -->","yoast_head_json":{"title":"Sicherheit von Online-Dating-Apps - Hookup Liebe","robots":{"index":"index","follow":"follow","max-snippet":"max-snippet:-1","max-image-preview":"max-image-preview:large","max-video-preview":"max-video-preview:-1"},"canonical":"http:\/\/bardelconvent.com\/de\/sicherheit-von-online-dating-apps\/","og_locale":"de_DE","og_type":"article","og_title":"Sicherheit von Online-Dating-Apps - Hookup Liebe","og_description":"Online-Dating ist eine immer beliebtere Aktivit\u00e4t unter Singles. Sicherheitsbedenken treten jedoch h\u00e4ufig auf, wenn Sie jemanden \u00fcber eine Website treffen. Es gibt zwar","og_url":"http:\/\/bardelconvent.com\/de\/sicherheit-von-online-dating-apps\/","og_site_name":"Hookup Liebe","article_modified_time":"2022-08-15T19:06:20+00:00","og_image":[{"width":2250,"height":1500,"url":"https:\/\/bardelconvent.com\/wp-content\/uploads\/2022\/07\/dating-scams.jpeg","type":"image\/jpeg"}],"author":"Dating Expert","twitter_card":"summary_large_image","twitter_misc":{"Gesch\u00e4tzte Lesezeit":"3\u00a0Minuten"},"schema":{"@context":"https:\/\/schema.org","@graph":[{"@type":"WebSite","@id":"http:\/\/bardelconvent.com\/de\/#website","url":"http:\/\/bardelconvent.com\/de\/","name":"Hookup Liebe","description":"Dating &amp; Beziehungen","potentialAction":[{"@type":"SearchAction","target":{"@type":"EntryPoint","urlTemplate":"http:\/\/bardelconvent.com\/de\/?s={search_term_string}"},"query-input":"required name=search_term_string"}],"inLanguage":"de"},{"@type":"ImageObject","inLanguage":"de","@id":"http:\/\/bardelconvent.com\/de\/sicherheit-von-online-dating-apps\/#primaryimage","url":"http:\/\/bardelconvent.com\/wp-content\/uploads\/2022\/07\/dating-scams.jpeg","contentUrl":"http:\/\/bardelconvent.com\/wp-content\/uploads\/2022\/07\/dating-scams.jpeg","width":2250,"height":1500},{"@type":"WebPage","@id":"http:\/\/bardelconvent.com\/de\/sicherheit-von-online-dating-apps\/#webpage","url":"http:\/\/bardelconvent.com\/de\/sicherheit-von-online-dating-apps\/","name":"Sicherheit von Online-Dating-Apps - Hookup Liebe","isPartOf":{"@id":"http:\/\/bardelconvent.com\/de\/#website"},"primaryImageOfPage":{"@id":"http:\/\/bardelconvent.com\/de\/sicherheit-von-online-dating-apps\/#primaryimage"},"datePublished":"2022-07-08T11:08:53+00:00","dateModified":"2022-08-15T19:06:20+00:00","breadcrumb":{"@id":"http:\/\/bardelconvent.com\/de\/sicherheit-von-online-dating-apps\/#breadcrumb"},"inLanguage":"de","potentialAction":[{"@type":"ReadAction","target":["http:\/\/bardelconvent.com\/de\/sicherheit-von-online-dating-apps\/"]}]},{"@type":"BreadcrumbList","@id":"http:\/\/bardelconvent.com\/de\/sicherheit-von-online-dating-apps\/#breadcrumb","itemListElement":[{"@type":"ListItem","position":1,"name":"Heim","item":"http:\/\/bardelconvent.com\/de\/"},{"@type":"ListItem","position":2,"name":"Sicherheit von Online-Dating-Apps"}]}]}},"_links":{"self":[{"href":"http:\/\/bardelconvent.com\/de\/wp-json\/wp\/v2\/pages\/198"}],"collection":[{"href":"http:\/\/bardelconvent.com\/de\/wp-json\/wp\/v2\/pages"}],"about":[{"href":"http:\/\/bardelconvent.com\/de\/wp-json\/wp\/v2\/types\/page"}],"author":[{"embeddable":true,"href":"http:\/\/bardelconvent.com\/de\/wp-json\/wp\/v2\/users\/1"}],"replies":[{"embeddable":true,"href":"http:\/\/bardelconvent.com\/de\/wp-json\/wp\/v2\/comments?post=198"}],"version-history":[{"count":1,"href":"http:\/\/bardelconvent.com\/de\/wp-json\/wp\/v2\/pages\/198\/revisions"}],"predecessor-version":[{"id":270,"href":"http:\/\/bardelconvent.com\/de\/wp-json\/wp\/v2\/pages\/198\/revisions\/270"}],"wp:featuredmedia":[{"embeddable":true,"href":"http:\/\/bardelconvent.com\/de\/wp-json\/wp\/v2\/media\/127"}],"wp:attachment":[{"href":"http:\/\/bardelconvent.com\/de\/wp-json\/wp\/v2\/media?parent=198"}],"curies":[{"name":"wp","href":"https:\/\/api.w.org\/{rel}","templated":true}]}}