{"id":200,"date":"2022-07-08T12:21:20","date_gmt":"2022-07-08T11:21:20","guid":{"rendered":"http:\/\/bardelconvent.com\/zuverlaessige-hookup-apps-zum-finden-von-sex\/"},"modified":"2022-09-08T14:25:29","modified_gmt":"2022-09-08T13:25:29","slug":"zuverlaessige-hookup-apps-zum-finden-von-sex","status":"publish","type":"page","link":"http:\/\/bardelconvent.com\/de\/zuverlaessige-hookup-apps-zum-finden-von-sex\/","title":{"rendered":"Zuverl\u00e4ssige Hookup-Apps zum Finden von Sex"},"content":{"rendered":"<p>Online-Dating ist so allt\u00e4glich geworden, dass es fast wie eine allt\u00e4gliche Sache erscheint. Egal, ob Sie nach Liebe suchen oder einfach nur nach jemandem, mit dem Sie online chatten k\u00f6nnen, es gibt viele M\u00f6glichkeiten. Sie k\u00f6nnen Menschen \u00fcber soziale Medien, Apps, Websites oder sogar lokale Veranstaltungen treffen. Wenn Sie daran interessiert sind, jemanden zu treffen und <a href=\"http:\/\/www.free-sex-games-no-credit-card.com\/de\/\">sexspiel ohne kreditkarte<\/a>, der etwas Besonderes ist, finden Sie hier einige Tipps, die Ihnen den Einstieg erleichtern.<\/p>\n<p>Vor allem seit dem Aufkommen von Tinder und anderen \u00e4hnlichen Apps! Die Verwendung einer solchen App bietet viele Vorteile, einschlie\u00dflich Komfort und Datenschutz. Es gibt jedoch auch Risiken, die mit Online-Dating verbunden sind. Sie k\u00f6nnen jemanden treffen, der nicht echt ist oder der versucht, Sie um Ihr Geld zu betr\u00fcgen. Sie k\u00f6nnen sogar <a href=\"http:\/\/bardelconvent.com\/de\/sicherheit-von-online-dating-apps\/\">k\u00f6rperlich bedroht werden, wenn Sie sich pers\u00f6nlich treffen<\/a>. Wenn Sie nach Liebe suchen, versuchen Sie etwas anderes!<\/p>\n<h2>Sicherheit geht vor<\/h2>\n<p>Bevor Sie jemanden im wirklichen Leben treffen, versuchen Sie, online mit ihm zu chatten. Wenn Sie online chatten, k\u00f6nnen Sie sofort sehen, ob Sie sich m\u00f6gen. Sie k\u00f6nnen auch Fragen dar\u00fcber stellen, was sie m\u00f6gen und nicht m\u00f6gen und ob sie sich pers\u00f6nlich treffen m\u00f6chten. Wenn sie z\u00f6gern, mit Ihnen zu sprechen, k\u00f6nnte das eine rote Flagge sein. Geben Sie keine pers\u00f6nlichen Informationen weiter, bis Sie sich von Angesicht zu Angesicht getroffen haben. Bevor Sie sich darauf einigen, sich irgendwo zu treffen, sagen Sie einem Freund, wohin Sie gehen.<\/p>\n<p>Machen Sie einen Screenshot ihres Profils und senden Sie ihn an Ihre Freunde. Einem Freund eine SMS zu schreiben, w\u00e4hrend du auf einem Date bist, f\u00fchlt sich vielleicht nicht wohl an, aber es wird dir erlauben, deinen Freund auf dem Laufenden zu halten. Wenn du dein Dating \u00fcber den Punkt hinaus fortsetzt, den du erwartet hast, schreibe einem Freund, um ihm zu sagen, wohin du als n\u00e4chstes gehst.<\/p>\n<h2>Vermeiden Sie Betr\u00fcgereien<\/h2>\n<p>Es ist nicht Ihre Schuld, wenn jemand versucht, Sie online zu betr\u00fcgen. Sie <a href=\"http:\/\/bardelconvent.com\/de\/anzeichen-ein-maedchen-mag-dich-online\/\">sollten kein Geld bezahlen m\u00fcssen, um von ihnen wegzukommen<\/a>. Aber es gibt M\u00f6glichkeiten, sich bei der Verwendung einer App wie Tinder zu sch\u00fctzen. Wir haben unten eine Liste von Sicherheitstipps zusammengestellt, zusammen mit einer Tabelle, die die Sicherheitsfunktionen vergleicht, die in einigen der beliebtesten Apps des Jahres 2019 verf\u00fcgbar sind. Sehen Sie, ob eine dieser Optionen Ihnen hilft, w\u00e4hrend der Verwendung von Tinder sicher zu bleiben.<\/p>\n<h2>Fake-Profile<\/h2>\n<p>Gef\u00e4lschte Profile, Bots und andere Betr\u00fcger gibt es online zuhauf. Selbst wenn Sie nicht nach Liebe suchen <a href=\"https:\/\/www.onemightydrop.com\/de\/kostenlose-spiele-fuer-erwachsene-keine-kreditkarte\/\">pornospiele ohne anmeldung<\/a>, gibt es viele Gr\u00fcnde, warum Sie sich von ihnen fernhalten m\u00f6chten. Fake-Konten m\u00f6gen auf den ersten Blick harmlos erscheinen, aber sie k\u00f6nnen Schaden anrichten. Wenn jemand versucht, dich zu betr\u00fcgen, melde ihn sofort. Erw\u00e4gen Sie auch die Verwendung einer Dating-App, die die Identit\u00e4t der Benutzer \u00fcberpr\u00fcft, bevor sie sich mit anderen verbinden k\u00f6nnen. Sie k\u00f6nnen sich auch unsere Tipps unten ansehen <a href=\"https:\/\/www.hotsexychat.net\/de\/android-sexspiele\/\">sexy android games<\/a>, um zu erfahren, wie Sie sich sch\u00fctzen k\u00f6nnen, wenn Sie Personen online treffen.<\/p>\n<h2>Chatten Sie mit Ihrem Date vor dem Meeting<\/h2>\n<p>Es ist wichtig, vor dem Treffen mit Ihrem potenziellen Date zu sprechen. Wenn Sie sich nicht sicher sind, ob er oder sie das Richtige f\u00fcr Sie ist, m\u00fcssen Sie sehen, ob es etwas an ihm oder ihr gibt, das nicht gut zu Ihnen passt. Sie sollten sich auch fragen, ob Sie ihm oder ihr genug vertrauen, um ihnen etwas zu sagen, das sie abschrecken k\u00f6nnte. Sobald Sie sich von Angesicht zu Angesicht treffen, k\u00f6nnen Sie die Pers\u00f6nlichkeiten des anderen beurteilen und entscheiden, ob Sie sich m\u00f6gen. Teilen Sie jedoch zun\u00e4chst nicht zu viele Details \u00fcber sich selbst. Sie m\u00f6chten keine Informationen \u00fcber sich preisgeben, die Sie unprofessionell oder unzuverl\u00e4ssig erscheinen lassen k\u00f6nnten.<\/p>\n","protected":false},"excerpt":{"rendered":"<p>Online-Dating ist so allt\u00e4glich geworden, dass es fast wie eine allt\u00e4gliche Sache erscheint. Egal, ob Sie nach Liebe suchen oder einfach nur nach <\/p>\n","protected":false},"author":1,"featured_media":0,"parent":0,"menu_order":0,"comment_status":"closed","ping_status":"closed","template":"","meta":[],"yoast_head":"<!-- This site is optimized with the Yoast SEO plugin v19.2 - https:\/\/yoast.com\/wordpress\/plugins\/seo\/ -->\n<title>Zuverl\u00e4ssige Hookup-Apps zum Finden von Sex - Hookup Liebe<\/title>\n<meta name=\"robots\" content=\"index, follow, max-snippet:-1, max-image-preview:large, max-video-preview:-1\" \/>\n<link rel=\"canonical\" href=\"http:\/\/bardelconvent.com\/de\/zuverlaessige-hookup-apps-zum-finden-von-sex\/\" \/>\n<meta property=\"og:locale\" content=\"de_DE\" \/>\n<meta property=\"og:type\" content=\"article\" \/>\n<meta property=\"og:title\" content=\"Zuverl\u00e4ssige Hookup-Apps zum Finden von Sex - Hookup Liebe\" \/>\n<meta property=\"og:description\" content=\"Online-Dating ist so allt\u00e4glich geworden, dass es fast wie eine allt\u00e4gliche Sache erscheint. Egal, ob Sie nach Liebe suchen oder einfach nur nach\" \/>\n<meta property=\"og:url\" content=\"http:\/\/bardelconvent.com\/de\/zuverlaessige-hookup-apps-zum-finden-von-sex\/\" \/>\n<meta property=\"og:site_name\" content=\"Hookup Liebe\" \/>\n<meta property=\"article:modified_time\" content=\"2022-09-08T13:25:29+00:00\" \/>\n<meta name=\"author\" content=\"Dating Expert\" \/>\n<meta name=\"twitter:card\" content=\"summary_large_image\" \/>\n<meta name=\"twitter:label1\" content=\"Gesch\u00e4tzte Lesezeit\" \/>\n\t<meta name=\"twitter:data1\" content=\"3\u00a0Minuten\" \/>\n<script type=\"application\/ld+json\" class=\"yoast-schema-graph\">{\"@context\":\"https:\/\/schema.org\",\"@graph\":[{\"@type\":\"WebSite\",\"@id\":\"http:\/\/bardelconvent.com\/de\/#website\",\"url\":\"http:\/\/bardelconvent.com\/de\/\",\"name\":\"Hookup Liebe\",\"description\":\"Dating &amp; Beziehungen\",\"potentialAction\":[{\"@type\":\"SearchAction\",\"target\":{\"@type\":\"EntryPoint\",\"urlTemplate\":\"http:\/\/bardelconvent.com\/de\/?s={search_term_string}\"},\"query-input\":\"required name=search_term_string\"}],\"inLanguage\":\"de\"},{\"@type\":\"WebPage\",\"@id\":\"http:\/\/bardelconvent.com\/de\/zuverlaessige-hookup-apps-zum-finden-von-sex\/#webpage\",\"url\":\"http:\/\/bardelconvent.com\/de\/zuverlaessige-hookup-apps-zum-finden-von-sex\/\",\"name\":\"Zuverl\u00e4ssige Hookup-Apps zum Finden von Sex - Hookup Liebe\",\"isPartOf\":{\"@id\":\"http:\/\/bardelconvent.com\/de\/#website\"},\"datePublished\":\"2022-07-08T11:21:20+00:00\",\"dateModified\":\"2022-09-08T13:25:29+00:00\",\"breadcrumb\":{\"@id\":\"http:\/\/bardelconvent.com\/de\/zuverlaessige-hookup-apps-zum-finden-von-sex\/#breadcrumb\"},\"inLanguage\":\"de\",\"potentialAction\":[{\"@type\":\"ReadAction\",\"target\":[\"http:\/\/bardelconvent.com\/de\/zuverlaessige-hookup-apps-zum-finden-von-sex\/\"]}]},{\"@type\":\"BreadcrumbList\",\"@id\":\"http:\/\/bardelconvent.com\/de\/zuverlaessige-hookup-apps-zum-finden-von-sex\/#breadcrumb\",\"itemListElement\":[{\"@type\":\"ListItem\",\"position\":1,\"name\":\"Heim\",\"item\":\"http:\/\/bardelconvent.com\/de\/\"},{\"@type\":\"ListItem\",\"position\":2,\"name\":\"Zuverl\u00e4ssige Hookup-Apps zum Finden von Sex\"}]}]}<\/script>\n<!-- \/ Yoast SEO plugin. -->","yoast_head_json":{"title":"Zuverl\u00e4ssige Hookup-Apps zum Finden von Sex - Hookup Liebe","robots":{"index":"index","follow":"follow","max-snippet":"max-snippet:-1","max-image-preview":"max-image-preview:large","max-video-preview":"max-video-preview:-1"},"canonical":"http:\/\/bardelconvent.com\/de\/zuverlaessige-hookup-apps-zum-finden-von-sex\/","og_locale":"de_DE","og_type":"article","og_title":"Zuverl\u00e4ssige Hookup-Apps zum Finden von Sex - Hookup Liebe","og_description":"Online-Dating ist so allt\u00e4glich geworden, dass es fast wie eine allt\u00e4gliche Sache erscheint. Egal, ob Sie nach Liebe suchen oder einfach nur nach","og_url":"http:\/\/bardelconvent.com\/de\/zuverlaessige-hookup-apps-zum-finden-von-sex\/","og_site_name":"Hookup Liebe","article_modified_time":"2022-09-08T13:25:29+00:00","author":"Dating Expert","twitter_card":"summary_large_image","twitter_misc":{"Gesch\u00e4tzte Lesezeit":"3\u00a0Minuten"},"schema":{"@context":"https:\/\/schema.org","@graph":[{"@type":"WebSite","@id":"http:\/\/bardelconvent.com\/de\/#website","url":"http:\/\/bardelconvent.com\/de\/","name":"Hookup Liebe","description":"Dating &amp; Beziehungen","potentialAction":[{"@type":"SearchAction","target":{"@type":"EntryPoint","urlTemplate":"http:\/\/bardelconvent.com\/de\/?s={search_term_string}"},"query-input":"required name=search_term_string"}],"inLanguage":"de"},{"@type":"WebPage","@id":"http:\/\/bardelconvent.com\/de\/zuverlaessige-hookup-apps-zum-finden-von-sex\/#webpage","url":"http:\/\/bardelconvent.com\/de\/zuverlaessige-hookup-apps-zum-finden-von-sex\/","name":"Zuverl\u00e4ssige Hookup-Apps zum Finden von Sex - Hookup Liebe","isPartOf":{"@id":"http:\/\/bardelconvent.com\/de\/#website"},"datePublished":"2022-07-08T11:21:20+00:00","dateModified":"2022-09-08T13:25:29+00:00","breadcrumb":{"@id":"http:\/\/bardelconvent.com\/de\/zuverlaessige-hookup-apps-zum-finden-von-sex\/#breadcrumb"},"inLanguage":"de","potentialAction":[{"@type":"ReadAction","target":["http:\/\/bardelconvent.com\/de\/zuverlaessige-hookup-apps-zum-finden-von-sex\/"]}]},{"@type":"BreadcrumbList","@id":"http:\/\/bardelconvent.com\/de\/zuverlaessige-hookup-apps-zum-finden-von-sex\/#breadcrumb","itemListElement":[{"@type":"ListItem","position":1,"name":"Heim","item":"http:\/\/bardelconvent.com\/de\/"},{"@type":"ListItem","position":2,"name":"Zuverl\u00e4ssige Hookup-Apps zum Finden von Sex"}]}]}},"_links":{"self":[{"href":"http:\/\/bardelconvent.com\/de\/wp-json\/wp\/v2\/pages\/200"}],"collection":[{"href":"http:\/\/bardelconvent.com\/de\/wp-json\/wp\/v2\/pages"}],"about":[{"href":"http:\/\/bardelconvent.com\/de\/wp-json\/wp\/v2\/types\/page"}],"author":[{"embeddable":true,"href":"http:\/\/bardelconvent.com\/de\/wp-json\/wp\/v2\/users\/1"}],"replies":[{"embeddable":true,"href":"http:\/\/bardelconvent.com\/de\/wp-json\/wp\/v2\/comments?post=200"}],"version-history":[{"count":2,"href":"http:\/\/bardelconvent.com\/de\/wp-json\/wp\/v2\/pages\/200\/revisions"}],"predecessor-version":[{"id":275,"href":"http:\/\/bardelconvent.com\/de\/wp-json\/wp\/v2\/pages\/200\/revisions\/275"}],"wp:attachment":[{"href":"http:\/\/bardelconvent.com\/de\/wp-json\/wp\/v2\/media?parent=200"}],"curies":[{"name":"wp","href":"https:\/\/api.w.org\/{rel}","templated":true}]}}