{"id":217,"date":"2022-07-08T12:05:25","date_gmt":"2022-07-08T11:05:25","guid":{"rendered":"http:\/\/bardelconvent.com\/kostenlose-sex-chat-webseiten\/"},"modified":"2022-08-15T20:05:33","modified_gmt":"2022-08-15T19:05:33","slug":"kostenlose-sex-chat-webseiten","status":"publish","type":"page","link":"http:\/\/bardelconvent.com\/de\/kostenlose-sex-chat-webseiten\/","title":{"rendered":"Kostenlose Sex Chat Webseiten"},"content":{"rendered":"<p>Die meisten Leute werden Ihnen sagen, dass Sie Bar-Hopping gehen oder lokale <a href=\"https:\/\/www.fucklocals.org\/de\/fuck-chat-seiten\/\">fick seiten<\/a> verwenden sollen. Aber diese Optionen sind nicht sehr effektiv. Sie k\u00f6nnten viel Geld und Zeit damit verbringen, jede Nacht auszugehen, oder Sie k\u00f6nnten einfach eine der vielen lokalen Hookup-Websites verwenden, die heute verf\u00fcgbar sind. Diese Websites bieten die gleichen Funktionen wie andere Dating-Sites, aber sie haben auch Tausende von Mitgliedern, die Spa\u00df suchen. H\u00f6ren Sie also auf, unterdurchschnittliche Websites zu verwenden, und probieren Sie einen dieser Dienste aus!<\/p>\n<p>Es scheint, dass das Hauptproblem mit <a href=\"http:\/\/bardelconvent.com\/de\/warum-online-dating-apps-fuer-sie-funktionieren-koennten\/\">Online-Dating-Sites<\/a> darin besteht, dass sie nicht sehr effektiv sind. Sie k\u00f6nnen sehen, warum \u2013 sie bieten viele M\u00f6glichkeiten, aber auch viele Probleme.<\/p>\n<ul>\n<li>Zun\u00e4chst einmal bedeutet die Tatsache, dass Sie nicht sehen k\u00f6nnen, was andere Benutzer auf der Website tun, dass Sie nie wissen werden, ob jemand anderes an Ihnen interessiert ist.<\/li>\n<li>Zweitens, wenn Sie Menschen im wirklichen Leben treffen, m\u00fcssen Sie auf ihr Aussehen und Verhalten achten, sonst k\u00f6nnen Sie entt\u00e4uscht werden, wenn Sie sie tats\u00e4chlich treffen.<\/li>\n<li>Drittens <a href=\"http:\/\/bardelconvent.com\/de\/funktioniert-blind-dating\/\">sind Online-Dating-Sites oft voll von gef\u00e4lschten Profilen<\/a>. Wenn Sie ein M\u00e4dchen \u00fcber eine Online-Plattform treffen, sollten Sie ihr Profil sorgf\u00e4ltig \u00fcberpr\u00fcfen, bevor Sie ihr Ihre Telefonnummer geben. Schlie\u00dflich sind viele Online-Dating-Sites nur Betr\u00fcgereien. Sie versprechen viel, liefern aber nichts. Zusammenfassend l\u00e4sst sich also sagen, dass Online-Dating eine gro\u00dfartige Idee ist, aber keine perfekte.<\/li>\n<\/ul>\n<h2>Sex-Chat-R\u00e4ume<\/h2>\n<p>Sex-Chat-Sites sind Websites, auf denen sich <a href=\"https:\/\/www.sextchat.net\/de\/nutaku-hentai-bewertung\/\">nutaku hentai<\/a>, um sexuelle Themen zu diskutieren. Es gibt viele verschiedene Arten von Sex-Chat-Sites, einschlie\u00dflich Nischenseiten wie BBW oder BDSM. Einige dieser Websites erm\u00f6glichen es Mitgliedern, Bilder und Videos von sich selbst hochzuladen, w\u00e4hrend andere erfordern, dass Benutzer Nachrichten \u00fcber Text- oder Instant Messaging-Programme senden.<\/p>\n<ul>\n<li>Viele Sex-Chat-Sites bieten Live-Video-Chats an, mit denen sich Mitglieder vor der Webcam sehen k\u00f6nnen.<\/li>\n<li>Sex-Chat-Sites sind ein ausgezeichneter Ort, um neue Leute kennenzulernen.<\/li>\n<li>Gute Wahl zum Anschlie\u00dfen<\/li>\n<\/ul>\n<p>Sind Sie auf der Suche nach etwas Spa\u00df heute Abend? Bist du es leid, allein zu sein auf <a href=\"http:\/\/www.adult-dating.net\/de\/heisse-milf-in-meiner-naehe\/\">milfs in der n\u00e4he<\/a>. Dann probieren Sie Sex-Chatrooms aus, in denen Sie neue Leute aus der ganzen Welt treffen k\u00f6nnen! Wir sind sicher, dass Sie hier jemanden Besonderen finden werden.<\/p>\n<p>Diese Apps haben Tausende von Mitgliedern aus der ganzen Welt, darunter die USA, Gro\u00dfbritannien, Kanada, Australien, Neuseeland, Europa, Asien und Afrika. Wenn Sie also nach einem Ort suchen, an dem Sie sich mit anderen verbinden k\u00f6nnen, dann kommen Sie jetzt zu uns.<\/p>\n<p>Die Verwendung dieser Website bietet viele Vorteile. Erstens ist es v\u00f6llig kostenlos, so dass es nichts zu verlieren gibt. Zweitens k\u00f6nnen Sie w\u00e4hlen, ob Sie eine Webcam oder nur textbasierte Chats verwenden m\u00f6chten. Wenn Sie es vorziehen, eine Webcam zu verwenden, k\u00f6nnen Sie dies tun, indem Sie einfach auf die Schaltfl\u00e4che &#8222;Video-Chat&#8220; klicken. Dadurch \u00f6ffnet sich ein Fenster, in dem Sie Ihren Partner live sehen k\u00f6nnen. Sie k\u00f6nnen mit ihnen sprechen, ihnen Fragen stellen und sogar Bilder mit ihnen teilen.<\/p>\n<p>Worauf warten Sie also noch? Melden Sie sich jetzt an und lernen Sie neue Freunde kennen!<\/p>\n","protected":false},"excerpt":{"rendered":"<p>Die meisten Leute werden Ihnen sagen, dass Sie Bar-Hopping gehen oder lokale fick seiten verwenden sollen. Aber diese Optionen sind nicht sehr effektiv. <\/p>\n","protected":false},"author":1,"featured_media":117,"parent":0,"menu_order":0,"comment_status":"closed","ping_status":"closed","template":"","meta":[],"yoast_head":"<!-- This site is optimized with the Yoast SEO plugin v19.2 - https:\/\/yoast.com\/wordpress\/plugins\/seo\/ -->\n<title>Kostenlose Sex Chat Webseiten - Hookup Liebe<\/title>\n<meta name=\"robots\" content=\"index, follow, max-snippet:-1, max-image-preview:large, max-video-preview:-1\" \/>\n<link rel=\"canonical\" href=\"http:\/\/bardelconvent.com\/de\/kostenlose-sex-chat-webseiten\/\" \/>\n<meta property=\"og:locale\" content=\"de_DE\" \/>\n<meta property=\"og:type\" content=\"article\" \/>\n<meta property=\"og:title\" content=\"Kostenlose Sex Chat Webseiten - Hookup Liebe\" \/>\n<meta property=\"og:description\" content=\"Die meisten Leute werden Ihnen sagen, dass Sie Bar-Hopping gehen oder lokale fick seiten verwenden sollen. Aber diese Optionen sind nicht sehr effektiv.\" \/>\n<meta property=\"og:url\" content=\"http:\/\/bardelconvent.com\/de\/kostenlose-sex-chat-webseiten\/\" \/>\n<meta property=\"og:site_name\" content=\"Hookup Liebe\" \/>\n<meta property=\"article:modified_time\" content=\"2022-08-15T19:05:33+00:00\" \/>\n<meta property=\"og:image\" content=\"https:\/\/bardelconvent.com\/wp-content\/uploads\/2022\/07\/join-now.jpeg\" \/>\n\t<meta property=\"og:image:width\" content=\"2250\" \/>\n\t<meta property=\"og:image:height\" content=\"1500\" \/>\n\t<meta property=\"og:image:type\" content=\"image\/jpeg\" \/>\n<meta name=\"author\" content=\"Dating Expert\" \/>\n<meta name=\"twitter:card\" content=\"summary_large_image\" \/>\n<meta name=\"twitter:label1\" content=\"Gesch\u00e4tzte Lesezeit\" \/>\n\t<meta name=\"twitter:data1\" content=\"3\u00a0Minuten\" \/>\n<script type=\"application\/ld+json\" class=\"yoast-schema-graph\">{\"@context\":\"https:\/\/schema.org\",\"@graph\":[{\"@type\":\"WebSite\",\"@id\":\"http:\/\/bardelconvent.com\/de\/#website\",\"url\":\"http:\/\/bardelconvent.com\/de\/\",\"name\":\"Hookup Liebe\",\"description\":\"Dating &amp; Beziehungen\",\"potentialAction\":[{\"@type\":\"SearchAction\",\"target\":{\"@type\":\"EntryPoint\",\"urlTemplate\":\"http:\/\/bardelconvent.com\/de\/?s={search_term_string}\"},\"query-input\":\"required name=search_term_string\"}],\"inLanguage\":\"de\"},{\"@type\":\"ImageObject\",\"inLanguage\":\"de\",\"@id\":\"http:\/\/bardelconvent.com\/de\/kostenlose-sex-chat-webseiten\/#primaryimage\",\"url\":\"http:\/\/bardelconvent.com\/wp-content\/uploads\/2022\/07\/join-now.jpeg\",\"contentUrl\":\"http:\/\/bardelconvent.com\/wp-content\/uploads\/2022\/07\/join-now.jpeg\",\"width\":2250,\"height\":1500},{\"@type\":\"WebPage\",\"@id\":\"http:\/\/bardelconvent.com\/de\/kostenlose-sex-chat-webseiten\/#webpage\",\"url\":\"http:\/\/bardelconvent.com\/de\/kostenlose-sex-chat-webseiten\/\",\"name\":\"Kostenlose Sex Chat Webseiten - Hookup Liebe\",\"isPartOf\":{\"@id\":\"http:\/\/bardelconvent.com\/de\/#website\"},\"primaryImageOfPage\":{\"@id\":\"http:\/\/bardelconvent.com\/de\/kostenlose-sex-chat-webseiten\/#primaryimage\"},\"datePublished\":\"2022-07-08T11:05:25+00:00\",\"dateModified\":\"2022-08-15T19:05:33+00:00\",\"breadcrumb\":{\"@id\":\"http:\/\/bardelconvent.com\/de\/kostenlose-sex-chat-webseiten\/#breadcrumb\"},\"inLanguage\":\"de\",\"potentialAction\":[{\"@type\":\"ReadAction\",\"target\":[\"http:\/\/bardelconvent.com\/de\/kostenlose-sex-chat-webseiten\/\"]}]},{\"@type\":\"BreadcrumbList\",\"@id\":\"http:\/\/bardelconvent.com\/de\/kostenlose-sex-chat-webseiten\/#breadcrumb\",\"itemListElement\":[{\"@type\":\"ListItem\",\"position\":1,\"name\":\"Heim\",\"item\":\"http:\/\/bardelconvent.com\/de\/\"},{\"@type\":\"ListItem\",\"position\":2,\"name\":\"Kostenlose Sex Chat Webseiten\"}]}]}<\/script>\n<!-- \/ Yoast SEO plugin. -->","yoast_head_json":{"title":"Kostenlose Sex Chat Webseiten - Hookup Liebe","robots":{"index":"index","follow":"follow","max-snippet":"max-snippet:-1","max-image-preview":"max-image-preview:large","max-video-preview":"max-video-preview:-1"},"canonical":"http:\/\/bardelconvent.com\/de\/kostenlose-sex-chat-webseiten\/","og_locale":"de_DE","og_type":"article","og_title":"Kostenlose Sex Chat Webseiten - Hookup Liebe","og_description":"Die meisten Leute werden Ihnen sagen, dass Sie Bar-Hopping gehen oder lokale fick seiten verwenden sollen. Aber diese Optionen sind nicht sehr effektiv.","og_url":"http:\/\/bardelconvent.com\/de\/kostenlose-sex-chat-webseiten\/","og_site_name":"Hookup Liebe","article_modified_time":"2022-08-15T19:05:33+00:00","og_image":[{"width":2250,"height":1500,"url":"https:\/\/bardelconvent.com\/wp-content\/uploads\/2022\/07\/join-now.jpeg","type":"image\/jpeg"}],"author":"Dating Expert","twitter_card":"summary_large_image","twitter_misc":{"Gesch\u00e4tzte Lesezeit":"3\u00a0Minuten"},"schema":{"@context":"https:\/\/schema.org","@graph":[{"@type":"WebSite","@id":"http:\/\/bardelconvent.com\/de\/#website","url":"http:\/\/bardelconvent.com\/de\/","name":"Hookup Liebe","description":"Dating &amp; Beziehungen","potentialAction":[{"@type":"SearchAction","target":{"@type":"EntryPoint","urlTemplate":"http:\/\/bardelconvent.com\/de\/?s={search_term_string}"},"query-input":"required name=search_term_string"}],"inLanguage":"de"},{"@type":"ImageObject","inLanguage":"de","@id":"http:\/\/bardelconvent.com\/de\/kostenlose-sex-chat-webseiten\/#primaryimage","url":"http:\/\/bardelconvent.com\/wp-content\/uploads\/2022\/07\/join-now.jpeg","contentUrl":"http:\/\/bardelconvent.com\/wp-content\/uploads\/2022\/07\/join-now.jpeg","width":2250,"height":1500},{"@type":"WebPage","@id":"http:\/\/bardelconvent.com\/de\/kostenlose-sex-chat-webseiten\/#webpage","url":"http:\/\/bardelconvent.com\/de\/kostenlose-sex-chat-webseiten\/","name":"Kostenlose Sex Chat Webseiten - Hookup Liebe","isPartOf":{"@id":"http:\/\/bardelconvent.com\/de\/#website"},"primaryImageOfPage":{"@id":"http:\/\/bardelconvent.com\/de\/kostenlose-sex-chat-webseiten\/#primaryimage"},"datePublished":"2022-07-08T11:05:25+00:00","dateModified":"2022-08-15T19:05:33+00:00","breadcrumb":{"@id":"http:\/\/bardelconvent.com\/de\/kostenlose-sex-chat-webseiten\/#breadcrumb"},"inLanguage":"de","potentialAction":[{"@type":"ReadAction","target":["http:\/\/bardelconvent.com\/de\/kostenlose-sex-chat-webseiten\/"]}]},{"@type":"BreadcrumbList","@id":"http:\/\/bardelconvent.com\/de\/kostenlose-sex-chat-webseiten\/#breadcrumb","itemListElement":[{"@type":"ListItem","position":1,"name":"Heim","item":"http:\/\/bardelconvent.com\/de\/"},{"@type":"ListItem","position":2,"name":"Kostenlose Sex Chat Webseiten"}]}]}},"_links":{"self":[{"href":"http:\/\/bardelconvent.com\/de\/wp-json\/wp\/v2\/pages\/217"}],"collection":[{"href":"http:\/\/bardelconvent.com\/de\/wp-json\/wp\/v2\/pages"}],"about":[{"href":"http:\/\/bardelconvent.com\/de\/wp-json\/wp\/v2\/types\/page"}],"author":[{"embeddable":true,"href":"http:\/\/bardelconvent.com\/de\/wp-json\/wp\/v2\/users\/1"}],"replies":[{"embeddable":true,"href":"http:\/\/bardelconvent.com\/de\/wp-json\/wp\/v2\/comments?post=217"}],"version-history":[{"count":1,"href":"http:\/\/bardelconvent.com\/de\/wp-json\/wp\/v2\/pages\/217\/revisions"}],"predecessor-version":[{"id":269,"href":"http:\/\/bardelconvent.com\/de\/wp-json\/wp\/v2\/pages\/217\/revisions\/269"}],"wp:featuredmedia":[{"embeddable":true,"href":"http:\/\/bardelconvent.com\/de\/wp-json\/wp\/v2\/media\/117"}],"wp:attachment":[{"href":"http:\/\/bardelconvent.com\/de\/wp-json\/wp\/v2\/media?parent=217"}],"curies":[{"name":"wp","href":"https:\/\/api.w.org\/{rel}","templated":true}]}}