{"id":191,"date":"2022-07-08T12:27:59","date_gmt":"2022-07-08T11:27:59","guid":{"rendered":"http:\/\/bardelconvent.com\/funcionan-las-citas-a-ciegas\/"},"modified":"2022-07-08T12:27:59","modified_gmt":"2022-07-08T11:27:59","slug":"funcionan-las-citas-a-ciegas","status":"publish","type":"page","link":"http:\/\/bardelconvent.com\/es\/funcionan-las-citas-a-ciegas\/","title":{"rendered":"\u00bfFuncionan las citas a ciegas?"},"content":{"rendered":"<p>Las citas a ciegas son una excelente manera de conocer a personas que comparten <a href=\"http:\/\/bardelconvent.com\/es\/aplicaciones-de-conexion-confiables-para-encontrar-sexo\/\">intereses similares<\/a>. Este tipo de citas a menudo se conoce como citas r\u00e1pidas porque no hay un lugar o hora de reuni\u00f3n preestablecido.<\/p>\n<p>En cambio, las citas a ciegas tienen lugar en un lugar p\u00fablico donde los solteros pueden acercarse el uno al otro y entablar una conversaci\u00f3n. El objetivo es encontrar una coincidencia compatible en 30 minutos.<\/p>\n<p>Las citas r\u00e1pidas son populares entre los solteros que buscan una cita r\u00e1pida. Sin embargo, las citas a ciegas son ideales para aquellos que prefieren conocer gente org\u00e1nicamente.<\/p>\n<h2>\u00bfEs para ti?<\/h2>\n<p>Si no est\u00e1 particularmente preocupado por su propia seguridad, es posible que desee considerar ir a una cita a ciegas.<\/p>\n<p>Puede ayudar a garantizar que su cita se sienta segura y c\u00f3moda sugiriendo <a href=\"http:\/\/bardelconvent.com\/es\/senales-de-que-a-una-chica-le-gustas-en-linea\/\">reunirse en un lugar p\u00fablico<\/a>, como una cafeter\u00eda o un restaurante. Y mientras planificas, trata de mantenerlo en una actividad para que haya una salida m\u00e1s f\u00e1cil si tu cita no se siente bien. Haga menos preguntas que podr\u00edan hacer que alguien se sienta inc\u00f3modo o sospechoso acerca de sus intenciones. Si hablas de tus intereses, pasatiempos, carrera o bandas favoritas, ambos podr\u00e1n conectarse a un nivel m\u00e1s profundo.<\/p>\n<p>No bajes la guardia. Tenga cuidado con qui\u00e9n se encuentra en l\u00ednea. Si crees que algo no est\u00e1 bien, entonces probablemente no lo est\u00e9. Si alguna vez has tenido un mensaje de ex despu\u00e9s de que se separaron, entonces sabes a lo que me refiero. Tu instinto generalmente te dir\u00e1 si algo se siente mal. Siempre verifique las referencias antes de conocer a alguien en la vida real. Y nunca proporcione informaci\u00f3n personal como su direcci\u00f3n, n\u00famero de tel\u00e9fono o apellido.<\/p>\n<h2>Alternativas de citas a ciegas<\/h2>\n<p>\u00bfAlguna vez has estado en un sitio de citas en l\u00ednea? \u00bfC\u00f3mo te sentiste al respecto? \u00bfTe sentiste seguro? Si a\u00fan no ha probado las citas en l\u00ednea, entonces leer nuestro acerca de los mejores sitios de citas en l\u00ednea realmente podr\u00eda ayudarlo.<\/p>\n<p>Aplicaciones como Tinder y Bumble permiten a los usuarios deslizar hacia la derecha o hacia la izquierda en las fotos de otros usuarios para ver si est\u00e1n interesados en ellas. Pero si bien las aplicaciones pueden parecer inofensivas, existen serios riesgos asociados con su uso para conocer a alguien nuevo.<\/p>\n<p>Una vez que haya encontrado a su pareja, deber\u00e1 conocerlo mejor antes de poder comenzar a hablar. Eso significa intercambiar mensajes, llamarse unos a otros y, finalmente, planificar fechas. Todo eso requiere tiempo y esfuerzo. Entonces, \u00bfpor qu\u00e9 no omitir al intermediario y cortar directamente a la diversi\u00f3n?<\/p>\n","protected":false},"excerpt":{"rendered":"<p>Las citas a ciegas son una excelente manera de conocer a personas que comparten intereses similares. Este tipo de citas a menudo se <\/p>\n","protected":false},"author":1,"featured_media":160,"parent":0,"menu_order":0,"comment_status":"closed","ping_status":"closed","template":"","meta":[],"yoast_head":"<!-- This site is optimized with the Yoast SEO plugin v19.2 - https:\/\/yoast.com\/wordpress\/plugins\/seo\/ -->\n<title>\u00bfFuncionan las citas a ciegas? - Amor de conexi\u00f3n<\/title>\n<meta name=\"robots\" content=\"index, follow, max-snippet:-1, max-image-preview:large, max-video-preview:-1\" \/>\n<link rel=\"canonical\" href=\"http:\/\/bardelconvent.com\/es\/funcionan-las-citas-a-ciegas\/\" \/>\n<meta property=\"og:locale\" content=\"es_ES\" \/>\n<meta property=\"og:type\" content=\"article\" \/>\n<meta property=\"og:title\" content=\"\u00bfFuncionan las citas a ciegas? - Amor de conexi\u00f3n\" \/>\n<meta property=\"og:description\" content=\"Las citas a ciegas son una excelente manera de conocer a personas que comparten intereses similares. Este tipo de citas a menudo se\" \/>\n<meta property=\"og:url\" content=\"http:\/\/bardelconvent.com\/es\/funcionan-las-citas-a-ciegas\/\" \/>\n<meta property=\"og:site_name\" content=\"Amor de conexi\u00f3n\" \/>\n<meta property=\"og:image\" content=\"http:\/\/bardelconvent.com\/wp-content\/uploads\/2022\/07\/casual-sex-hookups.jpg\" \/>\n\t<meta property=\"og:image:width\" content=\"500\" \/>\n\t<meta property=\"og:image:height\" content=\"333\" \/>\n\t<meta property=\"og:image:type\" content=\"image\/jpeg\" \/>\n<meta name=\"author\" content=\"Dating Expert\" \/>\n<meta name=\"twitter:card\" content=\"summary_large_image\" \/>\n<meta name=\"twitter:label1\" content=\"Tiempo de lectura\" \/>\n\t<meta name=\"twitter:data1\" content=\"2 minutos\" \/>\n<script type=\"application\/ld+json\" class=\"yoast-schema-graph\">{\"@context\":\"https:\/\/schema.org\",\"@graph\":[{\"@type\":\"WebSite\",\"@id\":\"http:\/\/bardelconvent.com\/de\/#website\",\"url\":\"http:\/\/bardelconvent.com\/de\/\",\"name\":\"Amor de conexi\u00f3n\",\"description\":\"Citas y relaciones\",\"potentialAction\":[{\"@type\":\"SearchAction\",\"target\":{\"@type\":\"EntryPoint\",\"urlTemplate\":\"http:\/\/bardelconvent.com\/de\/?s={search_term_string}\"},\"query-input\":\"required name=search_term_string\"}],\"inLanguage\":\"es\"},{\"@type\":\"ImageObject\",\"inLanguage\":\"es\",\"@id\":\"http:\/\/bardelconvent.com\/es\/funcionan-las-citas-a-ciegas\/#primaryimage\",\"url\":\"http:\/\/bardelconvent.com\/wp-content\/uploads\/2022\/07\/casual-sex-hookups.jpg\",\"contentUrl\":\"http:\/\/bardelconvent.com\/wp-content\/uploads\/2022\/07\/casual-sex-hookups.jpg\",\"width\":500,\"height\":333},{\"@type\":\"WebPage\",\"@id\":\"http:\/\/bardelconvent.com\/es\/funcionan-las-citas-a-ciegas\/#webpage\",\"url\":\"http:\/\/bardelconvent.com\/es\/funcionan-las-citas-a-ciegas\/\",\"name\":\"\u00bfFuncionan las citas a ciegas? - Amor de conexi\u00f3n\",\"isPartOf\":{\"@id\":\"http:\/\/bardelconvent.com\/de\/#website\"},\"primaryImageOfPage\":{\"@id\":\"http:\/\/bardelconvent.com\/es\/funcionan-las-citas-a-ciegas\/#primaryimage\"},\"datePublished\":\"2022-07-08T11:27:59+00:00\",\"dateModified\":\"2022-07-08T11:27:59+00:00\",\"breadcrumb\":{\"@id\":\"http:\/\/bardelconvent.com\/es\/funcionan-las-citas-a-ciegas\/#breadcrumb\"},\"inLanguage\":\"es\",\"potentialAction\":[{\"@type\":\"ReadAction\",\"target\":[\"http:\/\/bardelconvent.com\/es\/funcionan-las-citas-a-ciegas\/\"]}]},{\"@type\":\"BreadcrumbList\",\"@id\":\"http:\/\/bardelconvent.com\/es\/funcionan-las-citas-a-ciegas\/#breadcrumb\",\"itemListElement\":[{\"@type\":\"ListItem\",\"position\":1,\"name\":\"Hogar\",\"item\":\"https:\/\/bardelconvent.com\/es\/\"},{\"@type\":\"ListItem\",\"position\":2,\"name\":\"\u00bfFuncionan las citas a ciegas?\"}]}]}<\/script>\n<!-- \/ Yoast SEO plugin. -->","yoast_head_json":{"title":"\u00bfFuncionan las citas a ciegas? - Amor de conexi\u00f3n","robots":{"index":"index","follow":"follow","max-snippet":"max-snippet:-1","max-image-preview":"max-image-preview:large","max-video-preview":"max-video-preview:-1"},"canonical":"http:\/\/bardelconvent.com\/es\/funcionan-las-citas-a-ciegas\/","og_locale":"es_ES","og_type":"article","og_title":"\u00bfFuncionan las citas a ciegas? - Amor de conexi\u00f3n","og_description":"Las citas a ciegas son una excelente manera de conocer a personas que comparten intereses similares. Este tipo de citas a menudo se","og_url":"http:\/\/bardelconvent.com\/es\/funcionan-las-citas-a-ciegas\/","og_site_name":"Amor de conexi\u00f3n","og_image":[{"width":500,"height":333,"url":"http:\/\/bardelconvent.com\/wp-content\/uploads\/2022\/07\/casual-sex-hookups.jpg","type":"image\/jpeg"}],"author":"Dating Expert","twitter_card":"summary_large_image","twitter_misc":{"Tiempo de lectura":"2 minutos"},"schema":{"@context":"https:\/\/schema.org","@graph":[{"@type":"WebSite","@id":"http:\/\/bardelconvent.com\/de\/#website","url":"http:\/\/bardelconvent.com\/de\/","name":"Amor de conexi\u00f3n","description":"Citas y relaciones","potentialAction":[{"@type":"SearchAction","target":{"@type":"EntryPoint","urlTemplate":"http:\/\/bardelconvent.com\/de\/?s={search_term_string}"},"query-input":"required name=search_term_string"}],"inLanguage":"es"},{"@type":"ImageObject","inLanguage":"es","@id":"http:\/\/bardelconvent.com\/es\/funcionan-las-citas-a-ciegas\/#primaryimage","url":"http:\/\/bardelconvent.com\/wp-content\/uploads\/2022\/07\/casual-sex-hookups.jpg","contentUrl":"http:\/\/bardelconvent.com\/wp-content\/uploads\/2022\/07\/casual-sex-hookups.jpg","width":500,"height":333},{"@type":"WebPage","@id":"http:\/\/bardelconvent.com\/es\/funcionan-las-citas-a-ciegas\/#webpage","url":"http:\/\/bardelconvent.com\/es\/funcionan-las-citas-a-ciegas\/","name":"\u00bfFuncionan las citas a ciegas? - Amor de conexi\u00f3n","isPartOf":{"@id":"http:\/\/bardelconvent.com\/de\/#website"},"primaryImageOfPage":{"@id":"http:\/\/bardelconvent.com\/es\/funcionan-las-citas-a-ciegas\/#primaryimage"},"datePublished":"2022-07-08T11:27:59+00:00","dateModified":"2022-07-08T11:27:59+00:00","breadcrumb":{"@id":"http:\/\/bardelconvent.com\/es\/funcionan-las-citas-a-ciegas\/#breadcrumb"},"inLanguage":"es","potentialAction":[{"@type":"ReadAction","target":["http:\/\/bardelconvent.com\/es\/funcionan-las-citas-a-ciegas\/"]}]},{"@type":"BreadcrumbList","@id":"http:\/\/bardelconvent.com\/es\/funcionan-las-citas-a-ciegas\/#breadcrumb","itemListElement":[{"@type":"ListItem","position":1,"name":"Hogar","item":"https:\/\/bardelconvent.com\/es\/"},{"@type":"ListItem","position":2,"name":"\u00bfFuncionan las citas a ciegas?"}]}]}},"_links":{"self":[{"href":"http:\/\/bardelconvent.com\/es\/wp-json\/wp\/v2\/pages\/191"}],"collection":[{"href":"http:\/\/bardelconvent.com\/es\/wp-json\/wp\/v2\/pages"}],"about":[{"href":"http:\/\/bardelconvent.com\/es\/wp-json\/wp\/v2\/types\/page"}],"author":[{"embeddable":true,"href":"http:\/\/bardelconvent.com\/es\/wp-json\/wp\/v2\/users\/1"}],"replies":[{"embeddable":true,"href":"http:\/\/bardelconvent.com\/es\/wp-json\/wp\/v2\/comments?post=191"}],"version-history":[{"count":0,"href":"http:\/\/bardelconvent.com\/es\/wp-json\/wp\/v2\/pages\/191\/revisions"}],"wp:featuredmedia":[{"embeddable":true,"href":"http:\/\/bardelconvent.com\/es\/wp-json\/wp\/v2\/media\/160"}],"wp:attachment":[{"href":"http:\/\/bardelconvent.com\/es\/wp-json\/wp\/v2\/media?parent=191"}],"curies":[{"name":"wp","href":"https:\/\/api.w.org\/{rel}","templated":true}]}}