{"id":202,"date":"2022-07-08T12:19:13","date_gmt":"2022-07-08T11:19:13","guid":{"rendered":"http:\/\/bardelconvent.com\/senales-de-que-a-una-chica-le-gustas-en-linea\/"},"modified":"2022-08-15T18:00:35","modified_gmt":"2022-08-15T17:00:35","slug":"senales-de-que-a-una-chica-le-gustas-en-linea","status":"publish","type":"page","link":"http:\/\/bardelconvent.com\/es\/senales-de-que-a-una-chica-le-gustas-en-linea\/","title":{"rendered":"\u00bfSe\u00f1ales de que a una chica le gustas en l\u00ednea?"},"content":{"rendered":"<p>Enviar mensajes de texto a las chicas es una experiencia interesante y <a href=\"https:\/\/www.fucklocals.org\/es\/sitios-de-cam-2-cam\/\">cam2cam<\/a>. Puedes obtener pistas sobre c\u00f3mo se sienten realmente acerca de ti en sus textos. Prestar mucha atenci\u00f3n a qu\u00e9, cu\u00e1ndo y c\u00f3mo te env\u00edan mensajes de texto te ayudar\u00e1 a entenderlos mejor.<\/p>\n<p>Si no est\u00e1s seguro de si ella est\u00e1 interesada en la amistad, echa un vistazo a las <a href=\"http:\/\/bardelconvent.com\/es\/seguridad-de-las-aplicaciones-de-citas-en-linea\/\">otras se\u00f1ales<\/a>. Por ejemplo, ella podr\u00eda estar envi\u00e1ndote mensajes para recordar un momento divertido juntos. O podr\u00eda estar contactando porque necesita ayuda con una tarea o prueba en particular.<\/p>\n<h2>\u00bfTextos primero?<\/h2>\n<p>Si ella te env\u00eda un mensaje de texto de la nada, podr\u00eda significar cualquier cosa <a href=\"https:\/\/www.sextchat.net\/es\/juegos-de-sexo-android\/\">juegos porno android<\/a>. Ella podr\u00eda estar aburrida, o podr\u00eda estar tratando de conocerte mejor. Puedes ser su tipo de chico, o puede que no le gustes en absoluto. De cualquier manera, no importa porque no hay nada que puedas hacer al respecto. Dicho esto, si ella te est\u00e1 enviando mensajes de texto primero, significa que quiere hablar contigo. Entonces, cuando ella te env\u00ede un mensaje, presta atenci\u00f3n.<\/p>\n<h2>\u00bfNo puedes dejar de enviarte mensajes de texto?<\/h2>\n<p>No le gustas cuando te conoce por primera vez. Pero despu\u00e9s de un tiempo, <a href=\"http:\/\/bardelconvent.com\/es\/sitios-web-de-chat-sexual-gratuitos\/\">ella comienza a gustarle<\/a>. Y si sigue hablando contigo, comenzar\u00e1 a sentirse muy cerca de ti. Si ella quiere hablar contigo cada vez que te conoces, probablemente est\u00e9 enamorada de ti.<\/p>\n<h2>\u00bfTe env\u00edas mensajes de texto durante todo el d\u00eda?<\/h2>\n<p>Si te env\u00eda mensajes de texto a menudo, significa que le gustas. Incluso puede estar interesada en conocerte mejor. Ella quiere que la conozcas a ella y a lo que ella representa, porque sabe que lo apreciar\u00e1s. Las mujeres saben que desarrollar una buena relaci\u00f3n es un paso importante para comenzar una relaci\u00f3n con el chico que te gusta. Aprend\u00ed esto de la gur\u00fa de las relaciones Kate Spring.<\/p>\n<h2>\u00bfRealmente funcionan los mensajes de texto?<\/h2>\n<p>Los mensajes de texto son una gran forma de comunicaci\u00f3n, especialmente cuando est\u00e1s tratando de conocer a alguien. Sin embargo, hay momentos en los que necesita retroceder y darse tiempo para pensar antes de enviar otro mensaje. Si ha tenido una mala experiencia con alguien, podr\u00eda ser mejor esperar hasta que se haya calmado antes de comunicarse. Tambi\u00e9n puede intentar llamarlos en lugar <a href=\"https:\/\/www.hotsexychat.net\/es\/juegos-de-sexo-gratis-en-steam\/\">juegos hentai steam<\/a> de enviar mensajes de texto. De esa manera, no sentir\u00e1s que los est\u00e1s molestando mientras todav\u00eda est\u00e1s molesto.<\/p>\n","protected":false},"excerpt":{"rendered":"<p>Enviar mensajes de texto a las chicas es una experiencia interesante y cam2cam. Puedes obtener pistas sobre c\u00f3mo se sienten realmente acerca de <\/p>\n","protected":false},"author":1,"featured_media":140,"parent":0,"menu_order":0,"comment_status":"closed","ping_status":"closed","template":"","meta":[],"yoast_head":"<!-- This site is optimized with the Yoast SEO plugin v19.2 - https:\/\/yoast.com\/wordpress\/plugins\/seo\/ -->\n<title>\u00bfSe\u00f1ales de que a una chica le gustas en l\u00ednea? - Amor de conexi\u00f3n<\/title>\n<meta name=\"robots\" content=\"index, follow, max-snippet:-1, max-image-preview:large, max-video-preview:-1\" \/>\n<link rel=\"canonical\" href=\"http:\/\/bardelconvent.com\/es\/senales-de-que-a-una-chica-le-gustas-en-linea\/\" \/>\n<meta property=\"og:locale\" content=\"es_ES\" \/>\n<meta property=\"og:type\" content=\"article\" \/>\n<meta property=\"og:title\" content=\"\u00bfSe\u00f1ales de que a una chica le gustas en l\u00ednea? - Amor de conexi\u00f3n\" \/>\n<meta property=\"og:description\" content=\"Enviar mensajes de texto a las chicas es una experiencia interesante y cam2cam. Puedes obtener pistas sobre c\u00f3mo se sienten realmente acerca de\" \/>\n<meta property=\"og:url\" content=\"http:\/\/bardelconvent.com\/es\/senales-de-que-a-una-chica-le-gustas-en-linea\/\" \/>\n<meta property=\"og:site_name\" content=\"Amor de conexi\u00f3n\" \/>\n<meta property=\"article:modified_time\" content=\"2022-08-15T17:00:35+00:00\" \/>\n<meta property=\"og:image\" content=\"http:\/\/bardelconvent.com\/wp-content\/uploads\/2022\/07\/real-sex-chat.jpeg\" \/>\n\t<meta property=\"og:image:width\" content=\"2250\" \/>\n\t<meta property=\"og:image:height\" content=\"1500\" \/>\n\t<meta property=\"og:image:type\" content=\"image\/jpeg\" \/>\n<meta name=\"author\" content=\"Dating Expert\" \/>\n<meta name=\"twitter:card\" content=\"summary_large_image\" \/>\n<meta name=\"twitter:label1\" content=\"Tiempo de lectura\" \/>\n\t<meta name=\"twitter:data1\" content=\"2 minutos\" \/>\n<script type=\"application\/ld+json\" class=\"yoast-schema-graph\">{\"@context\":\"https:\/\/schema.org\",\"@graph\":[{\"@type\":\"WebSite\",\"@id\":\"http:\/\/bardelconvent.com\/de\/#website\",\"url\":\"http:\/\/bardelconvent.com\/de\/\",\"name\":\"Amor de conexi\u00f3n\",\"description\":\"Citas y relaciones\",\"potentialAction\":[{\"@type\":\"SearchAction\",\"target\":{\"@type\":\"EntryPoint\",\"urlTemplate\":\"http:\/\/bardelconvent.com\/de\/?s={search_term_string}\"},\"query-input\":\"required name=search_term_string\"}],\"inLanguage\":\"es\"},{\"@type\":\"ImageObject\",\"inLanguage\":\"es\",\"@id\":\"http:\/\/bardelconvent.com\/es\/senales-de-que-a-una-chica-le-gustas-en-linea\/#primaryimage\",\"url\":\"http:\/\/bardelconvent.com\/wp-content\/uploads\/2022\/07\/real-sex-chat.jpeg\",\"contentUrl\":\"http:\/\/bardelconvent.com\/wp-content\/uploads\/2022\/07\/real-sex-chat.jpeg\",\"width\":2250,\"height\":1500},{\"@type\":\"WebPage\",\"@id\":\"http:\/\/bardelconvent.com\/es\/senales-de-que-a-una-chica-le-gustas-en-linea\/#webpage\",\"url\":\"http:\/\/bardelconvent.com\/es\/senales-de-que-a-una-chica-le-gustas-en-linea\/\",\"name\":\"\u00bfSe\u00f1ales de que a una chica le gustas en l\u00ednea? - Amor de conexi\u00f3n\",\"isPartOf\":{\"@id\":\"http:\/\/bardelconvent.com\/de\/#website\"},\"primaryImageOfPage\":{\"@id\":\"http:\/\/bardelconvent.com\/es\/senales-de-que-a-una-chica-le-gustas-en-linea\/#primaryimage\"},\"datePublished\":\"2022-07-08T11:19:13+00:00\",\"dateModified\":\"2022-08-15T17:00:35+00:00\",\"breadcrumb\":{\"@id\":\"http:\/\/bardelconvent.com\/es\/senales-de-que-a-una-chica-le-gustas-en-linea\/#breadcrumb\"},\"inLanguage\":\"es\",\"potentialAction\":[{\"@type\":\"ReadAction\",\"target\":[\"http:\/\/bardelconvent.com\/es\/senales-de-que-a-una-chica-le-gustas-en-linea\/\"]}]},{\"@type\":\"BreadcrumbList\",\"@id\":\"http:\/\/bardelconvent.com\/es\/senales-de-que-a-una-chica-le-gustas-en-linea\/#breadcrumb\",\"itemListElement\":[{\"@type\":\"ListItem\",\"position\":1,\"name\":\"Hogar\",\"item\":\"https:\/\/bardelconvent.com\/es\/\"},{\"@type\":\"ListItem\",\"position\":2,\"name\":\"\u00bfSe\u00f1ales de que a una chica le gustas en l\u00ednea?\"}]}]}<\/script>\n<!-- \/ Yoast SEO plugin. -->","yoast_head_json":{"title":"\u00bfSe\u00f1ales de que a una chica le gustas en l\u00ednea? - Amor de conexi\u00f3n","robots":{"index":"index","follow":"follow","max-snippet":"max-snippet:-1","max-image-preview":"max-image-preview:large","max-video-preview":"max-video-preview:-1"},"canonical":"http:\/\/bardelconvent.com\/es\/senales-de-que-a-una-chica-le-gustas-en-linea\/","og_locale":"es_ES","og_type":"article","og_title":"\u00bfSe\u00f1ales de que a una chica le gustas en l\u00ednea? - Amor de conexi\u00f3n","og_description":"Enviar mensajes de texto a las chicas es una experiencia interesante y cam2cam. Puedes obtener pistas sobre c\u00f3mo se sienten realmente acerca de","og_url":"http:\/\/bardelconvent.com\/es\/senales-de-que-a-una-chica-le-gustas-en-linea\/","og_site_name":"Amor de conexi\u00f3n","article_modified_time":"2022-08-15T17:00:35+00:00","og_image":[{"width":2250,"height":1500,"url":"http:\/\/bardelconvent.com\/wp-content\/uploads\/2022\/07\/real-sex-chat.jpeg","type":"image\/jpeg"}],"author":"Dating Expert","twitter_card":"summary_large_image","twitter_misc":{"Tiempo de lectura":"2 minutos"},"schema":{"@context":"https:\/\/schema.org","@graph":[{"@type":"WebSite","@id":"http:\/\/bardelconvent.com\/de\/#website","url":"http:\/\/bardelconvent.com\/de\/","name":"Amor de conexi\u00f3n","description":"Citas y relaciones","potentialAction":[{"@type":"SearchAction","target":{"@type":"EntryPoint","urlTemplate":"http:\/\/bardelconvent.com\/de\/?s={search_term_string}"},"query-input":"required name=search_term_string"}],"inLanguage":"es"},{"@type":"ImageObject","inLanguage":"es","@id":"http:\/\/bardelconvent.com\/es\/senales-de-que-a-una-chica-le-gustas-en-linea\/#primaryimage","url":"http:\/\/bardelconvent.com\/wp-content\/uploads\/2022\/07\/real-sex-chat.jpeg","contentUrl":"http:\/\/bardelconvent.com\/wp-content\/uploads\/2022\/07\/real-sex-chat.jpeg","width":2250,"height":1500},{"@type":"WebPage","@id":"http:\/\/bardelconvent.com\/es\/senales-de-que-a-una-chica-le-gustas-en-linea\/#webpage","url":"http:\/\/bardelconvent.com\/es\/senales-de-que-a-una-chica-le-gustas-en-linea\/","name":"\u00bfSe\u00f1ales de que a una chica le gustas en l\u00ednea? - Amor de conexi\u00f3n","isPartOf":{"@id":"http:\/\/bardelconvent.com\/de\/#website"},"primaryImageOfPage":{"@id":"http:\/\/bardelconvent.com\/es\/senales-de-que-a-una-chica-le-gustas-en-linea\/#primaryimage"},"datePublished":"2022-07-08T11:19:13+00:00","dateModified":"2022-08-15T17:00:35+00:00","breadcrumb":{"@id":"http:\/\/bardelconvent.com\/es\/senales-de-que-a-una-chica-le-gustas-en-linea\/#breadcrumb"},"inLanguage":"es","potentialAction":[{"@type":"ReadAction","target":["http:\/\/bardelconvent.com\/es\/senales-de-que-a-una-chica-le-gustas-en-linea\/"]}]},{"@type":"BreadcrumbList","@id":"http:\/\/bardelconvent.com\/es\/senales-de-que-a-una-chica-le-gustas-en-linea\/#breadcrumb","itemListElement":[{"@type":"ListItem","position":1,"name":"Hogar","item":"https:\/\/bardelconvent.com\/es\/"},{"@type":"ListItem","position":2,"name":"\u00bfSe\u00f1ales de que a una chica le gustas en l\u00ednea?"}]}]}},"_links":{"self":[{"href":"http:\/\/bardelconvent.com\/es\/wp-json\/wp\/v2\/pages\/202"}],"collection":[{"href":"http:\/\/bardelconvent.com\/es\/wp-json\/wp\/v2\/pages"}],"about":[{"href":"http:\/\/bardelconvent.com\/es\/wp-json\/wp\/v2\/types\/page"}],"author":[{"embeddable":true,"href":"http:\/\/bardelconvent.com\/es\/wp-json\/wp\/v2\/users\/1"}],"replies":[{"embeddable":true,"href":"http:\/\/bardelconvent.com\/es\/wp-json\/wp\/v2\/comments?post=202"}],"version-history":[{"count":2,"href":"http:\/\/bardelconvent.com\/es\/wp-json\/wp\/v2\/pages\/202\/revisions"}],"predecessor-version":[{"id":257,"href":"http:\/\/bardelconvent.com\/es\/wp-json\/wp\/v2\/pages\/202\/revisions\/257"}],"wp:featuredmedia":[{"embeddable":true,"href":"http:\/\/bardelconvent.com\/es\/wp-json\/wp\/v2\/media\/140"}],"wp:attachment":[{"href":"http:\/\/bardelconvent.com\/es\/wp-json\/wp\/v2\/media?parent=202"}],"curies":[{"name":"wp","href":"https:\/\/api.w.org\/{rel}","templated":true}]}}