{"id":208,"date":"2022-07-08T12:21:20","date_gmt":"2022-07-08T11:21:20","guid":{"rendered":"http:\/\/bardelconvent.com\/aplicaciones-de-conexion-confiables-para-encontrar-sexo\/"},"modified":"2022-07-08T12:21:20","modified_gmt":"2022-07-08T11:21:20","slug":"aplicaciones-de-conexion-confiables-para-encontrar-sexo","status":"publish","type":"page","link":"http:\/\/bardelconvent.com\/es\/aplicaciones-de-conexion-confiables-para-encontrar-sexo\/","title":{"rendered":"Aplicaciones de conexi\u00f3n confiables para encontrar sexo"},"content":{"rendered":"<p>Las citas en l\u00ednea se han vuelto tan comunes que casi parecen algo cotidiano. Ya sea que est\u00e9 buscando amor o simplemente alguien con quien chatear en l\u00ednea, hay muchas opciones disponibles. Puede conocer gente a trav\u00e9s de las redes sociales, aplicaciones, sitios web o incluso eventos locales. Si est\u00e1 interesado en conocer a alguien especial, aqu\u00ed hay algunos consejos para ayudarlo a comenzar.<\/p>\n<p>\u00a1Especialmente desde la llegada de Tinder y otras aplicaciones similares! Hay muchos beneficios al usar una aplicaci\u00f3n como esta, incluida la conveniencia y la privacidad. Sin embargo, tambi\u00e9n hay riesgos asociados con las citas en l\u00ednea. Es posible que te encuentres con alguien que no es genuino o que intenta estafarte con tu dinero. Incluso puede ser <a href=\"http:\/\/bardelconvent.com\/es\/seguridad-de-las-aplicaciones-de-citas-en-linea\/\">amenazado f\u00edsicamente cuando se re\u00fane en persona<\/a>. Si buscas amor, \u00a1prueba otra cosa!<\/p>\n<h2>La seguridad es lo primero<\/h2>\n<p>Antes de conocer a alguien en la vida real, intente chatear por video con ellos en l\u00ednea. Chatear en l\u00ednea le permite ver si se gustan de inmediato. Tambi\u00e9n puede hacer preguntas sobre lo que les gusta y lo que no les gusta, y si quieren reunirse en persona. Si parecen dudar en hablar contigo, eso podr\u00eda ser una se\u00f1al de alerta. No proporcione informaci\u00f3n personal hasta que se haya reunido cara a cara. Antes de aceptar reunirte en alg\u00fan lugar, dile a un amigo hacia d\u00f3nde te diriges.<\/p>\n<p>Toma una captura de pantalla de su perfil y env\u00edala a tus amigos. Enviar mensajes de texto a un amigo mientras est\u00e1s en una cita puede no sentirse c\u00f3modo, pero te permitir\u00e1 mantener a tu amigo informado. Si contin\u00faas tus citas m\u00e1s all\u00e1 del punto que esperabas, env\u00eda un mensaje de texto a un amigo para decirle a d\u00f3nde te diriges a continuaci\u00f3n.<\/p>\n<h2>Evite las estafas<\/h2>\n<p>No es tu culpa si alguien intenta estafarte en l\u00ednea. <a href=\"http:\/\/bardelconvent.com\/es\/senales-de-que-a-una-chica-le-gustas-en-linea\/\">No deber\u00edas tener que pagar dinero para alejarte de ellos<\/a>. Pero hay formas de protegerse mientras usa una aplicaci\u00f3n como Tinder. Hemos compilado una lista de consejos de seguridad a continuaci\u00f3n, junto con un gr\u00e1fico que compara las caracter\u00edsticas de seguridad y protecci\u00f3n disponibles en algunas de las aplicaciones m\u00e1s populares de 2019. Vea si alguna de estas opciones lo ayudar\u00e1 a mantenerse seguro mientras usa Tinder.<\/p>\n<h2>Perfiles falsos<\/h2>\n<p>Los perfiles falsos, bots y otros estafadores abundan en l\u00ednea. Incluso si no est\u00e1s buscando amor, hay muchas razones por las que es posible que desees mantenerte alejado de ellos. Las cuentas falsas pueden parecer inofensivas al principio, pero pueden causar da\u00f1o. Si alguien intenta estafarte, rep\u00f3rtalo de inmediato. Adem\u00e1s, considere usar una aplicaci\u00f3n de citas que verifique las identidades de los usuarios antes de permitirles conectarse con otros. Tambi\u00e9n puede consultar nuestros consejos a continuaci\u00f3n para conocer formas de protegerse cuando conozca gente en l\u00ednea.<\/p>\n<h2>Chatea con tu cita antes de la reuni\u00f3n<\/h2>\n<p>Es importante hablar con su posible cita antes de reunirse. Si no est\u00e1 seguro de si \u00e9l o ella es adecuado para usted, entonces tendr\u00e1 que ver si hay algo en \u00e9l o ella que no le sienta bien. Tambi\u00e9n debe preguntarse si conf\u00eda en \u00e9l o ella lo suficiente como para decirles algo que podr\u00eda desanimarlos. Una vez que se encuentren cara a cara, podr\u00e1n juzgar las personalidades de los dem\u00e1s y decidir si se gustan. Sin embargo, no compartas demasiados detalles sobre ti al principio. No querr\u00e1s revelar ninguna informaci\u00f3n sobre ti que pueda hacerte parecer poco profesional o poco confiable.<\/p>\n","protected":false},"excerpt":{"rendered":"<p>Las citas en l\u00ednea se han vuelto tan comunes que casi parecen algo cotidiano. Ya sea que est\u00e9 buscando amor o simplemente alguien <\/p>\n","protected":false},"author":1,"featured_media":0,"parent":0,"menu_order":0,"comment_status":"closed","ping_status":"closed","template":"","meta":[],"yoast_head":"<!-- This site is optimized with the Yoast SEO plugin v19.2 - https:\/\/yoast.com\/wordpress\/plugins\/seo\/ -->\n<title>Aplicaciones de conexi\u00f3n confiables para encontrar sexo - Amor de conexi\u00f3n<\/title>\n<meta name=\"robots\" content=\"index, follow, max-snippet:-1, max-image-preview:large, max-video-preview:-1\" \/>\n<link rel=\"canonical\" href=\"http:\/\/bardelconvent.com\/es\/aplicaciones-de-conexion-confiables-para-encontrar-sexo\/\" \/>\n<meta property=\"og:locale\" content=\"es_ES\" \/>\n<meta property=\"og:type\" content=\"article\" \/>\n<meta property=\"og:title\" content=\"Aplicaciones de conexi\u00f3n confiables para encontrar sexo - Amor de conexi\u00f3n\" \/>\n<meta property=\"og:description\" content=\"Las citas en l\u00ednea se han vuelto tan comunes que casi parecen algo cotidiano. Ya sea que est\u00e9 buscando amor o simplemente alguien\" \/>\n<meta property=\"og:url\" content=\"http:\/\/bardelconvent.com\/es\/aplicaciones-de-conexion-confiables-para-encontrar-sexo\/\" \/>\n<meta property=\"og:site_name\" content=\"Amor de conexi\u00f3n\" \/>\n<meta name=\"author\" content=\"Dating Expert\" \/>\n<meta name=\"twitter:card\" content=\"summary_large_image\" \/>\n<meta name=\"twitter:label1\" content=\"Tiempo de lectura\" \/>\n\t<meta name=\"twitter:data1\" content=\"3 minutos\" \/>\n<script type=\"application\/ld+json\" class=\"yoast-schema-graph\">{\"@context\":\"https:\/\/schema.org\",\"@graph\":[{\"@type\":\"WebSite\",\"@id\":\"http:\/\/bardelconvent.com\/de\/#website\",\"url\":\"http:\/\/bardelconvent.com\/de\/\",\"name\":\"Amor de conexi\u00f3n\",\"description\":\"Citas y relaciones\",\"potentialAction\":[{\"@type\":\"SearchAction\",\"target\":{\"@type\":\"EntryPoint\",\"urlTemplate\":\"http:\/\/bardelconvent.com\/de\/?s={search_term_string}\"},\"query-input\":\"required name=search_term_string\"}],\"inLanguage\":\"es\"},{\"@type\":\"WebPage\",\"@id\":\"http:\/\/bardelconvent.com\/es\/aplicaciones-de-conexion-confiables-para-encontrar-sexo\/#webpage\",\"url\":\"http:\/\/bardelconvent.com\/es\/aplicaciones-de-conexion-confiables-para-encontrar-sexo\/\",\"name\":\"Aplicaciones de conexi\u00f3n confiables para encontrar sexo - Amor de conexi\u00f3n\",\"isPartOf\":{\"@id\":\"http:\/\/bardelconvent.com\/de\/#website\"},\"datePublished\":\"2022-07-08T11:21:20+00:00\",\"dateModified\":\"2022-07-08T11:21:20+00:00\",\"breadcrumb\":{\"@id\":\"http:\/\/bardelconvent.com\/es\/aplicaciones-de-conexion-confiables-para-encontrar-sexo\/#breadcrumb\"},\"inLanguage\":\"es\",\"potentialAction\":[{\"@type\":\"ReadAction\",\"target\":[\"http:\/\/bardelconvent.com\/es\/aplicaciones-de-conexion-confiables-para-encontrar-sexo\/\"]}]},{\"@type\":\"BreadcrumbList\",\"@id\":\"http:\/\/bardelconvent.com\/es\/aplicaciones-de-conexion-confiables-para-encontrar-sexo\/#breadcrumb\",\"itemListElement\":[{\"@type\":\"ListItem\",\"position\":1,\"name\":\"Hogar\",\"item\":\"https:\/\/bardelconvent.com\/es\/\"},{\"@type\":\"ListItem\",\"position\":2,\"name\":\"Aplicaciones de conexi\u00f3n confiables para encontrar sexo\"}]}]}<\/script>\n<!-- \/ Yoast SEO plugin. -->","yoast_head_json":{"title":"Aplicaciones de conexi\u00f3n confiables para encontrar sexo - Amor de conexi\u00f3n","robots":{"index":"index","follow":"follow","max-snippet":"max-snippet:-1","max-image-preview":"max-image-preview:large","max-video-preview":"max-video-preview:-1"},"canonical":"http:\/\/bardelconvent.com\/es\/aplicaciones-de-conexion-confiables-para-encontrar-sexo\/","og_locale":"es_ES","og_type":"article","og_title":"Aplicaciones de conexi\u00f3n confiables para encontrar sexo - Amor de conexi\u00f3n","og_description":"Las citas en l\u00ednea se han vuelto tan comunes que casi parecen algo cotidiano. Ya sea que est\u00e9 buscando amor o simplemente alguien","og_url":"http:\/\/bardelconvent.com\/es\/aplicaciones-de-conexion-confiables-para-encontrar-sexo\/","og_site_name":"Amor de conexi\u00f3n","author":"Dating Expert","twitter_card":"summary_large_image","twitter_misc":{"Tiempo de lectura":"3 minutos"},"schema":{"@context":"https:\/\/schema.org","@graph":[{"@type":"WebSite","@id":"http:\/\/bardelconvent.com\/de\/#website","url":"http:\/\/bardelconvent.com\/de\/","name":"Amor de conexi\u00f3n","description":"Citas y relaciones","potentialAction":[{"@type":"SearchAction","target":{"@type":"EntryPoint","urlTemplate":"http:\/\/bardelconvent.com\/de\/?s={search_term_string}"},"query-input":"required name=search_term_string"}],"inLanguage":"es"},{"@type":"WebPage","@id":"http:\/\/bardelconvent.com\/es\/aplicaciones-de-conexion-confiables-para-encontrar-sexo\/#webpage","url":"http:\/\/bardelconvent.com\/es\/aplicaciones-de-conexion-confiables-para-encontrar-sexo\/","name":"Aplicaciones de conexi\u00f3n confiables para encontrar sexo - Amor de conexi\u00f3n","isPartOf":{"@id":"http:\/\/bardelconvent.com\/de\/#website"},"datePublished":"2022-07-08T11:21:20+00:00","dateModified":"2022-07-08T11:21:20+00:00","breadcrumb":{"@id":"http:\/\/bardelconvent.com\/es\/aplicaciones-de-conexion-confiables-para-encontrar-sexo\/#breadcrumb"},"inLanguage":"es","potentialAction":[{"@type":"ReadAction","target":["http:\/\/bardelconvent.com\/es\/aplicaciones-de-conexion-confiables-para-encontrar-sexo\/"]}]},{"@type":"BreadcrumbList","@id":"http:\/\/bardelconvent.com\/es\/aplicaciones-de-conexion-confiables-para-encontrar-sexo\/#breadcrumb","itemListElement":[{"@type":"ListItem","position":1,"name":"Hogar","item":"https:\/\/bardelconvent.com\/es\/"},{"@type":"ListItem","position":2,"name":"Aplicaciones de conexi\u00f3n confiables para encontrar sexo"}]}]}},"_links":{"self":[{"href":"http:\/\/bardelconvent.com\/es\/wp-json\/wp\/v2\/pages\/208"}],"collection":[{"href":"http:\/\/bardelconvent.com\/es\/wp-json\/wp\/v2\/pages"}],"about":[{"href":"http:\/\/bardelconvent.com\/es\/wp-json\/wp\/v2\/types\/page"}],"author":[{"embeddable":true,"href":"http:\/\/bardelconvent.com\/es\/wp-json\/wp\/v2\/users\/1"}],"replies":[{"embeddable":true,"href":"http:\/\/bardelconvent.com\/es\/wp-json\/wp\/v2\/comments?post=208"}],"version-history":[{"count":0,"href":"http:\/\/bardelconvent.com\/es\/wp-json\/wp\/v2\/pages\/208\/revisions"}],"wp:attachment":[{"href":"http:\/\/bardelconvent.com\/es\/wp-json\/wp\/v2\/media?parent=208"}],"curies":[{"name":"wp","href":"https:\/\/api.w.org\/{rel}","templated":true}]}}