{"id":209,"date":"2022-07-08T12:08:53","date_gmt":"2022-07-08T11:08:53","guid":{"rendered":"http:\/\/bardelconvent.com\/seguridad-de-las-aplicaciones-de-citas-en-linea\/"},"modified":"2022-08-15T17:59:44","modified_gmt":"2022-08-15T16:59:44","slug":"seguridad-de-las-aplicaciones-de-citas-en-linea","status":"publish","type":"page","link":"http:\/\/bardelconvent.com\/es\/seguridad-de-las-aplicaciones-de-citas-en-linea\/","title":{"rendered":"Seguridad de las aplicaciones de citas en l\u00ednea"},"content":{"rendered":"<p>Las citas en l\u00ednea son una actividad cada vez m\u00e1s popular entre los solteros. Sin embargo, las preocupaciones de seguridad a menudo surgen cuando se conoce a alguien a trav\u00e9s de un sitio web. Si bien hay varias maneras de protegerse, es posible que no siempre sea posible prevenir todos los riesgos potenciales.<\/p>\n<h2>Nuestra Gu\u00eda<\/h2>\n<p>Aqu\u00ed hay algunas formas en que puede protegerse mientras usa una aplicaci\u00f3n o servicio <a href=\"https:\/\/www.free-adult-cams.com\/es\/chat-de-video-bdsm-gratuito\/\">chat bondage<\/a> de citas en l\u00ednea. Estos consejos no son una garant\u00eda, pero pueden ayudarte a sentirte m\u00e1s seguro.<\/p>\n<p>Es mejor no compartir datos personales en su <a href=\"http:\/\/bardelconvent.com\/es\/por-que-las-aplicaciones-de-citas-en-linea-podrian-funcionar-para-usted\/\">perfil de citas<\/a>. Debe evitar compartir su nombre completo y n\u00famero de tel\u00e9fono, as\u00ed como cualquier otra informaci\u00f3n que pueda identificarlo personalmente. Tambi\u00e9n es aconsejable mantener su presencia en l\u00ednea separada de su vida real. Si conoces a alguien en un bar o fiesta, trata de mantenerte alejado de tus cuentas de redes sociales hasta que est\u00e9s seguro de que te gustas lo suficiente como para hablar por tel\u00e9fono. No proporcione su direcci\u00f3n o informaci\u00f3n de tarjeta de cr\u00e9dito antes de reunirse en persona. Y siempre pida referencias cuando hable con posibles fechas.<\/p>\n<h2>Al chatear con extra\u00f1os<\/h2>\n<p>Si est\u00e1s buscando amor en las redes sociales, primero echa un vistazo a los perfiles de tu posible cita. Si conoces sus nombres o identificadores en las redes sociales, b\u00fascalos. Mira sus fotos y mira si <a href=\"https:\/\/www.thedatingadvisor.com\/pt-pt\/\">sites de encontros<\/a>. Verifique si tienen amigos en com\u00fan en las redes sociales. Si parecen un bagre, bloqu\u00e9alos y den\u00fancialos. Tambi\u00e9n puede bloquear e informar a otros usuarios si cree que sus perfiles son sospechosos o si se han comportado de manera inapropiada con usted. Siempre conf\u00ede en su instinto cuando trate con otros. Si sientes que alguien no est\u00e1 siendo honesto contigo, entonces simplemente al\u00e9jate.<\/p>\n<p>Hay varias banderas rojas que <a href=\"http:\/\/bardelconvent.com\/es\/sitios-web-de-chat-sexual-gratuitos\/\">deber\u00edan generar preocupaci\u00f3n sobre<\/a> alguien con quien se est\u00e1 comunicando en l\u00ednea. Si se siente presionado a dar informaci\u00f3n personal como su n\u00famero de tel\u00e9fono celular, o si recibe un mensaje demasiado rom\u00e1ntico al principio de su relaci\u00f3n, es posible que desee considerar denunciar al usuario.<\/p>\n<p>No compartas tu informaci\u00f3n personal con extra\u00f1os. Nunca debe proporcionar ninguna informaci\u00f3n personal cuando se comunique con otra persona a trav\u00e9s de un sitio web o aplicaci\u00f3n. Su informaci\u00f3n personal incluye cualquier cosa que pueda identificarlo personalmente, como su nombre, n\u00fameros de tel\u00e9fono, direcciones, fechas de nacimiento, n\u00fameros de licencia de conducir, n\u00fameros de cuenta, contrase\u00f1as y n\u00fameros de Seguro Social.<\/p>\n<h2>Re\u00fanase en p\u00fablico<\/h2>\n<p>Re\u00fanase en un lugar seguro y p\u00fablico. Si est\u00e1 buscando algo informal, elija un lugar p\u00fablico como una cafeter\u00eda, restaurante o bar. Podr\u00e1n verse antes de decidir si vuelven a salir. Si prefiere un entorno m\u00e1s privado, considere ir a la casa de un amigo o a la casa o apartamento de otro conocido mutuo. Si est\u00e1 nervioso por conocer a alguien en <a href=\"https:\/\/www.nsadating.net\/es\/sitios-de-sexting-gratuitos-sin-registrarse\/\">sexting gratis<\/a> por primera vez, intente usar un sitio de citas en l\u00ednea para ayudarlo a familiarizarse con posibles parejas. Tambi\u00e9n puedes pedir a tus amigos recomendaciones de lugares para reunirte.<\/p>\n<p>Elija un lugar que se sienta c\u00f3modo y seguro. \u00a1Que te diviertas! Si quieres ir a un lugar privado, hay muchas aplicaciones que te permiten reunirte en privado.<\/p>\n","protected":false},"excerpt":{"rendered":"<p>Las citas en l\u00ednea son una actividad cada vez m\u00e1s popular entre los solteros. Sin embargo, las preocupaciones de seguridad a menudo surgen <\/p>\n","protected":false},"author":1,"featured_media":130,"parent":0,"menu_order":0,"comment_status":"closed","ping_status":"closed","template":"","meta":[],"yoast_head":"<!-- This site is optimized with the Yoast SEO plugin v19.2 - https:\/\/yoast.com\/wordpress\/plugins\/seo\/ -->\n<title>Seguridad de las aplicaciones de citas en l\u00ednea - Amor de conexi\u00f3n<\/title>\n<meta name=\"robots\" content=\"index, follow, max-snippet:-1, max-image-preview:large, max-video-preview:-1\" \/>\n<link rel=\"canonical\" href=\"http:\/\/bardelconvent.com\/es\/seguridad-de-las-aplicaciones-de-citas-en-linea\/\" \/>\n<meta property=\"og:locale\" content=\"es_ES\" \/>\n<meta property=\"og:type\" content=\"article\" \/>\n<meta property=\"og:title\" content=\"Seguridad de las aplicaciones de citas en l\u00ednea - Amor de conexi\u00f3n\" \/>\n<meta property=\"og:description\" content=\"Las citas en l\u00ednea son una actividad cada vez m\u00e1s popular entre los solteros. Sin embargo, las preocupaciones de seguridad a menudo surgen\" \/>\n<meta property=\"og:url\" content=\"http:\/\/bardelconvent.com\/es\/seguridad-de-las-aplicaciones-de-citas-en-linea\/\" \/>\n<meta property=\"og:site_name\" content=\"Amor de conexi\u00f3n\" \/>\n<meta property=\"article:modified_time\" content=\"2022-08-15T16:59:44+00:00\" \/>\n<meta property=\"og:image\" content=\"http:\/\/bardelconvent.com\/wp-content\/uploads\/2022\/07\/dating-scams.jpeg\" \/>\n\t<meta property=\"og:image:width\" content=\"2250\" \/>\n\t<meta property=\"og:image:height\" content=\"1500\" \/>\n\t<meta property=\"og:image:type\" content=\"image\/jpeg\" \/>\n<meta name=\"author\" content=\"Dating Expert\" \/>\n<meta name=\"twitter:card\" content=\"summary_large_image\" \/>\n<meta name=\"twitter:label1\" content=\"Tiempo de lectura\" \/>\n\t<meta name=\"twitter:data1\" content=\"3 minutos\" \/>\n<script type=\"application\/ld+json\" class=\"yoast-schema-graph\">{\"@context\":\"https:\/\/schema.org\",\"@graph\":[{\"@type\":\"WebSite\",\"@id\":\"http:\/\/bardelconvent.com\/de\/#website\",\"url\":\"http:\/\/bardelconvent.com\/de\/\",\"name\":\"Amor de conexi\u00f3n\",\"description\":\"Citas y relaciones\",\"potentialAction\":[{\"@type\":\"SearchAction\",\"target\":{\"@type\":\"EntryPoint\",\"urlTemplate\":\"http:\/\/bardelconvent.com\/de\/?s={search_term_string}\"},\"query-input\":\"required name=search_term_string\"}],\"inLanguage\":\"es\"},{\"@type\":\"ImageObject\",\"inLanguage\":\"es\",\"@id\":\"http:\/\/bardelconvent.com\/es\/seguridad-de-las-aplicaciones-de-citas-en-linea\/#primaryimage\",\"url\":\"http:\/\/bardelconvent.com\/wp-content\/uploads\/2022\/07\/dating-scams.jpeg\",\"contentUrl\":\"http:\/\/bardelconvent.com\/wp-content\/uploads\/2022\/07\/dating-scams.jpeg\",\"width\":2250,\"height\":1500},{\"@type\":\"WebPage\",\"@id\":\"http:\/\/bardelconvent.com\/es\/seguridad-de-las-aplicaciones-de-citas-en-linea\/#webpage\",\"url\":\"http:\/\/bardelconvent.com\/es\/seguridad-de-las-aplicaciones-de-citas-en-linea\/\",\"name\":\"Seguridad de las aplicaciones de citas en l\u00ednea - Amor de conexi\u00f3n\",\"isPartOf\":{\"@id\":\"http:\/\/bardelconvent.com\/de\/#website\"},\"primaryImageOfPage\":{\"@id\":\"http:\/\/bardelconvent.com\/es\/seguridad-de-las-aplicaciones-de-citas-en-linea\/#primaryimage\"},\"datePublished\":\"2022-07-08T11:08:53+00:00\",\"dateModified\":\"2022-08-15T16:59:44+00:00\",\"breadcrumb\":{\"@id\":\"http:\/\/bardelconvent.com\/es\/seguridad-de-las-aplicaciones-de-citas-en-linea\/#breadcrumb\"},\"inLanguage\":\"es\",\"potentialAction\":[{\"@type\":\"ReadAction\",\"target\":[\"http:\/\/bardelconvent.com\/es\/seguridad-de-las-aplicaciones-de-citas-en-linea\/\"]}]},{\"@type\":\"BreadcrumbList\",\"@id\":\"http:\/\/bardelconvent.com\/es\/seguridad-de-las-aplicaciones-de-citas-en-linea\/#breadcrumb\",\"itemListElement\":[{\"@type\":\"ListItem\",\"position\":1,\"name\":\"Hogar\",\"item\":\"https:\/\/bardelconvent.com\/es\/\"},{\"@type\":\"ListItem\",\"position\":2,\"name\":\"Seguridad de las aplicaciones de citas en l\u00ednea\"}]}]}<\/script>\n<!-- \/ Yoast SEO plugin. -->","yoast_head_json":{"title":"Seguridad de las aplicaciones de citas en l\u00ednea - Amor de conexi\u00f3n","robots":{"index":"index","follow":"follow","max-snippet":"max-snippet:-1","max-image-preview":"max-image-preview:large","max-video-preview":"max-video-preview:-1"},"canonical":"http:\/\/bardelconvent.com\/es\/seguridad-de-las-aplicaciones-de-citas-en-linea\/","og_locale":"es_ES","og_type":"article","og_title":"Seguridad de las aplicaciones de citas en l\u00ednea - Amor de conexi\u00f3n","og_description":"Las citas en l\u00ednea son una actividad cada vez m\u00e1s popular entre los solteros. Sin embargo, las preocupaciones de seguridad a menudo surgen","og_url":"http:\/\/bardelconvent.com\/es\/seguridad-de-las-aplicaciones-de-citas-en-linea\/","og_site_name":"Amor de conexi\u00f3n","article_modified_time":"2022-08-15T16:59:44+00:00","og_image":[{"width":2250,"height":1500,"url":"http:\/\/bardelconvent.com\/wp-content\/uploads\/2022\/07\/dating-scams.jpeg","type":"image\/jpeg"}],"author":"Dating Expert","twitter_card":"summary_large_image","twitter_misc":{"Tiempo de lectura":"3 minutos"},"schema":{"@context":"https:\/\/schema.org","@graph":[{"@type":"WebSite","@id":"http:\/\/bardelconvent.com\/de\/#website","url":"http:\/\/bardelconvent.com\/de\/","name":"Amor de conexi\u00f3n","description":"Citas y relaciones","potentialAction":[{"@type":"SearchAction","target":{"@type":"EntryPoint","urlTemplate":"http:\/\/bardelconvent.com\/de\/?s={search_term_string}"},"query-input":"required name=search_term_string"}],"inLanguage":"es"},{"@type":"ImageObject","inLanguage":"es","@id":"http:\/\/bardelconvent.com\/es\/seguridad-de-las-aplicaciones-de-citas-en-linea\/#primaryimage","url":"http:\/\/bardelconvent.com\/wp-content\/uploads\/2022\/07\/dating-scams.jpeg","contentUrl":"http:\/\/bardelconvent.com\/wp-content\/uploads\/2022\/07\/dating-scams.jpeg","width":2250,"height":1500},{"@type":"WebPage","@id":"http:\/\/bardelconvent.com\/es\/seguridad-de-las-aplicaciones-de-citas-en-linea\/#webpage","url":"http:\/\/bardelconvent.com\/es\/seguridad-de-las-aplicaciones-de-citas-en-linea\/","name":"Seguridad de las aplicaciones de citas en l\u00ednea - Amor de conexi\u00f3n","isPartOf":{"@id":"http:\/\/bardelconvent.com\/de\/#website"},"primaryImageOfPage":{"@id":"http:\/\/bardelconvent.com\/es\/seguridad-de-las-aplicaciones-de-citas-en-linea\/#primaryimage"},"datePublished":"2022-07-08T11:08:53+00:00","dateModified":"2022-08-15T16:59:44+00:00","breadcrumb":{"@id":"http:\/\/bardelconvent.com\/es\/seguridad-de-las-aplicaciones-de-citas-en-linea\/#breadcrumb"},"inLanguage":"es","potentialAction":[{"@type":"ReadAction","target":["http:\/\/bardelconvent.com\/es\/seguridad-de-las-aplicaciones-de-citas-en-linea\/"]}]},{"@type":"BreadcrumbList","@id":"http:\/\/bardelconvent.com\/es\/seguridad-de-las-aplicaciones-de-citas-en-linea\/#breadcrumb","itemListElement":[{"@type":"ListItem","position":1,"name":"Hogar","item":"https:\/\/bardelconvent.com\/es\/"},{"@type":"ListItem","position":2,"name":"Seguridad de las aplicaciones de citas en l\u00ednea"}]}]}},"_links":{"self":[{"href":"http:\/\/bardelconvent.com\/es\/wp-json\/wp\/v2\/pages\/209"}],"collection":[{"href":"http:\/\/bardelconvent.com\/es\/wp-json\/wp\/v2\/pages"}],"about":[{"href":"http:\/\/bardelconvent.com\/es\/wp-json\/wp\/v2\/types\/page"}],"author":[{"embeddable":true,"href":"http:\/\/bardelconvent.com\/es\/wp-json\/wp\/v2\/users\/1"}],"replies":[{"embeddable":true,"href":"http:\/\/bardelconvent.com\/es\/wp-json\/wp\/v2\/comments?post=209"}],"version-history":[{"count":2,"href":"http:\/\/bardelconvent.com\/es\/wp-json\/wp\/v2\/pages\/209\/revisions"}],"predecessor-version":[{"id":255,"href":"http:\/\/bardelconvent.com\/es\/wp-json\/wp\/v2\/pages\/209\/revisions\/255"}],"wp:featuredmedia":[{"embeddable":true,"href":"http:\/\/bardelconvent.com\/es\/wp-json\/wp\/v2\/media\/130"}],"wp:attachment":[{"href":"http:\/\/bardelconvent.com\/es\/wp-json\/wp\/v2\/media?parent=209"}],"curies":[{"name":"wp","href":"https:\/\/api.w.org\/{rel}","templated":true}]}}