{"id":172,"date":"2022-07-08T12:27:59","date_gmt":"2022-07-08T11:27:59","guid":{"rendered":"http:\/\/bardelconvent.com\/toimiiko-sokea-treffit\/"},"modified":"2022-07-08T12:27:59","modified_gmt":"2022-07-08T11:27:59","slug":"toimiiko-sokea-treffit","status":"publish","type":"page","link":"http:\/\/bardelconvent.com\/fi\/toimiiko-sokea-treffit\/","title":{"rendered":"Toimiiko sokea treffit?"},"content":{"rendered":"<p>Sokea treffit ovat loistava tapa tavata ihmisi\u00e4, joilla on <a href=\"http:\/\/bardelconvent.com\/fi\/luotettavat-seurustelusovellukset-seksin-loytamiseen\/\">samanlaisia kiinnostuksen kohteita<\/a>. T\u00e4m\u00e4n tyyppist\u00e4 seurustelua kutsutaan usein pikatreffitiksi, koska ennalta j\u00e4rjestetty\u00e4 kohtaamispaikkaa tai -aikaa ei ole.<\/p>\n<p>Sen sijaan sokkotreffej\u00e4 j\u00e4rjestet\u00e4\u00e4n julkisessa paikassa, jossa sinkut voivat k\u00e4vell\u00e4 toistensa luo ja aloittaa keskustelun. Tavoitteena on l\u00f6yt\u00e4\u00e4 yhteensopiva ottelu 30 minuutin sis\u00e4ll\u00e4.<\/p>\n<p>Speed dating on suosittu sinkkujen keskuudessa, jotka etsiv\u00e4t nopeaa p\u00e4iv\u00e4m\u00e4\u00e4r\u00e4\u00e4. Sokea treffit ovat kuitenkin ihanteellisia niille, jotka haluavat tavata ihmisi\u00e4 orgaanisesti.<\/p>\n<h2>Onko se sinua varten?<\/h2>\n<p>Jos et ole erityisen huolissasi omasta turvallisuudestasi, sinun kannattaa harkita sokkotreffeille l\u00e4ht\u00f6\u00e4.<\/p>\n<p>Voit auttaa varmistamaan, ett\u00e4 treffikumppanisi tuntuu turvalliselta ja mukavalta, ehdottamalla <a href=\"http:\/\/bardelconvent.com\/fi\/allekirjoittaako-tytto-etta-tytto-pitaa-sinusta-verkossa\/\">tapaamista julkisella paikalla, kuten kahvilassa tai ravintolassa<\/a>. Ja kun suunnittelet, yrit\u00e4 pit\u00e4\u00e4 se yhdess\u00e4 toiminnassa, jotta on olemassa helpompi tapa p\u00e4\u00e4st\u00e4 ulos, jos treffisi ei voi hyvin. Esit\u00e4 v\u00e4hemm\u00e4n kysymyksi\u00e4, jotka voivat saada jonkun tuntemaan olonsa hankalaksi tai ep\u00e4luuloiseksi aikomuksistasi. Jos puhut kiinnostuksen kohteistasi, harrastuksistasi, urastasi tai suosikkib\u00e4ndeist\u00e4si, pystyt molemmat muodostamaan yhteyden syvemm\u00e4ll\u00e4 tasolla.<\/p>\n<p>\u00c4l\u00e4 pet\u00e4 vartiointiasi. Ole varovainen sen suhteen, ket\u00e4 tapaat verkossa. Jos luulet, ett\u00e4 jokin ei ole kunnossa, se ei todenn\u00e4k\u00f6isesti ole. Jos sinulla on koskaan ollut entinen viesti sinulle sen j\u00e4lkeen, kun he erosivat, tied\u00e4t mit\u00e4 tarkoitan. Vaistosi kertoo yleens\u00e4, jos jokin tuntuu v\u00e4\u00e4r\u00e4lt\u00e4. Tarkista aina viitteet ennen kuin tapaat jonkun tosiel\u00e4m\u00e4ss\u00e4. \u00c4l\u00e4 koskaan anna henkil\u00f6kohtaisia tietoja, kuten osoitettasi, puhelinnumeroasi tai sukunime\u00e4si.<\/p>\n<h2>Sokeat treffivaihtoehdot<\/h2>\n<p>Oletko koskaan ollut online-treffisivustolla? Mit\u00e4 mielt\u00e4 olit siit\u00e4? Tunsitko olosi turvalliseksi? Jos et ole viel\u00e4 kokeillut online-treffailua, lukeminen parhaista online-treffisivustoista voi todella auttaa sinua.<\/p>\n<p>Tinderin ja Bumblen kaltaisten sovellusten avulla k\u00e4ytt\u00e4j\u00e4t voivat pyyhk\u00e4ist\u00e4 oikealle tai vasemmalle muiden k\u00e4ytt\u00e4jien valokuvissa n\u00e4hd\u00e4kseen, ovatko he kiinnostuneita heist\u00e4. Mutta vaikka sovellukset saattavat tuntua vaarattomilta, niiden k\u00e4ytt\u00e4miseen uuden tapaamiseen liittyy vakavia riskej\u00e4.<\/p>\n<p>Kun olet l\u00f6yt\u00e4nyt ottelusi, sinun on opittava tuntemaan h\u00e4net paremmin, ennen kuin voit aloittaa puhumisen. T\u00e4m\u00e4 tarkoittaa viestien vaihtamista, soittamista toisilleen ja lopulta p\u00e4iv\u00e4m\u00e4\u00e4rien suunnittelua. Kaikki t\u00e4m\u00e4 vie aikaa ja vaivaa. Joten miksi et ohita v\u00e4lik\u00e4den ja leikkaa suoraan hauskanpitoon?<\/p>\n","protected":false},"excerpt":{"rendered":"<p>Sokea treffit ovat loistava tapa tavata ihmisi\u00e4, joilla on samanlaisia kiinnostuksen kohteita. T\u00e4m\u00e4n tyyppist\u00e4 seurustelua kutsutaan usein pikatreffitiksi, koska ennalta j\u00e4rjestetty\u00e4 kohtaamispaikkaa tai <\/p>\n","protected":false},"author":1,"featured_media":155,"parent":0,"menu_order":0,"comment_status":"closed","ping_status":"closed","template":"","meta":[],"yoast_head":"<!-- This site is optimized with the Yoast SEO plugin v19.2 - https:\/\/yoast.com\/wordpress\/plugins\/seo\/ -->\n<title>Toimiiko sokea treffit? - Hookup-rakkaus<\/title>\n<meta name=\"robots\" content=\"index, follow, max-snippet:-1, max-image-preview:large, max-video-preview:-1\" \/>\n<link rel=\"canonical\" href=\"http:\/\/bardelconvent.com\/fi\/toimiiko-sokea-treffit\/\" \/>\n<meta property=\"og:locale\" content=\"fi_FI\" \/>\n<meta property=\"og:type\" content=\"article\" \/>\n<meta property=\"og:title\" content=\"Toimiiko sokea treffit? - Hookup-rakkaus\" \/>\n<meta property=\"og:description\" content=\"Sokea treffit ovat loistava tapa tavata ihmisi\u00e4, joilla on samanlaisia kiinnostuksen kohteita. T\u00e4m\u00e4n tyyppist\u00e4 seurustelua kutsutaan usein pikatreffitiksi, koska ennalta j\u00e4rjestetty\u00e4 kohtaamispaikkaa tai\" \/>\n<meta property=\"og:url\" content=\"http:\/\/bardelconvent.com\/fi\/toimiiko-sokea-treffit\/\" \/>\n<meta property=\"og:site_name\" content=\"Hookup-rakkaus\" \/>\n<meta property=\"og:image\" content=\"https:\/\/bardelconvent.com\/wp-content\/uploads\/2022\/07\/casual-sex-hookups.jpg\" \/>\n\t<meta property=\"og:image:width\" content=\"500\" \/>\n\t<meta property=\"og:image:height\" content=\"333\" \/>\n\t<meta property=\"og:image:type\" content=\"image\/jpeg\" \/>\n<meta name=\"author\" content=\"Dating Expert\" \/>\n<meta name=\"twitter:card\" content=\"summary_large_image\" \/>\n<meta name=\"twitter:label1\" content=\"Arvioitu lukuaika\" \/>\n\t<meta name=\"twitter:data1\" content=\"2 minuuttia\" \/>\n<script type=\"application\/ld+json\" class=\"yoast-schema-graph\">{\"@context\":\"https:\/\/schema.org\",\"@graph\":[{\"@type\":\"WebSite\",\"@id\":\"http:\/\/bardelconvent.com\/de\/#website\",\"url\":\"http:\/\/bardelconvent.com\/de\/\",\"name\":\"Hookup-rakkaus\",\"description\":\"Treffit ja ihmissuhteet\",\"potentialAction\":[{\"@type\":\"SearchAction\",\"target\":{\"@type\":\"EntryPoint\",\"urlTemplate\":\"http:\/\/bardelconvent.com\/de\/?s={search_term_string}\"},\"query-input\":\"required name=search_term_string\"}],\"inLanguage\":\"fi\"},{\"@type\":\"ImageObject\",\"inLanguage\":\"fi\",\"@id\":\"http:\/\/bardelconvent.com\/fi\/toimiiko-sokea-treffit\/#primaryimage\",\"url\":\"http:\/\/bardelconvent.com\/wp-content\/uploads\/2022\/07\/casual-sex-hookups.jpg\",\"contentUrl\":\"http:\/\/bardelconvent.com\/wp-content\/uploads\/2022\/07\/casual-sex-hookups.jpg\",\"width\":500,\"height\":333},{\"@type\":\"WebPage\",\"@id\":\"http:\/\/bardelconvent.com\/fi\/toimiiko-sokea-treffit\/#webpage\",\"url\":\"http:\/\/bardelconvent.com\/fi\/toimiiko-sokea-treffit\/\",\"name\":\"Toimiiko sokea treffit? - Hookup-rakkaus\",\"isPartOf\":{\"@id\":\"http:\/\/bardelconvent.com\/de\/#website\"},\"primaryImageOfPage\":{\"@id\":\"http:\/\/bardelconvent.com\/fi\/toimiiko-sokea-treffit\/#primaryimage\"},\"datePublished\":\"2022-07-08T11:27:59+00:00\",\"dateModified\":\"2022-07-08T11:27:59+00:00\",\"breadcrumb\":{\"@id\":\"http:\/\/bardelconvent.com\/fi\/toimiiko-sokea-treffit\/#breadcrumb\"},\"inLanguage\":\"fi\",\"potentialAction\":[{\"@type\":\"ReadAction\",\"target\":[\"http:\/\/bardelconvent.com\/fi\/toimiiko-sokea-treffit\/\"]}]},{\"@type\":\"BreadcrumbList\",\"@id\":\"http:\/\/bardelconvent.com\/fi\/toimiiko-sokea-treffit\/#breadcrumb\",\"itemListElement\":[{\"@type\":\"ListItem\",\"position\":1,\"name\":\"Koti\",\"item\":\"http:\/\/bardelconvent.com\/fi\/\"},{\"@type\":\"ListItem\",\"position\":2,\"name\":\"Toimiiko sokea treffit?\"}]}]}<\/script>\n<!-- \/ Yoast SEO plugin. -->","yoast_head_json":{"title":"Toimiiko sokea treffit? - Hookup-rakkaus","robots":{"index":"index","follow":"follow","max-snippet":"max-snippet:-1","max-image-preview":"max-image-preview:large","max-video-preview":"max-video-preview:-1"},"canonical":"http:\/\/bardelconvent.com\/fi\/toimiiko-sokea-treffit\/","og_locale":"fi_FI","og_type":"article","og_title":"Toimiiko sokea treffit? - Hookup-rakkaus","og_description":"Sokea treffit ovat loistava tapa tavata ihmisi\u00e4, joilla on samanlaisia kiinnostuksen kohteita. T\u00e4m\u00e4n tyyppist\u00e4 seurustelua kutsutaan usein pikatreffitiksi, koska ennalta j\u00e4rjestetty\u00e4 kohtaamispaikkaa tai","og_url":"http:\/\/bardelconvent.com\/fi\/toimiiko-sokea-treffit\/","og_site_name":"Hookup-rakkaus","og_image":[{"width":500,"height":333,"url":"https:\/\/bardelconvent.com\/wp-content\/uploads\/2022\/07\/casual-sex-hookups.jpg","type":"image\/jpeg"}],"author":"Dating Expert","twitter_card":"summary_large_image","twitter_misc":{"Arvioitu lukuaika":"2 minuuttia"},"schema":{"@context":"https:\/\/schema.org","@graph":[{"@type":"WebSite","@id":"http:\/\/bardelconvent.com\/de\/#website","url":"http:\/\/bardelconvent.com\/de\/","name":"Hookup-rakkaus","description":"Treffit ja ihmissuhteet","potentialAction":[{"@type":"SearchAction","target":{"@type":"EntryPoint","urlTemplate":"http:\/\/bardelconvent.com\/de\/?s={search_term_string}"},"query-input":"required name=search_term_string"}],"inLanguage":"fi"},{"@type":"ImageObject","inLanguage":"fi","@id":"http:\/\/bardelconvent.com\/fi\/toimiiko-sokea-treffit\/#primaryimage","url":"http:\/\/bardelconvent.com\/wp-content\/uploads\/2022\/07\/casual-sex-hookups.jpg","contentUrl":"http:\/\/bardelconvent.com\/wp-content\/uploads\/2022\/07\/casual-sex-hookups.jpg","width":500,"height":333},{"@type":"WebPage","@id":"http:\/\/bardelconvent.com\/fi\/toimiiko-sokea-treffit\/#webpage","url":"http:\/\/bardelconvent.com\/fi\/toimiiko-sokea-treffit\/","name":"Toimiiko sokea treffit? - Hookup-rakkaus","isPartOf":{"@id":"http:\/\/bardelconvent.com\/de\/#website"},"primaryImageOfPage":{"@id":"http:\/\/bardelconvent.com\/fi\/toimiiko-sokea-treffit\/#primaryimage"},"datePublished":"2022-07-08T11:27:59+00:00","dateModified":"2022-07-08T11:27:59+00:00","breadcrumb":{"@id":"http:\/\/bardelconvent.com\/fi\/toimiiko-sokea-treffit\/#breadcrumb"},"inLanguage":"fi","potentialAction":[{"@type":"ReadAction","target":["http:\/\/bardelconvent.com\/fi\/toimiiko-sokea-treffit\/"]}]},{"@type":"BreadcrumbList","@id":"http:\/\/bardelconvent.com\/fi\/toimiiko-sokea-treffit\/#breadcrumb","itemListElement":[{"@type":"ListItem","position":1,"name":"Koti","item":"http:\/\/bardelconvent.com\/fi\/"},{"@type":"ListItem","position":2,"name":"Toimiiko sokea treffit?"}]}]}},"_links":{"self":[{"href":"http:\/\/bardelconvent.com\/fi\/wp-json\/wp\/v2\/pages\/172"}],"collection":[{"href":"http:\/\/bardelconvent.com\/fi\/wp-json\/wp\/v2\/pages"}],"about":[{"href":"http:\/\/bardelconvent.com\/fi\/wp-json\/wp\/v2\/types\/page"}],"author":[{"embeddable":true,"href":"http:\/\/bardelconvent.com\/fi\/wp-json\/wp\/v2\/users\/1"}],"replies":[{"embeddable":true,"href":"http:\/\/bardelconvent.com\/fi\/wp-json\/wp\/v2\/comments?post=172"}],"version-history":[{"count":0,"href":"http:\/\/bardelconvent.com\/fi\/wp-json\/wp\/v2\/pages\/172\/revisions"}],"wp:featuredmedia":[{"embeddable":true,"href":"http:\/\/bardelconvent.com\/fi\/wp-json\/wp\/v2\/media\/155"}],"wp:attachment":[{"href":"http:\/\/bardelconvent.com\/fi\/wp-json\/wp\/v2\/media?parent=172"}],"curies":[{"name":"wp","href":"https:\/\/api.w.org\/{rel}","templated":true}]}}