{"id":186,"date":"2022-07-08T12:19:13","date_gmt":"2022-07-08T11:19:13","guid":{"rendered":"http:\/\/bardelconvent.com\/allekirjoittaako-tytto-etta-tytto-pitaa-sinusta-verkossa\/"},"modified":"2022-07-08T12:19:13","modified_gmt":"2022-07-08T11:19:13","slug":"allekirjoittaako-tytto-etta-tytto-pitaa-sinusta-verkossa","status":"publish","type":"page","link":"http:\/\/bardelconvent.com\/fi\/allekirjoittaako-tytto-etta-tytto-pitaa-sinusta-verkossa\/","title":{"rendered":"Allekirjoittaako tytt\u00f6, ett\u00e4 tytt\u00f6 pit\u00e4\u00e4 sinusta verkossa?"},"content":{"rendered":"<p>Tekstiviestien l\u00e4hett\u00e4minen tyt\u00f6ille on mielenkiintoinen kokemus. Voit saada teksteiss\u00e4\u00e4n vihjeit\u00e4 siit\u00e4, miten he todella suhtautuvat sinuun. Kun kiinnit\u00e4t erityist\u00e4 huomiota siihen, mit\u00e4, milloin ja miten he l\u00e4hett\u00e4v\u00e4t tekstiviestej\u00e4, autat sinua ymm\u00e4rt\u00e4m\u00e4\u00e4n heit\u00e4 paremmin.<\/p>\n<p>Jos et ole varma, onko h\u00e4n kiinnostunut yst\u00e4vyydest\u00e4, tutustu <a href=\"http:\/\/bardelconvent.com\/fi\/online-treffisovellusten-turvallisuus\/\">muihin merkkeihin<\/a>. H\u00e4n voi esimerkiksi l\u00e4hett\u00e4\u00e4 sinulle viestej\u00e4 muistellakseen hauskaa yhteist\u00e4 aikaa. Tai h\u00e4n voi olla tavoittamassa, koska h\u00e4n tarvitsee apua tietyss\u00e4 teht\u00e4v\u00e4ss\u00e4 tai testiss\u00e4.<\/p>\n<h2>Tekst\u00e4\u00e4tk\u00f6 ensin?<\/h2>\n<p>Jos h\u00e4n l\u00e4hett\u00e4\u00e4 sinulle tekstiviestin tyhj\u00e4st\u00e4, se voi tarkoittaa mit\u00e4 tahansa. H\u00e4nell\u00e4 voi olla tyls\u00e4\u00e4 tai h\u00e4n saattaa yritt\u00e4\u00e4 oppia tuntemaan sinut paremmin. Saatat olla h\u00e4nen tyyppinen kaverinsa, tai h\u00e4n ei ehk\u00e4 pid\u00e4 sinusta ollenkaan. Joko niin, sill\u00e4 ei ole v\u00e4li\u00e4, koska et voi tehd\u00e4 asialle mit\u00e4\u00e4n. Se sanoi, ett\u00e4 jos h\u00e4n l\u00e4hett\u00e4\u00e4 sinulle ensin tekstiviestin, se tarkoittaa, ett\u00e4 h\u00e4n haluaa puhua kanssasi. Joten kun h\u00e4n l\u00e4hett\u00e4\u00e4 sinulle viestin, kiinnit\u00e4 huomiota.<\/p>\n<h2>Etk\u00f6 voi lopettaa tekstiviestien l\u00e4hett\u00e4mist\u00e4 sinulle?<\/h2>\n<p>H\u00e4n ei pid\u00e4 sinusta, kun h\u00e4n tapaa sinut ensimm\u00e4isen kerran. Mutta jonkin ajan kuluttua <a href=\"http:\/\/bardelconvent.com\/fi\/ilmaiset-seksikeskustelusivustot\/\">h\u00e4n alkaa pit\u00e4\u00e4 sinusta<\/a>. Ja jos h\u00e4n jatkaa puhumista kanssasi, h\u00e4n alkaa tuntea olevansa todella l\u00e4hell\u00e4 sinua. Jos h\u00e4n haluaa puhua kanssasi joka kerta, kun tapaat, h\u00e4n on todenn\u00e4k\u00f6isesti rakastunut sinuun.<\/p>\n<h2>L\u00e4het\u00e4tk\u00f6 sinulle tekstiviestej\u00e4 koko p\u00e4iv\u00e4n ajan?<\/h2>\n<p>Jos h\u00e4n l\u00e4hett\u00e4\u00e4 sinulle tekstiviestej\u00e4 usein, se tarkoittaa, ett\u00e4 h\u00e4n pit\u00e4\u00e4 sinusta. H\u00e4n saattaa olla jopa kiinnostunut tuntemaan sinut paremmin. H\u00e4n haluaa sinun tutustuvan h\u00e4neen ja siihen, mit\u00e4 h\u00e4n edustaa, koska h\u00e4n tiet\u00e4\u00e4, ett\u00e4 arvostat sit\u00e4. Naiset tiet\u00e4v\u00e4t, ett\u00e4 suhteen kehitt\u00e4minen on t\u00e4rke\u00e4 askel kohti suhteen aloittamista haluamasi kaverin kanssa. Opin t\u00e4m\u00e4n parisuhdeguru Kate Springilt\u00e4.<\/p>\n<h2>Toimiiko tekstiviestien l\u00e4hett\u00e4minen todella?<\/h2>\n<p>Tekstiviestien l\u00e4hett\u00e4minen on loistava viestint\u00e4muoto, varsinkin kun yrit\u00e4t tutustua johonkin. On kuitenkin aikoja, jolloin sinun t\u00e4ytyy per\u00e4\u00e4nty\u00e4 ja antaa itsellesi aikaa ajatella ennen toisen viestin l\u00e4hett\u00e4mist\u00e4. Jos sinulla on ollut huono kokemus jonkun kanssa, voi olla parasta odottaa, kunnes olet rauhoittunut, ennen kuin otat yhteytt\u00e4. Voit my\u00f6s yritt\u00e4\u00e4 soittaa heille tekstiviestien l\u00e4hett\u00e4misen sijaan. T\u00e4ll\u00e4 tavalla et tunne, ett\u00e4 h\u00e4iritset heit\u00e4, kun olet viel\u00e4 j\u00e4rkyttynyt.<\/p>\n","protected":false},"excerpt":{"rendered":"<p>Tekstiviestien l\u00e4hett\u00e4minen tyt\u00f6ille on mielenkiintoinen kokemus. Voit saada teksteiss\u00e4\u00e4n vihjeit\u00e4 siit\u00e4, miten he todella suhtautuvat sinuun. Kun kiinnit\u00e4t erityist\u00e4 huomiota siihen, mit\u00e4, milloin <\/p>\n","protected":false},"author":1,"featured_media":135,"parent":0,"menu_order":0,"comment_status":"closed","ping_status":"closed","template":"","meta":[],"yoast_head":"<!-- This site is optimized with the Yoast SEO plugin v19.2 - https:\/\/yoast.com\/wordpress\/plugins\/seo\/ -->\n<title>Allekirjoittaako tytt\u00f6, ett\u00e4 tytt\u00f6 pit\u00e4\u00e4 sinusta verkossa? - Hookup-rakkaus<\/title>\n<meta name=\"robots\" content=\"index, follow, max-snippet:-1, max-image-preview:large, max-video-preview:-1\" \/>\n<link rel=\"canonical\" href=\"http:\/\/bardelconvent.com\/fi\/allekirjoittaako-tytto-etta-tytto-pitaa-sinusta-verkossa\/\" \/>\n<meta property=\"og:locale\" content=\"fi_FI\" \/>\n<meta property=\"og:type\" content=\"article\" \/>\n<meta property=\"og:title\" content=\"Allekirjoittaako tytt\u00f6, ett\u00e4 tytt\u00f6 pit\u00e4\u00e4 sinusta verkossa? - Hookup-rakkaus\" \/>\n<meta property=\"og:description\" content=\"Tekstiviestien l\u00e4hett\u00e4minen tyt\u00f6ille on mielenkiintoinen kokemus. Voit saada teksteiss\u00e4\u00e4n vihjeit\u00e4 siit\u00e4, miten he todella suhtautuvat sinuun. Kun kiinnit\u00e4t erityist\u00e4 huomiota siihen, mit\u00e4, milloin\" \/>\n<meta property=\"og:url\" content=\"http:\/\/bardelconvent.com\/fi\/allekirjoittaako-tytto-etta-tytto-pitaa-sinusta-verkossa\/\" \/>\n<meta property=\"og:site_name\" content=\"Hookup-rakkaus\" \/>\n<meta property=\"og:image\" content=\"https:\/\/bardelconvent.com\/wp-content\/uploads\/2022\/07\/real-sex-chat.jpeg\" \/>\n\t<meta property=\"og:image:width\" content=\"2250\" \/>\n\t<meta property=\"og:image:height\" content=\"1500\" \/>\n\t<meta property=\"og:image:type\" content=\"image\/jpeg\" \/>\n<meta name=\"author\" content=\"Dating Expert\" \/>\n<meta name=\"twitter:card\" content=\"summary_large_image\" \/>\n<meta name=\"twitter:label1\" content=\"Arvioitu lukuaika\" \/>\n\t<meta name=\"twitter:data1\" content=\"2 minuuttia\" \/>\n<script type=\"application\/ld+json\" class=\"yoast-schema-graph\">{\"@context\":\"https:\/\/schema.org\",\"@graph\":[{\"@type\":\"WebSite\",\"@id\":\"http:\/\/bardelconvent.com\/de\/#website\",\"url\":\"http:\/\/bardelconvent.com\/de\/\",\"name\":\"Hookup-rakkaus\",\"description\":\"Treffit ja ihmissuhteet\",\"potentialAction\":[{\"@type\":\"SearchAction\",\"target\":{\"@type\":\"EntryPoint\",\"urlTemplate\":\"http:\/\/bardelconvent.com\/de\/?s={search_term_string}\"},\"query-input\":\"required name=search_term_string\"}],\"inLanguage\":\"fi\"},{\"@type\":\"ImageObject\",\"inLanguage\":\"fi\",\"@id\":\"http:\/\/bardelconvent.com\/fi\/allekirjoittaako-tytto-etta-tytto-pitaa-sinusta-verkossa\/#primaryimage\",\"url\":\"http:\/\/bardelconvent.com\/wp-content\/uploads\/2022\/07\/real-sex-chat.jpeg\",\"contentUrl\":\"http:\/\/bardelconvent.com\/wp-content\/uploads\/2022\/07\/real-sex-chat.jpeg\",\"width\":2250,\"height\":1500},{\"@type\":\"WebPage\",\"@id\":\"http:\/\/bardelconvent.com\/fi\/allekirjoittaako-tytto-etta-tytto-pitaa-sinusta-verkossa\/#webpage\",\"url\":\"http:\/\/bardelconvent.com\/fi\/allekirjoittaako-tytto-etta-tytto-pitaa-sinusta-verkossa\/\",\"name\":\"Allekirjoittaako tytt\u00f6, ett\u00e4 tytt\u00f6 pit\u00e4\u00e4 sinusta verkossa? - Hookup-rakkaus\",\"isPartOf\":{\"@id\":\"http:\/\/bardelconvent.com\/de\/#website\"},\"primaryImageOfPage\":{\"@id\":\"http:\/\/bardelconvent.com\/fi\/allekirjoittaako-tytto-etta-tytto-pitaa-sinusta-verkossa\/#primaryimage\"},\"datePublished\":\"2022-07-08T11:19:13+00:00\",\"dateModified\":\"2022-07-08T11:19:13+00:00\",\"breadcrumb\":{\"@id\":\"http:\/\/bardelconvent.com\/fi\/allekirjoittaako-tytto-etta-tytto-pitaa-sinusta-verkossa\/#breadcrumb\"},\"inLanguage\":\"fi\",\"potentialAction\":[{\"@type\":\"ReadAction\",\"target\":[\"http:\/\/bardelconvent.com\/fi\/allekirjoittaako-tytto-etta-tytto-pitaa-sinusta-verkossa\/\"]}]},{\"@type\":\"BreadcrumbList\",\"@id\":\"http:\/\/bardelconvent.com\/fi\/allekirjoittaako-tytto-etta-tytto-pitaa-sinusta-verkossa\/#breadcrumb\",\"itemListElement\":[{\"@type\":\"ListItem\",\"position\":1,\"name\":\"Koti\",\"item\":\"http:\/\/bardelconvent.com\/fi\/\"},{\"@type\":\"ListItem\",\"position\":2,\"name\":\"Allekirjoittaako tytt\u00f6, ett\u00e4 tytt\u00f6 pit\u00e4\u00e4 sinusta verkossa?\"}]}]}<\/script>\n<!-- \/ Yoast SEO plugin. -->","yoast_head_json":{"title":"Allekirjoittaako tytt\u00f6, ett\u00e4 tytt\u00f6 pit\u00e4\u00e4 sinusta verkossa? - Hookup-rakkaus","robots":{"index":"index","follow":"follow","max-snippet":"max-snippet:-1","max-image-preview":"max-image-preview:large","max-video-preview":"max-video-preview:-1"},"canonical":"http:\/\/bardelconvent.com\/fi\/allekirjoittaako-tytto-etta-tytto-pitaa-sinusta-verkossa\/","og_locale":"fi_FI","og_type":"article","og_title":"Allekirjoittaako tytt\u00f6, ett\u00e4 tytt\u00f6 pit\u00e4\u00e4 sinusta verkossa? - Hookup-rakkaus","og_description":"Tekstiviestien l\u00e4hett\u00e4minen tyt\u00f6ille on mielenkiintoinen kokemus. Voit saada teksteiss\u00e4\u00e4n vihjeit\u00e4 siit\u00e4, miten he todella suhtautuvat sinuun. Kun kiinnit\u00e4t erityist\u00e4 huomiota siihen, mit\u00e4, milloin","og_url":"http:\/\/bardelconvent.com\/fi\/allekirjoittaako-tytto-etta-tytto-pitaa-sinusta-verkossa\/","og_site_name":"Hookup-rakkaus","og_image":[{"width":2250,"height":1500,"url":"https:\/\/bardelconvent.com\/wp-content\/uploads\/2022\/07\/real-sex-chat.jpeg","type":"image\/jpeg"}],"author":"Dating Expert","twitter_card":"summary_large_image","twitter_misc":{"Arvioitu lukuaika":"2 minuuttia"},"schema":{"@context":"https:\/\/schema.org","@graph":[{"@type":"WebSite","@id":"http:\/\/bardelconvent.com\/de\/#website","url":"http:\/\/bardelconvent.com\/de\/","name":"Hookup-rakkaus","description":"Treffit ja ihmissuhteet","potentialAction":[{"@type":"SearchAction","target":{"@type":"EntryPoint","urlTemplate":"http:\/\/bardelconvent.com\/de\/?s={search_term_string}"},"query-input":"required name=search_term_string"}],"inLanguage":"fi"},{"@type":"ImageObject","inLanguage":"fi","@id":"http:\/\/bardelconvent.com\/fi\/allekirjoittaako-tytto-etta-tytto-pitaa-sinusta-verkossa\/#primaryimage","url":"http:\/\/bardelconvent.com\/wp-content\/uploads\/2022\/07\/real-sex-chat.jpeg","contentUrl":"http:\/\/bardelconvent.com\/wp-content\/uploads\/2022\/07\/real-sex-chat.jpeg","width":2250,"height":1500},{"@type":"WebPage","@id":"http:\/\/bardelconvent.com\/fi\/allekirjoittaako-tytto-etta-tytto-pitaa-sinusta-verkossa\/#webpage","url":"http:\/\/bardelconvent.com\/fi\/allekirjoittaako-tytto-etta-tytto-pitaa-sinusta-verkossa\/","name":"Allekirjoittaako tytt\u00f6, ett\u00e4 tytt\u00f6 pit\u00e4\u00e4 sinusta verkossa? - Hookup-rakkaus","isPartOf":{"@id":"http:\/\/bardelconvent.com\/de\/#website"},"primaryImageOfPage":{"@id":"http:\/\/bardelconvent.com\/fi\/allekirjoittaako-tytto-etta-tytto-pitaa-sinusta-verkossa\/#primaryimage"},"datePublished":"2022-07-08T11:19:13+00:00","dateModified":"2022-07-08T11:19:13+00:00","breadcrumb":{"@id":"http:\/\/bardelconvent.com\/fi\/allekirjoittaako-tytto-etta-tytto-pitaa-sinusta-verkossa\/#breadcrumb"},"inLanguage":"fi","potentialAction":[{"@type":"ReadAction","target":["http:\/\/bardelconvent.com\/fi\/allekirjoittaako-tytto-etta-tytto-pitaa-sinusta-verkossa\/"]}]},{"@type":"BreadcrumbList","@id":"http:\/\/bardelconvent.com\/fi\/allekirjoittaako-tytto-etta-tytto-pitaa-sinusta-verkossa\/#breadcrumb","itemListElement":[{"@type":"ListItem","position":1,"name":"Koti","item":"http:\/\/bardelconvent.com\/fi\/"},{"@type":"ListItem","position":2,"name":"Allekirjoittaako tytt\u00f6, ett\u00e4 tytt\u00f6 pit\u00e4\u00e4 sinusta verkossa?"}]}]}},"_links":{"self":[{"href":"http:\/\/bardelconvent.com\/fi\/wp-json\/wp\/v2\/pages\/186"}],"collection":[{"href":"http:\/\/bardelconvent.com\/fi\/wp-json\/wp\/v2\/pages"}],"about":[{"href":"http:\/\/bardelconvent.com\/fi\/wp-json\/wp\/v2\/types\/page"}],"author":[{"embeddable":true,"href":"http:\/\/bardelconvent.com\/fi\/wp-json\/wp\/v2\/users\/1"}],"replies":[{"embeddable":true,"href":"http:\/\/bardelconvent.com\/fi\/wp-json\/wp\/v2\/comments?post=186"}],"version-history":[{"count":0,"href":"http:\/\/bardelconvent.com\/fi\/wp-json\/wp\/v2\/pages\/186\/revisions"}],"wp:featuredmedia":[{"embeddable":true,"href":"http:\/\/bardelconvent.com\/fi\/wp-json\/wp\/v2\/media\/135"}],"wp:attachment":[{"href":"http:\/\/bardelconvent.com\/fi\/wp-json\/wp\/v2\/media?parent=186"}],"curies":[{"name":"wp","href":"https:\/\/api.w.org\/{rel}","templated":true}]}}