{"id":188,"date":"2022-07-08T12:08:53","date_gmt":"2022-07-08T11:08:53","guid":{"rendered":"http:\/\/bardelconvent.com\/online-treffisovellusten-turvallisuus\/"},"modified":"2022-07-08T12:08:53","modified_gmt":"2022-07-08T11:08:53","slug":"online-treffisovellusten-turvallisuus","status":"publish","type":"page","link":"http:\/\/bardelconvent.com\/fi\/online-treffisovellusten-turvallisuus\/","title":{"rendered":"Online-treffisovellusten turvallisuus"},"content":{"rendered":"<p>Online-treffit ovat yh\u00e4 suositumpaa toimintaa sinkkujen keskuudessa. Turvallisuusongelmia syntyy kuitenkin usein, kun tapaat jonkun verkkosivuston kautta. Vaikka on olemassa useita tapoja suojautua, ei v\u00e4ltt\u00e4m\u00e4tt\u00e4 aina ole mahdollista est\u00e4\u00e4 kaikkia mahdollisia riskej\u00e4.<\/p>\n<h2>Oppaamme<\/h2>\n<p>T\u00e4ss\u00e4 on joitain tapoja, joilla voit suojautua k\u00e4ytt\u00e4ess\u00e4si online-treffisovellusta tai -palvelua. N\u00e4m\u00e4 vinkit eiv\u00e4t ole tae, mutta ne voivat auttaa sinua tuntemaan olosi turvallisemmaksi.<\/p>\n<p>On parasta olla jakamatta henkil\u00f6kohtaisia tietoja <a href=\"http:\/\/bardelconvent.com\/fi\/miksi-online-treffisovellukset-voisivat-toimia-sinulle\/\">treffiprofiilissasi<\/a>. Sinun tulisi v\u00e4ltt\u00e4\u00e4 koko nimesi ja puhelinnumerosi sek\u00e4 muiden tietojen jakamista, jotka voivat tunnistaa sinut henkil\u00f6kohtaisesti. On my\u00f6s viisasta pit\u00e4\u00e4 online-l\u00e4sn\u00e4olosi erill\u00e4\u00e4n todellisesta el\u00e4m\u00e4st\u00e4si. Jos tapaat jonkun baarissa tai juhlissa, yrit\u00e4 pysy\u00e4 poissa sosiaalisen median tileilt\u00e4si, kunnes olet varma, ett\u00e4 pid\u00e4t toisistasi tarpeeksi puhuaksesi puhelimessa. \u00c4l\u00e4 anna osoitettasi tai luottokorttitietojasi ennen kuin tapaat henkil\u00f6kohtaisesti. Ja pyyd\u00e4 aina viitteit\u00e4, kun puhut mahdollisista p\u00e4iv\u00e4m\u00e4\u00e4rist\u00e4.<\/p>\n<h2>Kun keskustelet tuntemattomien kanssa<\/h2>\n<p>Jos etsit rakkautta sosiaalisesta mediasta, tutustu ensin mahdollisen p\u00e4iv\u00e4m\u00e4\u00e4r\u00e4si profiileihin. Jos tied\u00e4t heid\u00e4n nimens\u00e4 tai kahvansa sosiaalisessa mediassa, etsi ne. Katso heid\u00e4n valokuviaan ja katso, tunnistatko heid\u00e4t. Tarkista, onko heill\u00e4 yhteisi\u00e4 yst\u00e4vi\u00e4 sosiaalisessa mediassa. Jos ne n\u00e4ytt\u00e4v\u00e4t monnilta, est\u00e4 ja ilmoita niist\u00e4. Voit my\u00f6s est\u00e4\u00e4 muita k\u00e4ytt\u00e4ji\u00e4 ja ilmoittaa niist\u00e4, jos heid\u00e4n profiilinsa ovat mielest\u00e4si ep\u00e4ilytt\u00e4vi\u00e4 tai jos he ovat k\u00e4ytt\u00e4ytyneet sopimattomasti sinua kohtaan. Luota aina vaistoosi, kun olet tekemisiss\u00e4 muiden kanssa. Jos sinusta tuntuu, ett\u00e4 joku ei ole rehellinen sinulle, k\u00e4vele vain pois.<\/p>\n<p>On olemassa useita punaisia lippuja, joiden pit\u00e4isi <a href=\"http:\/\/bardelconvent.com\/fi\/ilmaiset-seksikeskustelusivustot\/\">her\u00e4tt\u00e4\u00e4 huolta<\/a> henkil\u00f6st\u00e4, jonka kanssa olet yhteydess\u00e4 verkossa. Jos sinua painostetaan antamaan henkil\u00f6kohtaisia tietoja, kuten matkapuhelinnumerosi, tai jos saat liian romanttisen viestin suhteesi varhaisessa vaiheessa, sinun kannattaa harkita k\u00e4ytt\u00e4j\u00e4n ilmoittamista.<\/p>\n<p>\u00c4l\u00e4 jaa henkil\u00f6kohtaisia tietojasi tuntemattomien kanssa. \u00c4l\u00e4 koskaan anna mit\u00e4\u00e4n henkil\u00f6kohtaisia tietoja, kun kommunikoit toisen henkil\u00f6n kanssa verkkosivuston tai sovelluksen kautta. Henkil\u00f6kohtaiset tietosi sis\u00e4lt\u00e4v\u00e4t kaiken, mik\u00e4 voi tunnistaa sinut henkil\u00f6kohtaisesti, kuten nimesi, puhelinnumerosi, osoitteesi, syntym\u00e4aikasi, ajokorttinumerosi, tilinumerosi, salasanasi ja sosiaaliturvatunnuksesi.<\/p>\n<h2>Tapaa julkisesti<\/h2>\n<p>Tapaa jossain turvallisessa ja julkisessa paikassa. Jos etsit jotain rentoa, valitse julkinen sijainti, kuten kahvila, ravintola tai baari. N\u00e4et toisesi ennen kuin p\u00e4\u00e4t\u00e4t, l\u00e4hdetk\u00f6 taas ulos. Jos haluat mieluummin yksityisemm\u00e4n ymp\u00e4rist\u00f6n, harkitse sen sijaan menemist\u00e4 yst\u00e4v\u00e4n kotiin tai toisen yhteisen tuttavan taloon tai asuntoon. Jos olet hermostunut tapaamaan jonkun henkil\u00f6kohtaisesti ensimm\u00e4ist\u00e4 kertaa, yrit\u00e4 k\u00e4ytt\u00e4\u00e4 online-treffisivustoa, joka auttaa sinua tutustumaan mahdollisiin kumppaneihin. Voit my\u00f6s kysy\u00e4 yst\u00e4vilt\u00e4 suosituksia tapaamispaikoista.<\/p>\n<p>Valitse paikka, joka tuntuu mukavalta ja turvalliselta. Pid\u00e4 hauskaa! Jos haluat menn\u00e4 jonnekin yksityiseen paikkaan, on paljon sovelluksia, joiden avulla voit tavata yksityisesti.<\/p>\n","protected":false},"excerpt":{"rendered":"<p>Online-treffit ovat yh\u00e4 suositumpaa toimintaa sinkkujen keskuudessa. Turvallisuusongelmia syntyy kuitenkin usein, kun tapaat jonkun verkkosivuston kautta. Vaikka on olemassa useita tapoja suojautua, ei <\/p>\n","protected":false},"author":1,"featured_media":125,"parent":0,"menu_order":0,"comment_status":"closed","ping_status":"closed","template":"","meta":[],"yoast_head":"<!-- This site is optimized with the Yoast SEO plugin v19.2 - https:\/\/yoast.com\/wordpress\/plugins\/seo\/ -->\n<title>Online-treffisovellusten turvallisuus - Hookup-rakkaus<\/title>\n<meta name=\"robots\" content=\"index, follow, max-snippet:-1, max-image-preview:large, max-video-preview:-1\" \/>\n<link rel=\"canonical\" href=\"http:\/\/bardelconvent.com\/fi\/online-treffisovellusten-turvallisuus\/\" \/>\n<meta property=\"og:locale\" content=\"fi_FI\" \/>\n<meta property=\"og:type\" content=\"article\" \/>\n<meta property=\"og:title\" content=\"Online-treffisovellusten turvallisuus - Hookup-rakkaus\" \/>\n<meta property=\"og:description\" content=\"Online-treffit ovat yh\u00e4 suositumpaa toimintaa sinkkujen keskuudessa. Turvallisuusongelmia syntyy kuitenkin usein, kun tapaat jonkun verkkosivuston kautta. Vaikka on olemassa useita tapoja suojautua, ei\" \/>\n<meta property=\"og:url\" content=\"http:\/\/bardelconvent.com\/fi\/online-treffisovellusten-turvallisuus\/\" \/>\n<meta property=\"og:site_name\" content=\"Hookup-rakkaus\" \/>\n<meta property=\"og:image\" content=\"http:\/\/bardelconvent.com\/wp-content\/uploads\/2022\/07\/dating-scams.jpeg\" \/>\n\t<meta property=\"og:image:width\" content=\"2250\" \/>\n\t<meta property=\"og:image:height\" content=\"1500\" \/>\n\t<meta property=\"og:image:type\" content=\"image\/jpeg\" \/>\n<meta name=\"author\" content=\"Dating Expert\" \/>\n<meta name=\"twitter:card\" content=\"summary_large_image\" \/>\n<meta name=\"twitter:label1\" content=\"Arvioitu lukuaika\" \/>\n\t<meta name=\"twitter:data1\" content=\"2 minuuttia\" \/>\n<script type=\"application\/ld+json\" class=\"yoast-schema-graph\">{\"@context\":\"https:\/\/schema.org\",\"@graph\":[{\"@type\":\"WebSite\",\"@id\":\"http:\/\/bardelconvent.com\/de\/#website\",\"url\":\"http:\/\/bardelconvent.com\/de\/\",\"name\":\"Hookup-rakkaus\",\"description\":\"Treffit ja ihmissuhteet\",\"potentialAction\":[{\"@type\":\"SearchAction\",\"target\":{\"@type\":\"EntryPoint\",\"urlTemplate\":\"http:\/\/bardelconvent.com\/de\/?s={search_term_string}\"},\"query-input\":\"required name=search_term_string\"}],\"inLanguage\":\"fi\"},{\"@type\":\"ImageObject\",\"inLanguage\":\"fi\",\"@id\":\"http:\/\/bardelconvent.com\/fi\/online-treffisovellusten-turvallisuus\/#primaryimage\",\"url\":\"http:\/\/bardelconvent.com\/wp-content\/uploads\/2022\/07\/dating-scams.jpeg\",\"contentUrl\":\"http:\/\/bardelconvent.com\/wp-content\/uploads\/2022\/07\/dating-scams.jpeg\",\"width\":2250,\"height\":1500},{\"@type\":\"WebPage\",\"@id\":\"http:\/\/bardelconvent.com\/fi\/online-treffisovellusten-turvallisuus\/#webpage\",\"url\":\"http:\/\/bardelconvent.com\/fi\/online-treffisovellusten-turvallisuus\/\",\"name\":\"Online-treffisovellusten turvallisuus - Hookup-rakkaus\",\"isPartOf\":{\"@id\":\"http:\/\/bardelconvent.com\/de\/#website\"},\"primaryImageOfPage\":{\"@id\":\"http:\/\/bardelconvent.com\/fi\/online-treffisovellusten-turvallisuus\/#primaryimage\"},\"datePublished\":\"2022-07-08T11:08:53+00:00\",\"dateModified\":\"2022-07-08T11:08:53+00:00\",\"breadcrumb\":{\"@id\":\"http:\/\/bardelconvent.com\/fi\/online-treffisovellusten-turvallisuus\/#breadcrumb\"},\"inLanguage\":\"fi\",\"potentialAction\":[{\"@type\":\"ReadAction\",\"target\":[\"http:\/\/bardelconvent.com\/fi\/online-treffisovellusten-turvallisuus\/\"]}]},{\"@type\":\"BreadcrumbList\",\"@id\":\"http:\/\/bardelconvent.com\/fi\/online-treffisovellusten-turvallisuus\/#breadcrumb\",\"itemListElement\":[{\"@type\":\"ListItem\",\"position\":1,\"name\":\"Koti\",\"item\":\"http:\/\/bardelconvent.com\/fi\/\"},{\"@type\":\"ListItem\",\"position\":2,\"name\":\"Online-treffisovellusten turvallisuus\"}]}]}<\/script>\n<!-- \/ Yoast SEO plugin. -->","yoast_head_json":{"title":"Online-treffisovellusten turvallisuus - Hookup-rakkaus","robots":{"index":"index","follow":"follow","max-snippet":"max-snippet:-1","max-image-preview":"max-image-preview:large","max-video-preview":"max-video-preview:-1"},"canonical":"http:\/\/bardelconvent.com\/fi\/online-treffisovellusten-turvallisuus\/","og_locale":"fi_FI","og_type":"article","og_title":"Online-treffisovellusten turvallisuus - Hookup-rakkaus","og_description":"Online-treffit ovat yh\u00e4 suositumpaa toimintaa sinkkujen keskuudessa. Turvallisuusongelmia syntyy kuitenkin usein, kun tapaat jonkun verkkosivuston kautta. Vaikka on olemassa useita tapoja suojautua, ei","og_url":"http:\/\/bardelconvent.com\/fi\/online-treffisovellusten-turvallisuus\/","og_site_name":"Hookup-rakkaus","og_image":[{"width":2250,"height":1500,"url":"http:\/\/bardelconvent.com\/wp-content\/uploads\/2022\/07\/dating-scams.jpeg","type":"image\/jpeg"}],"author":"Dating Expert","twitter_card":"summary_large_image","twitter_misc":{"Arvioitu lukuaika":"2 minuuttia"},"schema":{"@context":"https:\/\/schema.org","@graph":[{"@type":"WebSite","@id":"http:\/\/bardelconvent.com\/de\/#website","url":"http:\/\/bardelconvent.com\/de\/","name":"Hookup-rakkaus","description":"Treffit ja ihmissuhteet","potentialAction":[{"@type":"SearchAction","target":{"@type":"EntryPoint","urlTemplate":"http:\/\/bardelconvent.com\/de\/?s={search_term_string}"},"query-input":"required name=search_term_string"}],"inLanguage":"fi"},{"@type":"ImageObject","inLanguage":"fi","@id":"http:\/\/bardelconvent.com\/fi\/online-treffisovellusten-turvallisuus\/#primaryimage","url":"http:\/\/bardelconvent.com\/wp-content\/uploads\/2022\/07\/dating-scams.jpeg","contentUrl":"http:\/\/bardelconvent.com\/wp-content\/uploads\/2022\/07\/dating-scams.jpeg","width":2250,"height":1500},{"@type":"WebPage","@id":"http:\/\/bardelconvent.com\/fi\/online-treffisovellusten-turvallisuus\/#webpage","url":"http:\/\/bardelconvent.com\/fi\/online-treffisovellusten-turvallisuus\/","name":"Online-treffisovellusten turvallisuus - Hookup-rakkaus","isPartOf":{"@id":"http:\/\/bardelconvent.com\/de\/#website"},"primaryImageOfPage":{"@id":"http:\/\/bardelconvent.com\/fi\/online-treffisovellusten-turvallisuus\/#primaryimage"},"datePublished":"2022-07-08T11:08:53+00:00","dateModified":"2022-07-08T11:08:53+00:00","breadcrumb":{"@id":"http:\/\/bardelconvent.com\/fi\/online-treffisovellusten-turvallisuus\/#breadcrumb"},"inLanguage":"fi","potentialAction":[{"@type":"ReadAction","target":["http:\/\/bardelconvent.com\/fi\/online-treffisovellusten-turvallisuus\/"]}]},{"@type":"BreadcrumbList","@id":"http:\/\/bardelconvent.com\/fi\/online-treffisovellusten-turvallisuus\/#breadcrumb","itemListElement":[{"@type":"ListItem","position":1,"name":"Koti","item":"http:\/\/bardelconvent.com\/fi\/"},{"@type":"ListItem","position":2,"name":"Online-treffisovellusten turvallisuus"}]}]}},"_links":{"self":[{"href":"http:\/\/bardelconvent.com\/fi\/wp-json\/wp\/v2\/pages\/188"}],"collection":[{"href":"http:\/\/bardelconvent.com\/fi\/wp-json\/wp\/v2\/pages"}],"about":[{"href":"http:\/\/bardelconvent.com\/fi\/wp-json\/wp\/v2\/types\/page"}],"author":[{"embeddable":true,"href":"http:\/\/bardelconvent.com\/fi\/wp-json\/wp\/v2\/users\/1"}],"replies":[{"embeddable":true,"href":"http:\/\/bardelconvent.com\/fi\/wp-json\/wp\/v2\/comments?post=188"}],"version-history":[{"count":0,"href":"http:\/\/bardelconvent.com\/fi\/wp-json\/wp\/v2\/pages\/188\/revisions"}],"wp:featuredmedia":[{"embeddable":true,"href":"http:\/\/bardelconvent.com\/fi\/wp-json\/wp\/v2\/media\/125"}],"wp:attachment":[{"href":"http:\/\/bardelconvent.com\/fi\/wp-json\/wp\/v2\/media?parent=188"}],"curies":[{"name":"wp","href":"https:\/\/api.w.org\/{rel}","templated":true}]}}