{"id":196,"date":"2022-07-08T12:21:20","date_gmt":"2022-07-08T11:21:20","guid":{"rendered":"http:\/\/bardelconvent.com\/luotettavat-seurustelusovellukset-seksin-loytamiseen\/"},"modified":"2022-07-08T12:21:20","modified_gmt":"2022-07-08T11:21:20","slug":"luotettavat-seurustelusovellukset-seksin-loytamiseen","status":"publish","type":"page","link":"http:\/\/bardelconvent.com\/fi\/luotettavat-seurustelusovellukset-seksin-loytamiseen\/","title":{"rendered":"Luotettavat seurustelusovellukset seksin l\u00f6yt\u00e4miseen"},"content":{"rendered":"<p>Online-treffailusta on tullut niin yleist\u00e4, ett\u00e4 se tuntuu melkein jokap\u00e4iv\u00e4iselt\u00e4 asialta. Etsitp\u00e4 sitten rakkautta tai vain jotakuta, jonka kanssa keskustella verkossa, tarjolla on paljon vaihtoehtoja. Voit tavata ihmisi\u00e4 sosiaalisen median, sovellusten, verkkosivustojen tai jopa paikallisten tapahtumien kautta. Jos olet kiinnostunut tapaamaan jonkun erityisen, t\u00e4ss\u00e4 on joitain vinkkej\u00e4, joiden avulla p\u00e4\u00e4set alkuun.<\/p>\n<p>Varsinkin Tinderin ja muiden vastaavien sovellusten tulon j\u00e4lkeen! T\u00e4llaisen sovelluksen k\u00e4yt\u00f6ss\u00e4 on monia etuja, mukaan lukien mukavuus ja yksityisyys. Online-treffailuun liittyy kuitenkin my\u00f6s riskej\u00e4. Saatat kohdata jonkun, joka ei ole aito tai joka yritt\u00e4\u00e4 huijata sinua rahoistasi. Saatat jopa olla <a href=\"http:\/\/bardelconvent.com\/fi\/online-treffisovellusten-turvallisuus\/\">fyysisesti uhattuna, kun tapaat henkil\u00f6kohtaisesti<\/a>. Jos etsit rakkautta, kokeile jotain muuta!<\/p>\n<h2>Turvallisuus ennen kaikkea<\/h2>\n<p>Ennen kuin tapaat jonkun tosiel\u00e4m\u00e4ss\u00e4, kokeile videokeskustelua h\u00e4nen kanssaan verkossa. Chattailu verkossa antaa sinun n\u00e4hd\u00e4, pid\u00e4tk\u00f6 toisistasi heti. Voit my\u00f6s esitt\u00e4\u00e4 kysymyksi\u00e4 siit\u00e4, mist\u00e4 he pit\u00e4v\u00e4t ja eiv\u00e4t pid\u00e4, ja haluavatko he tavata henkil\u00f6kohtaisesti. Jos he n\u00e4ytt\u00e4v\u00e4t ep\u00e4r\u00f6ivilt\u00e4 puhua kanssasi, se voi olla punainen lippu. \u00c4l\u00e4 anna henkil\u00f6kohtaisia tietoja ennen kuin olet tavannut kasvotusten. Ennen kuin suostut tapaamaan jonnekin, kerro yst\u00e4v\u00e4llesi, mihin olet menossa.<\/p>\n<p>Ota kuvakaappaus heid\u00e4n profiilistaan ja l\u00e4het\u00e4 se yst\u00e4villesi. Tekstiviestien l\u00e4hett\u00e4minen yst\u00e4v\u00e4lle treffeill\u00e4 ei ehk\u00e4 tunnu mukavalta, mutta sen avulla voit pit\u00e4\u00e4 yst\u00e4v\u00e4si ajan tasalla. Jos jatkat seurusteluasi odottamasi pisteen j\u00e4lkeen, l\u00e4het\u00e4 tekstiviesti yst\u00e4v\u00e4llesi ja kerro h\u00e4nelle, mihin olet menossa seuraavaksi.<\/p>\n<h2>V\u00e4lt\u00e4 huijauksia<\/h2>\n<p>Ei ole sinun vikasi, jos joku yritt\u00e4\u00e4 huijata sinua verkossa. Sinun <a href=\"http:\/\/bardelconvent.com\/fi\/allekirjoittaako-tytto-etta-tytto-pitaa-sinusta-verkossa\/\">ei pit\u00e4isi joutua maksamaan rahaa p\u00e4\u00e4st\u00e4ksesi eroon niist\u00e4<\/a>. Mutta on olemassa tapoja suojautua k\u00e4ytt\u00e4ess\u00e4si Tinderin kaltaista sovellusta. Olemme koonneet alla olevan luettelon turvallisuusvinkeist\u00e4 sek\u00e4 kaavion, jossa verrataan vuoden 2019 suosituimpien sovellusten turvallisuusominaisuuksia. Katso, auttaako jokin n\u00e4ist\u00e4 vaihtoehdoista pysym\u00e4\u00e4n turvassa Tinderi\u00e4 k\u00e4ytt\u00e4ess\u00e4si.<\/p>\n<h2>V\u00e4\u00e4rennetyt profiilit<\/h2>\n<p>V\u00e4\u00e4rennettyj\u00e4 profiileja, botteja ja muita huijareita on runsaasti verkossa. Vaikka et etsisi rakkautta, on monia syit\u00e4, miksi haluat ehk\u00e4 pysy\u00e4 poissa heist\u00e4. V\u00e4\u00e4rennetyt tilit saattavat tuntua aluksi vaarattomilta, mutta ne voivat aiheuttaa haittaa. Jos joku yritt\u00e4\u00e4 huijata sinua, ilmianna h\u00e4nest\u00e4 v\u00e4litt\u00f6m\u00e4sti. Harkitse my\u00f6s treffisovelluksen k\u00e4ytt\u00f6\u00e4, joka tarkistaa k\u00e4ytt\u00e4jien henkil\u00f6llisyyden, ennen kuin annat heid\u00e4n olla yhteydess\u00e4 muihin. Voit my\u00f6s tutustua alla oleviin vinkkeihimme saadaksesi tapoja suojautua, kun tapaat ihmisi\u00e4 verkossa.<\/p>\n<h2>Keskustele p\u00e4iv\u00e4m\u00e4\u00e4r\u00e4si kanssa ennen kokousta<\/h2>\n<p>On t\u00e4rke\u00e4\u00e4 puhua mahdollisesta p\u00e4iv\u00e4m\u00e4\u00e4r\u00e4st\u00e4si ennen tapaamista. Jos et ole varma, onko h\u00e4n oikea sinulle, sinun on katsottava, onko h\u00e4ness\u00e4 jotain, mik\u00e4 ei sovi sinulle. Sinun tulisi my\u00f6s kysy\u00e4 itselt\u00e4si, luotatko h\u00e4neen tarpeeksi kertoaksesi heille jotain, mik\u00e4 saattaa lyk\u00e4t\u00e4 heit\u00e4. Kun tapaat kasvokkain, voit arvioida toistesi persoonallisuuksia ja p\u00e4\u00e4tt\u00e4\u00e4, pid\u00e4tk\u00f6 toisistasi. \u00c4l\u00e4 kuitenkaan jaa aluksi liikaa yksityiskohtia itsest\u00e4si. Et halua antaa itsest\u00e4si mit\u00e4\u00e4n tietoja, jotka saattavat saada sinut n\u00e4ytt\u00e4m\u00e4\u00e4n ep\u00e4ammattimaiselta tai ep\u00e4luotettavalta.<\/p>\n","protected":false},"excerpt":{"rendered":"<p>Online-treffailusta on tullut niin yleist\u00e4, ett\u00e4 se tuntuu melkein jokap\u00e4iv\u00e4iselt\u00e4 asialta. Etsitp\u00e4 sitten rakkautta tai vain jotakuta, jonka kanssa keskustella verkossa, tarjolla on <\/p>\n","protected":false},"author":1,"featured_media":0,"parent":0,"menu_order":0,"comment_status":"closed","ping_status":"closed","template":"","meta":[],"yoast_head":"<!-- This site is optimized with the Yoast SEO plugin v19.2 - https:\/\/yoast.com\/wordpress\/plugins\/seo\/ -->\n<title>Luotettavat seurustelusovellukset seksin l\u00f6yt\u00e4miseen - Hookup-rakkaus<\/title>\n<meta name=\"robots\" content=\"index, follow, max-snippet:-1, max-image-preview:large, max-video-preview:-1\" \/>\n<link rel=\"canonical\" href=\"http:\/\/bardelconvent.com\/fi\/luotettavat-seurustelusovellukset-seksin-loytamiseen\/\" \/>\n<meta property=\"og:locale\" content=\"fi_FI\" \/>\n<meta property=\"og:type\" content=\"article\" \/>\n<meta property=\"og:title\" content=\"Luotettavat seurustelusovellukset seksin l\u00f6yt\u00e4miseen - Hookup-rakkaus\" \/>\n<meta property=\"og:description\" content=\"Online-treffailusta on tullut niin yleist\u00e4, ett\u00e4 se tuntuu melkein jokap\u00e4iv\u00e4iselt\u00e4 asialta. Etsitp\u00e4 sitten rakkautta tai vain jotakuta, jonka kanssa keskustella verkossa, tarjolla on\" \/>\n<meta property=\"og:url\" content=\"http:\/\/bardelconvent.com\/fi\/luotettavat-seurustelusovellukset-seksin-loytamiseen\/\" \/>\n<meta property=\"og:site_name\" content=\"Hookup-rakkaus\" \/>\n<meta name=\"author\" content=\"Dating Expert\" \/>\n<meta name=\"twitter:card\" content=\"summary_large_image\" \/>\n<meta name=\"twitter:label1\" content=\"Arvioitu lukuaika\" \/>\n\t<meta name=\"twitter:data1\" content=\"3 minuuttia\" \/>\n<script type=\"application\/ld+json\" class=\"yoast-schema-graph\">{\"@context\":\"https:\/\/schema.org\",\"@graph\":[{\"@type\":\"WebSite\",\"@id\":\"http:\/\/bardelconvent.com\/de\/#website\",\"url\":\"http:\/\/bardelconvent.com\/de\/\",\"name\":\"Hookup-rakkaus\",\"description\":\"Treffit ja ihmissuhteet\",\"potentialAction\":[{\"@type\":\"SearchAction\",\"target\":{\"@type\":\"EntryPoint\",\"urlTemplate\":\"http:\/\/bardelconvent.com\/de\/?s={search_term_string}\"},\"query-input\":\"required name=search_term_string\"}],\"inLanguage\":\"fi\"},{\"@type\":\"WebPage\",\"@id\":\"http:\/\/bardelconvent.com\/fi\/luotettavat-seurustelusovellukset-seksin-loytamiseen\/#webpage\",\"url\":\"http:\/\/bardelconvent.com\/fi\/luotettavat-seurustelusovellukset-seksin-loytamiseen\/\",\"name\":\"Luotettavat seurustelusovellukset seksin l\u00f6yt\u00e4miseen - Hookup-rakkaus\",\"isPartOf\":{\"@id\":\"http:\/\/bardelconvent.com\/de\/#website\"},\"datePublished\":\"2022-07-08T11:21:20+00:00\",\"dateModified\":\"2022-07-08T11:21:20+00:00\",\"breadcrumb\":{\"@id\":\"http:\/\/bardelconvent.com\/fi\/luotettavat-seurustelusovellukset-seksin-loytamiseen\/#breadcrumb\"},\"inLanguage\":\"fi\",\"potentialAction\":[{\"@type\":\"ReadAction\",\"target\":[\"http:\/\/bardelconvent.com\/fi\/luotettavat-seurustelusovellukset-seksin-loytamiseen\/\"]}]},{\"@type\":\"BreadcrumbList\",\"@id\":\"http:\/\/bardelconvent.com\/fi\/luotettavat-seurustelusovellukset-seksin-loytamiseen\/#breadcrumb\",\"itemListElement\":[{\"@type\":\"ListItem\",\"position\":1,\"name\":\"Koti\",\"item\":\"http:\/\/bardelconvent.com\/fi\/\"},{\"@type\":\"ListItem\",\"position\":2,\"name\":\"Luotettavat seurustelusovellukset seksin l\u00f6yt\u00e4miseen\"}]}]}<\/script>\n<!-- \/ Yoast SEO plugin. -->","yoast_head_json":{"title":"Luotettavat seurustelusovellukset seksin l\u00f6yt\u00e4miseen - Hookup-rakkaus","robots":{"index":"index","follow":"follow","max-snippet":"max-snippet:-1","max-image-preview":"max-image-preview:large","max-video-preview":"max-video-preview:-1"},"canonical":"http:\/\/bardelconvent.com\/fi\/luotettavat-seurustelusovellukset-seksin-loytamiseen\/","og_locale":"fi_FI","og_type":"article","og_title":"Luotettavat seurustelusovellukset seksin l\u00f6yt\u00e4miseen - Hookup-rakkaus","og_description":"Online-treffailusta on tullut niin yleist\u00e4, ett\u00e4 se tuntuu melkein jokap\u00e4iv\u00e4iselt\u00e4 asialta. Etsitp\u00e4 sitten rakkautta tai vain jotakuta, jonka kanssa keskustella verkossa, tarjolla on","og_url":"http:\/\/bardelconvent.com\/fi\/luotettavat-seurustelusovellukset-seksin-loytamiseen\/","og_site_name":"Hookup-rakkaus","author":"Dating Expert","twitter_card":"summary_large_image","twitter_misc":{"Arvioitu lukuaika":"3 minuuttia"},"schema":{"@context":"https:\/\/schema.org","@graph":[{"@type":"WebSite","@id":"http:\/\/bardelconvent.com\/de\/#website","url":"http:\/\/bardelconvent.com\/de\/","name":"Hookup-rakkaus","description":"Treffit ja ihmissuhteet","potentialAction":[{"@type":"SearchAction","target":{"@type":"EntryPoint","urlTemplate":"http:\/\/bardelconvent.com\/de\/?s={search_term_string}"},"query-input":"required name=search_term_string"}],"inLanguage":"fi"},{"@type":"WebPage","@id":"http:\/\/bardelconvent.com\/fi\/luotettavat-seurustelusovellukset-seksin-loytamiseen\/#webpage","url":"http:\/\/bardelconvent.com\/fi\/luotettavat-seurustelusovellukset-seksin-loytamiseen\/","name":"Luotettavat seurustelusovellukset seksin l\u00f6yt\u00e4miseen - Hookup-rakkaus","isPartOf":{"@id":"http:\/\/bardelconvent.com\/de\/#website"},"datePublished":"2022-07-08T11:21:20+00:00","dateModified":"2022-07-08T11:21:20+00:00","breadcrumb":{"@id":"http:\/\/bardelconvent.com\/fi\/luotettavat-seurustelusovellukset-seksin-loytamiseen\/#breadcrumb"},"inLanguage":"fi","potentialAction":[{"@type":"ReadAction","target":["http:\/\/bardelconvent.com\/fi\/luotettavat-seurustelusovellukset-seksin-loytamiseen\/"]}]},{"@type":"BreadcrumbList","@id":"http:\/\/bardelconvent.com\/fi\/luotettavat-seurustelusovellukset-seksin-loytamiseen\/#breadcrumb","itemListElement":[{"@type":"ListItem","position":1,"name":"Koti","item":"http:\/\/bardelconvent.com\/fi\/"},{"@type":"ListItem","position":2,"name":"Luotettavat seurustelusovellukset seksin l\u00f6yt\u00e4miseen"}]}]}},"_links":{"self":[{"href":"http:\/\/bardelconvent.com\/fi\/wp-json\/wp\/v2\/pages\/196"}],"collection":[{"href":"http:\/\/bardelconvent.com\/fi\/wp-json\/wp\/v2\/pages"}],"about":[{"href":"http:\/\/bardelconvent.com\/fi\/wp-json\/wp\/v2\/types\/page"}],"author":[{"embeddable":true,"href":"http:\/\/bardelconvent.com\/fi\/wp-json\/wp\/v2\/users\/1"}],"replies":[{"embeddable":true,"href":"http:\/\/bardelconvent.com\/fi\/wp-json\/wp\/v2\/comments?post=196"}],"version-history":[{"count":0,"href":"http:\/\/bardelconvent.com\/fi\/wp-json\/wp\/v2\/pages\/196\/revisions"}],"wp:attachment":[{"href":"http:\/\/bardelconvent.com\/fi\/wp-json\/wp\/v2\/media?parent=196"}],"curies":[{"name":"wp","href":"https:\/\/api.w.org\/{rel}","templated":true}]}}