{"id":234,"date":"2022-07-08T11:59:57","date_gmt":"2022-07-08T10:59:57","guid":{"rendered":"http:\/\/bardelconvent.com\/miksi-online-treffisovellukset-voisivat-toimia-sinulle\/"},"modified":"2022-07-08T11:59:57","modified_gmt":"2022-07-08T10:59:57","slug":"miksi-online-treffisovellukset-voisivat-toimia-sinulle","status":"publish","type":"page","link":"http:\/\/bardelconvent.com\/fi\/miksi-online-treffisovellukset-voisivat-toimia-sinulle\/","title":{"rendered":"Miksi online-treffisovellukset voisivat toimia sinulle"},"content":{"rendered":"<p>Internetin avulla voimme olla yhteydess\u00e4 ihmisiin ymp\u00e4ri maailmaa. Se tarjoaa meille mahdollisuuden tavoittaa ihmisi\u00e4, joiden kanssa emme normaalisti olisi vuorovaikutuksessa. Voimme kommunikoida heid\u00e4n kanssaan kasvokkain, jakaa ajatuksiamme ja tunteitamme ja jopa rakastua. Kun luotamme sosiaalisiin piireihimme, vaihtoehtomme ovat melko rajalliset. Mutta jos hy\u00f6dynn\u00e4mme Interneti\u00e4 eduksemme, meill\u00e4 voi olla uskomattomia kokemuksia, joita emme olisi voineet kuvitella aiemmin.<\/p>\n<p>Kun etsit paikallista yhteytt\u00e4, mene aina julkisille treffeille ja v\u00e4lt\u00e4 tapaamista yksityisess\u00e4 ymp\u00e4rist\u00f6ss\u00e4. Jos tapaat jonkun ravintolassa, baarissa tai miss\u00e4 tahansa muussa paikassa, jossa on paljon ihmisi\u00e4, on helpompi havaita, jos h\u00e4n yritt\u00e4\u00e4 huijata. Varmista, ett\u00e4 kaikki tiet\u00e4v\u00e4t suunnitelmistasi ennen l\u00e4ht\u00f6\u00e4si. Pid\u00e4 my\u00f6s puhelimesi p\u00e4\u00e4ll\u00e4 ja suojattuna, kun olet ulkona treffeill\u00e4. Et koskaan tied\u00e4, milloin jotain voi tapahtua, ja sinun on pysytt\u00e4v\u00e4 turvassa.<\/p>\n<h2>Mit\u00e4 oppia treffisovelluksista<\/h2>\n<p>Opit paljon itsest\u00e4si ja <a href=\"http:\/\/bardelconvent.com\/fi\/luotettavat-seurustelusovellukset-seksin-loytamiseen\/\">omasta persoonallisuudestasi<\/a> , kun liityt moderniin treffimaailmaan. Treffisovellusten, kuten Tinderin ja Bumblen, suosio kasvaa joka p\u00e4iv\u00e4. N\u00e4iden sovellusten avulla voit muodostaa yhteyden muihin l\u00e4hell\u00e4 oleviin sinkkuihin ja jopa saada yhteyden yhteensopiviin kumppaneihin. Saatavilla on monia erityyppisi\u00e4 j\u00e4senyyksi\u00e4, mukaan lukien ilmainen, maksettu, premium ja kulta. Kultaj\u00e4senyydet antavat k\u00e4ytt\u00e4jille p\u00e4\u00e4syn ainutlaatuisiin ominaisuuksiin, kuten rajoittamattomiin pyyhk\u00e4isyihin, rajoittamattomiin otteluihin ja erikoisalennuksiin.<\/p>\n<p>Voit my\u00f6s k\u00e4ytt\u00e4\u00e4 hakutoimintoa l\u00f6yt\u00e4\u00e4ksesi samanlaisia ihmisi\u00e4 kuin sin\u00e4. Voit sitten tavata heid\u00e4t ja vaihtaa viestej\u00e4. On suuri todenn\u00e4k\u00f6isyys, ett\u00e4 l\u00f6yd\u00e4t jonkun, joka haluaa viett\u00e4\u00e4 aikaa yhdess\u00e4 kanssasi.<\/p>\n<h3>Bumble &#8211; Yksi kuumimmista valinnoista<\/h3>\n<p>Bumble on suunniteltu auttamaan naisia tekem\u00e4\u00e4n ensimm\u00e4inen siirto. Se on <a href=\"http:\/\/bardelconvent.com\/fi\/toimiiko-sokea-treffit\/\">sovellus naisille<\/a> , jotka haluavat saada makaamaan. Voit selata naimattomien miesten profiileja ja valita suosikkisi. Jos pid\u00e4t n\u00e4kem\u00e4st\u00e4si, l\u00e4het\u00e4 heille viesti. Jos he vastaavat my\u00f6nteisesti, voit aloittaa keskustelun. Sen j\u00e4lkeen sinun on odotettava, kunnes miehesi l\u00e4hett\u00e4\u00e4 sinulle silm\u00e4niskun. Jos h\u00e4n tekee niin, niin olet hyv\u00e4 menn\u00e4!<\/p>\n<h2>Mit\u00e4 tehd\u00e4 seuraavaksi?<\/h2>\n<p>Jos et ole varma, onko joku kiinnostunut sinusta, yrit\u00e4 pyyt\u00e4\u00e4 h\u00e4nt\u00e4 treffeille. Saat paremman k\u00e4sityksen siit\u00e4, millainen ihminen he ovat ja haluaisitko n\u00e4hd\u00e4 h\u00e4net uudelleen. Jos olet jo yst\u00e4v\u00e4, kysy heilt\u00e4 heid\u00e4n kiinnostuksen kohteistaan ja harrastuksistaan. Ehk\u00e4 voisit jopa menn\u00e4 tuplatreffeille yhdess\u00e4!<\/p>\n","protected":false},"excerpt":{"rendered":"<p>Internetin avulla voimme olla yhteydess\u00e4 ihmisiin ymp\u00e4ri maailmaa. Se tarjoaa meille mahdollisuuden tavoittaa ihmisi\u00e4, joiden kanssa emme normaalisti olisi vuorovaikutuksessa. Voimme kommunikoida heid\u00e4n <\/p>\n","protected":false},"author":1,"featured_media":105,"parent":0,"menu_order":0,"comment_status":"closed","ping_status":"closed","template":"","meta":[],"yoast_head":"<!-- This site is optimized with the Yoast SEO plugin v19.2 - https:\/\/yoast.com\/wordpress\/plugins\/seo\/ -->\n<title>Miksi online-treffisovellukset voisivat toimia sinulle - Hookup-rakkaus<\/title>\n<meta name=\"robots\" content=\"index, follow, max-snippet:-1, max-image-preview:large, max-video-preview:-1\" \/>\n<link rel=\"canonical\" href=\"http:\/\/bardelconvent.com\/fi\/miksi-online-treffisovellukset-voisivat-toimia-sinulle\/\" \/>\n<meta property=\"og:locale\" content=\"fi_FI\" \/>\n<meta property=\"og:type\" content=\"article\" \/>\n<meta property=\"og:title\" content=\"Miksi online-treffisovellukset voisivat toimia sinulle - Hookup-rakkaus\" \/>\n<meta property=\"og:description\" content=\"Internetin avulla voimme olla yhteydess\u00e4 ihmisiin ymp\u00e4ri maailmaa. Se tarjoaa meille mahdollisuuden tavoittaa ihmisi\u00e4, joiden kanssa emme normaalisti olisi vuorovaikutuksessa. Voimme kommunikoida heid\u00e4n\" \/>\n<meta property=\"og:url\" content=\"http:\/\/bardelconvent.com\/fi\/miksi-online-treffisovellukset-voisivat-toimia-sinulle\/\" \/>\n<meta property=\"og:site_name\" content=\"Hookup-rakkaus\" \/>\n<meta property=\"og:image\" content=\"http:\/\/bardelconvent.com\/wp-content\/uploads\/2022\/07\/casual-chat-rooms.jpeg\" \/>\n\t<meta property=\"og:image:width\" content=\"2248\" \/>\n\t<meta property=\"og:image:height\" content=\"1500\" \/>\n\t<meta property=\"og:image:type\" content=\"image\/jpeg\" \/>\n<meta name=\"author\" content=\"Dating Expert\" \/>\n<meta name=\"twitter:card\" content=\"summary_large_image\" \/>\n<meta name=\"twitter:label1\" content=\"Arvioitu lukuaika\" \/>\n\t<meta name=\"twitter:data1\" content=\"2 minuuttia\" \/>\n<script type=\"application\/ld+json\" class=\"yoast-schema-graph\">{\"@context\":\"https:\/\/schema.org\",\"@graph\":[{\"@type\":\"WebSite\",\"@id\":\"http:\/\/bardelconvent.com\/de\/#website\",\"url\":\"http:\/\/bardelconvent.com\/de\/\",\"name\":\"Hookup-rakkaus\",\"description\":\"Treffit ja ihmissuhteet\",\"potentialAction\":[{\"@type\":\"SearchAction\",\"target\":{\"@type\":\"EntryPoint\",\"urlTemplate\":\"http:\/\/bardelconvent.com\/de\/?s={search_term_string}\"},\"query-input\":\"required name=search_term_string\"}],\"inLanguage\":\"fi\"},{\"@type\":\"ImageObject\",\"inLanguage\":\"fi\",\"@id\":\"http:\/\/bardelconvent.com\/fi\/miksi-online-treffisovellukset-voisivat-toimia-sinulle\/#primaryimage\",\"url\":\"http:\/\/bardelconvent.com\/wp-content\/uploads\/2022\/07\/casual-chat-rooms.jpeg\",\"contentUrl\":\"http:\/\/bardelconvent.com\/wp-content\/uploads\/2022\/07\/casual-chat-rooms.jpeg\",\"width\":2248,\"height\":1500},{\"@type\":\"WebPage\",\"@id\":\"http:\/\/bardelconvent.com\/fi\/miksi-online-treffisovellukset-voisivat-toimia-sinulle\/#webpage\",\"url\":\"http:\/\/bardelconvent.com\/fi\/miksi-online-treffisovellukset-voisivat-toimia-sinulle\/\",\"name\":\"Miksi online-treffisovellukset voisivat toimia sinulle - Hookup-rakkaus\",\"isPartOf\":{\"@id\":\"http:\/\/bardelconvent.com\/de\/#website\"},\"primaryImageOfPage\":{\"@id\":\"http:\/\/bardelconvent.com\/fi\/miksi-online-treffisovellukset-voisivat-toimia-sinulle\/#primaryimage\"},\"datePublished\":\"2022-07-08T10:59:57+00:00\",\"dateModified\":\"2022-07-08T10:59:57+00:00\",\"breadcrumb\":{\"@id\":\"http:\/\/bardelconvent.com\/fi\/miksi-online-treffisovellukset-voisivat-toimia-sinulle\/#breadcrumb\"},\"inLanguage\":\"fi\",\"potentialAction\":[{\"@type\":\"ReadAction\",\"target\":[\"http:\/\/bardelconvent.com\/fi\/miksi-online-treffisovellukset-voisivat-toimia-sinulle\/\"]}]},{\"@type\":\"BreadcrumbList\",\"@id\":\"http:\/\/bardelconvent.com\/fi\/miksi-online-treffisovellukset-voisivat-toimia-sinulle\/#breadcrumb\",\"itemListElement\":[{\"@type\":\"ListItem\",\"position\":1,\"name\":\"Koti\",\"item\":\"http:\/\/bardelconvent.com\/fi\/\"},{\"@type\":\"ListItem\",\"position\":2,\"name\":\"Miksi online-treffisovellukset voisivat toimia sinulle\"}]}]}<\/script>\n<!-- \/ Yoast SEO plugin. -->","yoast_head_json":{"title":"Miksi online-treffisovellukset voisivat toimia sinulle - Hookup-rakkaus","robots":{"index":"index","follow":"follow","max-snippet":"max-snippet:-1","max-image-preview":"max-image-preview:large","max-video-preview":"max-video-preview:-1"},"canonical":"http:\/\/bardelconvent.com\/fi\/miksi-online-treffisovellukset-voisivat-toimia-sinulle\/","og_locale":"fi_FI","og_type":"article","og_title":"Miksi online-treffisovellukset voisivat toimia sinulle - Hookup-rakkaus","og_description":"Internetin avulla voimme olla yhteydess\u00e4 ihmisiin ymp\u00e4ri maailmaa. Se tarjoaa meille mahdollisuuden tavoittaa ihmisi\u00e4, joiden kanssa emme normaalisti olisi vuorovaikutuksessa. Voimme kommunikoida heid\u00e4n","og_url":"http:\/\/bardelconvent.com\/fi\/miksi-online-treffisovellukset-voisivat-toimia-sinulle\/","og_site_name":"Hookup-rakkaus","og_image":[{"width":2248,"height":1500,"url":"http:\/\/bardelconvent.com\/wp-content\/uploads\/2022\/07\/casual-chat-rooms.jpeg","type":"image\/jpeg"}],"author":"Dating Expert","twitter_card":"summary_large_image","twitter_misc":{"Arvioitu lukuaika":"2 minuuttia"},"schema":{"@context":"https:\/\/schema.org","@graph":[{"@type":"WebSite","@id":"http:\/\/bardelconvent.com\/de\/#website","url":"http:\/\/bardelconvent.com\/de\/","name":"Hookup-rakkaus","description":"Treffit ja ihmissuhteet","potentialAction":[{"@type":"SearchAction","target":{"@type":"EntryPoint","urlTemplate":"http:\/\/bardelconvent.com\/de\/?s={search_term_string}"},"query-input":"required name=search_term_string"}],"inLanguage":"fi"},{"@type":"ImageObject","inLanguage":"fi","@id":"http:\/\/bardelconvent.com\/fi\/miksi-online-treffisovellukset-voisivat-toimia-sinulle\/#primaryimage","url":"http:\/\/bardelconvent.com\/wp-content\/uploads\/2022\/07\/casual-chat-rooms.jpeg","contentUrl":"http:\/\/bardelconvent.com\/wp-content\/uploads\/2022\/07\/casual-chat-rooms.jpeg","width":2248,"height":1500},{"@type":"WebPage","@id":"http:\/\/bardelconvent.com\/fi\/miksi-online-treffisovellukset-voisivat-toimia-sinulle\/#webpage","url":"http:\/\/bardelconvent.com\/fi\/miksi-online-treffisovellukset-voisivat-toimia-sinulle\/","name":"Miksi online-treffisovellukset voisivat toimia sinulle - Hookup-rakkaus","isPartOf":{"@id":"http:\/\/bardelconvent.com\/de\/#website"},"primaryImageOfPage":{"@id":"http:\/\/bardelconvent.com\/fi\/miksi-online-treffisovellukset-voisivat-toimia-sinulle\/#primaryimage"},"datePublished":"2022-07-08T10:59:57+00:00","dateModified":"2022-07-08T10:59:57+00:00","breadcrumb":{"@id":"http:\/\/bardelconvent.com\/fi\/miksi-online-treffisovellukset-voisivat-toimia-sinulle\/#breadcrumb"},"inLanguage":"fi","potentialAction":[{"@type":"ReadAction","target":["http:\/\/bardelconvent.com\/fi\/miksi-online-treffisovellukset-voisivat-toimia-sinulle\/"]}]},{"@type":"BreadcrumbList","@id":"http:\/\/bardelconvent.com\/fi\/miksi-online-treffisovellukset-voisivat-toimia-sinulle\/#breadcrumb","itemListElement":[{"@type":"ListItem","position":1,"name":"Koti","item":"http:\/\/bardelconvent.com\/fi\/"},{"@type":"ListItem","position":2,"name":"Miksi online-treffisovellukset voisivat toimia sinulle"}]}]}},"_links":{"self":[{"href":"http:\/\/bardelconvent.com\/fi\/wp-json\/wp\/v2\/pages\/234"}],"collection":[{"href":"http:\/\/bardelconvent.com\/fi\/wp-json\/wp\/v2\/pages"}],"about":[{"href":"http:\/\/bardelconvent.com\/fi\/wp-json\/wp\/v2\/types\/page"}],"author":[{"embeddable":true,"href":"http:\/\/bardelconvent.com\/fi\/wp-json\/wp\/v2\/users\/1"}],"replies":[{"embeddable":true,"href":"http:\/\/bardelconvent.com\/fi\/wp-json\/wp\/v2\/comments?post=234"}],"version-history":[{"count":0,"href":"http:\/\/bardelconvent.com\/fi\/wp-json\/wp\/v2\/pages\/234\/revisions"}],"wp:featuredmedia":[{"embeddable":true,"href":"http:\/\/bardelconvent.com\/fi\/wp-json\/wp\/v2\/media\/105"}],"wp:attachment":[{"href":"http:\/\/bardelconvent.com\/fi\/wp-json\/wp\/v2\/media?parent=234"}],"curies":[{"name":"wp","href":"https:\/\/api.w.org\/{rel}","templated":true}]}}