{"id":175,"date":"2022-07-08T12:27:59","date_gmt":"2022-07-08T11:27:59","guid":{"rendered":"http:\/\/bardelconvent.com\/est-ce-que-les-rencontres-a-laveugle-fonctionnent\/"},"modified":"2022-09-08T17:23:33","modified_gmt":"2022-09-08T16:23:33","slug":"est-ce-que-les-rencontres-a-laveugle-fonctionnent","status":"publish","type":"page","link":"http:\/\/bardelconvent.com\/fr\/est-ce-que-les-rencontres-a-laveugle-fonctionnent\/","title":{"rendered":"Est-ce que les rencontres \u00e0 l\u2019aveugle fonctionnent?"},"content":{"rendered":"<p>Les rencontres \u00e0 l\u2019aveugle sont un excellent moyen de rencontrer des personnes qui partagent des <a href=\"http:\/\/bardelconvent.com\/fr\/applications-de-connexion-fiables-pour-trouver-du-sexe\/\">int\u00e9r\u00eats similaires<\/a>. Ce type de rencontre est souvent appel\u00e9 speed dating car il n\u2019y a pas de lieu ou d\u2019heure de r\u00e9union pr\u00e9-arrang\u00e9.<\/p>\n<p>Au lieu de cela, les rendez-vous \u00e0 l\u2019aveugle ont lieu dans <a href=\"https:\/\/www.adultsexsites.org\/es\/juegos-de-sexo-gratis-no-se-requiere-tarjeta-de-credito\/\">juegos hentai sin registro<\/a> un lieu public o\u00f9 les c\u00e9libataires peuvent s\u2019approcher les uns des autres et engager une conversation. L\u2019objectif est de trouver une correspondance compatible dans les 30 minutes.<\/p>\n<p>Le speed dating est populaire parmi les c\u00e9libataires \u00e0 la recherche d\u2019un rendez-vous rapide. Cependant, les rencontres \u00e0 l\u2019aveugle sont id\u00e9ales pour ceux qui pr\u00e9f\u00e8rent rencontrer des gens de mani\u00e8re organique.<\/p>\n<h2>Est-ce pour vous?<\/h2>\n<p>Si vous n\u2019\u00eates pas particuli\u00e8rement pr\u00e9occup\u00e9 par votre propre s\u00e9curit\u00e9, vous voudrez peut-\u00eatre envisager d\u2019aller \u00e0 un rendez-vous \u00e0 l\u2019aveugle.<\/p>\n<p>Vous pouvez vous assurer que votre rendez-vous se sent en s\u00e9curit\u00e9 et \u00e0 l\u2019aise en sugg\u00e9rant <a href=\"http:\/\/bardelconvent.com\/fr\/signes-une-fille-vous-aime-en-ligne\/\">une r\u00e9union dans un lieu public<\/a>, comme un caf\u00e9 ou un restaurant. Et pendant que vous planifiez, essayez de vous en tenir \u00e0 une activit\u00e9 afin qu\u2019il y ait un moyen plus facile de sortir si votre rendez-vous ne se sent pas bien. Posez moins de questions qui pourraient rendre quelqu\u2019un mal \u00e0 l\u2019aise ou m\u00e9fiant quant \u00e0 vos intentions. Si vous parlez de vos int\u00e9r\u00eats, de vos passe-temps, de votre carri\u00e8re ou de vos groupes pr\u00e9f\u00e9r\u00e9s, vous pourrez tous les deux vous connecter \u00e0 un niveau plus profond.<\/p>\n<p>Ne baissez pas la garde. Faites attention aux personnes que vous rencontrez en ligne. Si vous pensez que quelque <a href=\"https:\/\/www.jerkoffforme.com\/es\/sitios-web-gratuitos-de-voyeur\/\">live voyuer<\/a> chose ne va pas, alors ce n\u2019est probablement pas le cas. Si vous avez d\u00e9j\u00e0 re\u00e7u un message d\u2019un ex apr\u00e8s leur rupture, alors vous voyez ce que je veux dire. Votre instinct vous dira g\u00e9n\u00e9ralement si quelque chose ne va pas. V\u00e9rifiez toujours les r\u00e9f\u00e9rences avant de rencontrer quelqu\u2019un dans la vraie vie. Et ne donnez jamais d\u2019informations personnelles telles que votre adresse, votre num\u00e9ro de t\u00e9l\u00e9phone ou votre nom de famille.<\/p>\n<h2>Alternatives de rencontres \u00e0 l\u2019aveugle<\/h2>\n<p>Avez-vous d\u00e9j\u00e0 \u00e9t\u00e9 sur un site de rencontre en ligne? Qu\u2019en avez-vous pens\u00e9 ? Vous sentiez-vous en s\u00e9curit\u00e9? Si vous n\u2019avez pas encore essay\u00e9 les rencontres en ligne, alors lire notre sur les meilleurs sites de rencontres en ligne pourrait vraiment vous aider.<\/p>\n<p>Des applications comme Tinder et Bumble permettent aux <a href=\"https:\/\/www.fuck-buddies.net\/es\/los-mejores-juegos-porno-en-steam\/\">mejores juegos porno<\/a> utilisateurs de glisser vers la droite ou la gauche sur les photos d\u2019autres utilisateurs pour voir s\u2019ils sont int\u00e9ress\u00e9s par eux. Mais bien que les applications puissent sembler inoffensives, il existe de s\u00e9rieux risques associ\u00e9s \u00e0 leur utilisation pour rencontrer quelqu\u2019un de nouveau.<\/p>\n<p>Une fois que vous avez trouv\u00e9 votre partenaire, vous devrez apprendre \u00e0 mieux le conna\u00eetre avant de pouvoir commencer \u00e0 parler. Cela signifie \u00e9changer des messages, s\u2019appeler et \u00e9ventuellement planifier des dates. Tout cela demande du temps et des efforts. Alors pourquoi ne pas sauter l\u2019interm\u00e9diaire et couper directement au plaisir?<\/p>\n","protected":false},"excerpt":{"rendered":"<p>Les rencontres \u00e0 l\u2019aveugle sont un excellent moyen de rencontrer des personnes qui partagent des int\u00e9r\u00eats similaires. Ce type de rencontre est souvent <\/p>\n","protected":false},"author":1,"featured_media":156,"parent":0,"menu_order":0,"comment_status":"closed","ping_status":"closed","template":"","meta":[],"yoast_head":"<!-- This site is optimized with the Yoast SEO plugin v19.2 - https:\/\/yoast.com\/wordpress\/plugins\/seo\/ -->\n<title>Est-ce que les rencontres \u00e0 l\u2019aveugle fonctionnent? - Amour de connexion<\/title>\n<meta name=\"robots\" content=\"index, follow, max-snippet:-1, max-image-preview:large, max-video-preview:-1\" \/>\n<link rel=\"canonical\" href=\"http:\/\/bardelconvent.com\/fr\/est-ce-que-les-rencontres-a-laveugle-fonctionnent\/\" \/>\n<meta property=\"og:locale\" content=\"fr_FR\" \/>\n<meta property=\"og:type\" content=\"article\" \/>\n<meta property=\"og:title\" content=\"Est-ce que les rencontres \u00e0 l\u2019aveugle fonctionnent? - Amour de connexion\" \/>\n<meta property=\"og:description\" content=\"Les rencontres \u00e0 l\u2019aveugle sont un excellent moyen de rencontrer des personnes qui partagent des int\u00e9r\u00eats similaires. Ce type de rencontre est souvent\" \/>\n<meta property=\"og:url\" content=\"http:\/\/bardelconvent.com\/fr\/est-ce-que-les-rencontres-a-laveugle-fonctionnent\/\" \/>\n<meta property=\"og:site_name\" content=\"Amour de connexion\" \/>\n<meta property=\"article:modified_time\" content=\"2022-09-08T16:23:33+00:00\" \/>\n<meta property=\"og:image\" content=\"https:\/\/bardelconvent.com\/wp-content\/uploads\/2022\/07\/casual-sex-hookups.jpg\" \/>\n\t<meta property=\"og:image:width\" content=\"500\" \/>\n\t<meta property=\"og:image:height\" content=\"333\" \/>\n\t<meta property=\"og:image:type\" content=\"image\/jpeg\" \/>\n<meta name=\"author\" content=\"Dating Expert\" \/>\n<meta name=\"twitter:card\" content=\"summary_large_image\" \/>\n<meta name=\"twitter:label1\" content=\"Dur\u00e9e de lecture estim\u00e9e\" \/>\n\t<meta name=\"twitter:data1\" content=\"3 minutes\" \/>\n<script type=\"application\/ld+json\" class=\"yoast-schema-graph\">{\"@context\":\"https:\/\/schema.org\",\"@graph\":[{\"@type\":\"WebSite\",\"@id\":\"http:\/\/bardelconvent.com\/de\/#website\",\"url\":\"http:\/\/bardelconvent.com\/de\/\",\"name\":\"Amour de connexion\",\"description\":\"Rencontres et relations\",\"potentialAction\":[{\"@type\":\"SearchAction\",\"target\":{\"@type\":\"EntryPoint\",\"urlTemplate\":\"http:\/\/bardelconvent.com\/de\/?s={search_term_string}\"},\"query-input\":\"required name=search_term_string\"}],\"inLanguage\":\"fr-FR\"},{\"@type\":\"ImageObject\",\"inLanguage\":\"fr-FR\",\"@id\":\"http:\/\/bardelconvent.com\/fr\/est-ce-que-les-rencontres-a-laveugle-fonctionnent\/#primaryimage\",\"url\":\"http:\/\/bardelconvent.com\/wp-content\/uploads\/2022\/07\/casual-sex-hookups.jpg\",\"contentUrl\":\"http:\/\/bardelconvent.com\/wp-content\/uploads\/2022\/07\/casual-sex-hookups.jpg\",\"width\":500,\"height\":333},{\"@type\":\"WebPage\",\"@id\":\"http:\/\/bardelconvent.com\/fr\/est-ce-que-les-rencontres-a-laveugle-fonctionnent\/#webpage\",\"url\":\"http:\/\/bardelconvent.com\/fr\/est-ce-que-les-rencontres-a-laveugle-fonctionnent\/\",\"name\":\"Est-ce que les rencontres \u00e0 l\u2019aveugle fonctionnent? - Amour de connexion\",\"isPartOf\":{\"@id\":\"http:\/\/bardelconvent.com\/de\/#website\"},\"primaryImageOfPage\":{\"@id\":\"http:\/\/bardelconvent.com\/fr\/est-ce-que-les-rencontres-a-laveugle-fonctionnent\/#primaryimage\"},\"datePublished\":\"2022-07-08T11:27:59+00:00\",\"dateModified\":\"2022-09-08T16:23:33+00:00\",\"breadcrumb\":{\"@id\":\"http:\/\/bardelconvent.com\/fr\/est-ce-que-les-rencontres-a-laveugle-fonctionnent\/#breadcrumb\"},\"inLanguage\":\"fr-FR\",\"potentialAction\":[{\"@type\":\"ReadAction\",\"target\":[\"http:\/\/bardelconvent.com\/fr\/est-ce-que-les-rencontres-a-laveugle-fonctionnent\/\"]}]},{\"@type\":\"BreadcrumbList\",\"@id\":\"http:\/\/bardelconvent.com\/fr\/est-ce-que-les-rencontres-a-laveugle-fonctionnent\/#breadcrumb\",\"itemListElement\":[{\"@type\":\"ListItem\",\"position\":1,\"name\":\"Domicile\",\"item\":\"http:\/\/bardelconvent.com\/fr\/\"},{\"@type\":\"ListItem\",\"position\":2,\"name\":\"Est-ce que les rencontres \u00e0 l\u2019aveugle fonctionnent?\"}]}]}<\/script>\n<!-- \/ Yoast SEO plugin. -->","yoast_head_json":{"title":"Est-ce que les rencontres \u00e0 l\u2019aveugle fonctionnent? - Amour de connexion","robots":{"index":"index","follow":"follow","max-snippet":"max-snippet:-1","max-image-preview":"max-image-preview:large","max-video-preview":"max-video-preview:-1"},"canonical":"http:\/\/bardelconvent.com\/fr\/est-ce-que-les-rencontres-a-laveugle-fonctionnent\/","og_locale":"fr_FR","og_type":"article","og_title":"Est-ce que les rencontres \u00e0 l\u2019aveugle fonctionnent? - Amour de connexion","og_description":"Les rencontres \u00e0 l\u2019aveugle sont un excellent moyen de rencontrer des personnes qui partagent des int\u00e9r\u00eats similaires. Ce type de rencontre est souvent","og_url":"http:\/\/bardelconvent.com\/fr\/est-ce-que-les-rencontres-a-laveugle-fonctionnent\/","og_site_name":"Amour de connexion","article_modified_time":"2022-09-08T16:23:33+00:00","og_image":[{"width":500,"height":333,"url":"https:\/\/bardelconvent.com\/wp-content\/uploads\/2022\/07\/casual-sex-hookups.jpg","type":"image\/jpeg"}],"author":"Dating Expert","twitter_card":"summary_large_image","twitter_misc":{"Dur\u00e9e de lecture estim\u00e9e":"3 minutes"},"schema":{"@context":"https:\/\/schema.org","@graph":[{"@type":"WebSite","@id":"http:\/\/bardelconvent.com\/de\/#website","url":"http:\/\/bardelconvent.com\/de\/","name":"Amour de connexion","description":"Rencontres et relations","potentialAction":[{"@type":"SearchAction","target":{"@type":"EntryPoint","urlTemplate":"http:\/\/bardelconvent.com\/de\/?s={search_term_string}"},"query-input":"required name=search_term_string"}],"inLanguage":"fr-FR"},{"@type":"ImageObject","inLanguage":"fr-FR","@id":"http:\/\/bardelconvent.com\/fr\/est-ce-que-les-rencontres-a-laveugle-fonctionnent\/#primaryimage","url":"http:\/\/bardelconvent.com\/wp-content\/uploads\/2022\/07\/casual-sex-hookups.jpg","contentUrl":"http:\/\/bardelconvent.com\/wp-content\/uploads\/2022\/07\/casual-sex-hookups.jpg","width":500,"height":333},{"@type":"WebPage","@id":"http:\/\/bardelconvent.com\/fr\/est-ce-que-les-rencontres-a-laveugle-fonctionnent\/#webpage","url":"http:\/\/bardelconvent.com\/fr\/est-ce-que-les-rencontres-a-laveugle-fonctionnent\/","name":"Est-ce que les rencontres \u00e0 l\u2019aveugle fonctionnent? - Amour de connexion","isPartOf":{"@id":"http:\/\/bardelconvent.com\/de\/#website"},"primaryImageOfPage":{"@id":"http:\/\/bardelconvent.com\/fr\/est-ce-que-les-rencontres-a-laveugle-fonctionnent\/#primaryimage"},"datePublished":"2022-07-08T11:27:59+00:00","dateModified":"2022-09-08T16:23:33+00:00","breadcrumb":{"@id":"http:\/\/bardelconvent.com\/fr\/est-ce-que-les-rencontres-a-laveugle-fonctionnent\/#breadcrumb"},"inLanguage":"fr-FR","potentialAction":[{"@type":"ReadAction","target":["http:\/\/bardelconvent.com\/fr\/est-ce-que-les-rencontres-a-laveugle-fonctionnent\/"]}]},{"@type":"BreadcrumbList","@id":"http:\/\/bardelconvent.com\/fr\/est-ce-que-les-rencontres-a-laveugle-fonctionnent\/#breadcrumb","itemListElement":[{"@type":"ListItem","position":1,"name":"Domicile","item":"http:\/\/bardelconvent.com\/fr\/"},{"@type":"ListItem","position":2,"name":"Est-ce que les rencontres \u00e0 l\u2019aveugle fonctionnent?"}]}]}},"_links":{"self":[{"href":"http:\/\/bardelconvent.com\/fr\/wp-json\/wp\/v2\/pages\/175"}],"collection":[{"href":"http:\/\/bardelconvent.com\/fr\/wp-json\/wp\/v2\/pages"}],"about":[{"href":"http:\/\/bardelconvent.com\/fr\/wp-json\/wp\/v2\/types\/page"}],"author":[{"embeddable":true,"href":"http:\/\/bardelconvent.com\/fr\/wp-json\/wp\/v2\/users\/1"}],"replies":[{"embeddable":true,"href":"http:\/\/bardelconvent.com\/fr\/wp-json\/wp\/v2\/comments?post=175"}],"version-history":[{"count":1,"href":"http:\/\/bardelconvent.com\/fr\/wp-json\/wp\/v2\/pages\/175\/revisions"}],"predecessor-version":[{"id":277,"href":"http:\/\/bardelconvent.com\/fr\/wp-json\/wp\/v2\/pages\/175\/revisions\/277"}],"wp:featuredmedia":[{"embeddable":true,"href":"http:\/\/bardelconvent.com\/fr\/wp-json\/wp\/v2\/media\/156"}],"wp:attachment":[{"href":"http:\/\/bardelconvent.com\/fr\/wp-json\/wp\/v2\/media?parent=175"}],"curies":[{"name":"wp","href":"https:\/\/api.w.org\/{rel}","templated":true}]}}