{"id":190,"date":"2022-07-08T12:19:13","date_gmt":"2022-07-08T11:19:13","guid":{"rendered":"http:\/\/bardelconvent.com\/signes-une-fille-vous-aime-en-ligne\/"},"modified":"2022-07-08T12:19:13","modified_gmt":"2022-07-08T11:19:13","slug":"signes-une-fille-vous-aime-en-ligne","status":"publish","type":"page","link":"http:\/\/bardelconvent.com\/fr\/signes-une-fille-vous-aime-en-ligne\/","title":{"rendered":"Signes Une fille vous aime en ligne?"},"content":{"rendered":"<p>Envoyer des SMS aux filles est une exp\u00e9rience int\u00e9ressante. Vous pouvez obtenir des indices sur ce qu\u2019ils ressentent vraiment pour vous dans leurs textes. En portant une attention particuli\u00e8re \u00e0 quoi, quand et comment ils vous envoient des SMS, vous aiderez \u00e0 mieux les comprendre.<\/p>\n<p>Si vous n\u2019\u00eates pas s\u00fbr qu\u2019elle soit int\u00e9ress\u00e9e par l\u2019amiti\u00e9, consultez les <a href=\"http:\/\/bardelconvent.com\/fr\/securite-des-applications-de-rencontres-en-ligne\/\">autres signes<\/a>. Par exemple, elle pourrait vous envoyer des messages pour vous rem\u00e9morer un moment amusant ensemble. Ou elle pourrait tendre la main parce qu\u2019elle a besoin d\u2019aide pour un devoir ou un test particulier.<\/p>\n<h2>Textes Vous d\u2019abord?<\/h2>\n<p>Si elle vous envoie un texto \u00e0 l\u2019improviste, cela pourrait signifier n\u2019importe quoi. Elle pourrait s\u2019ennuyer ou essayer de mieux vous conna\u00eetre. Vous pouvez \u00eatre son type de gars, ou elle peut ne pas vous aimer du tout. Quoi qu\u2019il en soit, cela n\u2019a pas d\u2019importance car vous ne pouvez rien y faire. Cela dit, si elle vous envoie d\u2019abord un texto, cela signifie qu\u2019elle veut vous parler. Donc, quand elle vous envoie un message, faites attention.<\/p>\n<h2>Vous ne pouvez pas arr\u00eater de vous envoyer des SMS?<\/h2>\n<p>Elle ne vous aime pas quand elle vous rencontre pour la premi\u00e8re fois. Mais au bout d\u2019un moment, <a href=\"http:\/\/bardelconvent.com\/fr\/sites-web-de-chat-sexuel-gratuits\/\">elle commence \u00e0 vous aimer<\/a>. Et si elle continue \u00e0 vous parler, elle commencera \u00e0 se sentir tr\u00e8s proche de vous. Si elle veut vous parler \u00e0 chaque fois que vous vous rencontrez, elle est probablement amoureuse de vous.<\/p>\n<h2>Vous envoyer des TEXTOS tout au long de la journ\u00e9e?<\/h2>\n<p>Si elle vous envoie souvent des SMS, cela signifie qu\u2019elle vous aime. Elle pourrait m\u00eame \u00eatre int\u00e9ress\u00e9e \u00e0 mieux vous conna\u00eetre. Elle veut que vous appreniez \u00e0 la conna\u00eetre et \u00e0 savoir ce qu\u2019elle repr\u00e9sente, parce qu\u2019elle sait que vous l\u2019appr\u00e9cierez. Les femmes savent que le d\u00e9veloppement d\u2019une relation est une \u00e9tape importante vers le d\u00e9but d\u2019une relation avec le gars que vous aimez. J\u2019ai appris cela de la gourou des relations Kate Spring.<\/p>\n<h2>Les textos fonctionnent-ils vraiment?<\/h2>\n<p>Les textos sont une excellente forme de communication, surtout lorsque vous essayez de conna\u00eetre quelqu\u2019un. Cependant, il y a des moments o\u00f9 vous devez reculer et vous donner le temps de r\u00e9fl\u00e9chir avant d\u2019envoyer un autre message. Si vous avez eu une mauvaise exp\u00e9rience avec quelqu\u2019un, il peut \u00eatre pr\u00e9f\u00e9rable d\u2019attendre de vous \u00eatre calm\u00e9 avant de tendre la main. Vous pouvez \u00e9galement essayer de les appeler au lieu de leur envoyer des SMS. De cette fa\u00e7on, vous n\u2019aurez pas l\u2019impression de les d\u00e9ranger alors que vous \u00eates encore contrari\u00e9.<\/p>\n","protected":false},"excerpt":{"rendered":"<p>Envoyer des SMS aux filles est une exp\u00e9rience int\u00e9ressante. Vous pouvez obtenir des indices sur ce qu\u2019ils ressentent vraiment pour vous dans leurs <\/p>\n","protected":false},"author":1,"featured_media":136,"parent":0,"menu_order":0,"comment_status":"closed","ping_status":"closed","template":"","meta":[],"yoast_head":"<!-- This site is optimized with the Yoast SEO plugin v19.2 - https:\/\/yoast.com\/wordpress\/plugins\/seo\/ -->\n<title>Signes Une fille vous aime en ligne? - Amour de connexion<\/title>\n<meta name=\"robots\" content=\"index, follow, max-snippet:-1, max-image-preview:large, max-video-preview:-1\" \/>\n<link rel=\"canonical\" href=\"http:\/\/bardelconvent.com\/fr\/signes-une-fille-vous-aime-en-ligne\/\" \/>\n<meta property=\"og:locale\" content=\"fr_FR\" \/>\n<meta property=\"og:type\" content=\"article\" \/>\n<meta property=\"og:title\" content=\"Signes Une fille vous aime en ligne? - Amour de connexion\" \/>\n<meta property=\"og:description\" content=\"Envoyer des SMS aux filles est une exp\u00e9rience int\u00e9ressante. Vous pouvez obtenir des indices sur ce qu\u2019ils ressentent vraiment pour vous dans leurs\" \/>\n<meta property=\"og:url\" content=\"http:\/\/bardelconvent.com\/fr\/signes-une-fille-vous-aime-en-ligne\/\" \/>\n<meta property=\"og:site_name\" content=\"Amour de connexion\" \/>\n<meta property=\"og:image\" content=\"http:\/\/bardelconvent.com\/wp-content\/uploads\/2022\/07\/real-sex-chat.jpeg\" \/>\n\t<meta property=\"og:image:width\" content=\"2250\" \/>\n\t<meta property=\"og:image:height\" content=\"1500\" \/>\n\t<meta property=\"og:image:type\" content=\"image\/jpeg\" \/>\n<meta name=\"author\" content=\"Dating Expert\" \/>\n<meta name=\"twitter:card\" content=\"summary_large_image\" \/>\n<meta name=\"twitter:label1\" content=\"Dur\u00e9e de lecture estim\u00e9e\" \/>\n\t<meta name=\"twitter:data1\" content=\"2 minutes\" \/>\n<script type=\"application\/ld+json\" class=\"yoast-schema-graph\">{\"@context\":\"https:\/\/schema.org\",\"@graph\":[{\"@type\":\"WebSite\",\"@id\":\"http:\/\/bardelconvent.com\/de\/#website\",\"url\":\"http:\/\/bardelconvent.com\/de\/\",\"name\":\"Amour de connexion\",\"description\":\"Rencontres et relations\",\"potentialAction\":[{\"@type\":\"SearchAction\",\"target\":{\"@type\":\"EntryPoint\",\"urlTemplate\":\"http:\/\/bardelconvent.com\/de\/?s={search_term_string}\"},\"query-input\":\"required name=search_term_string\"}],\"inLanguage\":\"fr-FR\"},{\"@type\":\"ImageObject\",\"inLanguage\":\"fr-FR\",\"@id\":\"http:\/\/bardelconvent.com\/fr\/signes-une-fille-vous-aime-en-ligne\/#primaryimage\",\"url\":\"http:\/\/bardelconvent.com\/wp-content\/uploads\/2022\/07\/real-sex-chat.jpeg\",\"contentUrl\":\"http:\/\/bardelconvent.com\/wp-content\/uploads\/2022\/07\/real-sex-chat.jpeg\",\"width\":2250,\"height\":1500},{\"@type\":\"WebPage\",\"@id\":\"http:\/\/bardelconvent.com\/fr\/signes-une-fille-vous-aime-en-ligne\/#webpage\",\"url\":\"http:\/\/bardelconvent.com\/fr\/signes-une-fille-vous-aime-en-ligne\/\",\"name\":\"Signes Une fille vous aime en ligne? - Amour de connexion\",\"isPartOf\":{\"@id\":\"http:\/\/bardelconvent.com\/de\/#website\"},\"primaryImageOfPage\":{\"@id\":\"http:\/\/bardelconvent.com\/fr\/signes-une-fille-vous-aime-en-ligne\/#primaryimage\"},\"datePublished\":\"2022-07-08T11:19:13+00:00\",\"dateModified\":\"2022-07-08T11:19:13+00:00\",\"breadcrumb\":{\"@id\":\"http:\/\/bardelconvent.com\/fr\/signes-une-fille-vous-aime-en-ligne\/#breadcrumb\"},\"inLanguage\":\"fr-FR\",\"potentialAction\":[{\"@type\":\"ReadAction\",\"target\":[\"http:\/\/bardelconvent.com\/fr\/signes-une-fille-vous-aime-en-ligne\/\"]}]},{\"@type\":\"BreadcrumbList\",\"@id\":\"http:\/\/bardelconvent.com\/fr\/signes-une-fille-vous-aime-en-ligne\/#breadcrumb\",\"itemListElement\":[{\"@type\":\"ListItem\",\"position\":1,\"name\":\"Domicile\",\"item\":\"http:\/\/bardelconvent.com\/fr\/\"},{\"@type\":\"ListItem\",\"position\":2,\"name\":\"Signes Une fille vous aime en ligne?\"}]}]}<\/script>\n<!-- \/ Yoast SEO plugin. -->","yoast_head_json":{"title":"Signes Une fille vous aime en ligne? - Amour de connexion","robots":{"index":"index","follow":"follow","max-snippet":"max-snippet:-1","max-image-preview":"max-image-preview:large","max-video-preview":"max-video-preview:-1"},"canonical":"http:\/\/bardelconvent.com\/fr\/signes-une-fille-vous-aime-en-ligne\/","og_locale":"fr_FR","og_type":"article","og_title":"Signes Une fille vous aime en ligne? - Amour de connexion","og_description":"Envoyer des SMS aux filles est une exp\u00e9rience int\u00e9ressante. Vous pouvez obtenir des indices sur ce qu\u2019ils ressentent vraiment pour vous dans leurs","og_url":"http:\/\/bardelconvent.com\/fr\/signes-une-fille-vous-aime-en-ligne\/","og_site_name":"Amour de connexion","og_image":[{"width":2250,"height":1500,"url":"http:\/\/bardelconvent.com\/wp-content\/uploads\/2022\/07\/real-sex-chat.jpeg","type":"image\/jpeg"}],"author":"Dating Expert","twitter_card":"summary_large_image","twitter_misc":{"Dur\u00e9e de lecture estim\u00e9e":"2 minutes"},"schema":{"@context":"https:\/\/schema.org","@graph":[{"@type":"WebSite","@id":"http:\/\/bardelconvent.com\/de\/#website","url":"http:\/\/bardelconvent.com\/de\/","name":"Amour de connexion","description":"Rencontres et relations","potentialAction":[{"@type":"SearchAction","target":{"@type":"EntryPoint","urlTemplate":"http:\/\/bardelconvent.com\/de\/?s={search_term_string}"},"query-input":"required name=search_term_string"}],"inLanguage":"fr-FR"},{"@type":"ImageObject","inLanguage":"fr-FR","@id":"http:\/\/bardelconvent.com\/fr\/signes-une-fille-vous-aime-en-ligne\/#primaryimage","url":"http:\/\/bardelconvent.com\/wp-content\/uploads\/2022\/07\/real-sex-chat.jpeg","contentUrl":"http:\/\/bardelconvent.com\/wp-content\/uploads\/2022\/07\/real-sex-chat.jpeg","width":2250,"height":1500},{"@type":"WebPage","@id":"http:\/\/bardelconvent.com\/fr\/signes-une-fille-vous-aime-en-ligne\/#webpage","url":"http:\/\/bardelconvent.com\/fr\/signes-une-fille-vous-aime-en-ligne\/","name":"Signes Une fille vous aime en ligne? - Amour de connexion","isPartOf":{"@id":"http:\/\/bardelconvent.com\/de\/#website"},"primaryImageOfPage":{"@id":"http:\/\/bardelconvent.com\/fr\/signes-une-fille-vous-aime-en-ligne\/#primaryimage"},"datePublished":"2022-07-08T11:19:13+00:00","dateModified":"2022-07-08T11:19:13+00:00","breadcrumb":{"@id":"http:\/\/bardelconvent.com\/fr\/signes-une-fille-vous-aime-en-ligne\/#breadcrumb"},"inLanguage":"fr-FR","potentialAction":[{"@type":"ReadAction","target":["http:\/\/bardelconvent.com\/fr\/signes-une-fille-vous-aime-en-ligne\/"]}]},{"@type":"BreadcrumbList","@id":"http:\/\/bardelconvent.com\/fr\/signes-une-fille-vous-aime-en-ligne\/#breadcrumb","itemListElement":[{"@type":"ListItem","position":1,"name":"Domicile","item":"http:\/\/bardelconvent.com\/fr\/"},{"@type":"ListItem","position":2,"name":"Signes Une fille vous aime en ligne?"}]}]}},"_links":{"self":[{"href":"http:\/\/bardelconvent.com\/fr\/wp-json\/wp\/v2\/pages\/190"}],"collection":[{"href":"http:\/\/bardelconvent.com\/fr\/wp-json\/wp\/v2\/pages"}],"about":[{"href":"http:\/\/bardelconvent.com\/fr\/wp-json\/wp\/v2\/types\/page"}],"author":[{"embeddable":true,"href":"http:\/\/bardelconvent.com\/fr\/wp-json\/wp\/v2\/users\/1"}],"replies":[{"embeddable":true,"href":"http:\/\/bardelconvent.com\/fr\/wp-json\/wp\/v2\/comments?post=190"}],"version-history":[{"count":0,"href":"http:\/\/bardelconvent.com\/fr\/wp-json\/wp\/v2\/pages\/190\/revisions"}],"wp:featuredmedia":[{"embeddable":true,"href":"http:\/\/bardelconvent.com\/fr\/wp-json\/wp\/v2\/media\/136"}],"wp:attachment":[{"href":"http:\/\/bardelconvent.com\/fr\/wp-json\/wp\/v2\/media?parent=190"}],"curies":[{"name":"wp","href":"https:\/\/api.w.org\/{rel}","templated":true}]}}