{"id":192,"date":"2022-07-08T12:08:53","date_gmt":"2022-07-08T11:08:53","guid":{"rendered":"http:\/\/bardelconvent.com\/securite-des-applications-de-rencontres-en-ligne\/"},"modified":"2022-08-15T18:33:33","modified_gmt":"2022-08-15T17:33:33","slug":"securite-des-applications-de-rencontres-en-ligne","status":"publish","type":"page","link":"http:\/\/bardelconvent.com\/fr\/securite-des-applications-de-rencontres-en-ligne\/","title":{"rendered":"S\u00e9curit\u00e9 des applications de rencontres en ligne"},"content":{"rendered":"<p>Les rencontres en ligne sont une activit\u00e9 de plus en plus populaire parmi les c\u00e9libataires. Cependant, des probl\u00e8mes de s\u00e9curit\u00e9 surviennent souvent lorsque vous rencontrez quelqu\u2019un via un site Web. Bien qu\u2019il existe plusieurs fa\u00e7ons de vous prot\u00e9ger, il n\u2019est pas toujours possible de pr\u00e9venir tous les risques potentiels.<\/p>\n<h2>Notre guide<\/h2>\n<p>Voici quelques fa\u00e7ons de vous prot\u00e9ger lorsque vous utilisez une application ou un service de rencontres en <a href=\"https:\/\/wank.io\/fr\/rencontres-discretes\/\">rencontres discretes<\/a>. Ces conseils ne sont pas une garantie, mais ils pourraient vous aider \u00e0 vous sentir plus en s\u00e9curit\u00e9.<\/p>\n<p>Il est pr\u00e9f\u00e9rable de ne pas partager les d\u00e9tails personnels sur votre <a href=\"http:\/\/bardelconvent.com\/fr\/pourquoi-les-applications-de-rencontres-en-ligne-pourraient-fonctionner-pour-vous\/\">profil de rencontre<\/a>. Vous devez \u00e9viter de partager votre nom complet et votre num\u00e9ro de t\u00e9l\u00e9phone, ainsi que toute autre information qui pourrait vous identifier personnellement. Il est \u00e9galement sage de garder votre pr\u00e9sence en ligne s\u00e9par\u00e9e de votre vie r\u00e9elle. Si vous rencontrez quelqu\u2019un dans un bar ou une f\u00eate, essayez de rester \u00e0 l\u2019\u00e9cart de vos comptes de m\u00e9dias sociaux jusqu\u2019\u00e0 ce que vous soyez s\u00fbr de vous aimer suffisamment pour parler au t\u00e9l\u00e9phone. Ne donnez pas votre adresse ou les informations de votre carte de cr\u00e9dit avant de vous rencontrer en personne. Et demandez toujours des r\u00e9f\u00e9rences lorsque vous parlez \u00e0 des dates potentielles.<\/p>\n<h2>Lorsque vous discutez avec des \u00e9trangers<\/h2>\n<p>Si vous recherchez l\u2019amour sur les m\u00e9dias sociaux, consultez d\u2019abord les profils <a href=\"https:\/\/www.jerkoffforme.com\/fr\/sites-de-chat-porno-gratuits\/\">site chat sexuel<\/a> de votre date potentielle. Si vous connaissez leurs noms ou leurs pseudonymes sur les m\u00e9dias sociaux, recherchez-les. Regardez leurs photos et voyez si vous les reconnaissez. V\u00e9rifiez s\u2019ils ont des amis communs sur les m\u00e9dias sociaux. S\u2019ils ressemblent \u00e0 un poisson-chat, bloquez-les et signalez-les. Vous pouvez \u00e9galement bloquer et signaler d\u2019autres utilisateurs si vous pensez que leurs profils sont suspects ou s\u2019ils se sont comport\u00e9s de mani\u00e8re inappropri\u00e9e \u00e0 votre \u00e9gard. Faites toujours confiance \u00e0 votre instinct lorsque vous traitez avec les autres. Si vous sentez que quelqu\u2019un n\u2019est pas honn\u00eate avec vous, alors \u00e9loignez-vous.<\/p>\n<p>Il y a plusieurs drapeaux rouges qui devraient <a href=\"http:\/\/bardelconvent.com\/fr\/sites-web-de-chat-sexuel-gratuits\/\">soulever des inqui\u00e9tudes<\/a> au sujet de quelqu\u2019un avec qui vous communiquez en ligne. Si vous vous sentez oblig\u00e9 de donner des informations personnelles comme votre num\u00e9ro de t\u00e9l\u00e9phone portable, ou si vous recevez un message trop romantique au d\u00e9but de votre relation, vous voudrez peut-\u00eatre envisager de signaler l\u2019utilisateur.<\/p>\n<p>Ne partagez pas vos informations personnelles avec des inconnus. Vous ne devez jamais fournir d\u2019informations personnelles lorsque vous communiquez avec une autre personne via un site Web ou une application. Vos informations personnelles comprennent tout ce qui pourrait vous identifier personnellement, comme votre nom, vos num\u00e9ros de t\u00e9l\u00e9phone, vos adresses, vos dates de naissance, vos num\u00e9ros de permis de conduire, vos num\u00e9ros de compte, vos mots de passe et vos num\u00e9ros de s\u00e9curit\u00e9 sociale.<\/p>\n<h2>Rencontrez-vous en public<\/h2>\n<p>Rencontrez-vous dans un endroit s\u00fbr et public. Si vous cherchez quelque <a href=\"https:\/\/www.hotsexychat.net\/fr\/jeux-porno-gratuits-sans-carte-de-credit\/\">jeux pornographiques gratuits<\/a> chose de d\u00e9contract\u00e9, choisissez un endroit public comme un caf\u00e9, un restaurant ou un bar. Vous aurez l\u2019occasion de vous voir avant de d\u00e9cider de sortir \u00e0 nouveau. Si vous pr\u00e9f\u00e9rez un cadre plus priv\u00e9, envisagez plut\u00f4t d\u2019aller chez un ami ou dans la maison ou l\u2019appartement d\u2019une autre connaissance mutuelle. Si vous \u00eates nerveux \u00e0 l\u2019id\u00e9e de rencontrer quelqu\u2019un en personne pour la premi\u00e8re fois, essayez d\u2019utiliser un site de rencontre en ligne pour vous aider \u00e0 vous familiariser avec des partenaires potentiels. Vous pouvez \u00e9galement demander \u00e0 des amis des recommandations d\u2019endroits o\u00f9 se rencontrer.<\/p>\n<p>Choisissez un endroit qui se sent \u00e0 l\u2019aise et en s\u00e9curit\u00e9. Amusez-vous! Si vous voulez aller dans un endroit priv\u00e9, il existe de nombreuses applications qui vous permettent de vous rencontrer en priv\u00e9.<\/p>\n","protected":false},"excerpt":{"rendered":"<p>Les rencontres en ligne sont une activit\u00e9 de plus en plus populaire parmi les c\u00e9libataires. Cependant, des probl\u00e8mes de s\u00e9curit\u00e9 surviennent souvent lorsque <\/p>\n","protected":false},"author":1,"featured_media":126,"parent":0,"menu_order":0,"comment_status":"closed","ping_status":"closed","template":"","meta":[],"yoast_head":"<!-- This site is optimized with the Yoast SEO plugin v19.2 - https:\/\/yoast.com\/wordpress\/plugins\/seo\/ -->\n<title>S\u00e9curit\u00e9 des applications de rencontres en ligne - Amour de connexion<\/title>\n<meta name=\"robots\" content=\"index, follow, max-snippet:-1, max-image-preview:large, max-video-preview:-1\" \/>\n<link rel=\"canonical\" href=\"http:\/\/bardelconvent.com\/fr\/securite-des-applications-de-rencontres-en-ligne\/\" \/>\n<meta property=\"og:locale\" content=\"fr_FR\" \/>\n<meta property=\"og:type\" content=\"article\" \/>\n<meta property=\"og:title\" content=\"S\u00e9curit\u00e9 des applications de rencontres en ligne - Amour de connexion\" \/>\n<meta property=\"og:description\" content=\"Les rencontres en ligne sont une activit\u00e9 de plus en plus populaire parmi les c\u00e9libataires. Cependant, des probl\u00e8mes de s\u00e9curit\u00e9 surviennent souvent lorsque\" \/>\n<meta property=\"og:url\" content=\"http:\/\/bardelconvent.com\/fr\/securite-des-applications-de-rencontres-en-ligne\/\" \/>\n<meta property=\"og:site_name\" content=\"Amour de connexion\" \/>\n<meta property=\"article:modified_time\" content=\"2022-08-15T17:33:33+00:00\" \/>\n<meta property=\"og:image\" content=\"https:\/\/bardelconvent.com\/wp-content\/uploads\/2022\/07\/dating-scams.jpeg\" \/>\n\t<meta property=\"og:image:width\" content=\"2250\" \/>\n\t<meta property=\"og:image:height\" content=\"1500\" \/>\n\t<meta property=\"og:image:type\" content=\"image\/jpeg\" \/>\n<meta name=\"author\" content=\"Dating Expert\" \/>\n<meta name=\"twitter:card\" content=\"summary_large_image\" \/>\n<meta name=\"twitter:label1\" content=\"Dur\u00e9e de lecture estim\u00e9e\" \/>\n\t<meta name=\"twitter:data1\" content=\"3 minutes\" \/>\n<script type=\"application\/ld+json\" class=\"yoast-schema-graph\">{\"@context\":\"https:\/\/schema.org\",\"@graph\":[{\"@type\":\"WebSite\",\"@id\":\"http:\/\/bardelconvent.com\/de\/#website\",\"url\":\"http:\/\/bardelconvent.com\/de\/\",\"name\":\"Amour de connexion\",\"description\":\"Rencontres et relations\",\"potentialAction\":[{\"@type\":\"SearchAction\",\"target\":{\"@type\":\"EntryPoint\",\"urlTemplate\":\"http:\/\/bardelconvent.com\/de\/?s={search_term_string}\"},\"query-input\":\"required name=search_term_string\"}],\"inLanguage\":\"fr-FR\"},{\"@type\":\"ImageObject\",\"inLanguage\":\"fr-FR\",\"@id\":\"http:\/\/bardelconvent.com\/fr\/securite-des-applications-de-rencontres-en-ligne\/#primaryimage\",\"url\":\"http:\/\/bardelconvent.com\/wp-content\/uploads\/2022\/07\/dating-scams.jpeg\",\"contentUrl\":\"http:\/\/bardelconvent.com\/wp-content\/uploads\/2022\/07\/dating-scams.jpeg\",\"width\":2250,\"height\":1500},{\"@type\":\"WebPage\",\"@id\":\"http:\/\/bardelconvent.com\/fr\/securite-des-applications-de-rencontres-en-ligne\/#webpage\",\"url\":\"http:\/\/bardelconvent.com\/fr\/securite-des-applications-de-rencontres-en-ligne\/\",\"name\":\"S\u00e9curit\u00e9 des applications de rencontres en ligne - Amour de connexion\",\"isPartOf\":{\"@id\":\"http:\/\/bardelconvent.com\/de\/#website\"},\"primaryImageOfPage\":{\"@id\":\"http:\/\/bardelconvent.com\/fr\/securite-des-applications-de-rencontres-en-ligne\/#primaryimage\"},\"datePublished\":\"2022-07-08T11:08:53+00:00\",\"dateModified\":\"2022-08-15T17:33:33+00:00\",\"breadcrumb\":{\"@id\":\"http:\/\/bardelconvent.com\/fr\/securite-des-applications-de-rencontres-en-ligne\/#breadcrumb\"},\"inLanguage\":\"fr-FR\",\"potentialAction\":[{\"@type\":\"ReadAction\",\"target\":[\"http:\/\/bardelconvent.com\/fr\/securite-des-applications-de-rencontres-en-ligne\/\"]}]},{\"@type\":\"BreadcrumbList\",\"@id\":\"http:\/\/bardelconvent.com\/fr\/securite-des-applications-de-rencontres-en-ligne\/#breadcrumb\",\"itemListElement\":[{\"@type\":\"ListItem\",\"position\":1,\"name\":\"Domicile\",\"item\":\"http:\/\/bardelconvent.com\/fr\/\"},{\"@type\":\"ListItem\",\"position\":2,\"name\":\"S\u00e9curit\u00e9 des applications de rencontres en ligne\"}]}]}<\/script>\n<!-- \/ Yoast SEO plugin. -->","yoast_head_json":{"title":"S\u00e9curit\u00e9 des applications de rencontres en ligne - Amour de connexion","robots":{"index":"index","follow":"follow","max-snippet":"max-snippet:-1","max-image-preview":"max-image-preview:large","max-video-preview":"max-video-preview:-1"},"canonical":"http:\/\/bardelconvent.com\/fr\/securite-des-applications-de-rencontres-en-ligne\/","og_locale":"fr_FR","og_type":"article","og_title":"S\u00e9curit\u00e9 des applications de rencontres en ligne - Amour de connexion","og_description":"Les rencontres en ligne sont une activit\u00e9 de plus en plus populaire parmi les c\u00e9libataires. Cependant, des probl\u00e8mes de s\u00e9curit\u00e9 surviennent souvent lorsque","og_url":"http:\/\/bardelconvent.com\/fr\/securite-des-applications-de-rencontres-en-ligne\/","og_site_name":"Amour de connexion","article_modified_time":"2022-08-15T17:33:33+00:00","og_image":[{"width":2250,"height":1500,"url":"https:\/\/bardelconvent.com\/wp-content\/uploads\/2022\/07\/dating-scams.jpeg","type":"image\/jpeg"}],"author":"Dating Expert","twitter_card":"summary_large_image","twitter_misc":{"Dur\u00e9e de lecture estim\u00e9e":"3 minutes"},"schema":{"@context":"https:\/\/schema.org","@graph":[{"@type":"WebSite","@id":"http:\/\/bardelconvent.com\/de\/#website","url":"http:\/\/bardelconvent.com\/de\/","name":"Amour de connexion","description":"Rencontres et relations","potentialAction":[{"@type":"SearchAction","target":{"@type":"EntryPoint","urlTemplate":"http:\/\/bardelconvent.com\/de\/?s={search_term_string}"},"query-input":"required name=search_term_string"}],"inLanguage":"fr-FR"},{"@type":"ImageObject","inLanguage":"fr-FR","@id":"http:\/\/bardelconvent.com\/fr\/securite-des-applications-de-rencontres-en-ligne\/#primaryimage","url":"http:\/\/bardelconvent.com\/wp-content\/uploads\/2022\/07\/dating-scams.jpeg","contentUrl":"http:\/\/bardelconvent.com\/wp-content\/uploads\/2022\/07\/dating-scams.jpeg","width":2250,"height":1500},{"@type":"WebPage","@id":"http:\/\/bardelconvent.com\/fr\/securite-des-applications-de-rencontres-en-ligne\/#webpage","url":"http:\/\/bardelconvent.com\/fr\/securite-des-applications-de-rencontres-en-ligne\/","name":"S\u00e9curit\u00e9 des applications de rencontres en ligne - Amour de connexion","isPartOf":{"@id":"http:\/\/bardelconvent.com\/de\/#website"},"primaryImageOfPage":{"@id":"http:\/\/bardelconvent.com\/fr\/securite-des-applications-de-rencontres-en-ligne\/#primaryimage"},"datePublished":"2022-07-08T11:08:53+00:00","dateModified":"2022-08-15T17:33:33+00:00","breadcrumb":{"@id":"http:\/\/bardelconvent.com\/fr\/securite-des-applications-de-rencontres-en-ligne\/#breadcrumb"},"inLanguage":"fr-FR","potentialAction":[{"@type":"ReadAction","target":["http:\/\/bardelconvent.com\/fr\/securite-des-applications-de-rencontres-en-ligne\/"]}]},{"@type":"BreadcrumbList","@id":"http:\/\/bardelconvent.com\/fr\/securite-des-applications-de-rencontres-en-ligne\/#breadcrumb","itemListElement":[{"@type":"ListItem","position":1,"name":"Domicile","item":"http:\/\/bardelconvent.com\/fr\/"},{"@type":"ListItem","position":2,"name":"S\u00e9curit\u00e9 des applications de rencontres en ligne"}]}]}},"_links":{"self":[{"href":"http:\/\/bardelconvent.com\/fr\/wp-json\/wp\/v2\/pages\/192"}],"collection":[{"href":"http:\/\/bardelconvent.com\/fr\/wp-json\/wp\/v2\/pages"}],"about":[{"href":"http:\/\/bardelconvent.com\/fr\/wp-json\/wp\/v2\/types\/page"}],"author":[{"embeddable":true,"href":"http:\/\/bardelconvent.com\/fr\/wp-json\/wp\/v2\/users\/1"}],"replies":[{"embeddable":true,"href":"http:\/\/bardelconvent.com\/fr\/wp-json\/wp\/v2\/comments?post=192"}],"version-history":[{"count":1,"href":"http:\/\/bardelconvent.com\/fr\/wp-json\/wp\/v2\/pages\/192\/revisions"}],"predecessor-version":[{"id":262,"href":"http:\/\/bardelconvent.com\/fr\/wp-json\/wp\/v2\/pages\/192\/revisions\/262"}],"wp:featuredmedia":[{"embeddable":true,"href":"http:\/\/bardelconvent.com\/fr\/wp-json\/wp\/v2\/media\/126"}],"wp:attachment":[{"href":"http:\/\/bardelconvent.com\/fr\/wp-json\/wp\/v2\/media?parent=192"}],"curies":[{"name":"wp","href":"https:\/\/api.w.org\/{rel}","templated":true}]}}