{"id":197,"date":"2022-07-08T12:21:20","date_gmt":"2022-07-08T11:21:20","guid":{"rendered":"http:\/\/bardelconvent.com\/applications-de-connexion-fiables-pour-trouver-du-sexe\/"},"modified":"2022-08-15T18:34:16","modified_gmt":"2022-08-15T17:34:16","slug":"applications-de-connexion-fiables-pour-trouver-du-sexe","status":"publish","type":"page","link":"http:\/\/bardelconvent.com\/fr\/applications-de-connexion-fiables-pour-trouver-du-sexe\/","title":{"rendered":"Applications de connexion fiables pour trouver du sexe"},"content":{"rendered":"<p>Les rencontres en ligne sont devenues si courantes que cela semble presque \u00eatre une chose de tous les jours. Que vous recherchiez l\u2019amour ou simplement quelqu\u2019un avec qui discuter en ligne, de nombreuses options sont disponibles. Vous pouvez rencontrer des gens via les m\u00e9dias sociaux, les applications, les sites Web ou m\u00eame des \u00e9v\u00e9nements locaux. Si vous souhaitez <a href=\"https:\/\/www.dirtyflirts.com\/fr\/sites-web-de-sexting-gratuits\/\">sexting sites<\/a> quelqu\u2019un de sp\u00e9cial, voici quelques conseils pour vous aider \u00e0 d\u00e9marrer.<\/p>\n<p>Surtout depuis l\u2019av\u00e8nement de Tinder et d\u2019autres applications similaires! Il y a de nombreux avantages \u00e0 utiliser une application comme celle-ci, y compris la commodit\u00e9 et la confidentialit\u00e9. Cependant, il existe \u00e9galement des risques associ\u00e9s aux rencontres en ligne. Vous pouvez rencontrer quelqu\u2019un qui n\u2019est pas authentique ou qui essaie de vous escroquer de votre argent. Vous pouvez m\u00eame \u00eatre <a href=\"http:\/\/bardelconvent.com\/fr\/securite-des-applications-de-rencontres-en-ligne\/\">menac\u00e9 physiquement lorsque vous vous rencontrez en personne<\/a>. Si vous cherchez l\u2019amour, essayez autre chose!<\/p>\n<h2>La s\u00e9curit\u00e9 avant tout<\/h2>\n<p>Avant de rencontrer quelqu\u2019un dans la vraie vie, essayez de discuter en vid\u00e9o avec lui en <a href=\"https:\/\/www.sextchat.net\/fr\/sites-de-webcams-voyeur-en-direct\/\">voyeur site<\/a>. Discuter en ligne vous permet de voir si vous vous aimez tout de suite. Vous pouvez \u00e9galement poser des questions sur ce qu\u2019ils aiment et n\u2019aiment pas, et s\u2019ils veulent se rencontrer en personne. S\u2019ils semblent h\u00e9siter \u00e0 vous parler, cela pourrait \u00eatre un signal d\u2019alarme. Ne donnez pas d\u2019informations personnelles avant de vous \u00eatre rencontr\u00e9 en face \u00e0 face. Avant d\u2019accepter de vous rencontrer quelque part, dites \u00e0 un ami o\u00f9 vous allez.<\/p>\n<p>Prenez une capture d\u2019\u00e9cran de leur profil et envoyez-la \u00e0 vos amis. Envoyer un texto \u00e0 un ami pendant que vous \u00eates \u00e0 un rendez-vous peut ne pas vous sentir \u00e0 l\u2019aise, mais cela vous permettra de tenir votre ami inform\u00e9. Si vous continuez vos rencontres au-del\u00e0 du point auquel vous vous attendiez, envoyez un texto \u00e0 un ami pour lui dire o\u00f9 vous allez ensuite.<\/p>\n<h2>\u00c9vitez les escroqueries<\/h2>\n<p>Ce n\u2019est pas de votre faute si quelqu\u2019un essaie de vous arnaquer en ligne. Vous <a href=\"http:\/\/bardelconvent.com\/fr\/signes-une-fille-vous-aime-en-ligne\/\">ne devriez pas avoir \u00e0 payer de l\u2019argent pour vous \u00e9loigner d\u2019eux<\/a>. Mais il existe des moyens de vous prot\u00e9ger lorsque vous utilisez une application comme Tinder. Nous avons compil\u00e9 une liste de <a href=\"https:\/\/wank.io\/fr\/sites-cam-cam-2-gratuits\/\">cam adult gratuite<\/a> de s\u00e9curit\u00e9 ci-dessous, ainsi qu\u2019un tableau comparant les fonctionnalit\u00e9s de s\u00e9curit\u00e9 disponibles sur certaines des applications les plus populaires de 2019. Voyez si l\u2019une de ces options vous aidera \u00e0 rester en s\u00e9curit\u00e9 lorsque vous utilisez Tinder.<\/p>\n<h2>Faux profils<\/h2>\n<p>Les faux profils, bots et autres escrocs abondent en ligne. M\u00eame si vous ne cherchez pas l\u2019amour, il y a beaucoup de raisons pour lesquelles vous voudrez peut-\u00eatre rester loin d\u2019eux. Les faux comptes peuvent sembler inoffensifs au d\u00e9but, mais ils peuvent causer du tort. Si quelqu\u2019un tente de vous arnaquer, signalez-le imm\u00e9diatement. Envisagez \u00e9galement d\u2019utiliser une application de rencontres qui v\u00e9rifie l\u2019identit\u00e9 des utilisateurs avant de leur permettre de se connecter avec d\u2019autres. Vous pouvez \u00e9galement consulter nos conseils ci-dessous pour savoir comment vous prot\u00e9ger lorsque vous rencontrez des personnes en ligne.<\/p>\n<h2>Discutez avec votre rendez-vous avant la r\u00e9union<\/h2>\n<p>Il est important de parler \u00e0 votre rendez-vous potentiel avant de vous rencontrer. Si vous n\u2019\u00eates pas s\u00fbr qu\u2019il ou elle est bon pour vous, alors vous aurez besoin de voir s\u2019il y a quelque chose \u00e0 son sujet qui ne vous convient pas. Vous devriez \u00e9galement vous demander si vous lui faites suffisamment confiance pour leur dire quelque chose qui pourrait les rebuter. Une fois que vous vous rencontrez en face \u00e0 face, vous serez en mesure de juger la personnalit\u00e9 de l\u2019autre et de d\u00e9cider si vous vous aimez. Ne partagez pas trop de d\u00e9tails sur vous-m\u00eame au d\u00e9but. Vous ne voulez pas donner d\u2019informations sur vous-m\u00eame qui pourraient vous faire para\u00eetre non professionnel ou peu fiable.<\/p>\n","protected":false},"excerpt":{"rendered":"<p>Les rencontres en ligne sont devenues si courantes que cela semble presque \u00eatre une chose de tous les jours. Que vous recherchiez l\u2019amour <\/p>\n","protected":false},"author":1,"featured_media":0,"parent":0,"menu_order":0,"comment_status":"closed","ping_status":"closed","template":"","meta":[],"yoast_head":"<!-- This site is optimized with the Yoast SEO plugin v19.2 - https:\/\/yoast.com\/wordpress\/plugins\/seo\/ -->\n<title>Applications de connexion fiables pour trouver du sexe - Amour de connexion<\/title>\n<meta name=\"robots\" content=\"index, follow, max-snippet:-1, max-image-preview:large, max-video-preview:-1\" \/>\n<link rel=\"canonical\" href=\"http:\/\/bardelconvent.com\/fr\/applications-de-connexion-fiables-pour-trouver-du-sexe\/\" \/>\n<meta property=\"og:locale\" content=\"fr_FR\" \/>\n<meta property=\"og:type\" content=\"article\" \/>\n<meta property=\"og:title\" content=\"Applications de connexion fiables pour trouver du sexe - Amour de connexion\" \/>\n<meta property=\"og:description\" content=\"Les rencontres en ligne sont devenues si courantes que cela semble presque \u00eatre une chose de tous les jours. Que vous recherchiez l\u2019amour\" \/>\n<meta property=\"og:url\" content=\"http:\/\/bardelconvent.com\/fr\/applications-de-connexion-fiables-pour-trouver-du-sexe\/\" \/>\n<meta property=\"og:site_name\" content=\"Amour de connexion\" \/>\n<meta property=\"article:modified_time\" content=\"2022-08-15T17:34:16+00:00\" \/>\n<meta name=\"author\" content=\"Dating Expert\" \/>\n<meta name=\"twitter:card\" content=\"summary_large_image\" \/>\n<meta name=\"twitter:label1\" content=\"Dur\u00e9e de lecture estim\u00e9e\" \/>\n\t<meta name=\"twitter:data1\" content=\"3 minutes\" \/>\n<script type=\"application\/ld+json\" class=\"yoast-schema-graph\">{\"@context\":\"https:\/\/schema.org\",\"@graph\":[{\"@type\":\"WebSite\",\"@id\":\"http:\/\/bardelconvent.com\/de\/#website\",\"url\":\"http:\/\/bardelconvent.com\/de\/\",\"name\":\"Amour de connexion\",\"description\":\"Rencontres et relations\",\"potentialAction\":[{\"@type\":\"SearchAction\",\"target\":{\"@type\":\"EntryPoint\",\"urlTemplate\":\"http:\/\/bardelconvent.com\/de\/?s={search_term_string}\"},\"query-input\":\"required name=search_term_string\"}],\"inLanguage\":\"fr-FR\"},{\"@type\":\"WebPage\",\"@id\":\"http:\/\/bardelconvent.com\/fr\/applications-de-connexion-fiables-pour-trouver-du-sexe\/#webpage\",\"url\":\"http:\/\/bardelconvent.com\/fr\/applications-de-connexion-fiables-pour-trouver-du-sexe\/\",\"name\":\"Applications de connexion fiables pour trouver du sexe - Amour de connexion\",\"isPartOf\":{\"@id\":\"http:\/\/bardelconvent.com\/de\/#website\"},\"datePublished\":\"2022-07-08T11:21:20+00:00\",\"dateModified\":\"2022-08-15T17:34:16+00:00\",\"breadcrumb\":{\"@id\":\"http:\/\/bardelconvent.com\/fr\/applications-de-connexion-fiables-pour-trouver-du-sexe\/#breadcrumb\"},\"inLanguage\":\"fr-FR\",\"potentialAction\":[{\"@type\":\"ReadAction\",\"target\":[\"http:\/\/bardelconvent.com\/fr\/applications-de-connexion-fiables-pour-trouver-du-sexe\/\"]}]},{\"@type\":\"BreadcrumbList\",\"@id\":\"http:\/\/bardelconvent.com\/fr\/applications-de-connexion-fiables-pour-trouver-du-sexe\/#breadcrumb\",\"itemListElement\":[{\"@type\":\"ListItem\",\"position\":1,\"name\":\"Domicile\",\"item\":\"http:\/\/bardelconvent.com\/fr\/\"},{\"@type\":\"ListItem\",\"position\":2,\"name\":\"Applications de connexion fiables pour trouver du sexe\"}]}]}<\/script>\n<!-- \/ Yoast SEO plugin. -->","yoast_head_json":{"title":"Applications de connexion fiables pour trouver du sexe - Amour de connexion","robots":{"index":"index","follow":"follow","max-snippet":"max-snippet:-1","max-image-preview":"max-image-preview:large","max-video-preview":"max-video-preview:-1"},"canonical":"http:\/\/bardelconvent.com\/fr\/applications-de-connexion-fiables-pour-trouver-du-sexe\/","og_locale":"fr_FR","og_type":"article","og_title":"Applications de connexion fiables pour trouver du sexe - Amour de connexion","og_description":"Les rencontres en ligne sont devenues si courantes que cela semble presque \u00eatre une chose de tous les jours. Que vous recherchiez l\u2019amour","og_url":"http:\/\/bardelconvent.com\/fr\/applications-de-connexion-fiables-pour-trouver-du-sexe\/","og_site_name":"Amour de connexion","article_modified_time":"2022-08-15T17:34:16+00:00","author":"Dating Expert","twitter_card":"summary_large_image","twitter_misc":{"Dur\u00e9e de lecture estim\u00e9e":"3 minutes"},"schema":{"@context":"https:\/\/schema.org","@graph":[{"@type":"WebSite","@id":"http:\/\/bardelconvent.com\/de\/#website","url":"http:\/\/bardelconvent.com\/de\/","name":"Amour de connexion","description":"Rencontres et relations","potentialAction":[{"@type":"SearchAction","target":{"@type":"EntryPoint","urlTemplate":"http:\/\/bardelconvent.com\/de\/?s={search_term_string}"},"query-input":"required name=search_term_string"}],"inLanguage":"fr-FR"},{"@type":"WebPage","@id":"http:\/\/bardelconvent.com\/fr\/applications-de-connexion-fiables-pour-trouver-du-sexe\/#webpage","url":"http:\/\/bardelconvent.com\/fr\/applications-de-connexion-fiables-pour-trouver-du-sexe\/","name":"Applications de connexion fiables pour trouver du sexe - Amour de connexion","isPartOf":{"@id":"http:\/\/bardelconvent.com\/de\/#website"},"datePublished":"2022-07-08T11:21:20+00:00","dateModified":"2022-08-15T17:34:16+00:00","breadcrumb":{"@id":"http:\/\/bardelconvent.com\/fr\/applications-de-connexion-fiables-pour-trouver-du-sexe\/#breadcrumb"},"inLanguage":"fr-FR","potentialAction":[{"@type":"ReadAction","target":["http:\/\/bardelconvent.com\/fr\/applications-de-connexion-fiables-pour-trouver-du-sexe\/"]}]},{"@type":"BreadcrumbList","@id":"http:\/\/bardelconvent.com\/fr\/applications-de-connexion-fiables-pour-trouver-du-sexe\/#breadcrumb","itemListElement":[{"@type":"ListItem","position":1,"name":"Domicile","item":"http:\/\/bardelconvent.com\/fr\/"},{"@type":"ListItem","position":2,"name":"Applications de connexion fiables pour trouver du sexe"}]}]}},"_links":{"self":[{"href":"http:\/\/bardelconvent.com\/fr\/wp-json\/wp\/v2\/pages\/197"}],"collection":[{"href":"http:\/\/bardelconvent.com\/fr\/wp-json\/wp\/v2\/pages"}],"about":[{"href":"http:\/\/bardelconvent.com\/fr\/wp-json\/wp\/v2\/types\/page"}],"author":[{"embeddable":true,"href":"http:\/\/bardelconvent.com\/fr\/wp-json\/wp\/v2\/users\/1"}],"replies":[{"embeddable":true,"href":"http:\/\/bardelconvent.com\/fr\/wp-json\/wp\/v2\/comments?post=197"}],"version-history":[{"count":1,"href":"http:\/\/bardelconvent.com\/fr\/wp-json\/wp\/v2\/pages\/197\/revisions"}],"predecessor-version":[{"id":263,"href":"http:\/\/bardelconvent.com\/fr\/wp-json\/wp\/v2\/pages\/197\/revisions\/263"}],"wp:attachment":[{"href":"http:\/\/bardelconvent.com\/fr\/wp-json\/wp\/v2\/media?parent=197"}],"curies":[{"name":"wp","href":"https:\/\/api.w.org\/{rel}","templated":true}]}}