{"id":239,"date":"2022-07-08T11:59:57","date_gmt":"2022-07-08T10:59:57","guid":{"rendered":"http:\/\/bardelconvent.com\/pourquoi-les-applications-de-rencontres-en-ligne-pourraient-fonctionner-pour-vous\/"},"modified":"2022-07-08T11:59:57","modified_gmt":"2022-07-08T10:59:57","slug":"pourquoi-les-applications-de-rencontres-en-ligne-pourraient-fonctionner-pour-vous","status":"publish","type":"page","link":"http:\/\/bardelconvent.com\/fr\/pourquoi-les-applications-de-rencontres-en-ligne-pourraient-fonctionner-pour-vous\/","title":{"rendered":"Pourquoi les applications de rencontres en ligne pourraient fonctionner pour vous"},"content":{"rendered":"<p>Internet nous permet de nous connecter avec des gens partout dans le monde. Cela nous donne l\u2019occasion d\u2019atteindre des personnes avec lesquelles nous n\u2019interagirions pas normalement. Nous pouvons communiquer avec eux face \u00e0 face, partager nos pens\u00e9es et nos sentiments, et m\u00eame tomber amoureux. Lorsque nous comptons sur nos cercles sociaux, nos options sont assez limit\u00e9es. Mais si nous tirons parti d\u2019Internet \u00e0 notre avantage, nous pouvons vivre des exp\u00e9riences incroyables que nous n\u2019aurions pas pu imaginer auparavant.<\/p>\n<p>Lorsque vous recherchez une connexion locale, sortez toujours \u00e0 un rendez-vous public et \u00e9vitez de les rencontrer dans un cadre priv\u00e9. Si vous rencontrez quelqu\u2019un dans un restaurant, un bar ou tout autre endroit avec beaucoup de gens autour, il sera plus facile de rep\u00e9rer s\u2019il essaie de tricher. Assurez-vous que tout le monde est au courant de vos plans avant de partir. De plus, gardez votre t\u00e9l\u00e9phone allum\u00e9 et prot\u00e9g\u00e9 pendant que vous \u00eates absent de la date. Vous ne savez jamais quand quelque chose pourrait arriver, et vous devez rester en s\u00e9curit\u00e9.<\/p>\n<h2>Ce qu\u2019il faut apprendre sur les applications de rencontres<\/h2>\n<p>Vous en apprendrez beaucoup sur vous-m\u00eame et votre <a href=\"http:\/\/bardelconvent.com\/fr\/applications-de-connexion-fiables-pour-trouver-du-sexe\/\">propre personnalit\u00e9<\/a> lorsque vous rejoindrez la sc\u00e8ne des rencontres modernes. Les applications de rencontres comme Tinder et Bumble gagnent en popularit\u00e9 chaque jour. Ces applications vous permettent de vous connecter avec d\u2019autres c\u00e9libataires \u00e0 proximit\u00e9 et m\u00eame d\u2019\u00eatre jumel\u00e9 avec des partenaires compatibles. Il existe de nombreux types d\u2019abonnements disponibles, y compris gratuits, payants, premium et gold. Les abonnements Gold donnent aux utilisateurs l\u2019acc\u00e8s \u00e0 des fonctionnalit\u00e9s exclusives, telles que des balayages illimit\u00e9s, des correspondances illimit\u00e9es et des remises sp\u00e9ciales.<\/p>\n<p>Vous pouvez \u00e9galement utiliser la fonction de recherche pour trouver des personnes similaires \u00e0 vous. Vous pouvez ensuite les rencontrer et \u00e9changer des messages. Il y a une forte probabilit\u00e9 que vous trouviez quelqu\u2019un qui veut passer du temps avec vous.<\/p>\n<h3>Bumble &#8211; L\u2019un des choix les plus chauds<\/h3>\n<p>Bumble a \u00e9t\u00e9 con\u00e7u pour aider les femmes \u00e0 faire le premier pas. C\u2019est une <a href=\"http:\/\/bardelconvent.com\/fr\/est-ce-que-les-rencontres-a-laveugle-fonctionnent\/\">application pour les femmes<\/a> qui cherchent \u00e0 se faire poser. Vous pouvez parcourir les profils d\u2019hommes c\u00e9libataires et choisir votre pr\u00e9f\u00e9r\u00e9. Si vous aimez ce que vous voyez, envoyez-leur un message. S\u2019ils r\u00e9pondent positivement, vous pouvez entamer une conversation. Apr\u00e8s cela, vous devrez attendre que votre homme vous envoie un clin d\u2019\u0153il. S\u2019il le fait, alors vous \u00eates pr\u00eat \u00e0 partir!<\/p>\n<h2>Que faire ensuite?<\/h2>\n<p>Si vous n\u2019\u00eates pas s\u00fbr que quelqu\u2019un s\u2019int\u00e9resse \u00e0 vous, essayez de lui demander de sortir avec quelqu\u2019un. Vous aurez une meilleure id\u00e9e du genre de personne qu\u2019ils sont et si vous aimeriez les revoir. Si vous \u00eates d\u00e9j\u00e0 amis, posez-leur des questions sur leurs int\u00e9r\u00eats et leurs passe-temps. Peut-\u00eatre pourriez-vous m\u00eame aller \u00e0 un double rendez-vous ensemble!<\/p>\n","protected":false},"excerpt":{"rendered":"<p>Internet nous permet de nous connecter avec des gens partout dans le monde. Cela nous donne l\u2019occasion d\u2019atteindre des personnes avec lesquelles nous <\/p>\n","protected":false},"author":1,"featured_media":106,"parent":0,"menu_order":0,"comment_status":"closed","ping_status":"closed","template":"","meta":[],"yoast_head":"<!-- This site is optimized with the Yoast SEO plugin v19.2 - https:\/\/yoast.com\/wordpress\/plugins\/seo\/ -->\n<title>Pourquoi les applications de rencontres en ligne pourraient fonctionner pour vous - Amour de connexion<\/title>\n<meta name=\"robots\" content=\"index, follow, max-snippet:-1, max-image-preview:large, max-video-preview:-1\" \/>\n<link rel=\"canonical\" href=\"http:\/\/bardelconvent.com\/fr\/pourquoi-les-applications-de-rencontres-en-ligne-pourraient-fonctionner-pour-vous\/\" \/>\n<meta property=\"og:locale\" content=\"fr_FR\" \/>\n<meta property=\"og:type\" content=\"article\" \/>\n<meta property=\"og:title\" content=\"Pourquoi les applications de rencontres en ligne pourraient fonctionner pour vous - Amour de connexion\" \/>\n<meta property=\"og:description\" content=\"Internet nous permet de nous connecter avec des gens partout dans le monde. Cela nous donne l\u2019occasion d\u2019atteindre des personnes avec lesquelles nous\" \/>\n<meta property=\"og:url\" content=\"http:\/\/bardelconvent.com\/fr\/pourquoi-les-applications-de-rencontres-en-ligne-pourraient-fonctionner-pour-vous\/\" \/>\n<meta property=\"og:site_name\" content=\"Amour de connexion\" \/>\n<meta property=\"og:image\" content=\"https:\/\/bardelconvent.com\/wp-content\/uploads\/2022\/07\/casual-chat-rooms.jpeg\" \/>\n\t<meta property=\"og:image:width\" content=\"2248\" \/>\n\t<meta property=\"og:image:height\" content=\"1500\" \/>\n\t<meta property=\"og:image:type\" content=\"image\/jpeg\" \/>\n<meta name=\"author\" content=\"Dating Expert\" \/>\n<meta name=\"twitter:card\" content=\"summary_large_image\" \/>\n<meta name=\"twitter:label1\" content=\"Dur\u00e9e de lecture estim\u00e9e\" \/>\n\t<meta name=\"twitter:data1\" content=\"3 minutes\" \/>\n<script type=\"application\/ld+json\" class=\"yoast-schema-graph\">{\"@context\":\"https:\/\/schema.org\",\"@graph\":[{\"@type\":\"WebSite\",\"@id\":\"http:\/\/bardelconvent.com\/de\/#website\",\"url\":\"http:\/\/bardelconvent.com\/de\/\",\"name\":\"Amour de connexion\",\"description\":\"Rencontres et relations\",\"potentialAction\":[{\"@type\":\"SearchAction\",\"target\":{\"@type\":\"EntryPoint\",\"urlTemplate\":\"http:\/\/bardelconvent.com\/de\/?s={search_term_string}\"},\"query-input\":\"required name=search_term_string\"}],\"inLanguage\":\"fr-FR\"},{\"@type\":\"ImageObject\",\"inLanguage\":\"fr-FR\",\"@id\":\"http:\/\/bardelconvent.com\/fr\/pourquoi-les-applications-de-rencontres-en-ligne-pourraient-fonctionner-pour-vous\/#primaryimage\",\"url\":\"http:\/\/bardelconvent.com\/wp-content\/uploads\/2022\/07\/casual-chat-rooms.jpeg\",\"contentUrl\":\"http:\/\/bardelconvent.com\/wp-content\/uploads\/2022\/07\/casual-chat-rooms.jpeg\",\"width\":2248,\"height\":1500},{\"@type\":\"WebPage\",\"@id\":\"http:\/\/bardelconvent.com\/fr\/pourquoi-les-applications-de-rencontres-en-ligne-pourraient-fonctionner-pour-vous\/#webpage\",\"url\":\"http:\/\/bardelconvent.com\/fr\/pourquoi-les-applications-de-rencontres-en-ligne-pourraient-fonctionner-pour-vous\/\",\"name\":\"Pourquoi les applications de rencontres en ligne pourraient fonctionner pour vous - Amour de connexion\",\"isPartOf\":{\"@id\":\"http:\/\/bardelconvent.com\/de\/#website\"},\"primaryImageOfPage\":{\"@id\":\"http:\/\/bardelconvent.com\/fr\/pourquoi-les-applications-de-rencontres-en-ligne-pourraient-fonctionner-pour-vous\/#primaryimage\"},\"datePublished\":\"2022-07-08T10:59:57+00:00\",\"dateModified\":\"2022-07-08T10:59:57+00:00\",\"breadcrumb\":{\"@id\":\"http:\/\/bardelconvent.com\/fr\/pourquoi-les-applications-de-rencontres-en-ligne-pourraient-fonctionner-pour-vous\/#breadcrumb\"},\"inLanguage\":\"fr-FR\",\"potentialAction\":[{\"@type\":\"ReadAction\",\"target\":[\"http:\/\/bardelconvent.com\/fr\/pourquoi-les-applications-de-rencontres-en-ligne-pourraient-fonctionner-pour-vous\/\"]}]},{\"@type\":\"BreadcrumbList\",\"@id\":\"http:\/\/bardelconvent.com\/fr\/pourquoi-les-applications-de-rencontres-en-ligne-pourraient-fonctionner-pour-vous\/#breadcrumb\",\"itemListElement\":[{\"@type\":\"ListItem\",\"position\":1,\"name\":\"Domicile\",\"item\":\"http:\/\/bardelconvent.com\/fr\/\"},{\"@type\":\"ListItem\",\"position\":2,\"name\":\"Pourquoi les applications de rencontres en ligne pourraient fonctionner pour vous\"}]}]}<\/script>\n<!-- \/ Yoast SEO plugin. -->","yoast_head_json":{"title":"Pourquoi les applications de rencontres en ligne pourraient fonctionner pour vous - Amour de connexion","robots":{"index":"index","follow":"follow","max-snippet":"max-snippet:-1","max-image-preview":"max-image-preview:large","max-video-preview":"max-video-preview:-1"},"canonical":"http:\/\/bardelconvent.com\/fr\/pourquoi-les-applications-de-rencontres-en-ligne-pourraient-fonctionner-pour-vous\/","og_locale":"fr_FR","og_type":"article","og_title":"Pourquoi les applications de rencontres en ligne pourraient fonctionner pour vous - Amour de connexion","og_description":"Internet nous permet de nous connecter avec des gens partout dans le monde. Cela nous donne l\u2019occasion d\u2019atteindre des personnes avec lesquelles nous","og_url":"http:\/\/bardelconvent.com\/fr\/pourquoi-les-applications-de-rencontres-en-ligne-pourraient-fonctionner-pour-vous\/","og_site_name":"Amour de connexion","og_image":[{"width":2248,"height":1500,"url":"https:\/\/bardelconvent.com\/wp-content\/uploads\/2022\/07\/casual-chat-rooms.jpeg","type":"image\/jpeg"}],"author":"Dating Expert","twitter_card":"summary_large_image","twitter_misc":{"Dur\u00e9e de lecture estim\u00e9e":"3 minutes"},"schema":{"@context":"https:\/\/schema.org","@graph":[{"@type":"WebSite","@id":"http:\/\/bardelconvent.com\/de\/#website","url":"http:\/\/bardelconvent.com\/de\/","name":"Amour de connexion","description":"Rencontres et relations","potentialAction":[{"@type":"SearchAction","target":{"@type":"EntryPoint","urlTemplate":"http:\/\/bardelconvent.com\/de\/?s={search_term_string}"},"query-input":"required name=search_term_string"}],"inLanguage":"fr-FR"},{"@type":"ImageObject","inLanguage":"fr-FR","@id":"http:\/\/bardelconvent.com\/fr\/pourquoi-les-applications-de-rencontres-en-ligne-pourraient-fonctionner-pour-vous\/#primaryimage","url":"http:\/\/bardelconvent.com\/wp-content\/uploads\/2022\/07\/casual-chat-rooms.jpeg","contentUrl":"http:\/\/bardelconvent.com\/wp-content\/uploads\/2022\/07\/casual-chat-rooms.jpeg","width":2248,"height":1500},{"@type":"WebPage","@id":"http:\/\/bardelconvent.com\/fr\/pourquoi-les-applications-de-rencontres-en-ligne-pourraient-fonctionner-pour-vous\/#webpage","url":"http:\/\/bardelconvent.com\/fr\/pourquoi-les-applications-de-rencontres-en-ligne-pourraient-fonctionner-pour-vous\/","name":"Pourquoi les applications de rencontres en ligne pourraient fonctionner pour vous - Amour de connexion","isPartOf":{"@id":"http:\/\/bardelconvent.com\/de\/#website"},"primaryImageOfPage":{"@id":"http:\/\/bardelconvent.com\/fr\/pourquoi-les-applications-de-rencontres-en-ligne-pourraient-fonctionner-pour-vous\/#primaryimage"},"datePublished":"2022-07-08T10:59:57+00:00","dateModified":"2022-07-08T10:59:57+00:00","breadcrumb":{"@id":"http:\/\/bardelconvent.com\/fr\/pourquoi-les-applications-de-rencontres-en-ligne-pourraient-fonctionner-pour-vous\/#breadcrumb"},"inLanguage":"fr-FR","potentialAction":[{"@type":"ReadAction","target":["http:\/\/bardelconvent.com\/fr\/pourquoi-les-applications-de-rencontres-en-ligne-pourraient-fonctionner-pour-vous\/"]}]},{"@type":"BreadcrumbList","@id":"http:\/\/bardelconvent.com\/fr\/pourquoi-les-applications-de-rencontres-en-ligne-pourraient-fonctionner-pour-vous\/#breadcrumb","itemListElement":[{"@type":"ListItem","position":1,"name":"Domicile","item":"http:\/\/bardelconvent.com\/fr\/"},{"@type":"ListItem","position":2,"name":"Pourquoi les applications de rencontres en ligne pourraient fonctionner pour vous"}]}]}},"_links":{"self":[{"href":"http:\/\/bardelconvent.com\/fr\/wp-json\/wp\/v2\/pages\/239"}],"collection":[{"href":"http:\/\/bardelconvent.com\/fr\/wp-json\/wp\/v2\/pages"}],"about":[{"href":"http:\/\/bardelconvent.com\/fr\/wp-json\/wp\/v2\/types\/page"}],"author":[{"embeddable":true,"href":"http:\/\/bardelconvent.com\/fr\/wp-json\/wp\/v2\/users\/1"}],"replies":[{"embeddable":true,"href":"http:\/\/bardelconvent.com\/fr\/wp-json\/wp\/v2\/comments?post=239"}],"version-history":[{"count":0,"href":"http:\/\/bardelconvent.com\/fr\/wp-json\/wp\/v2\/pages\/239\/revisions"}],"wp:featuredmedia":[{"embeddable":true,"href":"http:\/\/bardelconvent.com\/fr\/wp-json\/wp\/v2\/media\/106"}],"wp:attachment":[{"href":"http:\/\/bardelconvent.com\/fr\/wp-json\/wp\/v2\/media?parent=239"}],"curies":[{"name":"wp","href":"https:\/\/api.w.org\/{rel}","templated":true}]}}