{"id":240,"date":"2022-07-08T12:05:25","date_gmt":"2022-07-08T11:05:25","guid":{"rendered":"http:\/\/bardelconvent.com\/sites-web-de-chat-sexuel-gratuits\/"},"modified":"2022-08-15T18:32:49","modified_gmt":"2022-08-15T17:32:49","slug":"sites-web-de-chat-sexuel-gratuits","status":"publish","type":"page","link":"http:\/\/bardelconvent.com\/fr\/sites-web-de-chat-sexuel-gratuits\/","title":{"rendered":"Sites Web de chat sexuel gratuits"},"content":{"rendered":"<p>La plupart des gens vous diront d\u2019aller dans les bars ou d\u2019utiliser des applications de connexion locales. Mais ces options ne sont pas tr\u00e8s efficaces. Vous pourriez d\u00e9penser beaucoup d\u2019argent et de temps \u00e0 sortir tous les soirs, ou vous pourriez simplement utiliser l\u2019un des nombreux sites Web de connexion locaux disponibles aujourd\u2019hui. Ces sites offrent les m\u00eames fonctionnalit\u00e9s que les autres sites de <a href=\"https:\/\/www.find-sex.net\/fr\/jeux-porno-sans-inscription\/\">simulation sexe gratuit<\/a>, mais ils ont \u00e9galement des milliers de membres qui recherchent le plaisir. Alors arr\u00eatez d\u2019utiliser des sites de qualit\u00e9 inf\u00e9rieure et essayez l\u2019un de ces services!<\/p>\n<p>Il semble que le principal probl\u00e8me avec les <a href=\"http:\/\/bardelconvent.com\/fr\/pourquoi-les-applications-de-rencontres-en-ligne-pourraient-fonctionner-pour-vous\/\">sites de rencontres en ligne<\/a> est qu\u2019ils ne sont pas tr\u00e8s efficaces. Vous pouvez voir pourquoi \u2013 ils offrent beaucoup d\u2019opportunit\u00e9s, mais aussi beaucoup de probl\u00e8mes.<\/p>\n<ul>\n<li>Tout d\u2019abord, le fait que vous ne puissiez pas voir ce que les autres utilisateurs font sur le site signifie que vous ne saurez jamais si quelqu\u2019un d\u2019autre s\u2019int\u00e9resse \u00e0 vous.<\/li>\n<li>Deuxi\u00e8mement, si vous allez rencontrer des gens dans la vie r\u00e9elle, vous devez faire attention \u00e0 leur apparence et \u00e0 leur comportement, sinon vous risquez d\u2019\u00eatre d\u00e9\u00e7u lorsque vous les rencontrez r\u00e9ellement.<\/li>\n<li>Troisi\u00e8mement, <a href=\"http:\/\/bardelconvent.com\/fr\/est-ce-que-les-rencontres-a-laveugle-fonctionnent\/\">les sites de rencontres en ligne regorgent souvent de faux profils<\/a>. Si vous allez rencontrer une fille via une plate-forme en ligne, vous devriez v\u00e9rifier attentivement son profil avant de lui donner votre num\u00e9ro de t\u00e9l\u00e9phone. Enfin, de nombreux sites de rencontres en ligne ne sont que des arnaques. Ils promettent beaucoup, mais ne livrent rien. Donc, pour r\u00e9sumer, les rencontres en ligne sont une excellente id\u00e9e, mais pas parfaite.<\/li>\n<\/ul>\n<h2>Salles de chat sexuel<\/h2>\n<p>Les sites de chat sexuel sont des sites <a href=\"https:\/\/www.sexting-sites.com\/fr\/jeux-porno-gratuits-pas-dinscription\/\">jeux porno gratuit<\/a> o\u00f9 les gens se rencontrent en ligne pour discuter de sujets sexuels. Il existe de nombreux types de sites de chat sexuel, y compris des sites de niche comme BBW ou BDSM. Certains de ces sites permettent aux membres de t\u00e9l\u00e9charger des photos et des vid\u00e9os d\u2019eux-m\u00eames, tandis que d\u2019autres exigent que les utilisateurs envoient des messages via des programmes de messagerie texte ou instantan\u00e9e.<\/p>\n<ul>\n<li>De nombreux sites de chat sexuel proposent des chats vid\u00e9o en direct, ce qui permet aux membres de se voir sur webcam.<\/li>\n<li>Les sites de chat sexuel sont un excellent endroit pour rencontrer de nouvelles personnes.<\/li>\n<li>Bon choix pour le branchement<\/li>\n<\/ul>\n<p>Cherchez-vous du plaisir ce soir? \u00cates-vous fatigu\u00e9 d\u2019\u00eatre seul? Alors pourquoi ne pas essayer des salles de chat sexuel o\u00f9 vous pouvez rencontrer de <a href=\"https:\/\/www.hotsexychat.net\/fr\/jeux-porno-gratuits-sur-app-store\/\">jeux porn gratuit<\/a> du monde entier! Nous sommes s\u00fbrs que vous trouverez quelqu\u2019un de sp\u00e9cial ici.<\/p>\n<p>Ces applications comptent des milliers de membres du monde entier, notamment des \u00c9tats-Unis, du Royaume-Uni, du Canada, de l\u2019Australie, de la Nouvelle-Z\u00e9lande, de l\u2019Europe, de l\u2019Asie et de l\u2019Afrique. Donc, si vous cherchez un endroit pour vous connecter avec les autres, alors venez nous rejoindre maintenant.<\/p>\n<p>Il y a de nombreux avantages \u00e0 utiliser ce site. Tout d\u2019abord, il est compl\u00e8tement gratuit donc il n\u2019y a rien \u00e0 perdre. Deuxi\u00e8mement, vous pouvez choisir si vous souhaitez utiliser une webcam ou simplement des chats textuels. Si vous pr\u00e9f\u00e9rez utiliser une webcam, vous pouvez le faire en cliquant simplement sur le bouton \u00ab&nbsp;chat vid\u00e9o&nbsp;\u00bb. Cela ouvrira une fen\u00eatre o\u00f9 vous pourrez voir votre partenaire en direct. Vous pouvez leur parler, leur poser des questions et m\u00eame partager des photos avec eux.<\/p>\n<p>Alors, qu\u2019attendez-vous? Inscrivez-vous maintenant et commencez \u00e0 rencontrer de nouveaux amis!<\/p>\n","protected":false},"excerpt":{"rendered":"<p>La plupart des gens vous diront d\u2019aller dans les bars ou d\u2019utiliser des applications de connexion locales. Mais ces options ne sont pas <\/p>\n","protected":false},"author":1,"featured_media":116,"parent":0,"menu_order":0,"comment_status":"closed","ping_status":"closed","template":"","meta":[],"yoast_head":"<!-- This site is optimized with the Yoast SEO plugin v19.2 - https:\/\/yoast.com\/wordpress\/plugins\/seo\/ -->\n<title>Sites Web de chat sexuel gratuits - Amour de connexion<\/title>\n<meta name=\"robots\" content=\"index, follow, max-snippet:-1, max-image-preview:large, max-video-preview:-1\" \/>\n<link rel=\"canonical\" href=\"http:\/\/bardelconvent.com\/fr\/sites-web-de-chat-sexuel-gratuits\/\" \/>\n<meta property=\"og:locale\" content=\"fr_FR\" \/>\n<meta property=\"og:type\" content=\"article\" \/>\n<meta property=\"og:title\" content=\"Sites Web de chat sexuel gratuits - Amour de connexion\" \/>\n<meta property=\"og:description\" content=\"La plupart des gens vous diront d\u2019aller dans les bars ou d\u2019utiliser des applications de connexion locales. Mais ces options ne sont pas\" \/>\n<meta property=\"og:url\" content=\"http:\/\/bardelconvent.com\/fr\/sites-web-de-chat-sexuel-gratuits\/\" \/>\n<meta property=\"og:site_name\" content=\"Amour de connexion\" \/>\n<meta property=\"article:modified_time\" content=\"2022-08-15T17:32:49+00:00\" \/>\n<meta property=\"og:image\" content=\"http:\/\/bardelconvent.com\/wp-content\/uploads\/2022\/07\/join-now.jpeg\" \/>\n\t<meta property=\"og:image:width\" content=\"2250\" \/>\n\t<meta property=\"og:image:height\" content=\"1500\" \/>\n\t<meta property=\"og:image:type\" content=\"image\/jpeg\" \/>\n<meta name=\"author\" content=\"Dating Expert\" \/>\n<meta name=\"twitter:card\" content=\"summary_large_image\" \/>\n<meta name=\"twitter:label1\" content=\"Dur\u00e9e de lecture estim\u00e9e\" \/>\n\t<meta name=\"twitter:data1\" content=\"3 minutes\" \/>\n<script type=\"application\/ld+json\" class=\"yoast-schema-graph\">{\"@context\":\"https:\/\/schema.org\",\"@graph\":[{\"@type\":\"WebSite\",\"@id\":\"http:\/\/bardelconvent.com\/de\/#website\",\"url\":\"http:\/\/bardelconvent.com\/de\/\",\"name\":\"Amour de connexion\",\"description\":\"Rencontres et relations\",\"potentialAction\":[{\"@type\":\"SearchAction\",\"target\":{\"@type\":\"EntryPoint\",\"urlTemplate\":\"http:\/\/bardelconvent.com\/de\/?s={search_term_string}\"},\"query-input\":\"required name=search_term_string\"}],\"inLanguage\":\"fr-FR\"},{\"@type\":\"ImageObject\",\"inLanguage\":\"fr-FR\",\"@id\":\"http:\/\/bardelconvent.com\/fr\/sites-web-de-chat-sexuel-gratuits\/#primaryimage\",\"url\":\"http:\/\/bardelconvent.com\/wp-content\/uploads\/2022\/07\/join-now.jpeg\",\"contentUrl\":\"http:\/\/bardelconvent.com\/wp-content\/uploads\/2022\/07\/join-now.jpeg\",\"width\":2250,\"height\":1500},{\"@type\":\"WebPage\",\"@id\":\"http:\/\/bardelconvent.com\/fr\/sites-web-de-chat-sexuel-gratuits\/#webpage\",\"url\":\"http:\/\/bardelconvent.com\/fr\/sites-web-de-chat-sexuel-gratuits\/\",\"name\":\"Sites Web de chat sexuel gratuits - Amour de connexion\",\"isPartOf\":{\"@id\":\"http:\/\/bardelconvent.com\/de\/#website\"},\"primaryImageOfPage\":{\"@id\":\"http:\/\/bardelconvent.com\/fr\/sites-web-de-chat-sexuel-gratuits\/#primaryimage\"},\"datePublished\":\"2022-07-08T11:05:25+00:00\",\"dateModified\":\"2022-08-15T17:32:49+00:00\",\"breadcrumb\":{\"@id\":\"http:\/\/bardelconvent.com\/fr\/sites-web-de-chat-sexuel-gratuits\/#breadcrumb\"},\"inLanguage\":\"fr-FR\",\"potentialAction\":[{\"@type\":\"ReadAction\",\"target\":[\"http:\/\/bardelconvent.com\/fr\/sites-web-de-chat-sexuel-gratuits\/\"]}]},{\"@type\":\"BreadcrumbList\",\"@id\":\"http:\/\/bardelconvent.com\/fr\/sites-web-de-chat-sexuel-gratuits\/#breadcrumb\",\"itemListElement\":[{\"@type\":\"ListItem\",\"position\":1,\"name\":\"Domicile\",\"item\":\"http:\/\/bardelconvent.com\/fr\/\"},{\"@type\":\"ListItem\",\"position\":2,\"name\":\"Sites Web de chat sexuel gratuits\"}]}]}<\/script>\n<!-- \/ Yoast SEO plugin. -->","yoast_head_json":{"title":"Sites Web de chat sexuel gratuits - Amour de connexion","robots":{"index":"index","follow":"follow","max-snippet":"max-snippet:-1","max-image-preview":"max-image-preview:large","max-video-preview":"max-video-preview:-1"},"canonical":"http:\/\/bardelconvent.com\/fr\/sites-web-de-chat-sexuel-gratuits\/","og_locale":"fr_FR","og_type":"article","og_title":"Sites Web de chat sexuel gratuits - Amour de connexion","og_description":"La plupart des gens vous diront d\u2019aller dans les bars ou d\u2019utiliser des applications de connexion locales. Mais ces options ne sont pas","og_url":"http:\/\/bardelconvent.com\/fr\/sites-web-de-chat-sexuel-gratuits\/","og_site_name":"Amour de connexion","article_modified_time":"2022-08-15T17:32:49+00:00","og_image":[{"width":2250,"height":1500,"url":"http:\/\/bardelconvent.com\/wp-content\/uploads\/2022\/07\/join-now.jpeg","type":"image\/jpeg"}],"author":"Dating Expert","twitter_card":"summary_large_image","twitter_misc":{"Dur\u00e9e de lecture estim\u00e9e":"3 minutes"},"schema":{"@context":"https:\/\/schema.org","@graph":[{"@type":"WebSite","@id":"http:\/\/bardelconvent.com\/de\/#website","url":"http:\/\/bardelconvent.com\/de\/","name":"Amour de connexion","description":"Rencontres et relations","potentialAction":[{"@type":"SearchAction","target":{"@type":"EntryPoint","urlTemplate":"http:\/\/bardelconvent.com\/de\/?s={search_term_string}"},"query-input":"required name=search_term_string"}],"inLanguage":"fr-FR"},{"@type":"ImageObject","inLanguage":"fr-FR","@id":"http:\/\/bardelconvent.com\/fr\/sites-web-de-chat-sexuel-gratuits\/#primaryimage","url":"http:\/\/bardelconvent.com\/wp-content\/uploads\/2022\/07\/join-now.jpeg","contentUrl":"http:\/\/bardelconvent.com\/wp-content\/uploads\/2022\/07\/join-now.jpeg","width":2250,"height":1500},{"@type":"WebPage","@id":"http:\/\/bardelconvent.com\/fr\/sites-web-de-chat-sexuel-gratuits\/#webpage","url":"http:\/\/bardelconvent.com\/fr\/sites-web-de-chat-sexuel-gratuits\/","name":"Sites Web de chat sexuel gratuits - Amour de connexion","isPartOf":{"@id":"http:\/\/bardelconvent.com\/de\/#website"},"primaryImageOfPage":{"@id":"http:\/\/bardelconvent.com\/fr\/sites-web-de-chat-sexuel-gratuits\/#primaryimage"},"datePublished":"2022-07-08T11:05:25+00:00","dateModified":"2022-08-15T17:32:49+00:00","breadcrumb":{"@id":"http:\/\/bardelconvent.com\/fr\/sites-web-de-chat-sexuel-gratuits\/#breadcrumb"},"inLanguage":"fr-FR","potentialAction":[{"@type":"ReadAction","target":["http:\/\/bardelconvent.com\/fr\/sites-web-de-chat-sexuel-gratuits\/"]}]},{"@type":"BreadcrumbList","@id":"http:\/\/bardelconvent.com\/fr\/sites-web-de-chat-sexuel-gratuits\/#breadcrumb","itemListElement":[{"@type":"ListItem","position":1,"name":"Domicile","item":"http:\/\/bardelconvent.com\/fr\/"},{"@type":"ListItem","position":2,"name":"Sites Web de chat sexuel gratuits"}]}]}},"_links":{"self":[{"href":"http:\/\/bardelconvent.com\/fr\/wp-json\/wp\/v2\/pages\/240"}],"collection":[{"href":"http:\/\/bardelconvent.com\/fr\/wp-json\/wp\/v2\/pages"}],"about":[{"href":"http:\/\/bardelconvent.com\/fr\/wp-json\/wp\/v2\/types\/page"}],"author":[{"embeddable":true,"href":"http:\/\/bardelconvent.com\/fr\/wp-json\/wp\/v2\/users\/1"}],"replies":[{"embeddable":true,"href":"http:\/\/bardelconvent.com\/fr\/wp-json\/wp\/v2\/comments?post=240"}],"version-history":[{"count":2,"href":"http:\/\/bardelconvent.com\/fr\/wp-json\/wp\/v2\/pages\/240\/revisions"}],"predecessor-version":[{"id":261,"href":"http:\/\/bardelconvent.com\/fr\/wp-json\/wp\/v2\/pages\/240\/revisions\/261"}],"wp:featuredmedia":[{"embeddable":true,"href":"http:\/\/bardelconvent.com\/fr\/wp-json\/wp\/v2\/media\/116"}],"wp:attachment":[{"href":"http:\/\/bardelconvent.com\/fr\/wp-json\/wp\/v2\/media?parent=240"}],"curies":[{"name":"wp","href":"https:\/\/api.w.org\/{rel}","templated":true}]}}