{"id":184,"date":"2022-07-08T12:27:59","date_gmt":"2022-07-08T11:27:59","guid":{"rendered":"http:\/\/bardelconvent.com\/czy-randki-w-ciemno-dzialaja\/"},"modified":"2022-07-08T12:27:59","modified_gmt":"2022-07-08T11:27:59","slug":"czy-randki-w-ciemno-dzialaja","status":"publish","type":"page","link":"http:\/\/bardelconvent.com\/pl\/czy-randki-w-ciemno-dzialaja\/","title":{"rendered":"Czy randki w ciemno dzia\u0142aj\u0105?"},"content":{"rendered":"<p>Randki w ciemno to \u015bwietny spos\u00f3b na poznanie os\u00f3b, kt\u00f3re maj\u0105 <a href=\"http:\/\/bardelconvent.com\/pl\/niezawodne-aplikacje-do-podlaczania-do-znajdowania-seksu\/\">podobne zainteresowania<\/a>. Ten rodzaj randek jest cz\u0119sto okre\u015blany jako szybkie randki, poniewa\u017c nie ma wcze\u015bniej ustalonego miejsca spotkania ani czasu.<\/p>\n<p>Zamiast tego randki w ciemno odbywaj\u0105 si\u0119 w miejscu publicznym, gdzie single mog\u0105 podej\u015b\u0107 do siebie i nawi\u0105za\u0107 rozmow\u0119. Celem jest znalezienie kompatybilnego dopasowania w ci\u0105gu 30 minut.<\/p>\n<p>Szybkie randki s\u0105 popularne w\u015br\u00f3d singli szukaj\u0105cych szybkiej randki. Jednak randki w ciemno s\u0105 idealne dla tych, kt\u00f3rzy wol\u0105 spotyka\u0107 si\u0119 z lud\u017ami organicznie.<\/p>\n<h2>Czy to dla Ciebie?<\/h2>\n<p>Je\u015bli nie martwisz si\u0119 szczeg\u00f3lnie o w\u0142asne bezpiecze\u0144stwo, mo\u017cesz rozwa\u017cy\u0107 p\u00f3j\u015bcie na randk\u0119 w ciemno.<\/p>\n<p>Mo\u017cesz upewni\u0107 si\u0119, \u017ce Twoja randka jest bezpieczna i wygodna, sugeruj\u0105c <a href=\"http:\/\/bardelconvent.com\/pl\/znaki-dziewczyna-lubi-cie-online\/\">spotkanie w miejscu publicznym<\/a>, takim jak kawiarnia lub restauracja. A kiedy planujesz, staraj si\u0119 trzyma\u0107 to w jednej aktywno\u015bci, aby by\u0142o \u0142atwiejsze wyj\u015bcie, je\u015bli twoja randka nie czuje si\u0119 dobrze. Zadawaj mniej pyta\u0144, kt\u00f3re mog\u0105 sprawi\u0107, \u017ce kto\u015b poczuje si\u0119 niezr\u0119cznie lub podejrzliwie co do twoich intencji. Je\u015bli porozmawiasz o swoich zainteresowaniach, hobby, karierze lub ulubionych zespo\u0142ach, oboje b\u0119dziecie mogli po\u0142\u0105czy\u0107 si\u0119 na g\u0142\u0119bszym poziomie.<\/p>\n<p>Nie tra\u0107 czujno\u015bci. Uwa\u017caj na to, kogo spotykasz online. Je\u015bli uwa\u017casz, \u017ce co\u015b jest nie tak, to prawdopodobnie tak nie jest. Je\u015bli kiedykolwiek mia\u0142e\u015b by\u0142\u0105 wiadomo\u015b\u0107 po tym, jak si\u0119 rozstali, to wiesz, co mam na my\u015bli. Tw\u00f3j instynkt zwykle powie ci, czy co\u015b jest nie tak. Zawsze sprawdzaj referencje przed spotkaniem z kim\u015b w prawdziwym \u017cyciu. I nigdy nie podawaj danych osobowych, takich jak adres, numer telefonu lub nazwisko.<\/p>\n<h2>Alternatywy dla randk\u00f3w w ciemno<\/h2>\n<p>Czy kiedykolwiek by\u0142e\u015b na internetowym portalu randkowym? Jak si\u0119 z tym czu\u0142e\u015b? Czy czu\u0142e\u015b si\u0119 bezpiecznie? Je\u015bli jeszcze nie pr\u00f3bowa\u0142e\u015b randek online, przeczytanie naszych o najlepszych internetowych serwisach randkowych mo\u017ce ci naprawd\u0119 pom\u00f3c.<\/p>\n<p>Aplikacje takie jak Tinder i Bumble pozwalaj\u0105 u\u017cytkownikom przesuwa\u0107 palcem w prawo lub w lewo na zdj\u0119ciach innych u\u017cytkownik\u00f3w, aby sprawdzi\u0107, czy s\u0105 nimi zainteresowani. Ale chocia\u017c aplikacje mog\u0105 wydawa\u0107 si\u0119 nieszkodliwe, istnieje powa\u017cne ryzyko zwi\u0105zane z u\u017cywaniem ich do poznania kogo\u015b nowego.<\/p>\n<p>Po znalezieniu dopasowania musisz go lepiej pozna\u0107, zanim zaczniesz m\u00f3wi\u0107. Oznacza to wymian\u0119 wiadomo\u015bci, dzwonienie do siebie i ostatecznie planowanie dat. Wszystko to wymaga czasu i wysi\u0142ku. Dlaczego wi\u0119c nie pomin\u0105\u0107 po\u015brednika i przej\u015b\u0107 od razu do zabawy?<\/p>\n","protected":false},"excerpt":{"rendered":"<p>Randki w ciemno to \u015bwietny spos\u00f3b na poznanie os\u00f3b, kt\u00f3re maj\u0105 podobne zainteresowania. Ten rodzaj randek jest cz\u0119sto okre\u015blany jako szybkie randki, poniewa\u017c <\/p>\n","protected":false},"author":1,"featured_media":158,"parent":0,"menu_order":0,"comment_status":"closed","ping_status":"closed","template":"","meta":[],"yoast_head":"<!-- This site is optimized with the Yoast SEO plugin v19.2 - https:\/\/yoast.com\/wordpress\/plugins\/seo\/ -->\n<title>- Mi\u0142o\u015b\u0107 do pod\u0142\u0105czania Czy randki w ciemno dzia\u0142aj\u0105?<\/title>\n<meta name=\"robots\" content=\"index, follow, max-snippet:-1, max-image-preview:large, max-video-preview:-1\" \/>\n<link rel=\"canonical\" href=\"http:\/\/bardelconvent.com\/pl\/czy-randki-w-ciemno-dzialaja\/\" \/>\n<meta property=\"og:locale\" content=\"pl_PL\" \/>\n<meta property=\"og:type\" content=\"article\" \/>\n<meta property=\"og:title\" content=\"- Mi\u0142o\u015b\u0107 do pod\u0142\u0105czania Czy randki w ciemno dzia\u0142aj\u0105?\" \/>\n<meta property=\"og:description\" content=\"Randki w ciemno to \u015bwietny spos\u00f3b na poznanie os\u00f3b, kt\u00f3re maj\u0105 podobne zainteresowania. Ten rodzaj randek jest cz\u0119sto okre\u015blany jako szybkie randki, poniewa\u017c\" \/>\n<meta property=\"og:url\" content=\"http:\/\/bardelconvent.com\/pl\/czy-randki-w-ciemno-dzialaja\/\" \/>\n<meta property=\"og:site_name\" content=\"Mi\u0142o\u015b\u0107 do pod\u0142\u0105czania\" \/>\n<meta property=\"og:image\" content=\"https:\/\/bardelconvent.com\/wp-content\/uploads\/2022\/07\/casual-sex-hookups.jpg\" \/>\n\t<meta property=\"og:image:width\" content=\"500\" \/>\n\t<meta property=\"og:image:height\" content=\"333\" \/>\n\t<meta property=\"og:image:type\" content=\"image\/jpeg\" \/>\n<meta name=\"author\" content=\"Dating Expert\" \/>\n<meta name=\"twitter:card\" content=\"summary_large_image\" \/>\n<meta name=\"twitter:label1\" content=\"Szacowany czas czytania\" \/>\n\t<meta name=\"twitter:data1\" content=\"2 minuty\" \/>\n<script type=\"application\/ld+json\" class=\"yoast-schema-graph\">{\"@context\":\"https:\/\/schema.org\",\"@graph\":[{\"@type\":\"WebSite\",\"@id\":\"http:\/\/bardelconvent.com\/de\/#website\",\"url\":\"http:\/\/bardelconvent.com\/de\/\",\"name\":\"Mi\u0142o\u015b\u0107 do pod\u0142\u0105czania\",\"description\":\"Randki i zwi\u0105zki\",\"potentialAction\":[{\"@type\":\"SearchAction\",\"target\":{\"@type\":\"EntryPoint\",\"urlTemplate\":\"http:\/\/bardelconvent.com\/de\/?s={search_term_string}\"},\"query-input\":\"required name=search_term_string\"}],\"inLanguage\":\"pl-PL\"},{\"@type\":\"ImageObject\",\"inLanguage\":\"pl-PL\",\"@id\":\"http:\/\/bardelconvent.com\/pl\/czy-randki-w-ciemno-dzialaja\/#primaryimage\",\"url\":\"http:\/\/bardelconvent.com\/wp-content\/uploads\/2022\/07\/casual-sex-hookups.jpg\",\"contentUrl\":\"http:\/\/bardelconvent.com\/wp-content\/uploads\/2022\/07\/casual-sex-hookups.jpg\",\"width\":500,\"height\":333},{\"@type\":\"WebPage\",\"@id\":\"http:\/\/bardelconvent.com\/pl\/czy-randki-w-ciemno-dzialaja\/#webpage\",\"url\":\"http:\/\/bardelconvent.com\/pl\/czy-randki-w-ciemno-dzialaja\/\",\"name\":\"- Mi\u0142o\u015b\u0107 do pod\u0142\u0105czania Czy randki w ciemno dzia\u0142aj\u0105?\",\"isPartOf\":{\"@id\":\"http:\/\/bardelconvent.com\/de\/#website\"},\"primaryImageOfPage\":{\"@id\":\"http:\/\/bardelconvent.com\/pl\/czy-randki-w-ciemno-dzialaja\/#primaryimage\"},\"datePublished\":\"2022-07-08T11:27:59+00:00\",\"dateModified\":\"2022-07-08T11:27:59+00:00\",\"breadcrumb\":{\"@id\":\"http:\/\/bardelconvent.com\/pl\/czy-randki-w-ciemno-dzialaja\/#breadcrumb\"},\"inLanguage\":\"pl-PL\",\"potentialAction\":[{\"@type\":\"ReadAction\",\"target\":[\"http:\/\/bardelconvent.com\/pl\/czy-randki-w-ciemno-dzialaja\/\"]}]},{\"@type\":\"BreadcrumbList\",\"@id\":\"http:\/\/bardelconvent.com\/pl\/czy-randki-w-ciemno-dzialaja\/#breadcrumb\",\"itemListElement\":[{\"@type\":\"ListItem\",\"position\":1,\"name\":\"Dom\",\"item\":\"http:\/\/bardelconvent.com\/pl\/\"},{\"@type\":\"ListItem\",\"position\":2,\"name\":\"Czy randki w ciemno dzia\u0142aj\u0105?\"}]}]}<\/script>\n<!-- \/ Yoast SEO plugin. -->","yoast_head_json":{"title":"- Mi\u0142o\u015b\u0107 do pod\u0142\u0105czania Czy randki w ciemno dzia\u0142aj\u0105?","robots":{"index":"index","follow":"follow","max-snippet":"max-snippet:-1","max-image-preview":"max-image-preview:large","max-video-preview":"max-video-preview:-1"},"canonical":"http:\/\/bardelconvent.com\/pl\/czy-randki-w-ciemno-dzialaja\/","og_locale":"pl_PL","og_type":"article","og_title":"- Mi\u0142o\u015b\u0107 do pod\u0142\u0105czania Czy randki w ciemno dzia\u0142aj\u0105?","og_description":"Randki w ciemno to \u015bwietny spos\u00f3b na poznanie os\u00f3b, kt\u00f3re maj\u0105 podobne zainteresowania. Ten rodzaj randek jest cz\u0119sto okre\u015blany jako szybkie randki, poniewa\u017c","og_url":"http:\/\/bardelconvent.com\/pl\/czy-randki-w-ciemno-dzialaja\/","og_site_name":"Mi\u0142o\u015b\u0107 do pod\u0142\u0105czania","og_image":[{"width":500,"height":333,"url":"https:\/\/bardelconvent.com\/wp-content\/uploads\/2022\/07\/casual-sex-hookups.jpg","type":"image\/jpeg"}],"author":"Dating Expert","twitter_card":"summary_large_image","twitter_misc":{"Szacowany czas czytania":"2 minuty"},"schema":{"@context":"https:\/\/schema.org","@graph":[{"@type":"WebSite","@id":"http:\/\/bardelconvent.com\/de\/#website","url":"http:\/\/bardelconvent.com\/de\/","name":"Mi\u0142o\u015b\u0107 do pod\u0142\u0105czania","description":"Randki i zwi\u0105zki","potentialAction":[{"@type":"SearchAction","target":{"@type":"EntryPoint","urlTemplate":"http:\/\/bardelconvent.com\/de\/?s={search_term_string}"},"query-input":"required name=search_term_string"}],"inLanguage":"pl-PL"},{"@type":"ImageObject","inLanguage":"pl-PL","@id":"http:\/\/bardelconvent.com\/pl\/czy-randki-w-ciemno-dzialaja\/#primaryimage","url":"http:\/\/bardelconvent.com\/wp-content\/uploads\/2022\/07\/casual-sex-hookups.jpg","contentUrl":"http:\/\/bardelconvent.com\/wp-content\/uploads\/2022\/07\/casual-sex-hookups.jpg","width":500,"height":333},{"@type":"WebPage","@id":"http:\/\/bardelconvent.com\/pl\/czy-randki-w-ciemno-dzialaja\/#webpage","url":"http:\/\/bardelconvent.com\/pl\/czy-randki-w-ciemno-dzialaja\/","name":"- Mi\u0142o\u015b\u0107 do pod\u0142\u0105czania Czy randki w ciemno dzia\u0142aj\u0105?","isPartOf":{"@id":"http:\/\/bardelconvent.com\/de\/#website"},"primaryImageOfPage":{"@id":"http:\/\/bardelconvent.com\/pl\/czy-randki-w-ciemno-dzialaja\/#primaryimage"},"datePublished":"2022-07-08T11:27:59+00:00","dateModified":"2022-07-08T11:27:59+00:00","breadcrumb":{"@id":"http:\/\/bardelconvent.com\/pl\/czy-randki-w-ciemno-dzialaja\/#breadcrumb"},"inLanguage":"pl-PL","potentialAction":[{"@type":"ReadAction","target":["http:\/\/bardelconvent.com\/pl\/czy-randki-w-ciemno-dzialaja\/"]}]},{"@type":"BreadcrumbList","@id":"http:\/\/bardelconvent.com\/pl\/czy-randki-w-ciemno-dzialaja\/#breadcrumb","itemListElement":[{"@type":"ListItem","position":1,"name":"Dom","item":"http:\/\/bardelconvent.com\/pl\/"},{"@type":"ListItem","position":2,"name":"Czy randki w ciemno dzia\u0142aj\u0105?"}]}]}},"_links":{"self":[{"href":"http:\/\/bardelconvent.com\/pl\/wp-json\/wp\/v2\/pages\/184"}],"collection":[{"href":"http:\/\/bardelconvent.com\/pl\/wp-json\/wp\/v2\/pages"}],"about":[{"href":"http:\/\/bardelconvent.com\/pl\/wp-json\/wp\/v2\/types\/page"}],"author":[{"embeddable":true,"href":"http:\/\/bardelconvent.com\/pl\/wp-json\/wp\/v2\/users\/1"}],"replies":[{"embeddable":true,"href":"http:\/\/bardelconvent.com\/pl\/wp-json\/wp\/v2\/comments?post=184"}],"version-history":[{"count":0,"href":"http:\/\/bardelconvent.com\/pl\/wp-json\/wp\/v2\/pages\/184\/revisions"}],"wp:featuredmedia":[{"embeddable":true,"href":"http:\/\/bardelconvent.com\/pl\/wp-json\/wp\/v2\/media\/158"}],"wp:attachment":[{"href":"http:\/\/bardelconvent.com\/pl\/wp-json\/wp\/v2\/media?parent=184"}],"curies":[{"name":"wp","href":"https:\/\/api.w.org\/{rel}","templated":true}]}}