{"id":199,"date":"2022-07-08T12:19:13","date_gmt":"2022-07-08T11:19:13","guid":{"rendered":"http:\/\/bardelconvent.com\/znaki-dziewczyna-lubi-cie-online\/"},"modified":"2022-07-08T12:19:13","modified_gmt":"2022-07-08T11:19:13","slug":"znaki-dziewczyna-lubi-cie-online","status":"publish","type":"page","link":"http:\/\/bardelconvent.com\/pl\/znaki-dziewczyna-lubi-cie-online\/","title":{"rendered":"Znaki Dziewczyna lubi Ci\u0119 Online?"},"content":{"rendered":"<p>Wysy\u0142anie SMS-\u00f3w do dziewczyn to ciekawe do\u015bwiadczenie. Mo\u017cesz uzyska\u0107 wskaz\u00f3wki na temat tego, co naprawd\u0119 my\u015bl\u0105 o tobie w swoich tekstach. Zwracaj\u0105c szczeg\u00f3ln\u0105 uwag\u0119 na to, co, kiedy i jak pisz\u0105, pomo\u017cesz ci lepiej je zrozumie\u0107.<\/p>\n<p>Je\u015bli nie jeste\u015b pewien, czy jest zainteresowana przyja\u017ani\u0105, sprawd\u017a <a href=\"http:\/\/bardelconvent.com\/pl\/aplikacje-randkowe-online-bezpieczenstwo\/\">inne znaki<\/a>. Na przyk\u0142ad mo\u017ce wysy\u0142a\u0107 ci wiadomo\u015bci, aby powspomina\u0107 wsp\u00f3lny czas. Lub mo\u017ce wyci\u0105ga\u0107 r\u0119k\u0119, poniewa\u017c potrzebuje pomocy w konkretnym zadaniu lub te\u015bcie.<\/p>\n<h2>Najpierw piszesz?<\/h2>\n<p>Je\u015bli napisze do ciebie znik\u0105d, mo\u017ce to oznacza\u0107 wszystko. Mo\u017ce by\u0107 znudzona lub mo\u017ce pr\u00f3bowa\u0107 ci\u0119 lepiej pozna\u0107. Mo\u017cesz by\u0107 jej typem faceta lub mo\u017ce ci\u0119 w og\u00f3le nie lubi\u0107. Tak czy inaczej, nie ma to znaczenia, poniewa\u017c nic nie mo\u017cesz na to poradzi\u0107. To powiedziawszy, je\u015bli najpierw wysy\u0142a ci SMS-a, oznacza to, \u017ce chce z tob\u0105 porozmawia\u0107. Tak wi\u0119c, kiedy wy\u015ble ci wiadomo\u015b\u0107, zwr\u00f3\u0107 uwag\u0119.<\/p>\n<h2>Nie mo\u017cesz przesta\u0107 wysy\u0142a\u0107 SMS-\u00f3w?<\/h2>\n<p>Nie lubi ci\u0119, kiedy spotyka ci\u0119 po raz pierwszy. Ale po pewnym czasie <a href=\"http:\/\/bardelconvent.com\/pl\/darmowe-strony-internetowe-sex-chat\/\">zaczyna ci\u0119 lubi\u0107<\/a>. A je\u015bli nadal b\u0119dzie z tob\u0105 rozmawia\u0107, zacznie czu\u0107 si\u0119 naprawd\u0119 blisko ciebie. Je\u015bli chce z tob\u0105 rozmawia\u0107 za ka\u017cdym razem, gdy si\u0119 spotykasz, prawdopodobnie jest w tobie zakochana.<\/p>\n<h2>Wysy\u0142asz SMS-y przez ca\u0142y dzie\u0144?<\/h2>\n<p>Je\u015bli cz\u0119sto do ciebie pisze, oznacza to, \u017ce ci\u0119 lubi. Mo\u017ce by\u0107 nawet zainteresowana lepszym poznaniem ci\u0119. Chce, aby\u015b pozna\u0142 j\u0105 i to, co reprezentuje, poniewa\u017c wie, \u017ce to docenisz. Kobiety wiedz\u0105, \u017ce rozwijanie relacji jest wa\u017cnym krokiem w kierunku nawi\u0105zania relacji z facetem, kt\u00f3rego lubisz. Nauczy\u0142em si\u0119 tego od guru relacji Kate Spring.<\/p>\n<h2>Czy SMS-y naprawd\u0119 dzia\u0142aj\u0105?<\/h2>\n<p>SMS-y to \u015bwietna forma komunikacji, zw\u0142aszcza gdy pr\u00f3bujesz kogo\u015b pozna\u0107. S\u0105 jednak chwile, kiedy musisz si\u0119 wycofa\u0107 i da\u0107 sobie czas na zastanowienie si\u0119 przed wys\u0142aniem kolejnej wiadomo\u015bci. Je\u015bli mia\u0142e\u015b z kim\u015b z\u0142e do\u015bwiadczenia, najlepiej poczeka\u0107, a\u017c si\u0119 uspokoisz, zanim wyci\u0105gniesz r\u0119k\u0119. Mo\u017cesz tak\u017ce spr\u00f3bowa\u0107 zadzwoni\u0107 do nich zamiast wysy\u0142a\u0107 SMS-y. W ten spos\u00f3b nie b\u0119dziesz czu\u0142 si\u0119 tak, jakby\u015b im przeszkadza\u0142, gdy nadal jeste\u015b zdenerwowany.<\/p>\n","protected":false},"excerpt":{"rendered":"<p>Wysy\u0142anie SMS-\u00f3w do dziewczyn to ciekawe do\u015bwiadczenie. Mo\u017cesz uzyska\u0107 wskaz\u00f3wki na temat tego, co naprawd\u0119 my\u015bl\u0105 o tobie w swoich tekstach. Zwracaj\u0105c szczeg\u00f3ln\u0105 <\/p>\n","protected":false},"author":1,"featured_media":138,"parent":0,"menu_order":0,"comment_status":"closed","ping_status":"closed","template":"","meta":[],"yoast_head":"<!-- This site is optimized with the Yoast SEO plugin v19.2 - https:\/\/yoast.com\/wordpress\/plugins\/seo\/ -->\n<title>- Mi\u0142o\u015b\u0107 do pod\u0142\u0105czania Znaki Dziewczyna lubi Ci\u0119 Online?<\/title>\n<meta name=\"robots\" content=\"index, follow, max-snippet:-1, max-image-preview:large, max-video-preview:-1\" \/>\n<link rel=\"canonical\" href=\"http:\/\/bardelconvent.com\/pl\/znaki-dziewczyna-lubi-cie-online\/\" \/>\n<meta property=\"og:locale\" content=\"pl_PL\" \/>\n<meta property=\"og:type\" content=\"article\" \/>\n<meta property=\"og:title\" content=\"- Mi\u0142o\u015b\u0107 do pod\u0142\u0105czania Znaki Dziewczyna lubi Ci\u0119 Online?\" \/>\n<meta property=\"og:description\" content=\"Wysy\u0142anie SMS-\u00f3w do dziewczyn to ciekawe do\u015bwiadczenie. Mo\u017cesz uzyska\u0107 wskaz\u00f3wki na temat tego, co naprawd\u0119 my\u015bl\u0105 o tobie w swoich tekstach. Zwracaj\u0105c szczeg\u00f3ln\u0105\" \/>\n<meta property=\"og:url\" content=\"http:\/\/bardelconvent.com\/pl\/znaki-dziewczyna-lubi-cie-online\/\" \/>\n<meta property=\"og:site_name\" content=\"Mi\u0142o\u015b\u0107 do pod\u0142\u0105czania\" \/>\n<meta property=\"og:image\" content=\"http:\/\/bardelconvent.com\/wp-content\/uploads\/2022\/07\/real-sex-chat.jpeg\" \/>\n\t<meta property=\"og:image:width\" content=\"2250\" \/>\n\t<meta property=\"og:image:height\" content=\"1500\" \/>\n\t<meta property=\"og:image:type\" content=\"image\/jpeg\" \/>\n<meta name=\"author\" content=\"Dating Expert\" \/>\n<meta name=\"twitter:card\" content=\"summary_large_image\" \/>\n<meta name=\"twitter:label1\" content=\"Szacowany czas czytania\" \/>\n\t<meta name=\"twitter:data1\" content=\"2 minuty\" \/>\n<script type=\"application\/ld+json\" class=\"yoast-schema-graph\">{\"@context\":\"https:\/\/schema.org\",\"@graph\":[{\"@type\":\"WebSite\",\"@id\":\"http:\/\/bardelconvent.com\/de\/#website\",\"url\":\"http:\/\/bardelconvent.com\/de\/\",\"name\":\"Mi\u0142o\u015b\u0107 do pod\u0142\u0105czania\",\"description\":\"Randki i zwi\u0105zki\",\"potentialAction\":[{\"@type\":\"SearchAction\",\"target\":{\"@type\":\"EntryPoint\",\"urlTemplate\":\"http:\/\/bardelconvent.com\/de\/?s={search_term_string}\"},\"query-input\":\"required name=search_term_string\"}],\"inLanguage\":\"pl-PL\"},{\"@type\":\"ImageObject\",\"inLanguage\":\"pl-PL\",\"@id\":\"http:\/\/bardelconvent.com\/pl\/znaki-dziewczyna-lubi-cie-online\/#primaryimage\",\"url\":\"http:\/\/bardelconvent.com\/wp-content\/uploads\/2022\/07\/real-sex-chat.jpeg\",\"contentUrl\":\"http:\/\/bardelconvent.com\/wp-content\/uploads\/2022\/07\/real-sex-chat.jpeg\",\"width\":2250,\"height\":1500},{\"@type\":\"WebPage\",\"@id\":\"http:\/\/bardelconvent.com\/pl\/znaki-dziewczyna-lubi-cie-online\/#webpage\",\"url\":\"http:\/\/bardelconvent.com\/pl\/znaki-dziewczyna-lubi-cie-online\/\",\"name\":\"- Mi\u0142o\u015b\u0107 do pod\u0142\u0105czania Znaki Dziewczyna lubi Ci\u0119 Online?\",\"isPartOf\":{\"@id\":\"http:\/\/bardelconvent.com\/de\/#website\"},\"primaryImageOfPage\":{\"@id\":\"http:\/\/bardelconvent.com\/pl\/znaki-dziewczyna-lubi-cie-online\/#primaryimage\"},\"datePublished\":\"2022-07-08T11:19:13+00:00\",\"dateModified\":\"2022-07-08T11:19:13+00:00\",\"breadcrumb\":{\"@id\":\"http:\/\/bardelconvent.com\/pl\/znaki-dziewczyna-lubi-cie-online\/#breadcrumb\"},\"inLanguage\":\"pl-PL\",\"potentialAction\":[{\"@type\":\"ReadAction\",\"target\":[\"http:\/\/bardelconvent.com\/pl\/znaki-dziewczyna-lubi-cie-online\/\"]}]},{\"@type\":\"BreadcrumbList\",\"@id\":\"http:\/\/bardelconvent.com\/pl\/znaki-dziewczyna-lubi-cie-online\/#breadcrumb\",\"itemListElement\":[{\"@type\":\"ListItem\",\"position\":1,\"name\":\"Dom\",\"item\":\"http:\/\/bardelconvent.com\/pl\/\"},{\"@type\":\"ListItem\",\"position\":2,\"name\":\"Znaki Dziewczyna lubi Ci\u0119 Online?\"}]}]}<\/script>\n<!-- \/ Yoast SEO plugin. -->","yoast_head_json":{"title":"- Mi\u0142o\u015b\u0107 do pod\u0142\u0105czania Znaki Dziewczyna lubi Ci\u0119 Online?","robots":{"index":"index","follow":"follow","max-snippet":"max-snippet:-1","max-image-preview":"max-image-preview:large","max-video-preview":"max-video-preview:-1"},"canonical":"http:\/\/bardelconvent.com\/pl\/znaki-dziewczyna-lubi-cie-online\/","og_locale":"pl_PL","og_type":"article","og_title":"- Mi\u0142o\u015b\u0107 do pod\u0142\u0105czania Znaki Dziewczyna lubi Ci\u0119 Online?","og_description":"Wysy\u0142anie SMS-\u00f3w do dziewczyn to ciekawe do\u015bwiadczenie. Mo\u017cesz uzyska\u0107 wskaz\u00f3wki na temat tego, co naprawd\u0119 my\u015bl\u0105 o tobie w swoich tekstach. Zwracaj\u0105c szczeg\u00f3ln\u0105","og_url":"http:\/\/bardelconvent.com\/pl\/znaki-dziewczyna-lubi-cie-online\/","og_site_name":"Mi\u0142o\u015b\u0107 do pod\u0142\u0105czania","og_image":[{"width":2250,"height":1500,"url":"http:\/\/bardelconvent.com\/wp-content\/uploads\/2022\/07\/real-sex-chat.jpeg","type":"image\/jpeg"}],"author":"Dating Expert","twitter_card":"summary_large_image","twitter_misc":{"Szacowany czas czytania":"2 minuty"},"schema":{"@context":"https:\/\/schema.org","@graph":[{"@type":"WebSite","@id":"http:\/\/bardelconvent.com\/de\/#website","url":"http:\/\/bardelconvent.com\/de\/","name":"Mi\u0142o\u015b\u0107 do pod\u0142\u0105czania","description":"Randki i zwi\u0105zki","potentialAction":[{"@type":"SearchAction","target":{"@type":"EntryPoint","urlTemplate":"http:\/\/bardelconvent.com\/de\/?s={search_term_string}"},"query-input":"required name=search_term_string"}],"inLanguage":"pl-PL"},{"@type":"ImageObject","inLanguage":"pl-PL","@id":"http:\/\/bardelconvent.com\/pl\/znaki-dziewczyna-lubi-cie-online\/#primaryimage","url":"http:\/\/bardelconvent.com\/wp-content\/uploads\/2022\/07\/real-sex-chat.jpeg","contentUrl":"http:\/\/bardelconvent.com\/wp-content\/uploads\/2022\/07\/real-sex-chat.jpeg","width":2250,"height":1500},{"@type":"WebPage","@id":"http:\/\/bardelconvent.com\/pl\/znaki-dziewczyna-lubi-cie-online\/#webpage","url":"http:\/\/bardelconvent.com\/pl\/znaki-dziewczyna-lubi-cie-online\/","name":"- Mi\u0142o\u015b\u0107 do pod\u0142\u0105czania Znaki Dziewczyna lubi Ci\u0119 Online?","isPartOf":{"@id":"http:\/\/bardelconvent.com\/de\/#website"},"primaryImageOfPage":{"@id":"http:\/\/bardelconvent.com\/pl\/znaki-dziewczyna-lubi-cie-online\/#primaryimage"},"datePublished":"2022-07-08T11:19:13+00:00","dateModified":"2022-07-08T11:19:13+00:00","breadcrumb":{"@id":"http:\/\/bardelconvent.com\/pl\/znaki-dziewczyna-lubi-cie-online\/#breadcrumb"},"inLanguage":"pl-PL","potentialAction":[{"@type":"ReadAction","target":["http:\/\/bardelconvent.com\/pl\/znaki-dziewczyna-lubi-cie-online\/"]}]},{"@type":"BreadcrumbList","@id":"http:\/\/bardelconvent.com\/pl\/znaki-dziewczyna-lubi-cie-online\/#breadcrumb","itemListElement":[{"@type":"ListItem","position":1,"name":"Dom","item":"http:\/\/bardelconvent.com\/pl\/"},{"@type":"ListItem","position":2,"name":"Znaki Dziewczyna lubi Ci\u0119 Online?"}]}]}},"_links":{"self":[{"href":"http:\/\/bardelconvent.com\/pl\/wp-json\/wp\/v2\/pages\/199"}],"collection":[{"href":"http:\/\/bardelconvent.com\/pl\/wp-json\/wp\/v2\/pages"}],"about":[{"href":"http:\/\/bardelconvent.com\/pl\/wp-json\/wp\/v2\/types\/page"}],"author":[{"embeddable":true,"href":"http:\/\/bardelconvent.com\/pl\/wp-json\/wp\/v2\/users\/1"}],"replies":[{"embeddable":true,"href":"http:\/\/bardelconvent.com\/pl\/wp-json\/wp\/v2\/comments?post=199"}],"version-history":[{"count":0,"href":"http:\/\/bardelconvent.com\/pl\/wp-json\/wp\/v2\/pages\/199\/revisions"}],"wp:featuredmedia":[{"embeddable":true,"href":"http:\/\/bardelconvent.com\/pl\/wp-json\/wp\/v2\/media\/138"}],"wp:attachment":[{"href":"http:\/\/bardelconvent.com\/pl\/wp-json\/wp\/v2\/media?parent=199"}],"curies":[{"name":"wp","href":"https:\/\/api.w.org\/{rel}","templated":true}]}}