{"id":203,"date":"2022-07-08T12:21:20","date_gmt":"2022-07-08T11:21:20","guid":{"rendered":"http:\/\/bardelconvent.com\/niezawodne-aplikacje-do-podlaczania-do-znajdowania-seksu\/"},"modified":"2022-07-08T12:21:20","modified_gmt":"2022-07-08T11:21:20","slug":"niezawodne-aplikacje-do-podlaczania-do-znajdowania-seksu","status":"publish","type":"page","link":"http:\/\/bardelconvent.com\/pl\/niezawodne-aplikacje-do-podlaczania-do-znajdowania-seksu\/","title":{"rendered":"Niezawodne aplikacje do pod\u0142\u0105czania do znajdowania seksu"},"content":{"rendered":"<p>Randki online sta\u0142y si\u0119 tak powszechne, \u017ce wydaj\u0105 si\u0119 prawie codzienno\u015bci\u0105. Niezale\u017cnie od tego, czy szukasz mi\u0142o\u015bci, czy po prostu kogo\u015b, z kim mo\u017cesz porozmawia\u0107 online, dost\u0119pnych jest wiele opcji. Mo\u017cesz poznawa\u0107 ludzi za po\u015brednictwem medi\u00f3w spo\u0142eczno\u015bciowych, aplikacji, stron internetowych, a nawet lokalnych wydarze\u0144. Je\u015bli jeste\u015b zainteresowany spotkaniem z kim\u015b wyj\u0105tkowym, oto kilka wskaz\u00f3wek, kt\u00f3re pomog\u0105 Ci zacz\u0105\u0107.<\/p>\n<p>Zw\u0142aszcza od czasu pojawienia si\u0119 Tindera i innych podobnych aplikacji! Korzystanie z takiej aplikacji ma wiele zalet, w tym wygod\u0119 i prywatno\u015b\u0107. Istnieje jednak r\u00f3wnie\u017c ryzyko zwi\u0105zane z randkami online. Mo\u017cesz spotka\u0107 kogo\u015b, kto nie jest prawdziwy lub kto pr\u00f3buje oszuka\u0107 ci\u0119 z pieni\u0119dzy. Mo\u017cesz nawet by\u0107 <a href=\"http:\/\/bardelconvent.com\/pl\/aplikacje-randkowe-online-bezpieczenstwo\/\">fizycznie zagro\u017cony podczas osobistego spotkania<\/a>. Je\u015bli szukasz mi\u0142o\u015bci, spr\u00f3buj czego\u015b innego!<\/p>\n<h2>Bezpiecze\u0144stwo przede wszystkim<\/h2>\n<p>Zanim spotkasz kogo\u015b w prawdziwym \u017cyciu, spr\u00f3buj porozmawia\u0107 z nim online. Czat online pozwala od razu sprawdzi\u0107, czy si\u0119 lubicie. Mo\u017cesz tak\u017ce zadawa\u0107 pytania o to, co lubi\u0105, a czego nie, oraz czy chc\u0105 spotka\u0107 si\u0119 osobi\u015bcie. Je\u015bli wydaj\u0105 si\u0119 waha\u0107, czy z tob\u0105 porozmawia\u0107, mo\u017ce to by\u0107 czerwona flaga. Nie podawaj danych osobowych, dop\u00f3ki nie spotkasz si\u0119 twarz\u0105 w twarz. Zanim zgodzisz si\u0119 gdzie\u015b spotka\u0107, powiedz znajomemu, dok\u0105d zmierzasz.<\/p>\n<p>Zr\u00f3b zrzut ekranu ich profilu i wy\u015blij go znajomym. Wysy\u0142anie SMS-\u00f3w do znajomych podczas randki mo\u017ce nie by\u0107 komfortowe, ale pozwoli Ci informowa\u0107 znajomego. Je\u015bli kontynuujesz randki powy\u017cej oczekiwanego punktu, napisz do znajomego, aby powiedzie\u0107 mu, dok\u0105d zmierzasz.<\/p>\n<h2>Unikaj oszustw<\/h2>\n<p>To nie twoja wina, je\u015bli kto\u015b pr\u00f3buje ci\u0119 oszuka\u0107 w Internecie. <a href=\"http:\/\/bardelconvent.com\/pl\/znaki-dziewczyna-lubi-cie-online\/\">Nie powiniene\u015b p\u0142aci\u0107 pieni\u0119dzy, aby od nich uciec<\/a>. Ale s\u0105 sposoby, aby chroni\u0107 si\u0119 podczas korzystania z aplikacji takiej jak Tinder. Poni\u017cej przygotowali\u015bmy list\u0119 wskaz\u00f3wek dotycz\u0105cych bezpiecze\u0144stwa wraz z tabel\u0105 por\u00f3wnuj\u0105c\u0105 funkcje bezpiecze\u0144stwa i ochrony dost\u0119pne w niekt\u00f3rych najpopularniejszych aplikacjach 2019 roku. Sprawd\u017a, czy kt\u00f3rakolwiek z tych opcji pomo\u017ce Ci zachowa\u0107 bezpiecze\u0144stwo podczas korzystania z Tindera.<\/p>\n<h2>Fa\u0142szywe profile<\/h2>\n<p>Fa\u0142szywe profile, boty i inni oszu\u015bci obfituj\u0105 w Internecie. Nawet je\u015bli nie szukasz mi\u0142o\u015bci, istnieje wiele powod\u00f3w, dla kt\u00f3rych mo\u017cesz chcie\u0107 trzyma\u0107 si\u0119 od nich z daleka. Fa\u0142szywe konta mog\u0105 pocz\u0105tkowo wydawa\u0107 si\u0119 nieszkodliwe, ale mog\u0105 wyrz\u0105dzi\u0107 szkod\u0119. Je\u015bli kto\u015b spr\u00f3buje Ci\u0119 oszuka\u0107, zg\u0142o\u015b to natychmiast. Rozwa\u017c tak\u017ce skorzystanie z aplikacji randkowej, kt\u00f3ra weryfikuje to\u017csamo\u015b\u0107 u\u017cytkownik\u00f3w, zanim pozwoli im po\u0142\u0105czy\u0107 si\u0119 z innymi. Mo\u017cesz r\u00f3wnie\u017c zapozna\u0107 si\u0119 z poni\u017cszymi wskaz\u00f3wkami, aby dowiedzie\u0107 si\u0119, jak chroni\u0107 si\u0119 podczas spotka\u0144 z lud\u017ami online.<\/p>\n<h2>Czatuj ze swoj\u0105 dat\u0105 przed spotkaniem<\/h2>\n<p>Wa\u017cne jest, aby porozmawia\u0107 z potencjaln\u0105 dat\u0105 przed spotkaniem. Je\u015bli nie jeste\u015b pewien, czy on lub ona jest dla ciebie odpowiednia, musisz sprawdzi\u0107, czy jest w nim co\u015b, co nie pasuje do ciebie. Powiniene\u015b tak\u017ce zada\u0107 sobie pytanie, czy ufasz mu na tyle, aby powiedzie\u0107 mu co\u015b, co mo\u017ce go zniech\u0119ci\u0107. Gdy spotkasz si\u0119 twarz\u0105 w twarz, b\u0119dziesz m\u00f3g\u0142 oceni\u0107 swoje osobowo\u015bci i zdecydowa\u0107, czy si\u0119 lubicie. Na pocz\u0105tku nie dziel si\u0119 jednak zbyt wieloma szczeg\u00f3\u0142ami na sw\u00f3j temat. Nie chcesz zdradza\u0107 \u017cadnych informacji o sobie, kt\u00f3re mog\u0142yby sprawi\u0107, \u017ce wydasz si\u0119 nieprofesjonalny lub niewiarygodny.<\/p>\n","protected":false},"excerpt":{"rendered":"<p>Randki online sta\u0142y si\u0119 tak powszechne, \u017ce wydaj\u0105 si\u0119 prawie codzienno\u015bci\u0105. Niezale\u017cnie od tego, czy szukasz mi\u0142o\u015bci, czy po prostu kogo\u015b, z kim <\/p>\n","protected":false},"author":1,"featured_media":0,"parent":0,"menu_order":0,"comment_status":"closed","ping_status":"closed","template":"","meta":[],"yoast_head":"<!-- This site is optimized with the Yoast SEO plugin v19.2 - https:\/\/yoast.com\/wordpress\/plugins\/seo\/ -->\n<title>- Mi\u0142o\u015b\u0107 do pod\u0142\u0105czania Niezawodne aplikacje do pod\u0142\u0105czania do znajdowania seksu<\/title>\n<meta name=\"robots\" content=\"index, follow, max-snippet:-1, max-image-preview:large, max-video-preview:-1\" \/>\n<link rel=\"canonical\" href=\"http:\/\/bardelconvent.com\/pl\/niezawodne-aplikacje-do-podlaczania-do-znajdowania-seksu\/\" \/>\n<meta property=\"og:locale\" content=\"pl_PL\" \/>\n<meta property=\"og:type\" content=\"article\" \/>\n<meta property=\"og:title\" content=\"- Mi\u0142o\u015b\u0107 do pod\u0142\u0105czania Niezawodne aplikacje do pod\u0142\u0105czania do znajdowania seksu\" \/>\n<meta property=\"og:description\" content=\"Randki online sta\u0142y si\u0119 tak powszechne, \u017ce wydaj\u0105 si\u0119 prawie codzienno\u015bci\u0105. Niezale\u017cnie od tego, czy szukasz mi\u0142o\u015bci, czy po prostu kogo\u015b, z kim\" \/>\n<meta property=\"og:url\" content=\"http:\/\/bardelconvent.com\/pl\/niezawodne-aplikacje-do-podlaczania-do-znajdowania-seksu\/\" \/>\n<meta property=\"og:site_name\" content=\"Mi\u0142o\u015b\u0107 do pod\u0142\u0105czania\" \/>\n<meta name=\"author\" content=\"Dating Expert\" \/>\n<meta name=\"twitter:card\" content=\"summary_large_image\" \/>\n<meta name=\"twitter:label1\" content=\"Szacowany czas czytania\" \/>\n\t<meta name=\"twitter:data1\" content=\"3 minuty\" \/>\n<script type=\"application\/ld+json\" class=\"yoast-schema-graph\">{\"@context\":\"https:\/\/schema.org\",\"@graph\":[{\"@type\":\"WebSite\",\"@id\":\"http:\/\/bardelconvent.com\/de\/#website\",\"url\":\"http:\/\/bardelconvent.com\/de\/\",\"name\":\"Mi\u0142o\u015b\u0107 do pod\u0142\u0105czania\",\"description\":\"Randki i zwi\u0105zki\",\"potentialAction\":[{\"@type\":\"SearchAction\",\"target\":{\"@type\":\"EntryPoint\",\"urlTemplate\":\"http:\/\/bardelconvent.com\/de\/?s={search_term_string}\"},\"query-input\":\"required name=search_term_string\"}],\"inLanguage\":\"pl-PL\"},{\"@type\":\"WebPage\",\"@id\":\"http:\/\/bardelconvent.com\/pl\/niezawodne-aplikacje-do-podlaczania-do-znajdowania-seksu\/#webpage\",\"url\":\"http:\/\/bardelconvent.com\/pl\/niezawodne-aplikacje-do-podlaczania-do-znajdowania-seksu\/\",\"name\":\"- Mi\u0142o\u015b\u0107 do pod\u0142\u0105czania Niezawodne aplikacje do pod\u0142\u0105czania do znajdowania seksu\",\"isPartOf\":{\"@id\":\"http:\/\/bardelconvent.com\/de\/#website\"},\"datePublished\":\"2022-07-08T11:21:20+00:00\",\"dateModified\":\"2022-07-08T11:21:20+00:00\",\"breadcrumb\":{\"@id\":\"http:\/\/bardelconvent.com\/pl\/niezawodne-aplikacje-do-podlaczania-do-znajdowania-seksu\/#breadcrumb\"},\"inLanguage\":\"pl-PL\",\"potentialAction\":[{\"@type\":\"ReadAction\",\"target\":[\"http:\/\/bardelconvent.com\/pl\/niezawodne-aplikacje-do-podlaczania-do-znajdowania-seksu\/\"]}]},{\"@type\":\"BreadcrumbList\",\"@id\":\"http:\/\/bardelconvent.com\/pl\/niezawodne-aplikacje-do-podlaczania-do-znajdowania-seksu\/#breadcrumb\",\"itemListElement\":[{\"@type\":\"ListItem\",\"position\":1,\"name\":\"Dom\",\"item\":\"http:\/\/bardelconvent.com\/pl\/\"},{\"@type\":\"ListItem\",\"position\":2,\"name\":\"Niezawodne aplikacje do pod\u0142\u0105czania do znajdowania seksu\"}]}]}<\/script>\n<!-- \/ Yoast SEO plugin. -->","yoast_head_json":{"title":"- Mi\u0142o\u015b\u0107 do pod\u0142\u0105czania Niezawodne aplikacje do pod\u0142\u0105czania do znajdowania seksu","robots":{"index":"index","follow":"follow","max-snippet":"max-snippet:-1","max-image-preview":"max-image-preview:large","max-video-preview":"max-video-preview:-1"},"canonical":"http:\/\/bardelconvent.com\/pl\/niezawodne-aplikacje-do-podlaczania-do-znajdowania-seksu\/","og_locale":"pl_PL","og_type":"article","og_title":"- Mi\u0142o\u015b\u0107 do pod\u0142\u0105czania Niezawodne aplikacje do pod\u0142\u0105czania do znajdowania seksu","og_description":"Randki online sta\u0142y si\u0119 tak powszechne, \u017ce wydaj\u0105 si\u0119 prawie codzienno\u015bci\u0105. Niezale\u017cnie od tego, czy szukasz mi\u0142o\u015bci, czy po prostu kogo\u015b, z kim","og_url":"http:\/\/bardelconvent.com\/pl\/niezawodne-aplikacje-do-podlaczania-do-znajdowania-seksu\/","og_site_name":"Mi\u0142o\u015b\u0107 do pod\u0142\u0105czania","author":"Dating Expert","twitter_card":"summary_large_image","twitter_misc":{"Szacowany czas czytania":"3 minuty"},"schema":{"@context":"https:\/\/schema.org","@graph":[{"@type":"WebSite","@id":"http:\/\/bardelconvent.com\/de\/#website","url":"http:\/\/bardelconvent.com\/de\/","name":"Mi\u0142o\u015b\u0107 do pod\u0142\u0105czania","description":"Randki i zwi\u0105zki","potentialAction":[{"@type":"SearchAction","target":{"@type":"EntryPoint","urlTemplate":"http:\/\/bardelconvent.com\/de\/?s={search_term_string}"},"query-input":"required name=search_term_string"}],"inLanguage":"pl-PL"},{"@type":"WebPage","@id":"http:\/\/bardelconvent.com\/pl\/niezawodne-aplikacje-do-podlaczania-do-znajdowania-seksu\/#webpage","url":"http:\/\/bardelconvent.com\/pl\/niezawodne-aplikacje-do-podlaczania-do-znajdowania-seksu\/","name":"- Mi\u0142o\u015b\u0107 do pod\u0142\u0105czania Niezawodne aplikacje do pod\u0142\u0105czania do znajdowania seksu","isPartOf":{"@id":"http:\/\/bardelconvent.com\/de\/#website"},"datePublished":"2022-07-08T11:21:20+00:00","dateModified":"2022-07-08T11:21:20+00:00","breadcrumb":{"@id":"http:\/\/bardelconvent.com\/pl\/niezawodne-aplikacje-do-podlaczania-do-znajdowania-seksu\/#breadcrumb"},"inLanguage":"pl-PL","potentialAction":[{"@type":"ReadAction","target":["http:\/\/bardelconvent.com\/pl\/niezawodne-aplikacje-do-podlaczania-do-znajdowania-seksu\/"]}]},{"@type":"BreadcrumbList","@id":"http:\/\/bardelconvent.com\/pl\/niezawodne-aplikacje-do-podlaczania-do-znajdowania-seksu\/#breadcrumb","itemListElement":[{"@type":"ListItem","position":1,"name":"Dom","item":"http:\/\/bardelconvent.com\/pl\/"},{"@type":"ListItem","position":2,"name":"Niezawodne aplikacje do pod\u0142\u0105czania do znajdowania seksu"}]}]}},"_links":{"self":[{"href":"http:\/\/bardelconvent.com\/pl\/wp-json\/wp\/v2\/pages\/203"}],"collection":[{"href":"http:\/\/bardelconvent.com\/pl\/wp-json\/wp\/v2\/pages"}],"about":[{"href":"http:\/\/bardelconvent.com\/pl\/wp-json\/wp\/v2\/types\/page"}],"author":[{"embeddable":true,"href":"http:\/\/bardelconvent.com\/pl\/wp-json\/wp\/v2\/users\/1"}],"replies":[{"embeddable":true,"href":"http:\/\/bardelconvent.com\/pl\/wp-json\/wp\/v2\/comments?post=203"}],"version-history":[{"count":0,"href":"http:\/\/bardelconvent.com\/pl\/wp-json\/wp\/v2\/pages\/203\/revisions"}],"wp:attachment":[{"href":"http:\/\/bardelconvent.com\/pl\/wp-json\/wp\/v2\/media?parent=203"}],"curies":[{"name":"wp","href":"https:\/\/api.w.org\/{rel}","templated":true}]}}