{"id":205,"date":"2022-07-08T12:08:53","date_gmt":"2022-07-08T11:08:53","guid":{"rendered":"http:\/\/bardelconvent.com\/aplikacje-randkowe-online-bezpieczenstwo\/"},"modified":"2022-07-08T12:08:53","modified_gmt":"2022-07-08T11:08:53","slug":"aplikacje-randkowe-online-bezpieczenstwo","status":"publish","type":"page","link":"http:\/\/bardelconvent.com\/pl\/aplikacje-randkowe-online-bezpieczenstwo\/","title":{"rendered":"Aplikacje randkowe online Bezpiecze\u0144stwo"},"content":{"rendered":"<p>Randki online to coraz popularniejsza aktywno\u015b\u0107 w\u015br\u00f3d singli. Jednak obawy dotycz\u0105ce bezpiecze\u0144stwa cz\u0119sto pojawiaj\u0105 si\u0119 podczas spotkania z kim\u015b za po\u015brednictwem strony internetowej. Chocia\u017c istnieje kilka sposob\u00f3w ochrony siebie, nie zawsze jest mo\u017cliwe zapobieganie ka\u017cdemu potencjalnemu ryzyku.<\/p>\n<h2>Nasz przewodnik<\/h2>\n<p>Oto kilka sposob\u00f3w, w jakie mo\u017cesz si\u0119 chroni\u0107 podczas korzystania z aplikacji lub us\u0142ugi randkowej online. Te wskaz\u00f3wki nie s\u0105 gwarancj\u0105, ale mog\u0105 pom\u00f3c Ci poczu\u0107 si\u0119 bezpieczniej.<\/p>\n<p>Najlepiej nie udost\u0119pnia\u0107 danych osobowych na swoim <a href=\"http:\/\/bardelconvent.com\/pl\/dlaczego-aplikacje-randkowe-online-moga-dzialac-dla-ciebie\/\">profilu randkowym<\/a>. Powiniene\u015b unika\u0107 udost\u0119pniania swojego pe\u0142nego imienia i nazwiska oraz numeru telefonu, a tak\u017ce wszelkich innych informacji, kt\u00f3re mog\u0142yby Ci\u0119 zidentyfikowa\u0107. M\u0105drze jest r\u00f3wnie\u017c oddzieli\u0107 swoj\u0105 obecno\u015b\u0107 w Internecie od prawdziwego \u017cycia. Je\u015bli spotkasz kogo\u015b w barze lub na imprezie, staraj si\u0119 trzyma\u0107 z dala od swoich kont w mediach spo\u0142eczno\u015bciowych, dop\u00f3ki nie b\u0119dziesz pewien, \u017ce lubisz si\u0119 na tyle, aby porozmawia\u0107 przez telefon. Nie podawaj adresu ani danych karty kredytowej przed osobistym spotkaniem. I zawsze pytaj o referencje podczas rozmowy z potencjalnymi datami.<\/p>\n<h2>Podczas rozmowy z nieznajomymi<\/h2>\n<p>Je\u015bli szukasz mi\u0142o\u015bci w mediach spo\u0142eczno\u015bciowych, najpierw sprawd\u017a profile swojej potencjalnej daty. Je\u015bli znasz ich imiona lub uchwyty w mediach spo\u0142eczno\u015bciowych, poszukaj ich. Sp\u00f3jrz na ich zdj\u0119cia i sprawd\u017a, czy je rozpoznajesz. Sprawd\u017a, czy maj\u0105 wsp\u00f3lnych znajomych w mediach spo\u0142eczno\u015bciowych. Je\u015bli wygl\u0105daj\u0105 jak sum, zablokuj je i zg\u0142o\u015b. Mo\u017cesz tak\u017ce blokowa\u0107 i zg\u0142asza\u0107 innych u\u017cytkownik\u00f3w, je\u015bli uwa\u017casz, \u017ce ich profile s\u0105 podejrzane lub je\u015bli zachowywali si\u0119 wobec Ciebie niew\u0142a\u015bciwie. Zawsze ufaj swojemu instynktowi podczas kontakt\u00f3w z innymi. Je\u015bli czujesz, \u017ce kto\u015b nie jest z tob\u0105 szczery, po prostu odejd\u017a.<\/p>\n<p>Istnieje kilka czerwonych flag, kt\u00f3re powinny <a href=\"http:\/\/bardelconvent.com\/pl\/darmowe-strony-internetowe-sex-chat\/\">wzbudzi\u0107 obawy<\/a> o kogo\u015b, z kim komunikujesz si\u0119 online. Je\u015bli czujesz si\u0119 zmuszony do podania danych osobowych, takich jak numer telefonu kom\u00f3rkowego, lub je\u015bli otrzymasz zbyt romantyczn\u0105 wiadomo\u015b\u0107 na wczesnym etapie zwi\u0105zku, mo\u017cesz rozwa\u017cy\u0107 zg\u0142oszenie u\u017cytkownika.<\/p>\n<p>Nie udost\u0119pniaj swoich danych osobowych nieznajomym. Nigdy nie nale\u017cy podawa\u0107 \u017cadnych danych osobowych podczas komunikowania si\u0119 z inn\u0105 osob\u0105 za po\u015brednictwem strony internetowej lub aplikacji. Twoje dane osobowe obejmuj\u0105 wszystko, co mo\u017ce Ci\u0119 zidentyfikowa\u0107, takie jak imi\u0119 i nazwisko, numery telefon\u00f3w, adresy, daty urodzenia, numery prawa jazdy, numery kont, has\u0142a i numery ubezpieczenia spo\u0142ecznego.<\/p>\n<h2>Spotkaj si\u0119 publicznie<\/h2>\n<p>Spotkaj si\u0119 w bezpiecznym i publicznym miejscu. Je\u015bli szukasz czego\u015b swobodnego, wybierz lokalizacj\u0119 publiczn\u0105, tak\u0105 jak kawiarnia, restauracja lub bar. Zobaczycie si\u0119 przed podj\u0119ciem decyzji, czy wyj\u015b\u0107 ponownie. Je\u015bli wolisz bardziej prywatne otoczenie, rozwa\u017c udanie si\u0119 do domu przyjaciela lub innego domu lub mieszkania innego wsp\u00f3lnego znajomego. Je\u015bli denerwujesz si\u0119 spotkaniem z kim\u015b osobi\u015bcie po raz pierwszy, spr\u00f3buj skorzysta\u0107 z internetowego serwisu randkowego, aby pom\u00f3c Ci zapozna\u0107 si\u0119 z potencjalnymi partnerami. Mo\u017cesz tak\u017ce poprosi\u0107 znajomych o rekomendacje miejsc do spotkania.<\/p>\n<p>Wybierz lokalizacj\u0119, kt\u00f3ra jest wygodna i bezpieczna. Baw si\u0119 dobrze! Je\u015bli chcesz uda\u0107 si\u0119 w prywatne miejsce, istnieje wiele aplikacji, kt\u00f3re pozwalaj\u0105 spotka\u0107 si\u0119 prywatnie.<\/p>\n","protected":false},"excerpt":{"rendered":"<p>Randki online to coraz popularniejsza aktywno\u015b\u0107 w\u015br\u00f3d singli. Jednak obawy dotycz\u0105ce bezpiecze\u0144stwa cz\u0119sto pojawiaj\u0105 si\u0119 podczas spotkania z kim\u015b za po\u015brednictwem strony internetowej. <\/p>\n","protected":false},"author":1,"featured_media":128,"parent":0,"menu_order":0,"comment_status":"closed","ping_status":"closed","template":"","meta":[],"yoast_head":"<!-- This site is optimized with the Yoast SEO plugin v19.2 - https:\/\/yoast.com\/wordpress\/plugins\/seo\/ -->\n<title>- Mi\u0142o\u015b\u0107 do pod\u0142\u0105czania Aplikacje randkowe online Bezpiecze\u0144stwo<\/title>\n<meta name=\"robots\" content=\"index, follow, max-snippet:-1, max-image-preview:large, max-video-preview:-1\" \/>\n<link rel=\"canonical\" href=\"http:\/\/bardelconvent.com\/pl\/aplikacje-randkowe-online-bezpieczenstwo\/\" \/>\n<meta property=\"og:locale\" content=\"pl_PL\" \/>\n<meta property=\"og:type\" content=\"article\" \/>\n<meta property=\"og:title\" content=\"- Mi\u0142o\u015b\u0107 do pod\u0142\u0105czania Aplikacje randkowe online Bezpiecze\u0144stwo\" \/>\n<meta property=\"og:description\" content=\"Randki online to coraz popularniejsza aktywno\u015b\u0107 w\u015br\u00f3d singli. Jednak obawy dotycz\u0105ce bezpiecze\u0144stwa cz\u0119sto pojawiaj\u0105 si\u0119 podczas spotkania z kim\u015b za po\u015brednictwem strony internetowej.\" \/>\n<meta property=\"og:url\" content=\"http:\/\/bardelconvent.com\/pl\/aplikacje-randkowe-online-bezpieczenstwo\/\" \/>\n<meta property=\"og:site_name\" content=\"Mi\u0142o\u015b\u0107 do pod\u0142\u0105czania\" \/>\n<meta property=\"og:image\" content=\"https:\/\/bardelconvent.com\/wp-content\/uploads\/2022\/07\/dating-scams.jpeg\" \/>\n\t<meta property=\"og:image:width\" content=\"2250\" \/>\n\t<meta property=\"og:image:height\" content=\"1500\" \/>\n\t<meta property=\"og:image:type\" content=\"image\/jpeg\" \/>\n<meta name=\"author\" content=\"Dating Expert\" \/>\n<meta name=\"twitter:card\" content=\"summary_large_image\" \/>\n<meta name=\"twitter:label1\" content=\"Szacowany czas czytania\" \/>\n\t<meta name=\"twitter:data1\" content=\"3 minuty\" \/>\n<script type=\"application\/ld+json\" class=\"yoast-schema-graph\">{\"@context\":\"https:\/\/schema.org\",\"@graph\":[{\"@type\":\"WebSite\",\"@id\":\"http:\/\/bardelconvent.com\/de\/#website\",\"url\":\"http:\/\/bardelconvent.com\/de\/\",\"name\":\"Mi\u0142o\u015b\u0107 do pod\u0142\u0105czania\",\"description\":\"Randki i zwi\u0105zki\",\"potentialAction\":[{\"@type\":\"SearchAction\",\"target\":{\"@type\":\"EntryPoint\",\"urlTemplate\":\"http:\/\/bardelconvent.com\/de\/?s={search_term_string}\"},\"query-input\":\"required name=search_term_string\"}],\"inLanguage\":\"pl-PL\"},{\"@type\":\"ImageObject\",\"inLanguage\":\"pl-PL\",\"@id\":\"http:\/\/bardelconvent.com\/pl\/aplikacje-randkowe-online-bezpieczenstwo\/#primaryimage\",\"url\":\"http:\/\/bardelconvent.com\/wp-content\/uploads\/2022\/07\/dating-scams.jpeg\",\"contentUrl\":\"http:\/\/bardelconvent.com\/wp-content\/uploads\/2022\/07\/dating-scams.jpeg\",\"width\":2250,\"height\":1500},{\"@type\":\"WebPage\",\"@id\":\"http:\/\/bardelconvent.com\/pl\/aplikacje-randkowe-online-bezpieczenstwo\/#webpage\",\"url\":\"http:\/\/bardelconvent.com\/pl\/aplikacje-randkowe-online-bezpieczenstwo\/\",\"name\":\"- Mi\u0142o\u015b\u0107 do pod\u0142\u0105czania Aplikacje randkowe online Bezpiecze\u0144stwo\",\"isPartOf\":{\"@id\":\"http:\/\/bardelconvent.com\/de\/#website\"},\"primaryImageOfPage\":{\"@id\":\"http:\/\/bardelconvent.com\/pl\/aplikacje-randkowe-online-bezpieczenstwo\/#primaryimage\"},\"datePublished\":\"2022-07-08T11:08:53+00:00\",\"dateModified\":\"2022-07-08T11:08:53+00:00\",\"breadcrumb\":{\"@id\":\"http:\/\/bardelconvent.com\/pl\/aplikacje-randkowe-online-bezpieczenstwo\/#breadcrumb\"},\"inLanguage\":\"pl-PL\",\"potentialAction\":[{\"@type\":\"ReadAction\",\"target\":[\"http:\/\/bardelconvent.com\/pl\/aplikacje-randkowe-online-bezpieczenstwo\/\"]}]},{\"@type\":\"BreadcrumbList\",\"@id\":\"http:\/\/bardelconvent.com\/pl\/aplikacje-randkowe-online-bezpieczenstwo\/#breadcrumb\",\"itemListElement\":[{\"@type\":\"ListItem\",\"position\":1,\"name\":\"Dom\",\"item\":\"http:\/\/bardelconvent.com\/pl\/\"},{\"@type\":\"ListItem\",\"position\":2,\"name\":\"Aplikacje randkowe online Bezpiecze\u0144stwo\"}]}]}<\/script>\n<!-- \/ Yoast SEO plugin. -->","yoast_head_json":{"title":"- Mi\u0142o\u015b\u0107 do pod\u0142\u0105czania Aplikacje randkowe online Bezpiecze\u0144stwo","robots":{"index":"index","follow":"follow","max-snippet":"max-snippet:-1","max-image-preview":"max-image-preview:large","max-video-preview":"max-video-preview:-1"},"canonical":"http:\/\/bardelconvent.com\/pl\/aplikacje-randkowe-online-bezpieczenstwo\/","og_locale":"pl_PL","og_type":"article","og_title":"- Mi\u0142o\u015b\u0107 do pod\u0142\u0105czania Aplikacje randkowe online Bezpiecze\u0144stwo","og_description":"Randki online to coraz popularniejsza aktywno\u015b\u0107 w\u015br\u00f3d singli. Jednak obawy dotycz\u0105ce bezpiecze\u0144stwa cz\u0119sto pojawiaj\u0105 si\u0119 podczas spotkania z kim\u015b za po\u015brednictwem strony internetowej.","og_url":"http:\/\/bardelconvent.com\/pl\/aplikacje-randkowe-online-bezpieczenstwo\/","og_site_name":"Mi\u0142o\u015b\u0107 do pod\u0142\u0105czania","og_image":[{"width":2250,"height":1500,"url":"https:\/\/bardelconvent.com\/wp-content\/uploads\/2022\/07\/dating-scams.jpeg","type":"image\/jpeg"}],"author":"Dating Expert","twitter_card":"summary_large_image","twitter_misc":{"Szacowany czas czytania":"3 minuty"},"schema":{"@context":"https:\/\/schema.org","@graph":[{"@type":"WebSite","@id":"http:\/\/bardelconvent.com\/de\/#website","url":"http:\/\/bardelconvent.com\/de\/","name":"Mi\u0142o\u015b\u0107 do pod\u0142\u0105czania","description":"Randki i zwi\u0105zki","potentialAction":[{"@type":"SearchAction","target":{"@type":"EntryPoint","urlTemplate":"http:\/\/bardelconvent.com\/de\/?s={search_term_string}"},"query-input":"required name=search_term_string"}],"inLanguage":"pl-PL"},{"@type":"ImageObject","inLanguage":"pl-PL","@id":"http:\/\/bardelconvent.com\/pl\/aplikacje-randkowe-online-bezpieczenstwo\/#primaryimage","url":"http:\/\/bardelconvent.com\/wp-content\/uploads\/2022\/07\/dating-scams.jpeg","contentUrl":"http:\/\/bardelconvent.com\/wp-content\/uploads\/2022\/07\/dating-scams.jpeg","width":2250,"height":1500},{"@type":"WebPage","@id":"http:\/\/bardelconvent.com\/pl\/aplikacje-randkowe-online-bezpieczenstwo\/#webpage","url":"http:\/\/bardelconvent.com\/pl\/aplikacje-randkowe-online-bezpieczenstwo\/","name":"- Mi\u0142o\u015b\u0107 do pod\u0142\u0105czania Aplikacje randkowe online Bezpiecze\u0144stwo","isPartOf":{"@id":"http:\/\/bardelconvent.com\/de\/#website"},"primaryImageOfPage":{"@id":"http:\/\/bardelconvent.com\/pl\/aplikacje-randkowe-online-bezpieczenstwo\/#primaryimage"},"datePublished":"2022-07-08T11:08:53+00:00","dateModified":"2022-07-08T11:08:53+00:00","breadcrumb":{"@id":"http:\/\/bardelconvent.com\/pl\/aplikacje-randkowe-online-bezpieczenstwo\/#breadcrumb"},"inLanguage":"pl-PL","potentialAction":[{"@type":"ReadAction","target":["http:\/\/bardelconvent.com\/pl\/aplikacje-randkowe-online-bezpieczenstwo\/"]}]},{"@type":"BreadcrumbList","@id":"http:\/\/bardelconvent.com\/pl\/aplikacje-randkowe-online-bezpieczenstwo\/#breadcrumb","itemListElement":[{"@type":"ListItem","position":1,"name":"Dom","item":"http:\/\/bardelconvent.com\/pl\/"},{"@type":"ListItem","position":2,"name":"Aplikacje randkowe online Bezpiecze\u0144stwo"}]}]}},"_links":{"self":[{"href":"http:\/\/bardelconvent.com\/pl\/wp-json\/wp\/v2\/pages\/205"}],"collection":[{"href":"http:\/\/bardelconvent.com\/pl\/wp-json\/wp\/v2\/pages"}],"about":[{"href":"http:\/\/bardelconvent.com\/pl\/wp-json\/wp\/v2\/types\/page"}],"author":[{"embeddable":true,"href":"http:\/\/bardelconvent.com\/pl\/wp-json\/wp\/v2\/users\/1"}],"replies":[{"embeddable":true,"href":"http:\/\/bardelconvent.com\/pl\/wp-json\/wp\/v2\/comments?post=205"}],"version-history":[{"count":0,"href":"http:\/\/bardelconvent.com\/pl\/wp-json\/wp\/v2\/pages\/205\/revisions"}],"wp:featuredmedia":[{"embeddable":true,"href":"http:\/\/bardelconvent.com\/pl\/wp-json\/wp\/v2\/media\/128"}],"wp:attachment":[{"href":"http:\/\/bardelconvent.com\/pl\/wp-json\/wp\/v2\/media?parent=205"}],"curies":[{"name":"wp","href":"https:\/\/api.w.org\/{rel}","templated":true}]}}