{"id":220,"date":"2022-07-08T11:59:57","date_gmt":"2022-07-08T10:59:57","guid":{"rendered":"http:\/\/bardelconvent.com\/dlaczego-aplikacje-randkowe-online-moga-dzialac-dla-ciebie\/"},"modified":"2022-07-08T11:59:57","modified_gmt":"2022-07-08T10:59:57","slug":"dlaczego-aplikacje-randkowe-online-moga-dzialac-dla-ciebie","status":"publish","type":"page","link":"http:\/\/bardelconvent.com\/pl\/dlaczego-aplikacje-randkowe-online-moga-dzialac-dla-ciebie\/","title":{"rendered":"Dlaczego aplikacje randkowe online mog\u0105 dzia\u0142a\u0107 dla Ciebie"},"content":{"rendered":"<p>Internet pozwala nam \u0142\u0105czy\u0107 si\u0119 z lud\u017ami na ca\u0142ym \u015bwiecie. Daje nam mo\u017cliwo\u015b\u0107 dotarcia do ludzi, z kt\u00f3rymi normalnie nie wchodziliby\u015bmy w interakcje. Mo\u017cemy komunikowa\u0107 si\u0119 z nimi twarz\u0105 w twarz, dzieli\u0107 si\u0119 naszymi my\u015blami i uczuciami, a nawet zakochiwa\u0107 si\u0119. Kiedy polegamy na naszych kr\u0119gach spo\u0142ecznych, nasze opcje s\u0105 do\u015b\u0107 ograniczone. Ale je\u015bli wykorzystamy Internet na nasz\u0105 korzy\u015b\u0107, mo\u017cemy mie\u0107 niesamowite do\u015bwiadczenia, kt\u00f3rych wcze\u015bniej nie mogli\u015bmy sobie wyobrazi\u0107.<\/p>\n<p>Kiedy szukasz lokalnego po\u0142\u0105czenia, zawsze wychod\u017a na publiczn\u0105 randk\u0119 i unikaj spotykania si\u0119 z nimi w prywatnym otoczeniu. Je\u015bli spotkasz kogo\u015b w restauracji, barze lub innym miejscu z du\u017c\u0105 ilo\u015bci\u0105 ludzi wok\u00f3\u0142, \u0142atwiej b\u0119dzie go zauwa\u017cy\u0107, je\u015bli spr\u00f3buje oszukiwa\u0107. Upewnij si\u0119, \u017ce wszyscy wiedz\u0105 o Twoich planach przed wyjazdem. Ponadto telefon jest w\u0142\u0105czony i chroniony, gdy jeste\u015b poza domem. Nigdy nie wiesz, kiedy co\u015b mo\u017ce si\u0119 wydarzy\u0107 i musisz zachowa\u0107 bezpiecze\u0144stwo.<\/p>\n<h2>Czego si\u0119 nauczy\u0107 o aplikacjach randkowych<\/h2>\n<p>Dowiesz si\u0119 wiele o sobie i <a href=\"http:\/\/bardelconvent.com\/pl\/niezawodne-aplikacje-do-podlaczania-do-znajdowania-seksu\/\">swojej osobowo\u015bci<\/a> , gdy do\u0142\u0105czysz do nowoczesnej sceny randkowej. Aplikacje randkowe, takie jak Tinder i Bumble, zyskuj\u0105 na popularno\u015bci ka\u017cdego dnia. Te aplikacje pozwalaj\u0105 \u0142\u0105czy\u0107 si\u0119 z innymi singlami w pobli\u017cu, a nawet dobiera\u0107 si\u0119 do kompatybilnych partner\u00f3w. Dost\u0119pnych jest wiele r\u00f3\u017cnych rodzaj\u00f3w cz\u0142onkostwa, w tym bezp\u0142atne, p\u0142atne, premium i z\u0142ote. Cz\u0142onkostwo Gold daje u\u017cytkownikom dost\u0119p do ekskluzywnych funkcji, takich jak nieograniczona liczba przesuni\u0119\u0107, nieograniczona liczba mecz\u00f3w i specjalne zni\u017cki.<\/p>\n<p>Mo\u017cesz r\u00f3wnie\u017c u\u017cy\u0107 funkcji wyszukiwania, aby znale\u017a\u0107 osoby podobne do Siebie. Nast\u0119pnie mo\u017cesz si\u0119 z nimi spotka\u0107 i wymienia\u0107 wiadomo\u015bci. Istnieje du\u017ce prawdopodobie\u0144stwo, \u017ce znajdziesz kogo\u015b, kto chce sp\u0119dzi\u0107 z Tob\u0105 czas.<\/p>\n<h3>Bumble &#8211; jeden z najgor\u0119tszych wybor\u00f3w<\/h3>\n<p>Bumble zosta\u0142 zaprojektowany, aby pom\u00f3c kobietom wykona\u0107 pierwszy ruch. Jest to <a href=\"http:\/\/bardelconvent.com\/pl\/czy-randki-w-ciemno-dzialaja\/\">aplikacja dla kobiet, kt\u00f3re<\/a> chc\u0105 si\u0119 po\u0142o\u017cy\u0107. Mo\u017cesz przegl\u0105da\u0107 profile samotnych m\u0119\u017cczyzn i wybra\u0107 sw\u00f3j ulubiony. Je\u015bli podoba Ci si\u0119 to, co widzisz, wy\u015blij im wiadomo\u015b\u0107. Je\u015bli odpowiedz\u0105 pozytywnie, mo\u017cesz rozpocz\u0105\u0107 rozmow\u0119. Potem musisz poczeka\u0107, a\u017c tw\u00f3j m\u0119\u017cczyzna wy\u015ble ci mrugni\u0119cie. Je\u015bli tak, to jeste\u015b gotowy do pracy!<\/p>\n<h2>Co dalej?<\/h2>\n<p>Je\u015bli nie masz pewno\u015bci, czy kto\u015b jest Tob\u0105 zainteresowany, spr\u00f3buj zaprosi\u0107 go na randk\u0119. B\u0119dziesz mia\u0142 lepsze wyobra\u017cenie o tym, jak\u0105 s\u0105 osobami i czy chcesz zobaczy\u0107 je ponownie. Je\u015bli jeste\u015b ju\u017c znajomym, zapytaj ich o ich zainteresowania i hobby. Mo\u017ce mogliby\u015bcie nawet p\u00f3j\u015b\u0107 razem na podw\u00f3jn\u0105 randk\u0119!<\/p>\n","protected":false},"excerpt":{"rendered":"<p>Internet pozwala nam \u0142\u0105czy\u0107 si\u0119 z lud\u017ami na ca\u0142ym \u015bwiecie. Daje nam mo\u017cliwo\u015b\u0107 dotarcia do ludzi, z kt\u00f3rymi normalnie nie wchodziliby\u015bmy w interakcje. <\/p>\n","protected":false},"author":1,"featured_media":108,"parent":0,"menu_order":0,"comment_status":"closed","ping_status":"closed","template":"","meta":[],"yoast_head":"<!-- This site is optimized with the Yoast SEO plugin v19.2 - https:\/\/yoast.com\/wordpress\/plugins\/seo\/ -->\n<title>- Mi\u0142o\u015b\u0107 do pod\u0142\u0105czania Dlaczego aplikacje randkowe online mog\u0105 dzia\u0142a\u0107 dla Ciebie<\/title>\n<meta name=\"robots\" content=\"index, follow, max-snippet:-1, max-image-preview:large, max-video-preview:-1\" \/>\n<link rel=\"canonical\" href=\"http:\/\/bardelconvent.com\/pl\/dlaczego-aplikacje-randkowe-online-moga-dzialac-dla-ciebie\/\" \/>\n<meta property=\"og:locale\" content=\"pl_PL\" \/>\n<meta property=\"og:type\" content=\"article\" \/>\n<meta property=\"og:title\" content=\"- Mi\u0142o\u015b\u0107 do pod\u0142\u0105czania Dlaczego aplikacje randkowe online mog\u0105 dzia\u0142a\u0107 dla Ciebie\" \/>\n<meta property=\"og:description\" content=\"Internet pozwala nam \u0142\u0105czy\u0107 si\u0119 z lud\u017ami na ca\u0142ym \u015bwiecie. Daje nam mo\u017cliwo\u015b\u0107 dotarcia do ludzi, z kt\u00f3rymi normalnie nie wchodziliby\u015bmy w interakcje.\" \/>\n<meta property=\"og:url\" content=\"http:\/\/bardelconvent.com\/pl\/dlaczego-aplikacje-randkowe-online-moga-dzialac-dla-ciebie\/\" \/>\n<meta property=\"og:site_name\" content=\"Mi\u0142o\u015b\u0107 do pod\u0142\u0105czania\" \/>\n<meta property=\"og:image\" content=\"https:\/\/bardelconvent.com\/wp-content\/uploads\/2022\/07\/casual-chat-rooms.jpeg\" \/>\n\t<meta property=\"og:image:width\" content=\"2248\" \/>\n\t<meta property=\"og:image:height\" content=\"1500\" \/>\n\t<meta property=\"og:image:type\" content=\"image\/jpeg\" \/>\n<meta name=\"author\" content=\"Dating Expert\" \/>\n<meta name=\"twitter:card\" content=\"summary_large_image\" \/>\n<meta name=\"twitter:label1\" content=\"Szacowany czas czytania\" \/>\n\t<meta name=\"twitter:data1\" content=\"2 minuty\" \/>\n<script type=\"application\/ld+json\" class=\"yoast-schema-graph\">{\"@context\":\"https:\/\/schema.org\",\"@graph\":[{\"@type\":\"WebSite\",\"@id\":\"http:\/\/bardelconvent.com\/de\/#website\",\"url\":\"http:\/\/bardelconvent.com\/de\/\",\"name\":\"Mi\u0142o\u015b\u0107 do pod\u0142\u0105czania\",\"description\":\"Randki i zwi\u0105zki\",\"potentialAction\":[{\"@type\":\"SearchAction\",\"target\":{\"@type\":\"EntryPoint\",\"urlTemplate\":\"http:\/\/bardelconvent.com\/de\/?s={search_term_string}\"},\"query-input\":\"required name=search_term_string\"}],\"inLanguage\":\"pl-PL\"},{\"@type\":\"ImageObject\",\"inLanguage\":\"pl-PL\",\"@id\":\"http:\/\/bardelconvent.com\/pl\/dlaczego-aplikacje-randkowe-online-moga-dzialac-dla-ciebie\/#primaryimage\",\"url\":\"http:\/\/bardelconvent.com\/wp-content\/uploads\/2022\/07\/casual-chat-rooms.jpeg\",\"contentUrl\":\"http:\/\/bardelconvent.com\/wp-content\/uploads\/2022\/07\/casual-chat-rooms.jpeg\",\"width\":2248,\"height\":1500},{\"@type\":\"WebPage\",\"@id\":\"http:\/\/bardelconvent.com\/pl\/dlaczego-aplikacje-randkowe-online-moga-dzialac-dla-ciebie\/#webpage\",\"url\":\"http:\/\/bardelconvent.com\/pl\/dlaczego-aplikacje-randkowe-online-moga-dzialac-dla-ciebie\/\",\"name\":\"- Mi\u0142o\u015b\u0107 do pod\u0142\u0105czania Dlaczego aplikacje randkowe online mog\u0105 dzia\u0142a\u0107 dla Ciebie\",\"isPartOf\":{\"@id\":\"http:\/\/bardelconvent.com\/de\/#website\"},\"primaryImageOfPage\":{\"@id\":\"http:\/\/bardelconvent.com\/pl\/dlaczego-aplikacje-randkowe-online-moga-dzialac-dla-ciebie\/#primaryimage\"},\"datePublished\":\"2022-07-08T10:59:57+00:00\",\"dateModified\":\"2022-07-08T10:59:57+00:00\",\"breadcrumb\":{\"@id\":\"http:\/\/bardelconvent.com\/pl\/dlaczego-aplikacje-randkowe-online-moga-dzialac-dla-ciebie\/#breadcrumb\"},\"inLanguage\":\"pl-PL\",\"potentialAction\":[{\"@type\":\"ReadAction\",\"target\":[\"http:\/\/bardelconvent.com\/pl\/dlaczego-aplikacje-randkowe-online-moga-dzialac-dla-ciebie\/\"]}]},{\"@type\":\"BreadcrumbList\",\"@id\":\"http:\/\/bardelconvent.com\/pl\/dlaczego-aplikacje-randkowe-online-moga-dzialac-dla-ciebie\/#breadcrumb\",\"itemListElement\":[{\"@type\":\"ListItem\",\"position\":1,\"name\":\"Dom\",\"item\":\"http:\/\/bardelconvent.com\/pl\/\"},{\"@type\":\"ListItem\",\"position\":2,\"name\":\"Dlaczego aplikacje randkowe online mog\u0105 dzia\u0142a\u0107 dla Ciebie\"}]}]}<\/script>\n<!-- \/ Yoast SEO plugin. -->","yoast_head_json":{"title":"- Mi\u0142o\u015b\u0107 do pod\u0142\u0105czania Dlaczego aplikacje randkowe online mog\u0105 dzia\u0142a\u0107 dla Ciebie","robots":{"index":"index","follow":"follow","max-snippet":"max-snippet:-1","max-image-preview":"max-image-preview:large","max-video-preview":"max-video-preview:-1"},"canonical":"http:\/\/bardelconvent.com\/pl\/dlaczego-aplikacje-randkowe-online-moga-dzialac-dla-ciebie\/","og_locale":"pl_PL","og_type":"article","og_title":"- Mi\u0142o\u015b\u0107 do pod\u0142\u0105czania Dlaczego aplikacje randkowe online mog\u0105 dzia\u0142a\u0107 dla Ciebie","og_description":"Internet pozwala nam \u0142\u0105czy\u0107 si\u0119 z lud\u017ami na ca\u0142ym \u015bwiecie. Daje nam mo\u017cliwo\u015b\u0107 dotarcia do ludzi, z kt\u00f3rymi normalnie nie wchodziliby\u015bmy w interakcje.","og_url":"http:\/\/bardelconvent.com\/pl\/dlaczego-aplikacje-randkowe-online-moga-dzialac-dla-ciebie\/","og_site_name":"Mi\u0142o\u015b\u0107 do pod\u0142\u0105czania","og_image":[{"width":2248,"height":1500,"url":"https:\/\/bardelconvent.com\/wp-content\/uploads\/2022\/07\/casual-chat-rooms.jpeg","type":"image\/jpeg"}],"author":"Dating Expert","twitter_card":"summary_large_image","twitter_misc":{"Szacowany czas czytania":"2 minuty"},"schema":{"@context":"https:\/\/schema.org","@graph":[{"@type":"WebSite","@id":"http:\/\/bardelconvent.com\/de\/#website","url":"http:\/\/bardelconvent.com\/de\/","name":"Mi\u0142o\u015b\u0107 do pod\u0142\u0105czania","description":"Randki i zwi\u0105zki","potentialAction":[{"@type":"SearchAction","target":{"@type":"EntryPoint","urlTemplate":"http:\/\/bardelconvent.com\/de\/?s={search_term_string}"},"query-input":"required name=search_term_string"}],"inLanguage":"pl-PL"},{"@type":"ImageObject","inLanguage":"pl-PL","@id":"http:\/\/bardelconvent.com\/pl\/dlaczego-aplikacje-randkowe-online-moga-dzialac-dla-ciebie\/#primaryimage","url":"http:\/\/bardelconvent.com\/wp-content\/uploads\/2022\/07\/casual-chat-rooms.jpeg","contentUrl":"http:\/\/bardelconvent.com\/wp-content\/uploads\/2022\/07\/casual-chat-rooms.jpeg","width":2248,"height":1500},{"@type":"WebPage","@id":"http:\/\/bardelconvent.com\/pl\/dlaczego-aplikacje-randkowe-online-moga-dzialac-dla-ciebie\/#webpage","url":"http:\/\/bardelconvent.com\/pl\/dlaczego-aplikacje-randkowe-online-moga-dzialac-dla-ciebie\/","name":"- Mi\u0142o\u015b\u0107 do pod\u0142\u0105czania Dlaczego aplikacje randkowe online mog\u0105 dzia\u0142a\u0107 dla Ciebie","isPartOf":{"@id":"http:\/\/bardelconvent.com\/de\/#website"},"primaryImageOfPage":{"@id":"http:\/\/bardelconvent.com\/pl\/dlaczego-aplikacje-randkowe-online-moga-dzialac-dla-ciebie\/#primaryimage"},"datePublished":"2022-07-08T10:59:57+00:00","dateModified":"2022-07-08T10:59:57+00:00","breadcrumb":{"@id":"http:\/\/bardelconvent.com\/pl\/dlaczego-aplikacje-randkowe-online-moga-dzialac-dla-ciebie\/#breadcrumb"},"inLanguage":"pl-PL","potentialAction":[{"@type":"ReadAction","target":["http:\/\/bardelconvent.com\/pl\/dlaczego-aplikacje-randkowe-online-moga-dzialac-dla-ciebie\/"]}]},{"@type":"BreadcrumbList","@id":"http:\/\/bardelconvent.com\/pl\/dlaczego-aplikacje-randkowe-online-moga-dzialac-dla-ciebie\/#breadcrumb","itemListElement":[{"@type":"ListItem","position":1,"name":"Dom","item":"http:\/\/bardelconvent.com\/pl\/"},{"@type":"ListItem","position":2,"name":"Dlaczego aplikacje randkowe online mog\u0105 dzia\u0142a\u0107 dla Ciebie"}]}]}},"_links":{"self":[{"href":"http:\/\/bardelconvent.com\/pl\/wp-json\/wp\/v2\/pages\/220"}],"collection":[{"href":"http:\/\/bardelconvent.com\/pl\/wp-json\/wp\/v2\/pages"}],"about":[{"href":"http:\/\/bardelconvent.com\/pl\/wp-json\/wp\/v2\/types\/page"}],"author":[{"embeddable":true,"href":"http:\/\/bardelconvent.com\/pl\/wp-json\/wp\/v2\/users\/1"}],"replies":[{"embeddable":true,"href":"http:\/\/bardelconvent.com\/pl\/wp-json\/wp\/v2\/comments?post=220"}],"version-history":[{"count":0,"href":"http:\/\/bardelconvent.com\/pl\/wp-json\/wp\/v2\/pages\/220\/revisions"}],"wp:featuredmedia":[{"embeddable":true,"href":"http:\/\/bardelconvent.com\/pl\/wp-json\/wp\/v2\/media\/108"}],"wp:attachment":[{"href":"http:\/\/bardelconvent.com\/pl\/wp-json\/wp\/v2\/media?parent=220"}],"curies":[{"name":"wp","href":"https:\/\/api.w.org\/{rel}","templated":true}]}}