{"id":223,"date":"2022-07-08T12:05:25","date_gmt":"2022-07-08T11:05:25","guid":{"rendered":"http:\/\/bardelconvent.com\/darmowe-strony-internetowe-sex-chat\/"},"modified":"2022-07-08T12:05:25","modified_gmt":"2022-07-08T11:05:25","slug":"darmowe-strony-internetowe-sex-chat","status":"publish","type":"page","link":"http:\/\/bardelconvent.com\/pl\/darmowe-strony-internetowe-sex-chat\/","title":{"rendered":"Darmowe strony internetowe Sex Chat"},"content":{"rendered":"<p>Wi\u0119kszo\u015b\u0107 ludzi powie ci, aby\u015b skaka\u0142 po barze lub korzysta\u0142 z lokalnych aplikacji do pod\u0142\u0105czania. Ale te opcje nie s\u0105 zbyt skuteczne. Mo\u017cesz wyda\u0107 du\u017co pieni\u0119dzy i czasu wychodz\u0105c ka\u017cdej nocy lub po prostu skorzysta\u0107 z jednej z wielu lokalnych stron internetowych dost\u0119pnych dzisiaj. Witryny te oferuj\u0105 te same funkcje, co inne serwisy randkowe, ale maj\u0105 r\u00f3wnie\u017c tysi\u0105ce cz\u0142onk\u00f3w, kt\u00f3rzy szukaj\u0105 zabawy. Wi\u0119c przesta\u0144 korzysta\u0107 z podrz\u0119dnych stron i wypr\u00f3buj jedn\u0105 z tych us\u0142ug!<\/p>\n<p>Wydaje si\u0119, \u017ce g\u0142\u00f3wnym problemem z <a href=\"http:\/\/bardelconvent.com\/pl\/dlaczego-aplikacje-randkowe-online-moga-dzialac-dla-ciebie\/\">internetowymi serwisami randkowymi<\/a> jest to, \u017ce nie s\u0105 one zbyt skuteczne. Wida\u0107 dlaczego \u2013 oferuj\u0105 wiele mo\u017cliwo\u015bci, ale te\u017c sporo problem\u00f3w.<\/p>\n<ul>\n<li>Przede wszystkim fakt, \u017ce nie widzisz, co inni u\u017cytkownicy robi\u0105 na stronie, oznacza, \u017ce nigdy nie dowiesz si\u0119, czy kto\u015b inny jest Tob\u0105 zainteresowany.<\/li>\n<li>Po drugie, je\u015bli zamierzasz spotka\u0107 ludzi w prawdziwym \u017cyciu, musisz zwr\u00f3ci\u0107 uwag\u0119 na ich wygl\u0105d i zachowanie, w przeciwnym razie mo\u017cesz si\u0119 rozczarowa\u0107, gdy faktycznie ich spotkasz.<\/li>\n<li>Po trzecie, <a href=\"http:\/\/bardelconvent.com\/pl\/czy-randki-w-ciemno-dzialaja\/\">internetowe serwisy randkowe s\u0105 cz\u0119sto pe\u0142ne fa\u0142szywych profili<\/a>. Je\u015bli zamierzasz pozna\u0107 dziewczyn\u0119 za po\u015brednictwem platformy internetowej, powiniene\u015b dok\u0142adnie sprawdzi\u0107 jej profil przed podaniem jej swojego numeru telefonu. Wreszcie, wiele internetowych serwis\u00f3w randkowych to tylko oszustwa. Obiecuj\u0105 wiele, ale nic nie daj\u0105. Podsumowuj\u0105c, randki online to \u015bwietny pomys\u0142, ale nie idealny.<\/li>\n<\/ul>\n<h2>Czaty erotyczne<\/h2>\n<p>Strony czat\u00f3w erotycznych to strony internetowe, na kt\u00f3rych ludzie spotykaj\u0105 si\u0119 online, aby omawia\u0107 tematy seksualne. Istnieje wiele r\u00f3\u017cnych rodzaj\u00f3w czat\u00f3w erotycznych, w tym niszowe witryny, takie jak BBW lub BDSM. Niekt\u00f3re z tych witryn umo\u017cliwiaj\u0105 cz\u0142onkom przesy\u0142anie zdj\u0119\u0107 i film\u00f3w, podczas gdy inne wymagaj\u0105 od u\u017cytkownik\u00f3w wysy\u0142ania wiadomo\u015bci za po\u015brednictwem program\u00f3w tekstowych lub komunikator\u00f3w internetowych.<\/p>\n<ul>\n<li>Wiele czat\u00f3w erotycznych oferuje czaty wideo na \u017cywo, kt\u00f3re pozwalaj\u0105 cz\u0142onkom widzie\u0107 si\u0119 nawzajem na kamerze internetowej.<\/li>\n<li>Czaty erotyczne to doskona\u0142e miejsce do poznawania nowych ludzi.<\/li>\n<li>Dobry wyb\u00f3r do pod\u0142\u0105czenia<\/li>\n<\/ul>\n<p>Szukasz zabawy dzi\u015b wieczorem? Czy jeste\u015b zm\u0119czony samotno\u015bci\u0105? Dlaczego wi\u0119c nie wypr\u00f3bowa\u0107 czat\u00f3w erotycznych, w kt\u00f3rych mo\u017cesz pozna\u0107 nowych ludzi z ca\u0142ego \u015bwiata! Jeste\u015bmy pewni, \u017ce znajdziesz tu kogo\u015b wyj\u0105tkowego.<\/p>\n<p>Te aplikacje maj\u0105 tysi\u0105ce cz\u0142onk\u00f3w z ca\u0142ego \u015bwiata, w tym z USA, Wielkiej Brytanii, Kanady, Australii, Nowej Zelandii, Europy, Azji i Afryki. Wi\u0119c je\u015bli szukasz miejsca do \u0142\u0105czenia si\u0119 z innymi, do\u0142\u0105cz do nas teraz.<\/p>\n<p>Korzystanie z tej strony ma wiele zalet. Przede wszystkim jest ca\u0142kowicie darmowy, wi\u0119c nie ma nic do stracenia. Po drugie, mo\u017cesz wybra\u0107, czy chcesz korzysta\u0107 z kamery internetowej, czy tylko czat\u00f3w tekstowych. Je\u015bli wolisz korzysta\u0107 z kamery internetowej, mo\u017cesz to zrobi\u0107, klikaj\u0105c przycisk &#8222;czat wideo&#8221;. Otworzy to okno, w kt\u00f3rym mo\u017cesz zobaczy\u0107 swojego partnera na \u017cywo. Mo\u017cesz z nimi rozmawia\u0107, zadawa\u0107 im pytania, a nawet udost\u0119pnia\u0107 im zdj\u0119cia.<\/p>\n<p>Na co wi\u0119c czekasz? Do\u0142\u0105cz teraz i zacznij poznawa\u0107 nowych przyjaci\u00f3\u0142!<\/p>\n","protected":false},"excerpt":{"rendered":"<p>Wi\u0119kszo\u015b\u0107 ludzi powie ci, aby\u015b skaka\u0142 po barze lub korzysta\u0142 z lokalnych aplikacji do pod\u0142\u0105czania. Ale te opcje nie s\u0105 zbyt skuteczne. Mo\u017cesz <\/p>\n","protected":false},"author":1,"featured_media":118,"parent":0,"menu_order":0,"comment_status":"closed","ping_status":"closed","template":"","meta":[],"yoast_head":"<!-- This site is optimized with the Yoast SEO plugin v19.2 - https:\/\/yoast.com\/wordpress\/plugins\/seo\/ -->\n<title>- Mi\u0142o\u015b\u0107 do pod\u0142\u0105czania Darmowe strony internetowe Sex Chat<\/title>\n<meta name=\"robots\" content=\"index, follow, max-snippet:-1, max-image-preview:large, max-video-preview:-1\" \/>\n<link rel=\"canonical\" href=\"http:\/\/bardelconvent.com\/pl\/darmowe-strony-internetowe-sex-chat\/\" \/>\n<meta property=\"og:locale\" content=\"pl_PL\" \/>\n<meta property=\"og:type\" content=\"article\" \/>\n<meta property=\"og:title\" content=\"- Mi\u0142o\u015b\u0107 do pod\u0142\u0105czania Darmowe strony internetowe Sex Chat\" \/>\n<meta property=\"og:description\" content=\"Wi\u0119kszo\u015b\u0107 ludzi powie ci, aby\u015b skaka\u0142 po barze lub korzysta\u0142 z lokalnych aplikacji do pod\u0142\u0105czania. Ale te opcje nie s\u0105 zbyt skuteczne. Mo\u017cesz\" \/>\n<meta property=\"og:url\" content=\"http:\/\/bardelconvent.com\/pl\/darmowe-strony-internetowe-sex-chat\/\" \/>\n<meta property=\"og:site_name\" content=\"Mi\u0142o\u015b\u0107 do pod\u0142\u0105czania\" \/>\n<meta property=\"og:image\" content=\"http:\/\/bardelconvent.com\/wp-content\/uploads\/2022\/07\/join-now.jpeg\" \/>\n\t<meta property=\"og:image:width\" content=\"2250\" \/>\n\t<meta property=\"og:image:height\" content=\"1500\" \/>\n\t<meta property=\"og:image:type\" content=\"image\/jpeg\" \/>\n<meta name=\"author\" content=\"Dating Expert\" \/>\n<meta name=\"twitter:card\" content=\"summary_large_image\" \/>\n<meta name=\"twitter:label1\" content=\"Szacowany czas czytania\" \/>\n\t<meta name=\"twitter:data1\" content=\"3 minuty\" \/>\n<script type=\"application\/ld+json\" class=\"yoast-schema-graph\">{\"@context\":\"https:\/\/schema.org\",\"@graph\":[{\"@type\":\"WebSite\",\"@id\":\"http:\/\/bardelconvent.com\/de\/#website\",\"url\":\"http:\/\/bardelconvent.com\/de\/\",\"name\":\"Mi\u0142o\u015b\u0107 do pod\u0142\u0105czania\",\"description\":\"Randki i zwi\u0105zki\",\"potentialAction\":[{\"@type\":\"SearchAction\",\"target\":{\"@type\":\"EntryPoint\",\"urlTemplate\":\"http:\/\/bardelconvent.com\/de\/?s={search_term_string}\"},\"query-input\":\"required name=search_term_string\"}],\"inLanguage\":\"pl-PL\"},{\"@type\":\"ImageObject\",\"inLanguage\":\"pl-PL\",\"@id\":\"http:\/\/bardelconvent.com\/pl\/darmowe-strony-internetowe-sex-chat\/#primaryimage\",\"url\":\"http:\/\/bardelconvent.com\/wp-content\/uploads\/2022\/07\/join-now.jpeg\",\"contentUrl\":\"http:\/\/bardelconvent.com\/wp-content\/uploads\/2022\/07\/join-now.jpeg\",\"width\":2250,\"height\":1500},{\"@type\":\"WebPage\",\"@id\":\"http:\/\/bardelconvent.com\/pl\/darmowe-strony-internetowe-sex-chat\/#webpage\",\"url\":\"http:\/\/bardelconvent.com\/pl\/darmowe-strony-internetowe-sex-chat\/\",\"name\":\"- Mi\u0142o\u015b\u0107 do pod\u0142\u0105czania Darmowe strony internetowe Sex Chat\",\"isPartOf\":{\"@id\":\"http:\/\/bardelconvent.com\/de\/#website\"},\"primaryImageOfPage\":{\"@id\":\"http:\/\/bardelconvent.com\/pl\/darmowe-strony-internetowe-sex-chat\/#primaryimage\"},\"datePublished\":\"2022-07-08T11:05:25+00:00\",\"dateModified\":\"2022-07-08T11:05:25+00:00\",\"breadcrumb\":{\"@id\":\"http:\/\/bardelconvent.com\/pl\/darmowe-strony-internetowe-sex-chat\/#breadcrumb\"},\"inLanguage\":\"pl-PL\",\"potentialAction\":[{\"@type\":\"ReadAction\",\"target\":[\"http:\/\/bardelconvent.com\/pl\/darmowe-strony-internetowe-sex-chat\/\"]}]},{\"@type\":\"BreadcrumbList\",\"@id\":\"http:\/\/bardelconvent.com\/pl\/darmowe-strony-internetowe-sex-chat\/#breadcrumb\",\"itemListElement\":[{\"@type\":\"ListItem\",\"position\":1,\"name\":\"Dom\",\"item\":\"http:\/\/bardelconvent.com\/pl\/\"},{\"@type\":\"ListItem\",\"position\":2,\"name\":\"Darmowe strony internetowe Sex Chat\"}]}]}<\/script>\n<!-- \/ Yoast SEO plugin. -->","yoast_head_json":{"title":"- Mi\u0142o\u015b\u0107 do pod\u0142\u0105czania Darmowe strony internetowe Sex Chat","robots":{"index":"index","follow":"follow","max-snippet":"max-snippet:-1","max-image-preview":"max-image-preview:large","max-video-preview":"max-video-preview:-1"},"canonical":"http:\/\/bardelconvent.com\/pl\/darmowe-strony-internetowe-sex-chat\/","og_locale":"pl_PL","og_type":"article","og_title":"- Mi\u0142o\u015b\u0107 do pod\u0142\u0105czania Darmowe strony internetowe Sex Chat","og_description":"Wi\u0119kszo\u015b\u0107 ludzi powie ci, aby\u015b skaka\u0142 po barze lub korzysta\u0142 z lokalnych aplikacji do pod\u0142\u0105czania. Ale te opcje nie s\u0105 zbyt skuteczne. Mo\u017cesz","og_url":"http:\/\/bardelconvent.com\/pl\/darmowe-strony-internetowe-sex-chat\/","og_site_name":"Mi\u0142o\u015b\u0107 do pod\u0142\u0105czania","og_image":[{"width":2250,"height":1500,"url":"http:\/\/bardelconvent.com\/wp-content\/uploads\/2022\/07\/join-now.jpeg","type":"image\/jpeg"}],"author":"Dating Expert","twitter_card":"summary_large_image","twitter_misc":{"Szacowany czas czytania":"3 minuty"},"schema":{"@context":"https:\/\/schema.org","@graph":[{"@type":"WebSite","@id":"http:\/\/bardelconvent.com\/de\/#website","url":"http:\/\/bardelconvent.com\/de\/","name":"Mi\u0142o\u015b\u0107 do pod\u0142\u0105czania","description":"Randki i zwi\u0105zki","potentialAction":[{"@type":"SearchAction","target":{"@type":"EntryPoint","urlTemplate":"http:\/\/bardelconvent.com\/de\/?s={search_term_string}"},"query-input":"required name=search_term_string"}],"inLanguage":"pl-PL"},{"@type":"ImageObject","inLanguage":"pl-PL","@id":"http:\/\/bardelconvent.com\/pl\/darmowe-strony-internetowe-sex-chat\/#primaryimage","url":"http:\/\/bardelconvent.com\/wp-content\/uploads\/2022\/07\/join-now.jpeg","contentUrl":"http:\/\/bardelconvent.com\/wp-content\/uploads\/2022\/07\/join-now.jpeg","width":2250,"height":1500},{"@type":"WebPage","@id":"http:\/\/bardelconvent.com\/pl\/darmowe-strony-internetowe-sex-chat\/#webpage","url":"http:\/\/bardelconvent.com\/pl\/darmowe-strony-internetowe-sex-chat\/","name":"- Mi\u0142o\u015b\u0107 do pod\u0142\u0105czania Darmowe strony internetowe Sex Chat","isPartOf":{"@id":"http:\/\/bardelconvent.com\/de\/#website"},"primaryImageOfPage":{"@id":"http:\/\/bardelconvent.com\/pl\/darmowe-strony-internetowe-sex-chat\/#primaryimage"},"datePublished":"2022-07-08T11:05:25+00:00","dateModified":"2022-07-08T11:05:25+00:00","breadcrumb":{"@id":"http:\/\/bardelconvent.com\/pl\/darmowe-strony-internetowe-sex-chat\/#breadcrumb"},"inLanguage":"pl-PL","potentialAction":[{"@type":"ReadAction","target":["http:\/\/bardelconvent.com\/pl\/darmowe-strony-internetowe-sex-chat\/"]}]},{"@type":"BreadcrumbList","@id":"http:\/\/bardelconvent.com\/pl\/darmowe-strony-internetowe-sex-chat\/#breadcrumb","itemListElement":[{"@type":"ListItem","position":1,"name":"Dom","item":"http:\/\/bardelconvent.com\/pl\/"},{"@type":"ListItem","position":2,"name":"Darmowe strony internetowe Sex Chat"}]}]}},"_links":{"self":[{"href":"http:\/\/bardelconvent.com\/pl\/wp-json\/wp\/v2\/pages\/223"}],"collection":[{"href":"http:\/\/bardelconvent.com\/pl\/wp-json\/wp\/v2\/pages"}],"about":[{"href":"http:\/\/bardelconvent.com\/pl\/wp-json\/wp\/v2\/types\/page"}],"author":[{"embeddable":true,"href":"http:\/\/bardelconvent.com\/pl\/wp-json\/wp\/v2\/users\/1"}],"replies":[{"embeddable":true,"href":"http:\/\/bardelconvent.com\/pl\/wp-json\/wp\/v2\/comments?post=223"}],"version-history":[{"count":0,"href":"http:\/\/bardelconvent.com\/pl\/wp-json\/wp\/v2\/pages\/223\/revisions"}],"wp:featuredmedia":[{"embeddable":true,"href":"http:\/\/bardelconvent.com\/pl\/wp-json\/wp\/v2\/media\/118"}],"wp:attachment":[{"href":"http:\/\/bardelconvent.com\/pl\/wp-json\/wp\/v2\/media?parent=223"}],"curies":[{"name":"wp","href":"https:\/\/api.w.org\/{rel}","templated":true}]}}