{"id":187,"date":"2022-07-08T12:27:59","date_gmt":"2022-07-08T11:27:59","guid":{"rendered":"http:\/\/bardelconvent.com\/encontros-as-cegas-funcionam\/"},"modified":"2022-07-08T12:27:59","modified_gmt":"2022-07-08T11:27:59","slug":"encontros-as-cegas-funcionam","status":"publish","type":"page","link":"http:\/\/bardelconvent.com\/pt-pt\/encontros-as-cegas-funcionam\/","title":{"rendered":"Encontros \u00e0s cegas funcionam?"},"content":{"rendered":"<p>Encontros \u00e0s cegas \u00e9 uma \u00f3tima maneira de conhecer pessoas que partilham <a href=\"http:\/\/bardelconvent.com\/pt-pt\/aplicativos-de-ligacao-confiaveis-para-encontrar-sexo\/\">interesses semelhantes<\/a>. Este tipo de namoro \u00e9 muitas vezes referido como data\u00e7\u00e3o r\u00e1pida porque n\u00e3o h\u00e1 nenhum local de encontro pr\u00e9-arranjado ou hora.<\/p>\n<p>Em vez disso, encontros \u00e0s cegas acontecem num local p\u00fablico onde os solteiros podem chegar uns aos outros e iniciar uma conversa. O objetivo \u00e9 encontrar um jogo compat\u00edvel dentro de 30 minutos.<\/p>\n<p>Data\u00e7\u00e3o r\u00e1pida \u00e9 popular entre solteiros que procuram um encontro r\u00e1pido. No entanto, namorar \u00e0s cegas \u00e9 ideal para quem prefere conhecer pessoas organicamente.<\/p>\n<h2>\u00c9 para si?<\/h2>\n<p>Se n\u00e3o est\u00e1 particularmente preocupado com a sua pr\u00f3pria seguran\u00e7a, talvez queira considerar ir a um encontro \u00e0s cegas.<\/p>\n<p>Voc\u00ea pode ajudar a garantir que o seu encontro se sinta seguro e confort\u00e1vel, sugerindo <a href=\"http:\/\/bardelconvent.com\/pt-pt\/assina-uma-rapariga-que-gosta-de-ti-online\/\">um encontro em um lugar p\u00fablico<\/a>, como um caf\u00e9 ou restaurante. E enquanto planeias, tenta manter isso numa atividade para que haja uma sa\u00edda mais f\u00e1cil se o teu encontro n\u00e3o estiver a sentir-se bem. Fa\u00e7a menos perguntas que possam fazer algu\u00e9m sentir-se estranho ou desconfiado sobre as suas inten\u00e7\u00f5es. Se falarem dos vossos interesses, passatempos, carreiras ou bandas favoritas, ambos poder\u00e3o ligar-se a um n\u00edvel mais profundo.<\/p>\n<p>N\u00e3o desace na guarda. Tenha cuidado com quem se encontra online. Se achas que algo n\u00e3o est\u00e1 bem, ent\u00e3o provavelmente n\u00e3o est\u00e1. Se alguma vez tiveste uma mensagem de ex-mensagem depois de se separarem, ent\u00e3o sabes o que quero dizer. O teu instinto costuma dizer-te se algo parece errado. Verifique sempre refer\u00eancias antes de conhecer algu\u00e9m na vida real. E nunca d\u00ea informa\u00e7\u00f5es pessoais como o seu endere\u00e7o, n\u00famero de telefone ou apelido.<\/p>\n<h2>Alternativas de namoro cego<\/h2>\n<p>J\u00e1 esteve num site de encontros online? Como se sentiu? Sentiu-se segura? Se ainda n\u00e3o experimentou encontros online, ent\u00e3o ler os nossos sobre os melhores sites de encontros online pode realmente ajud\u00e1-lo.<\/p>\n<p>Aplica\u00e7\u00f5es como o Tinder e o Bumble permitem que os utilizadores passem para a direita ou para a esquerda em fotos de outros utilizadores para ver se est\u00e3o interessados neles. Mas embora as aplica\u00e7\u00f5es possam parecer inofensivas, existem s\u00e9rios riscos associados \u00e0 sua utiliza\u00e7\u00e3o para conhecer algu\u00e9m novo.<\/p>\n<p>Assim que encontrares o teu par, tens de conhec\u00ea-lo melhor antes de come\u00e7ares a falar. Isso significa trocar mensagens, ligar uns aos outros e, eventualmente, planear datas. Tudo isso leva tempo e esfor\u00e7o. Ent\u00e3o, por que n\u00e3o salta o intermedi\u00e1rio e vai direto para a divers\u00e3o?<\/p>\n","protected":false},"excerpt":{"rendered":"<p>Encontros \u00e0s cegas \u00e9 uma \u00f3tima maneira de conhecer pessoas que partilham interesses semelhantes. Este tipo de namoro \u00e9 muitas vezes referido como <\/p>\n","protected":false},"author":1,"featured_media":159,"parent":0,"menu_order":0,"comment_status":"closed","ping_status":"closed","template":"","meta":[],"yoast_head":"<!-- This site is optimized with the Yoast SEO plugin v19.2 - https:\/\/yoast.com\/wordpress\/plugins\/seo\/ -->\n<title>Encontros \u00e0s cegas funcionam? Amor de Encontro - t\u00edtulo<\/title>\n<meta name=\"robots\" content=\"index, follow, max-snippet:-1, max-image-preview:large, max-video-preview:-1\" \/>\n<link rel=\"canonical\" href=\"http:\/\/bardelconvent.com\/pt-pt\/encontros-as-cegas-funcionam\/\" \/>\n<meta property=\"og:locale\" content=\"pt_PT\" \/>\n<meta property=\"og:type\" content=\"article\" \/>\n<meta property=\"og:title\" content=\"Encontros \u00e0s cegas funcionam? Amor de Encontro - t\u00edtulo\" \/>\n<meta property=\"og:description\" content=\"Encontros \u00e0s cegas \u00e9 uma \u00f3tima maneira de conhecer pessoas que partilham interesses semelhantes. Este tipo de namoro \u00e9 muitas vezes referido como\" \/>\n<meta property=\"og:url\" content=\"http:\/\/bardelconvent.com\/pt-pt\/encontros-as-cegas-funcionam\/\" \/>\n<meta property=\"og:site_name\" content=\"Amor de Encontro\" \/>\n<meta property=\"og:image\" content=\"http:\/\/bardelconvent.com\/wp-content\/uploads\/2022\/07\/casual-sex-hookups.jpg\" \/>\n\t<meta property=\"og:image:width\" content=\"500\" \/>\n\t<meta property=\"og:image:height\" content=\"333\" \/>\n\t<meta property=\"og:image:type\" content=\"image\/jpeg\" \/>\n<meta name=\"author\" content=\"Dating Expert\" \/>\n<meta name=\"twitter:card\" content=\"summary_large_image\" \/>\n<meta name=\"twitter:label1\" content=\"Tempo estimado de leitura\" \/>\n\t<meta name=\"twitter:data1\" content=\"2 minutos\" \/>\n<script type=\"application\/ld+json\" class=\"yoast-schema-graph\">{\"@context\":\"https:\/\/schema.org\",\"@graph\":[{\"@type\":\"WebSite\",\"@id\":\"http:\/\/bardelconvent.com\/de\/#website\",\"url\":\"http:\/\/bardelconvent.com\/de\/\",\"name\":\"Amor de Encontro\",\"description\":\"Namoro e Relacionamentos\",\"potentialAction\":[{\"@type\":\"SearchAction\",\"target\":{\"@type\":\"EntryPoint\",\"urlTemplate\":\"http:\/\/bardelconvent.com\/de\/?s={search_term_string}\"},\"query-input\":\"required name=search_term_string\"}],\"inLanguage\":\"pt-PT\"},{\"@type\":\"ImageObject\",\"inLanguage\":\"pt-PT\",\"@id\":\"http:\/\/bardelconvent.com\/pt-pt\/encontros-as-cegas-funcionam\/#primaryimage\",\"url\":\"http:\/\/bardelconvent.com\/wp-content\/uploads\/2022\/07\/casual-sex-hookups.jpg\",\"contentUrl\":\"http:\/\/bardelconvent.com\/wp-content\/uploads\/2022\/07\/casual-sex-hookups.jpg\",\"width\":500,\"height\":333},{\"@type\":\"WebPage\",\"@id\":\"http:\/\/bardelconvent.com\/pt-pt\/encontros-as-cegas-funcionam\/#webpage\",\"url\":\"http:\/\/bardelconvent.com\/pt-pt\/encontros-as-cegas-funcionam\/\",\"name\":\"Encontros \u00e0s cegas funcionam? Amor de Encontro - t\u00edtulo\",\"isPartOf\":{\"@id\":\"http:\/\/bardelconvent.com\/de\/#website\"},\"primaryImageOfPage\":{\"@id\":\"http:\/\/bardelconvent.com\/pt-pt\/encontros-as-cegas-funcionam\/#primaryimage\"},\"datePublished\":\"2022-07-08T11:27:59+00:00\",\"dateModified\":\"2022-07-08T11:27:59+00:00\",\"breadcrumb\":{\"@id\":\"http:\/\/bardelconvent.com\/pt-pt\/encontros-as-cegas-funcionam\/#breadcrumb\"},\"inLanguage\":\"pt-PT\",\"potentialAction\":[{\"@type\":\"ReadAction\",\"target\":[\"http:\/\/bardelconvent.com\/pt-pt\/encontros-as-cegas-funcionam\/\"]}]},{\"@type\":\"BreadcrumbList\",\"@id\":\"http:\/\/bardelconvent.com\/pt-pt\/encontros-as-cegas-funcionam\/#breadcrumb\",\"itemListElement\":[{\"@type\":\"ListItem\",\"position\":1,\"name\":\"Casa\",\"item\":\"http:\/\/bardelconvent.com\/pt-pt\/\"},{\"@type\":\"ListItem\",\"position\":2,\"name\":\"Encontros \u00e0s cegas funcionam?\"}]}]}<\/script>\n<!-- \/ Yoast SEO plugin. -->","yoast_head_json":{"title":"Encontros \u00e0s cegas funcionam? Amor de Encontro - t\u00edtulo","robots":{"index":"index","follow":"follow","max-snippet":"max-snippet:-1","max-image-preview":"max-image-preview:large","max-video-preview":"max-video-preview:-1"},"canonical":"http:\/\/bardelconvent.com\/pt-pt\/encontros-as-cegas-funcionam\/","og_locale":"pt_PT","og_type":"article","og_title":"Encontros \u00e0s cegas funcionam? Amor de Encontro - t\u00edtulo","og_description":"Encontros \u00e0s cegas \u00e9 uma \u00f3tima maneira de conhecer pessoas que partilham interesses semelhantes. Este tipo de namoro \u00e9 muitas vezes referido como","og_url":"http:\/\/bardelconvent.com\/pt-pt\/encontros-as-cegas-funcionam\/","og_site_name":"Amor de Encontro","og_image":[{"width":500,"height":333,"url":"http:\/\/bardelconvent.com\/wp-content\/uploads\/2022\/07\/casual-sex-hookups.jpg","type":"image\/jpeg"}],"author":"Dating Expert","twitter_card":"summary_large_image","twitter_misc":{"Tempo estimado de leitura":"2 minutos"},"schema":{"@context":"https:\/\/schema.org","@graph":[{"@type":"WebSite","@id":"http:\/\/bardelconvent.com\/de\/#website","url":"http:\/\/bardelconvent.com\/de\/","name":"Amor de Encontro","description":"Namoro e Relacionamentos","potentialAction":[{"@type":"SearchAction","target":{"@type":"EntryPoint","urlTemplate":"http:\/\/bardelconvent.com\/de\/?s={search_term_string}"},"query-input":"required name=search_term_string"}],"inLanguage":"pt-PT"},{"@type":"ImageObject","inLanguage":"pt-PT","@id":"http:\/\/bardelconvent.com\/pt-pt\/encontros-as-cegas-funcionam\/#primaryimage","url":"http:\/\/bardelconvent.com\/wp-content\/uploads\/2022\/07\/casual-sex-hookups.jpg","contentUrl":"http:\/\/bardelconvent.com\/wp-content\/uploads\/2022\/07\/casual-sex-hookups.jpg","width":500,"height":333},{"@type":"WebPage","@id":"http:\/\/bardelconvent.com\/pt-pt\/encontros-as-cegas-funcionam\/#webpage","url":"http:\/\/bardelconvent.com\/pt-pt\/encontros-as-cegas-funcionam\/","name":"Encontros \u00e0s cegas funcionam? Amor de Encontro - t\u00edtulo","isPartOf":{"@id":"http:\/\/bardelconvent.com\/de\/#website"},"primaryImageOfPage":{"@id":"http:\/\/bardelconvent.com\/pt-pt\/encontros-as-cegas-funcionam\/#primaryimage"},"datePublished":"2022-07-08T11:27:59+00:00","dateModified":"2022-07-08T11:27:59+00:00","breadcrumb":{"@id":"http:\/\/bardelconvent.com\/pt-pt\/encontros-as-cegas-funcionam\/#breadcrumb"},"inLanguage":"pt-PT","potentialAction":[{"@type":"ReadAction","target":["http:\/\/bardelconvent.com\/pt-pt\/encontros-as-cegas-funcionam\/"]}]},{"@type":"BreadcrumbList","@id":"http:\/\/bardelconvent.com\/pt-pt\/encontros-as-cegas-funcionam\/#breadcrumb","itemListElement":[{"@type":"ListItem","position":1,"name":"Casa","item":"http:\/\/bardelconvent.com\/pt-pt\/"},{"@type":"ListItem","position":2,"name":"Encontros \u00e0s cegas funcionam?"}]}]}},"_links":{"self":[{"href":"http:\/\/bardelconvent.com\/pt-pt\/wp-json\/wp\/v2\/pages\/187"}],"collection":[{"href":"http:\/\/bardelconvent.com\/pt-pt\/wp-json\/wp\/v2\/pages"}],"about":[{"href":"http:\/\/bardelconvent.com\/pt-pt\/wp-json\/wp\/v2\/types\/page"}],"author":[{"embeddable":true,"href":"http:\/\/bardelconvent.com\/pt-pt\/wp-json\/wp\/v2\/users\/1"}],"replies":[{"embeddable":true,"href":"http:\/\/bardelconvent.com\/pt-pt\/wp-json\/wp\/v2\/comments?post=187"}],"version-history":[{"count":0,"href":"http:\/\/bardelconvent.com\/pt-pt\/wp-json\/wp\/v2\/pages\/187\/revisions"}],"wp:featuredmedia":[{"embeddable":true,"href":"http:\/\/bardelconvent.com\/pt-pt\/wp-json\/wp\/v2\/media\/159"}],"wp:attachment":[{"href":"http:\/\/bardelconvent.com\/pt-pt\/wp-json\/wp\/v2\/media?parent=187"}],"curies":[{"name":"wp","href":"https:\/\/api.w.org\/{rel}","templated":true}]}}