{"id":201,"date":"2022-07-08T12:19:13","date_gmt":"2022-07-08T11:19:13","guid":{"rendered":"http:\/\/bardelconvent.com\/assina-uma-rapariga-que-gosta-de-ti-online\/"},"modified":"2022-07-08T12:19:13","modified_gmt":"2022-07-08T11:19:13","slug":"assina-uma-rapariga-que-gosta-de-ti-online","status":"publish","type":"page","link":"http:\/\/bardelconvent.com\/pt-pt\/assina-uma-rapariga-que-gosta-de-ti-online\/","title":{"rendered":"Assina uma rapariga que gosta de ti online?"},"content":{"rendered":"<p>Enviar mensagens a raparigas \u00e9 uma experi\u00eancia interessante. Podes ter pistas sobre o que eles realmente sentem por ti nas mensagens deles. Prestando muita aten\u00e7\u00e3o ao qu\u00ea, quando e como mandam sms, vai ajud\u00e1-lo a compreend\u00ea-los melhor.<\/p>\n<p>Se n\u00e3o tens a certeza se ela est\u00e1 interessada em amizade, v\u00ea os <a href=\"http:\/\/bardelconvent.com\/pt-pt\/seguranca-de-aplicativos-de-namoro-on-line\/\">outros sinais<\/a>. Por exemplo, ela pode estar a enviar-te mensagens para recordares uma divers\u00e3o juntos. Ou pode estar a tentar contactar-se porque precisa de ajuda numa determinada miss\u00e3o ou teste.<\/p>\n<h2>Sms primeiro?<\/h2>\n<p>Se ela te mandar mensagens do nada, pode significar qualquer coisa. Ela pode estar aborrecida, ou pode estar a tentar conhecer-te melhor. Podes ser o tipo de homem dela, ou ela pode n\u00e3o gostar de ti. De qualquer forma, n\u00e3o importa, porque n\u00e3o h\u00e1 nada que possa fazer. Dito isto, se ela te mandar uma mensagem primeiro, significa que quer falar contigo. Ent\u00e3o, quando ela te enviar uma mensagem, presta aten\u00e7\u00e3o.<\/p>\n<h2>N\u00e3o consegue parar de te mandar mensagens?<\/h2>\n<p>Ela n\u00e3o gosta de ti quando te conhece pela primeira vez. Mas depois de um tempo, <a href=\"http:\/\/bardelconvent.com\/pt-pt\/sites-de-chat-sexual-gratuitos\/\">ela come\u00e7a a gostar de ti<\/a>. E se ela continuar a falar contigo, vai come\u00e7ar a sentir-se muito pr\u00f3xima de ti. Se ela quer falar contigo sempre que te encontras, ela provavelmente est\u00e1 apaixonada por ti.<\/p>\n<h2>Mandar-te mensagens durante todo o dia?<\/h2>\n<p>Se ela te mandar mensagens muitas vezes, significa que gosta de ti. Ela pode at\u00e9 estar interessada em conhecer-te melhor. Ela quer que a conhe\u00e7as e o que ela defende, porque ela sabe que vais gostar. As mulheres sabem que desenvolver rela\u00e7\u00f5es \u00e9 um passo importante para iniciar uma rela\u00e7\u00e3o com o tipo de quem gostas. Aprendi isto com a guru da rela\u00e7\u00e3o Kate Spring.<\/p>\n<h2>Enviar mensagens funciona mesmo?<\/h2>\n<p>Enviar mensagens \u00e9 uma grande forma de comunica\u00e7\u00e3o, especialmente quando se est\u00e1 a tentar conhecer algu\u00e9m. No entanto, h\u00e1 momentos em que precisa recuar e dar tempo a si mesmo para pensar antes de enviar outra mensagem. Se teve uma m\u00e1 experi\u00eancia com algu\u00e9m, talvez seja melhor esperar at\u00e9 se acalmar antes de chegar. Tamb\u00e9m pode tentar ligar-lhes em vez de mandar sms. Assim, n\u00e3o vai sentir que est\u00e1 a incomod\u00e1-los enquanto ainda est\u00e1 chateado.<\/p>\n","protected":false},"excerpt":{"rendered":"<p>Enviar mensagens a raparigas \u00e9 uma experi\u00eancia interessante. Podes ter pistas sobre o que eles realmente sentem por ti nas mensagens deles. Prestando <\/p>\n","protected":false},"author":1,"featured_media":139,"parent":0,"menu_order":0,"comment_status":"closed","ping_status":"closed","template":"","meta":[],"yoast_head":"<!-- This site is optimized with the Yoast SEO plugin v19.2 - https:\/\/yoast.com\/wordpress\/plugins\/seo\/ -->\n<title>Assina uma rapariga que gosta de ti online? Amor de Encontro - t\u00edtulo<\/title>\n<meta name=\"robots\" content=\"index, follow, max-snippet:-1, max-image-preview:large, max-video-preview:-1\" \/>\n<link rel=\"canonical\" href=\"http:\/\/bardelconvent.com\/pt-pt\/assina-uma-rapariga-que-gosta-de-ti-online\/\" \/>\n<meta property=\"og:locale\" content=\"pt_PT\" \/>\n<meta property=\"og:type\" content=\"article\" \/>\n<meta property=\"og:title\" content=\"Assina uma rapariga que gosta de ti online? Amor de Encontro - t\u00edtulo\" \/>\n<meta property=\"og:description\" content=\"Enviar mensagens a raparigas \u00e9 uma experi\u00eancia interessante. Podes ter pistas sobre o que eles realmente sentem por ti nas mensagens deles. Prestando\" \/>\n<meta property=\"og:url\" content=\"http:\/\/bardelconvent.com\/pt-pt\/assina-uma-rapariga-que-gosta-de-ti-online\/\" \/>\n<meta property=\"og:site_name\" content=\"Amor de Encontro\" \/>\n<meta property=\"og:image\" content=\"https:\/\/bardelconvent.com\/wp-content\/uploads\/2022\/07\/real-sex-chat.jpeg\" \/>\n\t<meta property=\"og:image:width\" content=\"2250\" \/>\n\t<meta property=\"og:image:height\" content=\"1500\" \/>\n\t<meta property=\"og:image:type\" content=\"image\/jpeg\" \/>\n<meta name=\"author\" content=\"Dating Expert\" \/>\n<meta name=\"twitter:card\" content=\"summary_large_image\" \/>\n<meta name=\"twitter:label1\" content=\"Tempo estimado de leitura\" \/>\n\t<meta name=\"twitter:data1\" content=\"2 minutos\" \/>\n<script type=\"application\/ld+json\" class=\"yoast-schema-graph\">{\"@context\":\"https:\/\/schema.org\",\"@graph\":[{\"@type\":\"WebSite\",\"@id\":\"http:\/\/bardelconvent.com\/de\/#website\",\"url\":\"http:\/\/bardelconvent.com\/de\/\",\"name\":\"Amor de Encontro\",\"description\":\"Namoro e Relacionamentos\",\"potentialAction\":[{\"@type\":\"SearchAction\",\"target\":{\"@type\":\"EntryPoint\",\"urlTemplate\":\"http:\/\/bardelconvent.com\/de\/?s={search_term_string}\"},\"query-input\":\"required name=search_term_string\"}],\"inLanguage\":\"pt-PT\"},{\"@type\":\"ImageObject\",\"inLanguage\":\"pt-PT\",\"@id\":\"http:\/\/bardelconvent.com\/pt-pt\/assina-uma-rapariga-que-gosta-de-ti-online\/#primaryimage\",\"url\":\"http:\/\/bardelconvent.com\/wp-content\/uploads\/2022\/07\/real-sex-chat.jpeg\",\"contentUrl\":\"http:\/\/bardelconvent.com\/wp-content\/uploads\/2022\/07\/real-sex-chat.jpeg\",\"width\":2250,\"height\":1500},{\"@type\":\"WebPage\",\"@id\":\"http:\/\/bardelconvent.com\/pt-pt\/assina-uma-rapariga-que-gosta-de-ti-online\/#webpage\",\"url\":\"http:\/\/bardelconvent.com\/pt-pt\/assina-uma-rapariga-que-gosta-de-ti-online\/\",\"name\":\"Assina uma rapariga que gosta de ti online? Amor de Encontro - t\u00edtulo\",\"isPartOf\":{\"@id\":\"http:\/\/bardelconvent.com\/de\/#website\"},\"primaryImageOfPage\":{\"@id\":\"http:\/\/bardelconvent.com\/pt-pt\/assina-uma-rapariga-que-gosta-de-ti-online\/#primaryimage\"},\"datePublished\":\"2022-07-08T11:19:13+00:00\",\"dateModified\":\"2022-07-08T11:19:13+00:00\",\"breadcrumb\":{\"@id\":\"http:\/\/bardelconvent.com\/pt-pt\/assina-uma-rapariga-que-gosta-de-ti-online\/#breadcrumb\"},\"inLanguage\":\"pt-PT\",\"potentialAction\":[{\"@type\":\"ReadAction\",\"target\":[\"http:\/\/bardelconvent.com\/pt-pt\/assina-uma-rapariga-que-gosta-de-ti-online\/\"]}]},{\"@type\":\"BreadcrumbList\",\"@id\":\"http:\/\/bardelconvent.com\/pt-pt\/assina-uma-rapariga-que-gosta-de-ti-online\/#breadcrumb\",\"itemListElement\":[{\"@type\":\"ListItem\",\"position\":1,\"name\":\"Casa\",\"item\":\"http:\/\/bardelconvent.com\/pt-pt\/\"},{\"@type\":\"ListItem\",\"position\":2,\"name\":\"Assina uma rapariga que gosta de ti online?\"}]}]}<\/script>\n<!-- \/ Yoast SEO plugin. -->","yoast_head_json":{"title":"Assina uma rapariga que gosta de ti online? Amor de Encontro - t\u00edtulo","robots":{"index":"index","follow":"follow","max-snippet":"max-snippet:-1","max-image-preview":"max-image-preview:large","max-video-preview":"max-video-preview:-1"},"canonical":"http:\/\/bardelconvent.com\/pt-pt\/assina-uma-rapariga-que-gosta-de-ti-online\/","og_locale":"pt_PT","og_type":"article","og_title":"Assina uma rapariga que gosta de ti online? Amor de Encontro - t\u00edtulo","og_description":"Enviar mensagens a raparigas \u00e9 uma experi\u00eancia interessante. Podes ter pistas sobre o que eles realmente sentem por ti nas mensagens deles. Prestando","og_url":"http:\/\/bardelconvent.com\/pt-pt\/assina-uma-rapariga-que-gosta-de-ti-online\/","og_site_name":"Amor de Encontro","og_image":[{"width":2250,"height":1500,"url":"https:\/\/bardelconvent.com\/wp-content\/uploads\/2022\/07\/real-sex-chat.jpeg","type":"image\/jpeg"}],"author":"Dating Expert","twitter_card":"summary_large_image","twitter_misc":{"Tempo estimado de leitura":"2 minutos"},"schema":{"@context":"https:\/\/schema.org","@graph":[{"@type":"WebSite","@id":"http:\/\/bardelconvent.com\/de\/#website","url":"http:\/\/bardelconvent.com\/de\/","name":"Amor de Encontro","description":"Namoro e Relacionamentos","potentialAction":[{"@type":"SearchAction","target":{"@type":"EntryPoint","urlTemplate":"http:\/\/bardelconvent.com\/de\/?s={search_term_string}"},"query-input":"required name=search_term_string"}],"inLanguage":"pt-PT"},{"@type":"ImageObject","inLanguage":"pt-PT","@id":"http:\/\/bardelconvent.com\/pt-pt\/assina-uma-rapariga-que-gosta-de-ti-online\/#primaryimage","url":"http:\/\/bardelconvent.com\/wp-content\/uploads\/2022\/07\/real-sex-chat.jpeg","contentUrl":"http:\/\/bardelconvent.com\/wp-content\/uploads\/2022\/07\/real-sex-chat.jpeg","width":2250,"height":1500},{"@type":"WebPage","@id":"http:\/\/bardelconvent.com\/pt-pt\/assina-uma-rapariga-que-gosta-de-ti-online\/#webpage","url":"http:\/\/bardelconvent.com\/pt-pt\/assina-uma-rapariga-que-gosta-de-ti-online\/","name":"Assina uma rapariga que gosta de ti online? Amor de Encontro - t\u00edtulo","isPartOf":{"@id":"http:\/\/bardelconvent.com\/de\/#website"},"primaryImageOfPage":{"@id":"http:\/\/bardelconvent.com\/pt-pt\/assina-uma-rapariga-que-gosta-de-ti-online\/#primaryimage"},"datePublished":"2022-07-08T11:19:13+00:00","dateModified":"2022-07-08T11:19:13+00:00","breadcrumb":{"@id":"http:\/\/bardelconvent.com\/pt-pt\/assina-uma-rapariga-que-gosta-de-ti-online\/#breadcrumb"},"inLanguage":"pt-PT","potentialAction":[{"@type":"ReadAction","target":["http:\/\/bardelconvent.com\/pt-pt\/assina-uma-rapariga-que-gosta-de-ti-online\/"]}]},{"@type":"BreadcrumbList","@id":"http:\/\/bardelconvent.com\/pt-pt\/assina-uma-rapariga-que-gosta-de-ti-online\/#breadcrumb","itemListElement":[{"@type":"ListItem","position":1,"name":"Casa","item":"http:\/\/bardelconvent.com\/pt-pt\/"},{"@type":"ListItem","position":2,"name":"Assina uma rapariga que gosta de ti online?"}]}]}},"_links":{"self":[{"href":"http:\/\/bardelconvent.com\/pt-pt\/wp-json\/wp\/v2\/pages\/201"}],"collection":[{"href":"http:\/\/bardelconvent.com\/pt-pt\/wp-json\/wp\/v2\/pages"}],"about":[{"href":"http:\/\/bardelconvent.com\/pt-pt\/wp-json\/wp\/v2\/types\/page"}],"author":[{"embeddable":true,"href":"http:\/\/bardelconvent.com\/pt-pt\/wp-json\/wp\/v2\/users\/1"}],"replies":[{"embeddable":true,"href":"http:\/\/bardelconvent.com\/pt-pt\/wp-json\/wp\/v2\/comments?post=201"}],"version-history":[{"count":0,"href":"http:\/\/bardelconvent.com\/pt-pt\/wp-json\/wp\/v2\/pages\/201\/revisions"}],"wp:featuredmedia":[{"embeddable":true,"href":"http:\/\/bardelconvent.com\/pt-pt\/wp-json\/wp\/v2\/media\/139"}],"wp:attachment":[{"href":"http:\/\/bardelconvent.com\/pt-pt\/wp-json\/wp\/v2\/media?parent=201"}],"curies":[{"name":"wp","href":"https:\/\/api.w.org\/{rel}","templated":true}]}}