{"id":206,"date":"2022-07-08T12:21:20","date_gmt":"2022-07-08T11:21:20","guid":{"rendered":"http:\/\/bardelconvent.com\/aplicativos-de-ligacao-confiaveis-para-encontrar-sexo\/"},"modified":"2022-07-08T12:21:20","modified_gmt":"2022-07-08T11:21:20","slug":"aplicativos-de-ligacao-confiaveis-para-encontrar-sexo","status":"publish","type":"page","link":"http:\/\/bardelconvent.com\/pt-pt\/aplicativos-de-ligacao-confiaveis-para-encontrar-sexo\/","title":{"rendered":"Aplicativos de liga\u00e7\u00e3o confi\u00e1veis para encontrar sexo"},"content":{"rendered":"<p>Os encontros online tornaram-se t\u00e3o comuns que quase parece uma coisa do dia-a-dia. Quer esteja \u00e0 procura de amor ou apenas algu\u00e9m com quem conversar online, existem muitas op\u00e7\u00f5es dispon\u00edveis. Voc\u00ea pode conhecer pessoas atrav\u00e9s de redes sociais, apps, sites ou at\u00e9 eventos locais. Se est\u00e1 interessado em conhecer algu\u00e9m especial, aqui est\u00e3o algumas dicas para ajud\u00e1-lo a come\u00e7ar.<\/p>\n<p>Especialmente desde o advento do Tinder e outras aplica\u00e7\u00f5es similares! Existem muitos benef\u00edcios em usar uma app como esta, incluindo conveni\u00eancia e privacidade. No entanto, existem tamb\u00e9m riscos associados ao namoro online. Podes encontrar algu\u00e9m que n\u00e3o seja genu\u00edno, ou que tente enganar-te do teu dinheiro. Pode at\u00e9 ser <a href=\"http:\/\/bardelconvent.com\/pt-pt\/seguranca-de-aplicativos-de-namoro-on-line\/\">fisicamente amea\u00e7ado quando se encontrar pessoalmente<\/a>. Se procura amor, tente outra coisa!<\/p>\n<h2>Seguran\u00e7a Em primeiro lugar<\/h2>\n<p>Antes de conhecer algu\u00e9m na vida real, experimente o v\u00eddeo a conversar com ele online. Conversar online permite-lhe ver se gostam um do outro imediatamente. Tamb\u00e9m pode fazer perguntas sobre o que gostam e n\u00e3o gostam, e se querem se encontrar pessoalmente. Se parecerem hesitantes em falar consigo, pode ser uma bandeira vermelha. N\u00e3o d\u00ea informa\u00e7\u00f5es pessoais at\u00e9 se encontrar cara a cara. Antes de concordar em se encontrar em algum lugar, diga a um amigo para onde vai.<\/p>\n<p>Tira uma imagem do perfil deles e envia-a aos teus amigos. Enviar sms a um amigo enquanto estiver num encontro pode n\u00e3o se sentir confort\u00e1vel, mas permitir\u00e1 manter o seu amigo informado. Se continuares a namorar para al\u00e9m do ponto que esperavas, manda uma mensagem a um amigo para lhes dizer para onde vais a seguir.<\/p>\n<h2>Evitar fraudes<\/h2>\n<p>A culpa n\u00e3o \u00e9 tua se algu\u00e9m te tentar enganar online. <a href=\"http:\/\/bardelconvent.com\/pt-pt\/assina-uma-rapariga-que-gosta-de-ti-online\/\">N\u00e3o devias ter de pagar para te afastares deles<\/a>. Mas h\u00e1 formas de se proteger enquanto usa uma app como o Tinder. Compilamos uma lista de dicas de seguran\u00e7a abaixo, juntamente com um gr\u00e1fico comparando as funcionalidades de seguran\u00e7a e seguran\u00e7a dispon\u00edveis em algumas das aplica\u00e7\u00f5es mais populares de 2019. Veja se alguma destas op\u00e7\u00f5es ir\u00e1 ajud\u00e1-lo a manter-se seguro durante a utiliza\u00e7\u00e3o do Tinder.<\/p>\n<h2>Perfis Falsos<\/h2>\n<p>Perfis falsos, bots e outros burl\u00f5es abundam online. Mesmo que n\u00e3o estejas \u00e0 procura de amor, h\u00e1 muitas raz\u00f5es para quereres ficar longe deles. Contas falsas podem parecer inofensivas no in\u00edcio, mas podem causar danos. Se algu\u00e9m tentar engan\u00e1-lo, denuncie-o imediatamente. Al\u00e9m disso, considere usar uma aplica\u00e7\u00e3o de encontros que verifique as identidades dos utilizadores antes de permitir que se conectem com outros. Tamb\u00e9m pode consultar as nossas dicas abaixo para saber como se proteger ao conhecer pessoas online.<\/p>\n<h2>Converse com a sua data antes da reuni\u00e3o<\/h2>\n<p>\u00c9 importante falar com o seu encontro antes de se encontrar. Se n\u00e3o tens a certeza se ele ou ela \u00e9 o certo para ti, ent\u00e3o vais ter de ver se h\u00e1 alguma coisa nele ou nela que n\u00e3o te asse bem. Tamb\u00e9m deve perguntar a si mesmo se confia nele ou nela o suficiente para lhes dizer algo que possa adi\u00e1-los. Assim que se encontrarem cara a cara, poder\u00e3o julgar as personalidades um do outro e decidir se gostam um do outro. No in\u00edcio, n\u00e3o partilhe muitos detalhes sobre si mesmo. N\u00e3o quer dar nenhuma informa\u00e7\u00e3o sobre si mesmo que possa faz\u00ea-lo parecer pouco profissional ou pouco fi\u00e1vel.<\/p>\n","protected":false},"excerpt":{"rendered":"<p>Os encontros online tornaram-se t\u00e3o comuns que quase parece uma coisa do dia-a-dia. Quer esteja \u00e0 procura de amor ou apenas algu\u00e9m com <\/p>\n","protected":false},"author":1,"featured_media":0,"parent":0,"menu_order":0,"comment_status":"closed","ping_status":"closed","template":"","meta":[],"yoast_head":"<!-- This site is optimized with the Yoast SEO plugin v19.2 - https:\/\/yoast.com\/wordpress\/plugins\/seo\/ -->\n<title>Aplicativos de liga\u00e7\u00e3o confi\u00e1veis para encontrar sexo Amor de Encontro - t\u00edtulo<\/title>\n<meta name=\"robots\" content=\"index, follow, max-snippet:-1, max-image-preview:large, max-video-preview:-1\" \/>\n<link rel=\"canonical\" href=\"http:\/\/bardelconvent.com\/pt-pt\/aplicativos-de-ligacao-confiaveis-para-encontrar-sexo\/\" \/>\n<meta property=\"og:locale\" content=\"pt_PT\" \/>\n<meta property=\"og:type\" content=\"article\" \/>\n<meta property=\"og:title\" content=\"Aplicativos de liga\u00e7\u00e3o confi\u00e1veis para encontrar sexo Amor de Encontro - t\u00edtulo\" \/>\n<meta property=\"og:description\" content=\"Os encontros online tornaram-se t\u00e3o comuns que quase parece uma coisa do dia-a-dia. Quer esteja \u00e0 procura de amor ou apenas algu\u00e9m com\" \/>\n<meta property=\"og:url\" content=\"http:\/\/bardelconvent.com\/pt-pt\/aplicativos-de-ligacao-confiaveis-para-encontrar-sexo\/\" \/>\n<meta property=\"og:site_name\" content=\"Amor de Encontro\" \/>\n<meta name=\"author\" content=\"Dating Expert\" \/>\n<meta name=\"twitter:card\" content=\"summary_large_image\" \/>\n<meta name=\"twitter:label1\" content=\"Tempo estimado de leitura\" \/>\n\t<meta name=\"twitter:data1\" content=\"3 minutos\" \/>\n<script type=\"application\/ld+json\" class=\"yoast-schema-graph\">{\"@context\":\"https:\/\/schema.org\",\"@graph\":[{\"@type\":\"WebSite\",\"@id\":\"http:\/\/bardelconvent.com\/de\/#website\",\"url\":\"http:\/\/bardelconvent.com\/de\/\",\"name\":\"Amor de Encontro\",\"description\":\"Namoro e Relacionamentos\",\"potentialAction\":[{\"@type\":\"SearchAction\",\"target\":{\"@type\":\"EntryPoint\",\"urlTemplate\":\"http:\/\/bardelconvent.com\/de\/?s={search_term_string}\"},\"query-input\":\"required name=search_term_string\"}],\"inLanguage\":\"pt-PT\"},{\"@type\":\"WebPage\",\"@id\":\"http:\/\/bardelconvent.com\/pt-pt\/aplicativos-de-ligacao-confiaveis-para-encontrar-sexo\/#webpage\",\"url\":\"http:\/\/bardelconvent.com\/pt-pt\/aplicativos-de-ligacao-confiaveis-para-encontrar-sexo\/\",\"name\":\"Aplicativos de liga\u00e7\u00e3o confi\u00e1veis para encontrar sexo Amor de Encontro - t\u00edtulo\",\"isPartOf\":{\"@id\":\"http:\/\/bardelconvent.com\/de\/#website\"},\"datePublished\":\"2022-07-08T11:21:20+00:00\",\"dateModified\":\"2022-07-08T11:21:20+00:00\",\"breadcrumb\":{\"@id\":\"http:\/\/bardelconvent.com\/pt-pt\/aplicativos-de-ligacao-confiaveis-para-encontrar-sexo\/#breadcrumb\"},\"inLanguage\":\"pt-PT\",\"potentialAction\":[{\"@type\":\"ReadAction\",\"target\":[\"http:\/\/bardelconvent.com\/pt-pt\/aplicativos-de-ligacao-confiaveis-para-encontrar-sexo\/\"]}]},{\"@type\":\"BreadcrumbList\",\"@id\":\"http:\/\/bardelconvent.com\/pt-pt\/aplicativos-de-ligacao-confiaveis-para-encontrar-sexo\/#breadcrumb\",\"itemListElement\":[{\"@type\":\"ListItem\",\"position\":1,\"name\":\"Casa\",\"item\":\"http:\/\/bardelconvent.com\/pt-pt\/\"},{\"@type\":\"ListItem\",\"position\":2,\"name\":\"Aplicativos de liga\u00e7\u00e3o confi\u00e1veis para encontrar sexo\"}]}]}<\/script>\n<!-- \/ Yoast SEO plugin. -->","yoast_head_json":{"title":"Aplicativos de liga\u00e7\u00e3o confi\u00e1veis para encontrar sexo Amor de Encontro - t\u00edtulo","robots":{"index":"index","follow":"follow","max-snippet":"max-snippet:-1","max-image-preview":"max-image-preview:large","max-video-preview":"max-video-preview:-1"},"canonical":"http:\/\/bardelconvent.com\/pt-pt\/aplicativos-de-ligacao-confiaveis-para-encontrar-sexo\/","og_locale":"pt_PT","og_type":"article","og_title":"Aplicativos de liga\u00e7\u00e3o confi\u00e1veis para encontrar sexo Amor de Encontro - t\u00edtulo","og_description":"Os encontros online tornaram-se t\u00e3o comuns que quase parece uma coisa do dia-a-dia. Quer esteja \u00e0 procura de amor ou apenas algu\u00e9m com","og_url":"http:\/\/bardelconvent.com\/pt-pt\/aplicativos-de-ligacao-confiaveis-para-encontrar-sexo\/","og_site_name":"Amor de Encontro","author":"Dating Expert","twitter_card":"summary_large_image","twitter_misc":{"Tempo estimado de leitura":"3 minutos"},"schema":{"@context":"https:\/\/schema.org","@graph":[{"@type":"WebSite","@id":"http:\/\/bardelconvent.com\/de\/#website","url":"http:\/\/bardelconvent.com\/de\/","name":"Amor de Encontro","description":"Namoro e Relacionamentos","potentialAction":[{"@type":"SearchAction","target":{"@type":"EntryPoint","urlTemplate":"http:\/\/bardelconvent.com\/de\/?s={search_term_string}"},"query-input":"required name=search_term_string"}],"inLanguage":"pt-PT"},{"@type":"WebPage","@id":"http:\/\/bardelconvent.com\/pt-pt\/aplicativos-de-ligacao-confiaveis-para-encontrar-sexo\/#webpage","url":"http:\/\/bardelconvent.com\/pt-pt\/aplicativos-de-ligacao-confiaveis-para-encontrar-sexo\/","name":"Aplicativos de liga\u00e7\u00e3o confi\u00e1veis para encontrar sexo Amor de Encontro - t\u00edtulo","isPartOf":{"@id":"http:\/\/bardelconvent.com\/de\/#website"},"datePublished":"2022-07-08T11:21:20+00:00","dateModified":"2022-07-08T11:21:20+00:00","breadcrumb":{"@id":"http:\/\/bardelconvent.com\/pt-pt\/aplicativos-de-ligacao-confiaveis-para-encontrar-sexo\/#breadcrumb"},"inLanguage":"pt-PT","potentialAction":[{"@type":"ReadAction","target":["http:\/\/bardelconvent.com\/pt-pt\/aplicativos-de-ligacao-confiaveis-para-encontrar-sexo\/"]}]},{"@type":"BreadcrumbList","@id":"http:\/\/bardelconvent.com\/pt-pt\/aplicativos-de-ligacao-confiaveis-para-encontrar-sexo\/#breadcrumb","itemListElement":[{"@type":"ListItem","position":1,"name":"Casa","item":"http:\/\/bardelconvent.com\/pt-pt\/"},{"@type":"ListItem","position":2,"name":"Aplicativos de liga\u00e7\u00e3o confi\u00e1veis para encontrar sexo"}]}]}},"_links":{"self":[{"href":"http:\/\/bardelconvent.com\/pt-pt\/wp-json\/wp\/v2\/pages\/206"}],"collection":[{"href":"http:\/\/bardelconvent.com\/pt-pt\/wp-json\/wp\/v2\/pages"}],"about":[{"href":"http:\/\/bardelconvent.com\/pt-pt\/wp-json\/wp\/v2\/types\/page"}],"author":[{"embeddable":true,"href":"http:\/\/bardelconvent.com\/pt-pt\/wp-json\/wp\/v2\/users\/1"}],"replies":[{"embeddable":true,"href":"http:\/\/bardelconvent.com\/pt-pt\/wp-json\/wp\/v2\/comments?post=206"}],"version-history":[{"count":0,"href":"http:\/\/bardelconvent.com\/pt-pt\/wp-json\/wp\/v2\/pages\/206\/revisions"}],"wp:attachment":[{"href":"http:\/\/bardelconvent.com\/pt-pt\/wp-json\/wp\/v2\/media?parent=206"}],"curies":[{"name":"wp","href":"https:\/\/api.w.org\/{rel}","templated":true}]}}