{"id":207,"date":"2022-07-08T12:08:53","date_gmt":"2022-07-08T11:08:53","guid":{"rendered":"http:\/\/bardelconvent.com\/seguranca-de-aplicativos-de-namoro-on-line\/"},"modified":"2022-07-08T12:08:53","modified_gmt":"2022-07-08T11:08:53","slug":"seguranca-de-aplicativos-de-namoro-on-line","status":"publish","type":"page","link":"http:\/\/bardelconvent.com\/pt-pt\/seguranca-de-aplicativos-de-namoro-on-line\/","title":{"rendered":"Seguran\u00e7a de aplicativos de namoro on-line"},"content":{"rendered":"<p>O namoro online \u00e9 uma atividade cada vez mais popular entre os solteiros. No entanto, muitas vezes surgem preocupa\u00e7\u00f5es de seguran\u00e7a quando se encontra com algu\u00e9m atrav\u00e9s de um site. Embora existam v\u00e1rias formas de se proteger, pode nem sempre ser poss\u00edvel prevenir todos os riscos potenciais.<\/p>\n<h2>O Nosso Guia<\/h2>\n<p>Aqui est\u00e3o algumas formas de se proteger enquanto usa uma aplica\u00e7\u00e3o ou servi\u00e7o de encontros online. Estas gorjetas n\u00e3o s\u00e3o uma garantia, mas podem ajud\u00e1-lo a sentir-se mais seguro.<\/p>\n<p>\u00c9 melhor n\u00e3o partilhar detalhes pessoais no seu <a href=\"http:\/\/bardelconvent.com\/pt-pt\/por-que-aplicativos-de-namoro-on-line-podem-funcionar-para-voce\/\">perfil de namoro<\/a>. Deve evitar partilhar o seu nome completo e n\u00famero de telefone, bem como qualquer outra informa\u00e7\u00e3o que possa identific\u00e1-lo pessoalmente. Tamb\u00e9m \u00e9 aconselh\u00e1vel manter a sua presen\u00e7a online separada da sua vida real. Se encontrarem algu\u00e9m num bar ou numa festa, tentem ficar longe das suas contas nas redes sociais at\u00e9 que se assemenhem o suficiente para falarem ao telefone. N\u00e3o forne\u00e7a o seu endere\u00e7o ou informa\u00e7\u00f5es sobre o seu cart\u00e3o de cr\u00e9dito antes de se encontrar pessoalmente. E pe\u00e7a sempre refer\u00eancias quando se fala de datas potenciais.<\/p>\n<h2>Ao conversar com estranhos<\/h2>\n<p>Se procura amor nas redes sociais, confira primeiro os perfis da sua data potencial. Se sabe os nomes ou as al\u00e7as nas redes sociais, procure-os. Olha para as fotos deles e v\u00ea se as reconheces. Verifique se t\u00eam amigos em comum nas redes sociais. Se parecerem um peixe-gato, bloqueie-os e denuncie-os. Tamb\u00e9m pode bloquear e denunciar outros utilizadores se achar que os seus perfis s\u00e3o suspeitos ou se se comportaram de forma inadequada consigo. Confia sempre no teu instinto quando lidas com os outros. Se achas que algu\u00e9m n\u00e3o est\u00e1 a ser honesto contigo, ent\u00e3o afasta-te.<\/p>\n<p>H\u00e1 v\u00e1rias bandeiras vermelhas que devem <a href=\"http:\/\/bardelconvent.com\/pt-pt\/sites-de-chat-sexual-gratuitos\/\">levantar preocupa\u00e7\u00e3o<\/a> sobre algu\u00e9m com quem est\u00e1 a comunicar online. Se se sentir pressionado a dar informa\u00e7\u00f5es pessoais como o seu n\u00famero de telem\u00f3vel, ou se receber uma mensagem excessivamente rom\u00e2ntica no in\u00edcio da sua rela\u00e7\u00e3o, talvez deva considerar denunciar o utilizador.<\/p>\n<p>N\u00e3o partilhe as suas informa\u00e7\u00f5es pessoais com estranhos. Nunca deve fornecer nenhuma informa\u00e7\u00e3o pessoal ao comunicar com outra pessoa atrav\u00e9s de um website ou app. As suas informa\u00e7\u00f5es pessoais incluem qualquer coisa que possa identific\u00e1-lo pessoalmente, como o seu nome, n\u00fameros de telefone, moradas, datas de nascimento, n\u00fameros de carta de condu\u00e7\u00e3o, n\u00fameros de conta, senhas e n\u00fameros de Seguran\u00e7a Social.<\/p>\n<h2>Encontre-se em p\u00fablico<\/h2>\n<p>Encontre um lugar seguro e p\u00fablico. Se procura algo casual, escolha um local p\u00fablico como um caf\u00e9, restaurante ou bar. V\u00e3o ver-se antes de decidirem se v\u00e3o sair de novo. Se preferir um ambiente mais privado, considere ir a casa de um amigo ou a casa ou apartamento de outro conhecido m\u00fatuo. Se est\u00e1 nervoso por conhecer algu\u00e9m pessoalmente pela primeira vez, tente usar um site de encontros online para ajud\u00e1-lo a conhecer potenciais parceiros. Tamb\u00e9m pode pedir recomenda\u00e7\u00f5es aos amigos de locais para se encontrarem.<\/p>\n<p>Escolha um local que se sinta confort\u00e1vel e seguro. Divertir-se! Se voc\u00ea quiser ir a um lugar privado, h\u00e1 muitas aplica\u00e7\u00f5es que lhe permitem conhecer em particular.<\/p>\n","protected":false},"excerpt":{"rendered":"<p>O namoro online \u00e9 uma atividade cada vez mais popular entre os solteiros. No entanto, muitas vezes surgem preocupa\u00e7\u00f5es de seguran\u00e7a quando se <\/p>\n","protected":false},"author":1,"featured_media":129,"parent":0,"menu_order":0,"comment_status":"closed","ping_status":"closed","template":"","meta":[],"yoast_head":"<!-- This site is optimized with the Yoast SEO plugin v19.2 - https:\/\/yoast.com\/wordpress\/plugins\/seo\/ -->\n<title>Seguran\u00e7a de aplicativos de namoro on-line Amor de Encontro - t\u00edtulo<\/title>\n<meta name=\"robots\" content=\"index, follow, max-snippet:-1, max-image-preview:large, max-video-preview:-1\" \/>\n<link rel=\"canonical\" href=\"http:\/\/bardelconvent.com\/pt-pt\/seguranca-de-aplicativos-de-namoro-on-line\/\" \/>\n<meta property=\"og:locale\" content=\"pt_PT\" \/>\n<meta property=\"og:type\" content=\"article\" \/>\n<meta property=\"og:title\" content=\"Seguran\u00e7a de aplicativos de namoro on-line Amor de Encontro - t\u00edtulo\" \/>\n<meta property=\"og:description\" content=\"O namoro online \u00e9 uma atividade cada vez mais popular entre os solteiros. No entanto, muitas vezes surgem preocupa\u00e7\u00f5es de seguran\u00e7a quando se\" \/>\n<meta property=\"og:url\" content=\"http:\/\/bardelconvent.com\/pt-pt\/seguranca-de-aplicativos-de-namoro-on-line\/\" \/>\n<meta property=\"og:site_name\" content=\"Amor de Encontro\" \/>\n<meta property=\"og:image\" content=\"http:\/\/bardelconvent.com\/wp-content\/uploads\/2022\/07\/dating-scams.jpeg\" \/>\n\t<meta property=\"og:image:width\" content=\"2250\" \/>\n\t<meta property=\"og:image:height\" content=\"1500\" \/>\n\t<meta property=\"og:image:type\" content=\"image\/jpeg\" \/>\n<meta name=\"author\" content=\"Dating Expert\" \/>\n<meta name=\"twitter:card\" content=\"summary_large_image\" \/>\n<meta name=\"twitter:label1\" content=\"Tempo estimado de leitura\" \/>\n\t<meta name=\"twitter:data1\" content=\"3 minutos\" \/>\n<script type=\"application\/ld+json\" class=\"yoast-schema-graph\">{\"@context\":\"https:\/\/schema.org\",\"@graph\":[{\"@type\":\"WebSite\",\"@id\":\"http:\/\/bardelconvent.com\/de\/#website\",\"url\":\"http:\/\/bardelconvent.com\/de\/\",\"name\":\"Amor de Encontro\",\"description\":\"Namoro e Relacionamentos\",\"potentialAction\":[{\"@type\":\"SearchAction\",\"target\":{\"@type\":\"EntryPoint\",\"urlTemplate\":\"http:\/\/bardelconvent.com\/de\/?s={search_term_string}\"},\"query-input\":\"required name=search_term_string\"}],\"inLanguage\":\"pt-PT\"},{\"@type\":\"ImageObject\",\"inLanguage\":\"pt-PT\",\"@id\":\"http:\/\/bardelconvent.com\/pt-pt\/seguranca-de-aplicativos-de-namoro-on-line\/#primaryimage\",\"url\":\"http:\/\/bardelconvent.com\/wp-content\/uploads\/2022\/07\/dating-scams.jpeg\",\"contentUrl\":\"http:\/\/bardelconvent.com\/wp-content\/uploads\/2022\/07\/dating-scams.jpeg\",\"width\":2250,\"height\":1500},{\"@type\":\"WebPage\",\"@id\":\"http:\/\/bardelconvent.com\/pt-pt\/seguranca-de-aplicativos-de-namoro-on-line\/#webpage\",\"url\":\"http:\/\/bardelconvent.com\/pt-pt\/seguranca-de-aplicativos-de-namoro-on-line\/\",\"name\":\"Seguran\u00e7a de aplicativos de namoro on-line Amor de Encontro - t\u00edtulo\",\"isPartOf\":{\"@id\":\"http:\/\/bardelconvent.com\/de\/#website\"},\"primaryImageOfPage\":{\"@id\":\"http:\/\/bardelconvent.com\/pt-pt\/seguranca-de-aplicativos-de-namoro-on-line\/#primaryimage\"},\"datePublished\":\"2022-07-08T11:08:53+00:00\",\"dateModified\":\"2022-07-08T11:08:53+00:00\",\"breadcrumb\":{\"@id\":\"http:\/\/bardelconvent.com\/pt-pt\/seguranca-de-aplicativos-de-namoro-on-line\/#breadcrumb\"},\"inLanguage\":\"pt-PT\",\"potentialAction\":[{\"@type\":\"ReadAction\",\"target\":[\"http:\/\/bardelconvent.com\/pt-pt\/seguranca-de-aplicativos-de-namoro-on-line\/\"]}]},{\"@type\":\"BreadcrumbList\",\"@id\":\"http:\/\/bardelconvent.com\/pt-pt\/seguranca-de-aplicativos-de-namoro-on-line\/#breadcrumb\",\"itemListElement\":[{\"@type\":\"ListItem\",\"position\":1,\"name\":\"Casa\",\"item\":\"http:\/\/bardelconvent.com\/pt-pt\/\"},{\"@type\":\"ListItem\",\"position\":2,\"name\":\"Seguran\u00e7a de aplicativos de namoro on-line\"}]}]}<\/script>\n<!-- \/ Yoast SEO plugin. -->","yoast_head_json":{"title":"Seguran\u00e7a de aplicativos de namoro on-line Amor de Encontro - t\u00edtulo","robots":{"index":"index","follow":"follow","max-snippet":"max-snippet:-1","max-image-preview":"max-image-preview:large","max-video-preview":"max-video-preview:-1"},"canonical":"http:\/\/bardelconvent.com\/pt-pt\/seguranca-de-aplicativos-de-namoro-on-line\/","og_locale":"pt_PT","og_type":"article","og_title":"Seguran\u00e7a de aplicativos de namoro on-line Amor de Encontro - t\u00edtulo","og_description":"O namoro online \u00e9 uma atividade cada vez mais popular entre os solteiros. No entanto, muitas vezes surgem preocupa\u00e7\u00f5es de seguran\u00e7a quando se","og_url":"http:\/\/bardelconvent.com\/pt-pt\/seguranca-de-aplicativos-de-namoro-on-line\/","og_site_name":"Amor de Encontro","og_image":[{"width":2250,"height":1500,"url":"http:\/\/bardelconvent.com\/wp-content\/uploads\/2022\/07\/dating-scams.jpeg","type":"image\/jpeg"}],"author":"Dating Expert","twitter_card":"summary_large_image","twitter_misc":{"Tempo estimado de leitura":"3 minutos"},"schema":{"@context":"https:\/\/schema.org","@graph":[{"@type":"WebSite","@id":"http:\/\/bardelconvent.com\/de\/#website","url":"http:\/\/bardelconvent.com\/de\/","name":"Amor de Encontro","description":"Namoro e Relacionamentos","potentialAction":[{"@type":"SearchAction","target":{"@type":"EntryPoint","urlTemplate":"http:\/\/bardelconvent.com\/de\/?s={search_term_string}"},"query-input":"required name=search_term_string"}],"inLanguage":"pt-PT"},{"@type":"ImageObject","inLanguage":"pt-PT","@id":"http:\/\/bardelconvent.com\/pt-pt\/seguranca-de-aplicativos-de-namoro-on-line\/#primaryimage","url":"http:\/\/bardelconvent.com\/wp-content\/uploads\/2022\/07\/dating-scams.jpeg","contentUrl":"http:\/\/bardelconvent.com\/wp-content\/uploads\/2022\/07\/dating-scams.jpeg","width":2250,"height":1500},{"@type":"WebPage","@id":"http:\/\/bardelconvent.com\/pt-pt\/seguranca-de-aplicativos-de-namoro-on-line\/#webpage","url":"http:\/\/bardelconvent.com\/pt-pt\/seguranca-de-aplicativos-de-namoro-on-line\/","name":"Seguran\u00e7a de aplicativos de namoro on-line Amor de Encontro - t\u00edtulo","isPartOf":{"@id":"http:\/\/bardelconvent.com\/de\/#website"},"primaryImageOfPage":{"@id":"http:\/\/bardelconvent.com\/pt-pt\/seguranca-de-aplicativos-de-namoro-on-line\/#primaryimage"},"datePublished":"2022-07-08T11:08:53+00:00","dateModified":"2022-07-08T11:08:53+00:00","breadcrumb":{"@id":"http:\/\/bardelconvent.com\/pt-pt\/seguranca-de-aplicativos-de-namoro-on-line\/#breadcrumb"},"inLanguage":"pt-PT","potentialAction":[{"@type":"ReadAction","target":["http:\/\/bardelconvent.com\/pt-pt\/seguranca-de-aplicativos-de-namoro-on-line\/"]}]},{"@type":"BreadcrumbList","@id":"http:\/\/bardelconvent.com\/pt-pt\/seguranca-de-aplicativos-de-namoro-on-line\/#breadcrumb","itemListElement":[{"@type":"ListItem","position":1,"name":"Casa","item":"http:\/\/bardelconvent.com\/pt-pt\/"},{"@type":"ListItem","position":2,"name":"Seguran\u00e7a de aplicativos de namoro on-line"}]}]}},"_links":{"self":[{"href":"http:\/\/bardelconvent.com\/pt-pt\/wp-json\/wp\/v2\/pages\/207"}],"collection":[{"href":"http:\/\/bardelconvent.com\/pt-pt\/wp-json\/wp\/v2\/pages"}],"about":[{"href":"http:\/\/bardelconvent.com\/pt-pt\/wp-json\/wp\/v2\/types\/page"}],"author":[{"embeddable":true,"href":"http:\/\/bardelconvent.com\/pt-pt\/wp-json\/wp\/v2\/users\/1"}],"replies":[{"embeddable":true,"href":"http:\/\/bardelconvent.com\/pt-pt\/wp-json\/wp\/v2\/comments?post=207"}],"version-history":[{"count":0,"href":"http:\/\/bardelconvent.com\/pt-pt\/wp-json\/wp\/v2\/pages\/207\/revisions"}],"wp:featuredmedia":[{"embeddable":true,"href":"http:\/\/bardelconvent.com\/pt-pt\/wp-json\/wp\/v2\/media\/129"}],"wp:attachment":[{"href":"http:\/\/bardelconvent.com\/pt-pt\/wp-json\/wp\/v2\/media?parent=207"}],"curies":[{"name":"wp","href":"https:\/\/api.w.org\/{rel}","templated":true}]}}