{"id":224,"date":"2022-07-08T11:59:57","date_gmt":"2022-07-08T10:59:57","guid":{"rendered":"http:\/\/bardelconvent.com\/por-que-aplicativos-de-namoro-on-line-podem-funcionar-para-voce\/"},"modified":"2022-07-08T11:59:57","modified_gmt":"2022-07-08T10:59:57","slug":"por-que-aplicativos-de-namoro-on-line-podem-funcionar-para-voce","status":"publish","type":"page","link":"http:\/\/bardelconvent.com\/pt-pt\/por-que-aplicativos-de-namoro-on-line-podem-funcionar-para-voce\/","title":{"rendered":"Por que aplicativos de namoro on-line podem funcionar para voc\u00ea"},"content":{"rendered":"<p>A Internet permite-nos conectar-nos com pessoas de todo o mundo. D\u00e1-nos a oportunidade de contactar pessoas com quem normalmente n\u00e3o interagimos. Podemos comunicar com eles cara a cara, partilhar os nossos pensamentos e sentimentos, e at\u00e9 mesmo apaixonarmo-nos. Quando confiamos nos nossos c\u00edrculos sociais, as nossas op\u00e7\u00f5es s\u00e3o bastante limitadas. Mas se aproveitarmos a Internet para nosso benef\u00edcio, podemos ter experi\u00eancias incr\u00edveis que n\u00e3o poder\u00edamos ter imaginado antes.<\/p>\n<p>Quando procura uma liga\u00e7\u00e3o local, saia sempre num encontro p\u00fablico e evite encontr\u00e1-los em um ambiente privado. Se voc\u00ea encontrar algu\u00e9m em um restaurante, bar, ou em qualquer outro lugar com muitas pessoas por perto, ent\u00e3o ser\u00e1 mais f\u00e1cil descobrir se eles tentarem fazer batota. Certifica-te que toda a gente sabe dos teus planos antes de sa\u00edres. Al\u00e9m disso, mantenha o telefone ligado e protegido enquanto estiver fora. Nunca se sabe quando algo pode acontecer, e precisa ficar seguro.<\/p>\n<h2>O que aprender sobre aplicativos de namoro<\/h2>\n<p>Vais aprender muito sobre ti e a tua <a href=\"http:\/\/bardelconvent.com\/pt-pt\/aplicativos-de-ligacao-confiaveis-para-encontrar-sexo\/\">pr\u00f3pria personalidade<\/a> quando te juntares \u00e0 cena moderna do namoro. Aplicativos de namoro como Tinder e Bumble est\u00e3o a crescer em popularidade todos os dias. Estas aplica\u00e7\u00f5es permitem-lhe conectar-se com outros singles nas proximidades e at\u00e9 mesmo ser acompanhado por parceiros compat\u00edveis. Existem muitos tipos diferentes de membros dispon\u00edveis, incluindo gratuitamente, pagas, premium e ouro. As ades\u00f5es gold d\u00e3o aos utilizadores acesso a funcionalidades exclusivas, tais como swipes ilimitados, jogos ilimitados e descontos especiais.<\/p>\n<p>Tamb\u00e9m pode usar a fun\u00e7\u00e3o de pesquisa para encontrar pessoas semelhantes a si mesmo. Em seguida, pode encontr\u00e1-los e trocar mensagens. H\u00e1 uma grande probabilidade de encontrares algu\u00e9m que queira passar tempo contigo.<\/p>\n<h3>Bumble &#8211; Uma das escolhas mais quentes<\/h3>\n<p>Bumble foi projetado para ajudar as mulheres a dar o primeiro passo. \u00c9 um <a href=\"http:\/\/bardelconvent.com\/pt-pt\/encontros-as-cegas-funcionam\/\">aplicativo para mulheres<\/a> que procuram dar uma queca. Voc\u00ea pode navegar atrav\u00e9s de perfis de homens solteiros e escolher o seu favorito. Se gosta do que v\u00ea, envie-lhes uma mensagem. Se responderem positivamente, podes come\u00e7ar uma conversa. Depois disso, vais ter de esperar at\u00e9 que o teu homem te fa\u00e7a piscar o olho. Se ele o fizer, ent\u00e3o est\u00e1s pronto para ir!<\/p>\n<h2>O que fazer a seguir?<\/h2>\n<p>Se n\u00e3o tens a certeza se algu\u00e9m est\u00e1 interessado em ti, tenta cond\u00ea-los para sair. Ter\u00e1 uma ideia melhor do tipo de pessoa que \u00e9 e se gostaria de v\u00ea-las de novo. Se j\u00e1 s\u00e3o amigos, perguntem-lhes sobre os seus interesses e passatempos. Talvez at\u00e9 possas ir a um encontro duplo juntos!<\/p>\n","protected":false},"excerpt":{"rendered":"<p>A Internet permite-nos conectar-nos com pessoas de todo o mundo. D\u00e1-nos a oportunidade de contactar pessoas com quem normalmente n\u00e3o interagimos. Podemos comunicar <\/p>\n","protected":false},"author":1,"featured_media":109,"parent":0,"menu_order":0,"comment_status":"closed","ping_status":"closed","template":"","meta":[],"yoast_head":"<!-- This site is optimized with the Yoast SEO plugin v19.2 - https:\/\/yoast.com\/wordpress\/plugins\/seo\/ -->\n<title>Por que aplicativos de namoro on-line podem funcionar para voc\u00ea Amor de Encontro - t\u00edtulo<\/title>\n<meta name=\"robots\" content=\"index, follow, max-snippet:-1, max-image-preview:large, max-video-preview:-1\" \/>\n<link rel=\"canonical\" href=\"http:\/\/bardelconvent.com\/pt-pt\/por-que-aplicativos-de-namoro-on-line-podem-funcionar-para-voce\/\" \/>\n<meta property=\"og:locale\" content=\"pt_PT\" \/>\n<meta property=\"og:type\" content=\"article\" \/>\n<meta property=\"og:title\" content=\"Por que aplicativos de namoro on-line podem funcionar para voc\u00ea Amor de Encontro - t\u00edtulo\" \/>\n<meta property=\"og:description\" content=\"A Internet permite-nos conectar-nos com pessoas de todo o mundo. D\u00e1-nos a oportunidade de contactar pessoas com quem normalmente n\u00e3o interagimos. Podemos comunicar\" \/>\n<meta property=\"og:url\" content=\"http:\/\/bardelconvent.com\/pt-pt\/por-que-aplicativos-de-namoro-on-line-podem-funcionar-para-voce\/\" \/>\n<meta property=\"og:site_name\" content=\"Amor de Encontro\" \/>\n<meta property=\"og:image\" content=\"http:\/\/bardelconvent.com\/wp-content\/uploads\/2022\/07\/casual-chat-rooms.jpeg\" \/>\n\t<meta property=\"og:image:width\" content=\"2248\" \/>\n\t<meta property=\"og:image:height\" content=\"1500\" \/>\n\t<meta property=\"og:image:type\" content=\"image\/jpeg\" \/>\n<meta name=\"author\" content=\"Dating Expert\" \/>\n<meta name=\"twitter:card\" content=\"summary_large_image\" \/>\n<meta name=\"twitter:label1\" content=\"Tempo estimado de leitura\" \/>\n\t<meta name=\"twitter:data1\" content=\"2 minutos\" \/>\n<script type=\"application\/ld+json\" class=\"yoast-schema-graph\">{\"@context\":\"https:\/\/schema.org\",\"@graph\":[{\"@type\":\"WebSite\",\"@id\":\"http:\/\/bardelconvent.com\/de\/#website\",\"url\":\"http:\/\/bardelconvent.com\/de\/\",\"name\":\"Amor de Encontro\",\"description\":\"Namoro e Relacionamentos\",\"potentialAction\":[{\"@type\":\"SearchAction\",\"target\":{\"@type\":\"EntryPoint\",\"urlTemplate\":\"http:\/\/bardelconvent.com\/de\/?s={search_term_string}\"},\"query-input\":\"required name=search_term_string\"}],\"inLanguage\":\"pt-PT\"},{\"@type\":\"ImageObject\",\"inLanguage\":\"pt-PT\",\"@id\":\"http:\/\/bardelconvent.com\/pt-pt\/por-que-aplicativos-de-namoro-on-line-podem-funcionar-para-voce\/#primaryimage\",\"url\":\"http:\/\/bardelconvent.com\/wp-content\/uploads\/2022\/07\/casual-chat-rooms.jpeg\",\"contentUrl\":\"http:\/\/bardelconvent.com\/wp-content\/uploads\/2022\/07\/casual-chat-rooms.jpeg\",\"width\":2248,\"height\":1500},{\"@type\":\"WebPage\",\"@id\":\"http:\/\/bardelconvent.com\/pt-pt\/por-que-aplicativos-de-namoro-on-line-podem-funcionar-para-voce\/#webpage\",\"url\":\"http:\/\/bardelconvent.com\/pt-pt\/por-que-aplicativos-de-namoro-on-line-podem-funcionar-para-voce\/\",\"name\":\"Por que aplicativos de namoro on-line podem funcionar para voc\u00ea Amor de Encontro - t\u00edtulo\",\"isPartOf\":{\"@id\":\"http:\/\/bardelconvent.com\/de\/#website\"},\"primaryImageOfPage\":{\"@id\":\"http:\/\/bardelconvent.com\/pt-pt\/por-que-aplicativos-de-namoro-on-line-podem-funcionar-para-voce\/#primaryimage\"},\"datePublished\":\"2022-07-08T10:59:57+00:00\",\"dateModified\":\"2022-07-08T10:59:57+00:00\",\"breadcrumb\":{\"@id\":\"http:\/\/bardelconvent.com\/pt-pt\/por-que-aplicativos-de-namoro-on-line-podem-funcionar-para-voce\/#breadcrumb\"},\"inLanguage\":\"pt-PT\",\"potentialAction\":[{\"@type\":\"ReadAction\",\"target\":[\"http:\/\/bardelconvent.com\/pt-pt\/por-que-aplicativos-de-namoro-on-line-podem-funcionar-para-voce\/\"]}]},{\"@type\":\"BreadcrumbList\",\"@id\":\"http:\/\/bardelconvent.com\/pt-pt\/por-que-aplicativos-de-namoro-on-line-podem-funcionar-para-voce\/#breadcrumb\",\"itemListElement\":[{\"@type\":\"ListItem\",\"position\":1,\"name\":\"Casa\",\"item\":\"http:\/\/bardelconvent.com\/pt-pt\/\"},{\"@type\":\"ListItem\",\"position\":2,\"name\":\"Por que aplicativos de namoro on-line podem funcionar para voc\u00ea\"}]}]}<\/script>\n<!-- \/ Yoast SEO plugin. -->","yoast_head_json":{"title":"Por que aplicativos de namoro on-line podem funcionar para voc\u00ea Amor de Encontro - t\u00edtulo","robots":{"index":"index","follow":"follow","max-snippet":"max-snippet:-1","max-image-preview":"max-image-preview:large","max-video-preview":"max-video-preview:-1"},"canonical":"http:\/\/bardelconvent.com\/pt-pt\/por-que-aplicativos-de-namoro-on-line-podem-funcionar-para-voce\/","og_locale":"pt_PT","og_type":"article","og_title":"Por que aplicativos de namoro on-line podem funcionar para voc\u00ea Amor de Encontro - t\u00edtulo","og_description":"A Internet permite-nos conectar-nos com pessoas de todo o mundo. D\u00e1-nos a oportunidade de contactar pessoas com quem normalmente n\u00e3o interagimos. Podemos comunicar","og_url":"http:\/\/bardelconvent.com\/pt-pt\/por-que-aplicativos-de-namoro-on-line-podem-funcionar-para-voce\/","og_site_name":"Amor de Encontro","og_image":[{"width":2248,"height":1500,"url":"http:\/\/bardelconvent.com\/wp-content\/uploads\/2022\/07\/casual-chat-rooms.jpeg","type":"image\/jpeg"}],"author":"Dating Expert","twitter_card":"summary_large_image","twitter_misc":{"Tempo estimado de leitura":"2 minutos"},"schema":{"@context":"https:\/\/schema.org","@graph":[{"@type":"WebSite","@id":"http:\/\/bardelconvent.com\/de\/#website","url":"http:\/\/bardelconvent.com\/de\/","name":"Amor de Encontro","description":"Namoro e Relacionamentos","potentialAction":[{"@type":"SearchAction","target":{"@type":"EntryPoint","urlTemplate":"http:\/\/bardelconvent.com\/de\/?s={search_term_string}"},"query-input":"required name=search_term_string"}],"inLanguage":"pt-PT"},{"@type":"ImageObject","inLanguage":"pt-PT","@id":"http:\/\/bardelconvent.com\/pt-pt\/por-que-aplicativos-de-namoro-on-line-podem-funcionar-para-voce\/#primaryimage","url":"http:\/\/bardelconvent.com\/wp-content\/uploads\/2022\/07\/casual-chat-rooms.jpeg","contentUrl":"http:\/\/bardelconvent.com\/wp-content\/uploads\/2022\/07\/casual-chat-rooms.jpeg","width":2248,"height":1500},{"@type":"WebPage","@id":"http:\/\/bardelconvent.com\/pt-pt\/por-que-aplicativos-de-namoro-on-line-podem-funcionar-para-voce\/#webpage","url":"http:\/\/bardelconvent.com\/pt-pt\/por-que-aplicativos-de-namoro-on-line-podem-funcionar-para-voce\/","name":"Por que aplicativos de namoro on-line podem funcionar para voc\u00ea Amor de Encontro - t\u00edtulo","isPartOf":{"@id":"http:\/\/bardelconvent.com\/de\/#website"},"primaryImageOfPage":{"@id":"http:\/\/bardelconvent.com\/pt-pt\/por-que-aplicativos-de-namoro-on-line-podem-funcionar-para-voce\/#primaryimage"},"datePublished":"2022-07-08T10:59:57+00:00","dateModified":"2022-07-08T10:59:57+00:00","breadcrumb":{"@id":"http:\/\/bardelconvent.com\/pt-pt\/por-que-aplicativos-de-namoro-on-line-podem-funcionar-para-voce\/#breadcrumb"},"inLanguage":"pt-PT","potentialAction":[{"@type":"ReadAction","target":["http:\/\/bardelconvent.com\/pt-pt\/por-que-aplicativos-de-namoro-on-line-podem-funcionar-para-voce\/"]}]},{"@type":"BreadcrumbList","@id":"http:\/\/bardelconvent.com\/pt-pt\/por-que-aplicativos-de-namoro-on-line-podem-funcionar-para-voce\/#breadcrumb","itemListElement":[{"@type":"ListItem","position":1,"name":"Casa","item":"http:\/\/bardelconvent.com\/pt-pt\/"},{"@type":"ListItem","position":2,"name":"Por que aplicativos de namoro on-line podem funcionar para voc\u00ea"}]}]}},"_links":{"self":[{"href":"http:\/\/bardelconvent.com\/pt-pt\/wp-json\/wp\/v2\/pages\/224"}],"collection":[{"href":"http:\/\/bardelconvent.com\/pt-pt\/wp-json\/wp\/v2\/pages"}],"about":[{"href":"http:\/\/bardelconvent.com\/pt-pt\/wp-json\/wp\/v2\/types\/page"}],"author":[{"embeddable":true,"href":"http:\/\/bardelconvent.com\/pt-pt\/wp-json\/wp\/v2\/users\/1"}],"replies":[{"embeddable":true,"href":"http:\/\/bardelconvent.com\/pt-pt\/wp-json\/wp\/v2\/comments?post=224"}],"version-history":[{"count":0,"href":"http:\/\/bardelconvent.com\/pt-pt\/wp-json\/wp\/v2\/pages\/224\/revisions"}],"wp:featuredmedia":[{"embeddable":true,"href":"http:\/\/bardelconvent.com\/pt-pt\/wp-json\/wp\/v2\/media\/109"}],"wp:attachment":[{"href":"http:\/\/bardelconvent.com\/pt-pt\/wp-json\/wp\/v2\/media?parent=224"}],"curies":[{"name":"wp","href":"https:\/\/api.w.org\/{rel}","templated":true}]}}