{"id":228,"date":"2022-07-08T12:05:25","date_gmt":"2022-07-08T11:05:25","guid":{"rendered":"http:\/\/bardelconvent.com\/sites-de-chat-sexual-gratuitos\/"},"modified":"2022-07-08T12:05:25","modified_gmt":"2022-07-08T11:05:25","slug":"sites-de-chat-sexual-gratuitos","status":"publish","type":"page","link":"http:\/\/bardelconvent.com\/pt-pt\/sites-de-chat-sexual-gratuitos\/","title":{"rendered":"Sites de chat sexual gratuitos"},"content":{"rendered":"<p>A maioria das pessoas vai dizer-lhe para ir ao bar ou usar aplicativos locais de namoro. Mas estas op\u00e7\u00f5es n\u00e3o s\u00e3o muito eficazes. Podes gastar muito dinheiro e tempo a sair todas as noites, ou podes usar um dos muitos sites de encontros locais dispon\u00edveis hoje. Estes sites oferecem as mesmas funcionalidades que outros sites de encontros, mas tamb\u00e9m t\u00eam milhares de membros que est\u00e3o \u00e0 procura de divers\u00e3o. Ent\u00e3o pare de usar sites subpar e experimente um destes servi\u00e7os!<\/p>\n<p>Parece que o principal problema dos <a href=\"http:\/\/bardelconvent.com\/pt-pt\/por-que-aplicativos-de-namoro-on-line-podem-funcionar-para-voce\/\">sites de encontros online<\/a> \u00e9 que eles n\u00e3o s\u00e3o muito eficazes. Percebe-se porqu\u00ea \u2013 oferecem muitas oportunidades, mas tamb\u00e9m muitos problemas.<\/p>\n<ul>\n<li>Em primeiro lugar, o facto de n\u00e3o conseguir ver o que outros utilizadores est\u00e3o a fazer no site significa que nunca saber\u00e1 se algu\u00e9m est\u00e1 interessado em si.<\/li>\n<li>Em segundo lugar, se vais conhecer pessoas na vida real, tens de prestar aten\u00e7\u00e3o \u00e0 sua apar\u00eancia e comportamento, caso contr\u00e1rio poder\u00e1s ficar desapontado quando realmente as conheceres.<\/li>\n<li>Em terceiro lugar, <a href=\"http:\/\/bardelconvent.com\/pt-pt\/encontros-as-cegas-funcionam\/\">os sites de encontros online est\u00e3o muitas vezes cheios de perfis falsos<\/a>. Se vais conhecer uma rapariga atrav\u00e9s de uma plataforma online, devias verificar o perfil dela cuidadosamente antes de lhe dares o teu n\u00famero de telefone. Finalmente, muitos sites de encontros online s\u00e3o apenas esquemas. Prometem muito, mas n\u00e3o entregam nada. Resumindo, namorar online \u00e9 uma boa ideia, mas n\u00e3o perfeita.<\/li>\n<\/ul>\n<h2>Salas de Chat Sexual<\/h2>\n<p>Sites de chat sexual s\u00e3o sites onde as pessoas se encontram online para discutir temas sexuais. Existem muitos tipos diferentes de sites de chat sexual, incluindo sites de nicho como BBW ou BDSM. Alguns destes sites permitem que os membros carreguem imagens e v\u00eddeos de si mesmos, enquanto outros exigem que os utilizadores enviem mensagens atrav\u00e9s de programas de mensagens de texto ou instant\u00e2neos.<\/p>\n<ul>\n<li>Muitos sites de chat sexual oferecem chats de v\u00eddeo ao vivo, o que permite que os membros se vejam na webcam.<\/li>\n<li>Sites de chat sexual s\u00e3o um excelente lugar para conhecer novas pessoas.<\/li>\n<li>Boa escolha para se juntar<\/li>\n<\/ul>\n<p>Est\u00e1 procurando divers\u00e3o esta noite? Est\u00e1 cansado de ficar sozinha? Ent\u00e3o por que n\u00e3o experimenta salas de chat sexuais onde voc\u00ea pode conhecer pessoas novas de todo o mundo! Estamos certos de que encontrar\u00e1 algu\u00e9m especial aqui.<\/p>\n<p>Estas aplica\u00e7\u00f5es t\u00eam milhares de membros de todo o mundo, incluindo EUA, Reino Unido, Canad\u00e1, Austr\u00e1lia, Nova Zel\u00e2ndia, Europa, \u00c1sia e \u00c1frica. Ent\u00e3o, se voc\u00ea est\u00e1 procurando um lugar para se conectar com os outros, ent\u00e3o venha se juntar a n\u00f3s agora.<\/p>\n<p>Existem muitos benef\u00edcios para a utiliza\u00e7\u00e3o deste site. Em primeiro lugar, \u00e9 completamente gratuito, por isso n\u00e3o h\u00e1 nada a perder. Em segundo lugar, pode escolher se gostaria de usar uma webcam ou apenas conversas baseadas em texto. Se preferir usar uma webcam, pode faz\u00ea-lo bastando clicar no bot\u00e3o &#8220;videochat&#8221;. Isto abrir\u00e1 uma janela onde poder\u00e1 ver o seu parceiro ao vivo. Podes falar com eles, fazer-lhes perguntas e at\u00e9 partilhar fotografias com eles.<\/p>\n<p>Ent\u00e3o, do que est\u00e1 \u00e0 espera? Junte-se agora e comece a conhecer novos amigos!<\/p>\n","protected":false},"excerpt":{"rendered":"<p>A maioria das pessoas vai dizer-lhe para ir ao bar ou usar aplicativos locais de namoro. Mas estas op\u00e7\u00f5es n\u00e3o s\u00e3o muito eficazes. <\/p>\n","protected":false},"author":1,"featured_media":119,"parent":0,"menu_order":0,"comment_status":"closed","ping_status":"closed","template":"","meta":[],"yoast_head":"<!-- This site is optimized with the Yoast SEO plugin v19.2 - https:\/\/yoast.com\/wordpress\/plugins\/seo\/ -->\n<title>Sites de chat sexual gratuitos Amor de Encontro - t\u00edtulo<\/title>\n<meta name=\"robots\" content=\"index, follow, max-snippet:-1, max-image-preview:large, max-video-preview:-1\" \/>\n<link rel=\"canonical\" href=\"http:\/\/bardelconvent.com\/pt-pt\/sites-de-chat-sexual-gratuitos\/\" \/>\n<meta property=\"og:locale\" content=\"pt_PT\" \/>\n<meta property=\"og:type\" content=\"article\" \/>\n<meta property=\"og:title\" content=\"Sites de chat sexual gratuitos Amor de Encontro - t\u00edtulo\" \/>\n<meta property=\"og:description\" content=\"A maioria das pessoas vai dizer-lhe para ir ao bar ou usar aplicativos locais de namoro. Mas estas op\u00e7\u00f5es n\u00e3o s\u00e3o muito eficazes.\" \/>\n<meta property=\"og:url\" content=\"http:\/\/bardelconvent.com\/pt-pt\/sites-de-chat-sexual-gratuitos\/\" \/>\n<meta property=\"og:site_name\" content=\"Amor de Encontro\" \/>\n<meta property=\"og:image\" content=\"https:\/\/bardelconvent.com\/wp-content\/uploads\/2022\/07\/join-now.jpeg\" \/>\n\t<meta property=\"og:image:width\" content=\"2250\" \/>\n\t<meta property=\"og:image:height\" content=\"1500\" \/>\n\t<meta property=\"og:image:type\" content=\"image\/jpeg\" \/>\n<meta name=\"author\" content=\"Dating Expert\" \/>\n<meta name=\"twitter:card\" content=\"summary_large_image\" \/>\n<meta name=\"twitter:label1\" content=\"Tempo estimado de leitura\" \/>\n\t<meta name=\"twitter:data1\" content=\"3 minutos\" \/>\n<script type=\"application\/ld+json\" class=\"yoast-schema-graph\">{\"@context\":\"https:\/\/schema.org\",\"@graph\":[{\"@type\":\"WebSite\",\"@id\":\"http:\/\/bardelconvent.com\/de\/#website\",\"url\":\"http:\/\/bardelconvent.com\/de\/\",\"name\":\"Amor de Encontro\",\"description\":\"Namoro e Relacionamentos\",\"potentialAction\":[{\"@type\":\"SearchAction\",\"target\":{\"@type\":\"EntryPoint\",\"urlTemplate\":\"http:\/\/bardelconvent.com\/de\/?s={search_term_string}\"},\"query-input\":\"required name=search_term_string\"}],\"inLanguage\":\"pt-PT\"},{\"@type\":\"ImageObject\",\"inLanguage\":\"pt-PT\",\"@id\":\"http:\/\/bardelconvent.com\/pt-pt\/sites-de-chat-sexual-gratuitos\/#primaryimage\",\"url\":\"http:\/\/bardelconvent.com\/wp-content\/uploads\/2022\/07\/join-now.jpeg\",\"contentUrl\":\"http:\/\/bardelconvent.com\/wp-content\/uploads\/2022\/07\/join-now.jpeg\",\"width\":2250,\"height\":1500},{\"@type\":\"WebPage\",\"@id\":\"http:\/\/bardelconvent.com\/pt-pt\/sites-de-chat-sexual-gratuitos\/#webpage\",\"url\":\"http:\/\/bardelconvent.com\/pt-pt\/sites-de-chat-sexual-gratuitos\/\",\"name\":\"Sites de chat sexual gratuitos Amor de Encontro - t\u00edtulo\",\"isPartOf\":{\"@id\":\"http:\/\/bardelconvent.com\/de\/#website\"},\"primaryImageOfPage\":{\"@id\":\"http:\/\/bardelconvent.com\/pt-pt\/sites-de-chat-sexual-gratuitos\/#primaryimage\"},\"datePublished\":\"2022-07-08T11:05:25+00:00\",\"dateModified\":\"2022-07-08T11:05:25+00:00\",\"breadcrumb\":{\"@id\":\"http:\/\/bardelconvent.com\/pt-pt\/sites-de-chat-sexual-gratuitos\/#breadcrumb\"},\"inLanguage\":\"pt-PT\",\"potentialAction\":[{\"@type\":\"ReadAction\",\"target\":[\"http:\/\/bardelconvent.com\/pt-pt\/sites-de-chat-sexual-gratuitos\/\"]}]},{\"@type\":\"BreadcrumbList\",\"@id\":\"http:\/\/bardelconvent.com\/pt-pt\/sites-de-chat-sexual-gratuitos\/#breadcrumb\",\"itemListElement\":[{\"@type\":\"ListItem\",\"position\":1,\"name\":\"Casa\",\"item\":\"http:\/\/bardelconvent.com\/pt-pt\/\"},{\"@type\":\"ListItem\",\"position\":2,\"name\":\"Sites de chat sexual gratuitos\"}]}]}<\/script>\n<!-- \/ Yoast SEO plugin. -->","yoast_head_json":{"title":"Sites de chat sexual gratuitos Amor de Encontro - t\u00edtulo","robots":{"index":"index","follow":"follow","max-snippet":"max-snippet:-1","max-image-preview":"max-image-preview:large","max-video-preview":"max-video-preview:-1"},"canonical":"http:\/\/bardelconvent.com\/pt-pt\/sites-de-chat-sexual-gratuitos\/","og_locale":"pt_PT","og_type":"article","og_title":"Sites de chat sexual gratuitos Amor de Encontro - t\u00edtulo","og_description":"A maioria das pessoas vai dizer-lhe para ir ao bar ou usar aplicativos locais de namoro. Mas estas op\u00e7\u00f5es n\u00e3o s\u00e3o muito eficazes.","og_url":"http:\/\/bardelconvent.com\/pt-pt\/sites-de-chat-sexual-gratuitos\/","og_site_name":"Amor de Encontro","og_image":[{"width":2250,"height":1500,"url":"https:\/\/bardelconvent.com\/wp-content\/uploads\/2022\/07\/join-now.jpeg","type":"image\/jpeg"}],"author":"Dating Expert","twitter_card":"summary_large_image","twitter_misc":{"Tempo estimado de leitura":"3 minutos"},"schema":{"@context":"https:\/\/schema.org","@graph":[{"@type":"WebSite","@id":"http:\/\/bardelconvent.com\/de\/#website","url":"http:\/\/bardelconvent.com\/de\/","name":"Amor de Encontro","description":"Namoro e Relacionamentos","potentialAction":[{"@type":"SearchAction","target":{"@type":"EntryPoint","urlTemplate":"http:\/\/bardelconvent.com\/de\/?s={search_term_string}"},"query-input":"required name=search_term_string"}],"inLanguage":"pt-PT"},{"@type":"ImageObject","inLanguage":"pt-PT","@id":"http:\/\/bardelconvent.com\/pt-pt\/sites-de-chat-sexual-gratuitos\/#primaryimage","url":"http:\/\/bardelconvent.com\/wp-content\/uploads\/2022\/07\/join-now.jpeg","contentUrl":"http:\/\/bardelconvent.com\/wp-content\/uploads\/2022\/07\/join-now.jpeg","width":2250,"height":1500},{"@type":"WebPage","@id":"http:\/\/bardelconvent.com\/pt-pt\/sites-de-chat-sexual-gratuitos\/#webpage","url":"http:\/\/bardelconvent.com\/pt-pt\/sites-de-chat-sexual-gratuitos\/","name":"Sites de chat sexual gratuitos Amor de Encontro - t\u00edtulo","isPartOf":{"@id":"http:\/\/bardelconvent.com\/de\/#website"},"primaryImageOfPage":{"@id":"http:\/\/bardelconvent.com\/pt-pt\/sites-de-chat-sexual-gratuitos\/#primaryimage"},"datePublished":"2022-07-08T11:05:25+00:00","dateModified":"2022-07-08T11:05:25+00:00","breadcrumb":{"@id":"http:\/\/bardelconvent.com\/pt-pt\/sites-de-chat-sexual-gratuitos\/#breadcrumb"},"inLanguage":"pt-PT","potentialAction":[{"@type":"ReadAction","target":["http:\/\/bardelconvent.com\/pt-pt\/sites-de-chat-sexual-gratuitos\/"]}]},{"@type":"BreadcrumbList","@id":"http:\/\/bardelconvent.com\/pt-pt\/sites-de-chat-sexual-gratuitos\/#breadcrumb","itemListElement":[{"@type":"ListItem","position":1,"name":"Casa","item":"http:\/\/bardelconvent.com\/pt-pt\/"},{"@type":"ListItem","position":2,"name":"Sites de chat sexual gratuitos"}]}]}},"_links":{"self":[{"href":"http:\/\/bardelconvent.com\/pt-pt\/wp-json\/wp\/v2\/pages\/228"}],"collection":[{"href":"http:\/\/bardelconvent.com\/pt-pt\/wp-json\/wp\/v2\/pages"}],"about":[{"href":"http:\/\/bardelconvent.com\/pt-pt\/wp-json\/wp\/v2\/types\/page"}],"author":[{"embeddable":true,"href":"http:\/\/bardelconvent.com\/pt-pt\/wp-json\/wp\/v2\/users\/1"}],"replies":[{"embeddable":true,"href":"http:\/\/bardelconvent.com\/pt-pt\/wp-json\/wp\/v2\/comments?post=228"}],"version-history":[{"count":0,"href":"http:\/\/bardelconvent.com\/pt-pt\/wp-json\/wp\/v2\/pages\/228\/revisions"}],"wp:featuredmedia":[{"embeddable":true,"href":"http:\/\/bardelconvent.com\/pt-pt\/wp-json\/wp\/v2\/media\/119"}],"wp:attachment":[{"href":"http:\/\/bardelconvent.com\/pt-pt\/wp-json\/wp\/v2\/media?parent=228"}],"curies":[{"name":"wp","href":"https:\/\/api.w.org\/{rel}","templated":true}]}}