{"id":194,"date":"2022-07-08T12:27:59","date_gmt":"2022-07-08T11:27:59","guid":{"rendered":"http:\/\/bardelconvent.com\/fungerar-blind-dating\/"},"modified":"2022-07-08T12:27:59","modified_gmt":"2022-07-08T11:27:59","slug":"fungerar-blind-dating","status":"publish","type":"page","link":"http:\/\/bardelconvent.com\/sv\/fungerar-blind-dating\/","title":{"rendered":"Fungerar Blind Dating?"},"content":{"rendered":"<p>Blind dating \u00e4r ett bra s\u00e4tt att tr\u00e4ffa m\u00e4nniskor som delar <a href=\"http:\/\/bardelconvent.com\/sv\/palitliga-anslutningsappar-for-att-hitta-sex\/\">liknande intressen<\/a>. Denna typ av dejting kallas ofta speed dating eftersom det inte finns n\u00e5gon f\u00f6rutbest\u00e4md m\u00f6tesplats eller tid.<\/p>\n<p>Ist\u00e4llet \u00e4ger blind dates rum p\u00e5 en offentlig plats d\u00e4r singlar kan g\u00e5 fram till varandra och inleda en konversation. M\u00e5let \u00e4r att hitta en kompatibel match inom 30 minuter.<\/p>\n<p>Speed dating \u00e4r popul\u00e4rt bland singlar som letar efter en snabb dejt. Blind dating \u00e4r dock perfekt f\u00f6r dem som f\u00f6redrar att tr\u00e4ffa m\u00e4nniskor organiskt.<\/p>\n<h2>\u00c4r det n\u00e5got f\u00f6r dig?<\/h2>\n<p>Om du inte \u00e4r s\u00e4rskilt orolig f\u00f6r din egen s\u00e4kerhet, kanske du vill \u00f6verv\u00e4ga att g\u00e5 p\u00e5 en blind date.<\/p>\n<p>Du kan hj\u00e4lpa till att se till att ditt datum k\u00e4nns tryggt och bekv\u00e4mt genom att f\u00f6resl\u00e5 <a href=\"http:\/\/bardelconvent.com\/sv\/tecken-en-tjej-gillar-dig-online\/\">att du tr\u00e4ffas p\u00e5 en offentlig plats<\/a>, som ett kaf\u00e9 eller en restaurang. Och medan du planerar, f\u00f6rs\u00f6k att h\u00e5lla det till en aktivitet s\u00e5 att det finns en enklare v\u00e4g ut om ditt datum inte m\u00e5r bra. St\u00e4ll f\u00e4rre fr\u00e5gor som kan f\u00e5 n\u00e5gon att k\u00e4nna sig besv\u00e4rlig eller misst\u00e4nksam om dina avsikter. Om du pratar om dina intressen, hobbyer, karri\u00e4r eller favoritband, kommer ni b\u00e5da att kunna ansluta p\u00e5 en djupare niv\u00e5.<\/p>\n<p>Sl\u00e4pp inte ner din vakt. Var f\u00f6rsiktig med vem du tr\u00e4ffar online. Om du tycker att n\u00e5got inte st\u00e4mmer, s\u00e5 \u00e4r det f\u00f6rmodligen inte det. Om du n\u00e5gonsin har haft ett exmeddelande till dig efter att de br\u00f6t upp, vet du vad jag menar. Din magk\u00e4nsla brukar tala om f\u00f6r dig om n\u00e5got k\u00e4nns fel. Kontrollera alltid referenser innan du tr\u00e4ffar n\u00e5gon i verkliga livet. Och ge aldrig ut personlig information som din adress, telefonnummer eller efternamn.<\/p>\n<h2>Blind Dating Alternativ<\/h2>\n<p>Har du n\u00e5gonsin varit p\u00e5 en online dejtingsajt? Hur k\u00e4nde du inf\u00f6r det? K\u00e4nde du dig trygg? Om du inte har provat online dating \u00e4nnu, d\u00e5 l\u00e4sa v\u00e5r om de b\u00e4sta online dating webbplatser kan verkligen hj\u00e4lpa dig.<\/p>\n<p>Appar som Tinder och Bumble till\u00e5ter anv\u00e4ndare att svepa \u00e5t h\u00f6ger eller v\u00e4nster p\u00e5 foton av andra anv\u00e4ndare f\u00f6r att se om de \u00e4r intresserade av dem. Men medan appar kan verka ofarliga, finns det allvarliga risker med att anv\u00e4nda dem f\u00f6r att tr\u00e4ffa n\u00e5gon ny.<\/p>\n<p>N\u00e4r du har hittat din matchning m\u00e5ste du l\u00e4ra k\u00e4nna honom eller henne b\u00e4ttre innan du kan b\u00f6rja prata. Det inneb\u00e4r att utbyta meddelanden, ringa varandra och s\u00e5 sm\u00e5ningom planera datum. Allt detta tar tid och anstr\u00e4ngning. S\u00e5 varf\u00f6r inte hoppa \u00f6ver mellanhanden och klippa direkt till det roliga?<\/p>\n","protected":false},"excerpt":{"rendered":"<p>Blind dating \u00e4r ett bra s\u00e4tt att tr\u00e4ffa m\u00e4nniskor som delar liknande intressen. Denna typ av dejting kallas ofta speed dating eftersom det <\/p>\n","protected":false},"author":1,"featured_media":161,"parent":0,"menu_order":0,"comment_status":"closed","ping_status":"closed","template":"","meta":[],"yoast_head":"<!-- This site is optimized with the Yoast SEO plugin v19.2 - https:\/\/yoast.com\/wordpress\/plugins\/seo\/ -->\n<title>Fungerar Blind Dating? - Hookup k\u00e4rlek<\/title>\n<meta name=\"robots\" content=\"index, follow, max-snippet:-1, max-image-preview:large, max-video-preview:-1\" \/>\n<link rel=\"canonical\" href=\"http:\/\/bardelconvent.com\/sv\/fungerar-blind-dating\/\" \/>\n<meta property=\"og:locale\" content=\"sv_SE\" \/>\n<meta property=\"og:type\" content=\"article\" \/>\n<meta property=\"og:title\" content=\"Fungerar Blind Dating? - Hookup k\u00e4rlek\" \/>\n<meta property=\"og:description\" content=\"Blind dating \u00e4r ett bra s\u00e4tt att tr\u00e4ffa m\u00e4nniskor som delar liknande intressen. Denna typ av dejting kallas ofta speed dating eftersom det\" \/>\n<meta property=\"og:url\" content=\"http:\/\/bardelconvent.com\/sv\/fungerar-blind-dating\/\" \/>\n<meta property=\"og:site_name\" content=\"Hookup k\u00e4rlek\" \/>\n<meta property=\"og:image\" content=\"http:\/\/bardelconvent.com\/wp-content\/uploads\/2022\/07\/casual-sex-hookups.jpg\" \/>\n\t<meta property=\"og:image:width\" content=\"500\" \/>\n\t<meta property=\"og:image:height\" content=\"333\" \/>\n\t<meta property=\"og:image:type\" content=\"image\/jpeg\" \/>\n<meta name=\"author\" content=\"Dating Expert\" \/>\n<meta name=\"twitter:card\" content=\"summary_large_image\" \/>\n<meta name=\"twitter:label1\" content=\"Ber\u00e4knad l\u00e4stid\" \/>\n\t<meta name=\"twitter:data1\" content=\"2 minuter\" \/>\n<script type=\"application\/ld+json\" class=\"yoast-schema-graph\">{\"@context\":\"https:\/\/schema.org\",\"@graph\":[{\"@type\":\"WebSite\",\"@id\":\"http:\/\/bardelconvent.com\/de\/#website\",\"url\":\"http:\/\/bardelconvent.com\/de\/\",\"name\":\"Hookup k\u00e4rlek\",\"description\":\"Dejting &amp; Relationer\",\"potentialAction\":[{\"@type\":\"SearchAction\",\"target\":{\"@type\":\"EntryPoint\",\"urlTemplate\":\"http:\/\/bardelconvent.com\/de\/?s={search_term_string}\"},\"query-input\":\"required name=search_term_string\"}],\"inLanguage\":\"sv-SE\"},{\"@type\":\"ImageObject\",\"inLanguage\":\"sv-SE\",\"@id\":\"http:\/\/bardelconvent.com\/sv\/fungerar-blind-dating\/#primaryimage\",\"url\":\"http:\/\/bardelconvent.com\/wp-content\/uploads\/2022\/07\/casual-sex-hookups.jpg\",\"contentUrl\":\"http:\/\/bardelconvent.com\/wp-content\/uploads\/2022\/07\/casual-sex-hookups.jpg\",\"width\":500,\"height\":333},{\"@type\":\"WebPage\",\"@id\":\"http:\/\/bardelconvent.com\/sv\/fungerar-blind-dating\/#webpage\",\"url\":\"http:\/\/bardelconvent.com\/sv\/fungerar-blind-dating\/\",\"name\":\"Fungerar Blind Dating? - Hookup k\u00e4rlek\",\"isPartOf\":{\"@id\":\"http:\/\/bardelconvent.com\/de\/#website\"},\"primaryImageOfPage\":{\"@id\":\"http:\/\/bardelconvent.com\/sv\/fungerar-blind-dating\/#primaryimage\"},\"datePublished\":\"2022-07-08T11:27:59+00:00\",\"dateModified\":\"2022-07-08T11:27:59+00:00\",\"breadcrumb\":{\"@id\":\"http:\/\/bardelconvent.com\/sv\/fungerar-blind-dating\/#breadcrumb\"},\"inLanguage\":\"sv-SE\",\"potentialAction\":[{\"@type\":\"ReadAction\",\"target\":[\"http:\/\/bardelconvent.com\/sv\/fungerar-blind-dating\/\"]}]},{\"@type\":\"BreadcrumbList\",\"@id\":\"http:\/\/bardelconvent.com\/sv\/fungerar-blind-dating\/#breadcrumb\",\"itemListElement\":[{\"@type\":\"ListItem\",\"position\":1,\"name\":\"Hem\",\"item\":\"https:\/\/bardelconvent.com\/sv\/\"},{\"@type\":\"ListItem\",\"position\":2,\"name\":\"Fungerar Blind Dating?\"}]}]}<\/script>\n<!-- \/ Yoast SEO plugin. -->","yoast_head_json":{"title":"Fungerar Blind Dating? - Hookup k\u00e4rlek","robots":{"index":"index","follow":"follow","max-snippet":"max-snippet:-1","max-image-preview":"max-image-preview:large","max-video-preview":"max-video-preview:-1"},"canonical":"http:\/\/bardelconvent.com\/sv\/fungerar-blind-dating\/","og_locale":"sv_SE","og_type":"article","og_title":"Fungerar Blind Dating? - Hookup k\u00e4rlek","og_description":"Blind dating \u00e4r ett bra s\u00e4tt att tr\u00e4ffa m\u00e4nniskor som delar liknande intressen. Denna typ av dejting kallas ofta speed dating eftersom det","og_url":"http:\/\/bardelconvent.com\/sv\/fungerar-blind-dating\/","og_site_name":"Hookup k\u00e4rlek","og_image":[{"width":500,"height":333,"url":"http:\/\/bardelconvent.com\/wp-content\/uploads\/2022\/07\/casual-sex-hookups.jpg","type":"image\/jpeg"}],"author":"Dating Expert","twitter_card":"summary_large_image","twitter_misc":{"Ber\u00e4knad l\u00e4stid":"2 minuter"},"schema":{"@context":"https:\/\/schema.org","@graph":[{"@type":"WebSite","@id":"http:\/\/bardelconvent.com\/de\/#website","url":"http:\/\/bardelconvent.com\/de\/","name":"Hookup k\u00e4rlek","description":"Dejting &amp; Relationer","potentialAction":[{"@type":"SearchAction","target":{"@type":"EntryPoint","urlTemplate":"http:\/\/bardelconvent.com\/de\/?s={search_term_string}"},"query-input":"required name=search_term_string"}],"inLanguage":"sv-SE"},{"@type":"ImageObject","inLanguage":"sv-SE","@id":"http:\/\/bardelconvent.com\/sv\/fungerar-blind-dating\/#primaryimage","url":"http:\/\/bardelconvent.com\/wp-content\/uploads\/2022\/07\/casual-sex-hookups.jpg","contentUrl":"http:\/\/bardelconvent.com\/wp-content\/uploads\/2022\/07\/casual-sex-hookups.jpg","width":500,"height":333},{"@type":"WebPage","@id":"http:\/\/bardelconvent.com\/sv\/fungerar-blind-dating\/#webpage","url":"http:\/\/bardelconvent.com\/sv\/fungerar-blind-dating\/","name":"Fungerar Blind Dating? - Hookup k\u00e4rlek","isPartOf":{"@id":"http:\/\/bardelconvent.com\/de\/#website"},"primaryImageOfPage":{"@id":"http:\/\/bardelconvent.com\/sv\/fungerar-blind-dating\/#primaryimage"},"datePublished":"2022-07-08T11:27:59+00:00","dateModified":"2022-07-08T11:27:59+00:00","breadcrumb":{"@id":"http:\/\/bardelconvent.com\/sv\/fungerar-blind-dating\/#breadcrumb"},"inLanguage":"sv-SE","potentialAction":[{"@type":"ReadAction","target":["http:\/\/bardelconvent.com\/sv\/fungerar-blind-dating\/"]}]},{"@type":"BreadcrumbList","@id":"http:\/\/bardelconvent.com\/sv\/fungerar-blind-dating\/#breadcrumb","itemListElement":[{"@type":"ListItem","position":1,"name":"Hem","item":"https:\/\/bardelconvent.com\/sv\/"},{"@type":"ListItem","position":2,"name":"Fungerar Blind Dating?"}]}]}},"_links":{"self":[{"href":"http:\/\/bardelconvent.com\/sv\/wp-json\/wp\/v2\/pages\/194"}],"collection":[{"href":"http:\/\/bardelconvent.com\/sv\/wp-json\/wp\/v2\/pages"}],"about":[{"href":"http:\/\/bardelconvent.com\/sv\/wp-json\/wp\/v2\/types\/page"}],"author":[{"embeddable":true,"href":"http:\/\/bardelconvent.com\/sv\/wp-json\/wp\/v2\/users\/1"}],"replies":[{"embeddable":true,"href":"http:\/\/bardelconvent.com\/sv\/wp-json\/wp\/v2\/comments?post=194"}],"version-history":[{"count":0,"href":"http:\/\/bardelconvent.com\/sv\/wp-json\/wp\/v2\/pages\/194\/revisions"}],"wp:featuredmedia":[{"embeddable":true,"href":"http:\/\/bardelconvent.com\/sv\/wp-json\/wp\/v2\/media\/161"}],"wp:attachment":[{"href":"http:\/\/bardelconvent.com\/sv\/wp-json\/wp\/v2\/media?parent=194"}],"curies":[{"name":"wp","href":"https:\/\/api.w.org\/{rel}","templated":true}]}}