{"id":204,"date":"2022-07-08T12:19:13","date_gmt":"2022-07-08T11:19:13","guid":{"rendered":"http:\/\/bardelconvent.com\/tecken-en-tjej-gillar-dig-online\/"},"modified":"2022-07-08T12:19:13","modified_gmt":"2022-07-08T11:19:13","slug":"tecken-en-tjej-gillar-dig-online","status":"publish","type":"page","link":"http:\/\/bardelconvent.com\/sv\/tecken-en-tjej-gillar-dig-online\/","title":{"rendered":"Tecken en tjej gillar dig online?"},"content":{"rendered":"<p>Sms till tjejer \u00e4r en intressant upplevelse. Du kan f\u00e5 tips om hur de verkligen k\u00e4nner f\u00f6r dig i sina texter. Att vara noga med vad, n\u00e4r och hur de textar hj\u00e4lper dig att f\u00f6rst\u00e5 dem b\u00e4ttre.<\/p>\n<p>Om du inte \u00e4r s\u00e4ker p\u00e5 om hon \u00e4r intresserad av v\u00e4nskap, kolla in de <a href=\"http:\/\/bardelconvent.com\/sv\/online-dating-apps-sakerhet\/\">andra tecknen<\/a>. Till exempel kan hon skicka meddelanden till dig f\u00f6r att p\u00e5minna om en rolig tid tillsammans. Eller s\u00e5 kan hon n\u00e5 ut f\u00f6r att hon beh\u00f6ver hj\u00e4lp med en viss uppgift eller ett visst test.<\/p>\n<h2>Sms:ar dig f\u00f6rst?<\/h2>\n<p>Om hon sms:ar dig ur det bl\u00e5 kan det betyda vad som helst. Hon kan vara uttr\u00e5kad, eller hon kanske f\u00f6rs\u00f6ker l\u00e4ra k\u00e4nna dig b\u00e4ttre. Du kan vara hennes typ av kille, eller hon kanske inte gillar dig alls. Hur som helst spelar det ingen roll eftersom det inte finns n\u00e5got du kan g\u00f6ra \u00e5t det. Som sagt, om hon skickar sms till dig f\u00f6rst betyder det att hon vill prata med dig. S\u00e5 n\u00e4r hon skickar ett meddelande till dig, var uppm\u00e4rksam.<\/p>\n<h2>Kan du inte sluta skicka sms till dig?<\/h2>\n<p>Hon gillar dig inte n\u00e4r hon tr\u00e4ffar dig f\u00f6rsta g\u00e5ngen. Men efter ett tag <a href=\"http:\/\/bardelconvent.com\/sv\/gratis-sexchattwebbplatser\/\">b\u00f6rjar hon gilla dig<\/a>. Och om hon forts\u00e4tter att prata med dig kommer hon att b\u00f6rja k\u00e4nna sig riktigt n\u00e4ra dig. Om hon vill prata med dig varje g\u00e5ng du tr\u00e4ffas \u00e4r hon f\u00f6rmodligen k\u00e4r i dig.<\/p>\n<h2>Sms:a dig hela dagen?<\/h2>\n<p>Om hon skickar sms till dig ofta betyder det att hon gillar dig. Hon kan till och med vara intresserad av att l\u00e4ra k\u00e4nna dig b\u00e4ttre. Hon vill att du ska l\u00e4ra k\u00e4nna henne och vad hon st\u00e5r f\u00f6r, f\u00f6r hon vet att du kommer att uppskatta det. Kvinnor vet att utveckla rapport \u00e4r ett viktigt steg mot att starta en relation med killen du gillar. Jag l\u00e4rde mig detta av relationsgurun Kate Spring.<\/p>\n<h2>Fungerar textning verkligen?<\/h2>\n<p>Textning \u00e4r en bra form av kommunikation, s\u00e4rskilt n\u00e4r du f\u00f6rs\u00f6ker l\u00e4ra k\u00e4nna n\u00e5gon. Det finns dock tillf\u00e4llen d\u00e5 du beh\u00f6ver backa undan och ge dig sj\u00e4lv tid att t\u00e4nka innan du skickar ett nytt meddelande. Om du har haft en d\u00e5lig upplevelse med n\u00e5gon kan det vara b\u00e4st att v\u00e4nta tills du har lugnat dig innan du n\u00e5r ut. Du kan ocks\u00e5 f\u00f6rs\u00f6ka ringa dem ist\u00e4llet f\u00f6r att skicka sms. P\u00e5 s\u00e5 s\u00e4tt kommer du inte att k\u00e4nna att du st\u00f6r dem medan du fortfarande \u00e4r uppr\u00f6rd.<\/p>\n","protected":false},"excerpt":{"rendered":"<p>Sms till tjejer \u00e4r en intressant upplevelse. Du kan f\u00e5 tips om hur de verkligen k\u00e4nner f\u00f6r dig i sina texter. Att vara <\/p>\n","protected":false},"author":1,"featured_media":141,"parent":0,"menu_order":0,"comment_status":"closed","ping_status":"closed","template":"","meta":[],"yoast_head":"<!-- This site is optimized with the Yoast SEO plugin v19.2 - https:\/\/yoast.com\/wordpress\/plugins\/seo\/ -->\n<title>Tecken en tjej gillar dig online? - Hookup k\u00e4rlek<\/title>\n<meta name=\"robots\" content=\"index, follow, max-snippet:-1, max-image-preview:large, max-video-preview:-1\" \/>\n<link rel=\"canonical\" href=\"http:\/\/bardelconvent.com\/sv\/tecken-en-tjej-gillar-dig-online\/\" \/>\n<meta property=\"og:locale\" content=\"sv_SE\" \/>\n<meta property=\"og:type\" content=\"article\" \/>\n<meta property=\"og:title\" content=\"Tecken en tjej gillar dig online? - Hookup k\u00e4rlek\" \/>\n<meta property=\"og:description\" content=\"Sms till tjejer \u00e4r en intressant upplevelse. Du kan f\u00e5 tips om hur de verkligen k\u00e4nner f\u00f6r dig i sina texter. Att vara\" \/>\n<meta property=\"og:url\" content=\"http:\/\/bardelconvent.com\/sv\/tecken-en-tjej-gillar-dig-online\/\" \/>\n<meta property=\"og:site_name\" content=\"Hookup k\u00e4rlek\" \/>\n<meta property=\"og:image\" content=\"http:\/\/bardelconvent.com\/wp-content\/uploads\/2022\/07\/real-sex-chat.jpeg\" \/>\n\t<meta property=\"og:image:width\" content=\"2250\" \/>\n\t<meta property=\"og:image:height\" content=\"1500\" \/>\n\t<meta property=\"og:image:type\" content=\"image\/jpeg\" \/>\n<meta name=\"author\" content=\"Dating Expert\" \/>\n<meta name=\"twitter:card\" content=\"summary_large_image\" \/>\n<meta name=\"twitter:label1\" content=\"Ber\u00e4knad l\u00e4stid\" \/>\n\t<meta name=\"twitter:data1\" content=\"2 minuter\" \/>\n<script type=\"application\/ld+json\" class=\"yoast-schema-graph\">{\"@context\":\"https:\/\/schema.org\",\"@graph\":[{\"@type\":\"WebSite\",\"@id\":\"http:\/\/bardelconvent.com\/de\/#website\",\"url\":\"http:\/\/bardelconvent.com\/de\/\",\"name\":\"Hookup k\u00e4rlek\",\"description\":\"Dejting &amp; Relationer\",\"potentialAction\":[{\"@type\":\"SearchAction\",\"target\":{\"@type\":\"EntryPoint\",\"urlTemplate\":\"http:\/\/bardelconvent.com\/de\/?s={search_term_string}\"},\"query-input\":\"required name=search_term_string\"}],\"inLanguage\":\"sv-SE\"},{\"@type\":\"ImageObject\",\"inLanguage\":\"sv-SE\",\"@id\":\"http:\/\/bardelconvent.com\/sv\/tecken-en-tjej-gillar-dig-online\/#primaryimage\",\"url\":\"http:\/\/bardelconvent.com\/wp-content\/uploads\/2022\/07\/real-sex-chat.jpeg\",\"contentUrl\":\"http:\/\/bardelconvent.com\/wp-content\/uploads\/2022\/07\/real-sex-chat.jpeg\",\"width\":2250,\"height\":1500},{\"@type\":\"WebPage\",\"@id\":\"http:\/\/bardelconvent.com\/sv\/tecken-en-tjej-gillar-dig-online\/#webpage\",\"url\":\"http:\/\/bardelconvent.com\/sv\/tecken-en-tjej-gillar-dig-online\/\",\"name\":\"Tecken en tjej gillar dig online? - Hookup k\u00e4rlek\",\"isPartOf\":{\"@id\":\"http:\/\/bardelconvent.com\/de\/#website\"},\"primaryImageOfPage\":{\"@id\":\"http:\/\/bardelconvent.com\/sv\/tecken-en-tjej-gillar-dig-online\/#primaryimage\"},\"datePublished\":\"2022-07-08T11:19:13+00:00\",\"dateModified\":\"2022-07-08T11:19:13+00:00\",\"breadcrumb\":{\"@id\":\"http:\/\/bardelconvent.com\/sv\/tecken-en-tjej-gillar-dig-online\/#breadcrumb\"},\"inLanguage\":\"sv-SE\",\"potentialAction\":[{\"@type\":\"ReadAction\",\"target\":[\"http:\/\/bardelconvent.com\/sv\/tecken-en-tjej-gillar-dig-online\/\"]}]},{\"@type\":\"BreadcrumbList\",\"@id\":\"http:\/\/bardelconvent.com\/sv\/tecken-en-tjej-gillar-dig-online\/#breadcrumb\",\"itemListElement\":[{\"@type\":\"ListItem\",\"position\":1,\"name\":\"Hem\",\"item\":\"https:\/\/bardelconvent.com\/sv\/\"},{\"@type\":\"ListItem\",\"position\":2,\"name\":\"Tecken en tjej gillar dig online?\"}]}]}<\/script>\n<!-- \/ Yoast SEO plugin. -->","yoast_head_json":{"title":"Tecken en tjej gillar dig online? - Hookup k\u00e4rlek","robots":{"index":"index","follow":"follow","max-snippet":"max-snippet:-1","max-image-preview":"max-image-preview:large","max-video-preview":"max-video-preview:-1"},"canonical":"http:\/\/bardelconvent.com\/sv\/tecken-en-tjej-gillar-dig-online\/","og_locale":"sv_SE","og_type":"article","og_title":"Tecken en tjej gillar dig online? - Hookup k\u00e4rlek","og_description":"Sms till tjejer \u00e4r en intressant upplevelse. Du kan f\u00e5 tips om hur de verkligen k\u00e4nner f\u00f6r dig i sina texter. Att vara","og_url":"http:\/\/bardelconvent.com\/sv\/tecken-en-tjej-gillar-dig-online\/","og_site_name":"Hookup k\u00e4rlek","og_image":[{"width":2250,"height":1500,"url":"http:\/\/bardelconvent.com\/wp-content\/uploads\/2022\/07\/real-sex-chat.jpeg","type":"image\/jpeg"}],"author":"Dating Expert","twitter_card":"summary_large_image","twitter_misc":{"Ber\u00e4knad l\u00e4stid":"2 minuter"},"schema":{"@context":"https:\/\/schema.org","@graph":[{"@type":"WebSite","@id":"http:\/\/bardelconvent.com\/de\/#website","url":"http:\/\/bardelconvent.com\/de\/","name":"Hookup k\u00e4rlek","description":"Dejting &amp; Relationer","potentialAction":[{"@type":"SearchAction","target":{"@type":"EntryPoint","urlTemplate":"http:\/\/bardelconvent.com\/de\/?s={search_term_string}"},"query-input":"required name=search_term_string"}],"inLanguage":"sv-SE"},{"@type":"ImageObject","inLanguage":"sv-SE","@id":"http:\/\/bardelconvent.com\/sv\/tecken-en-tjej-gillar-dig-online\/#primaryimage","url":"http:\/\/bardelconvent.com\/wp-content\/uploads\/2022\/07\/real-sex-chat.jpeg","contentUrl":"http:\/\/bardelconvent.com\/wp-content\/uploads\/2022\/07\/real-sex-chat.jpeg","width":2250,"height":1500},{"@type":"WebPage","@id":"http:\/\/bardelconvent.com\/sv\/tecken-en-tjej-gillar-dig-online\/#webpage","url":"http:\/\/bardelconvent.com\/sv\/tecken-en-tjej-gillar-dig-online\/","name":"Tecken en tjej gillar dig online? - Hookup k\u00e4rlek","isPartOf":{"@id":"http:\/\/bardelconvent.com\/de\/#website"},"primaryImageOfPage":{"@id":"http:\/\/bardelconvent.com\/sv\/tecken-en-tjej-gillar-dig-online\/#primaryimage"},"datePublished":"2022-07-08T11:19:13+00:00","dateModified":"2022-07-08T11:19:13+00:00","breadcrumb":{"@id":"http:\/\/bardelconvent.com\/sv\/tecken-en-tjej-gillar-dig-online\/#breadcrumb"},"inLanguage":"sv-SE","potentialAction":[{"@type":"ReadAction","target":["http:\/\/bardelconvent.com\/sv\/tecken-en-tjej-gillar-dig-online\/"]}]},{"@type":"BreadcrumbList","@id":"http:\/\/bardelconvent.com\/sv\/tecken-en-tjej-gillar-dig-online\/#breadcrumb","itemListElement":[{"@type":"ListItem","position":1,"name":"Hem","item":"https:\/\/bardelconvent.com\/sv\/"},{"@type":"ListItem","position":2,"name":"Tecken en tjej gillar dig online?"}]}]}},"_links":{"self":[{"href":"http:\/\/bardelconvent.com\/sv\/wp-json\/wp\/v2\/pages\/204"}],"collection":[{"href":"http:\/\/bardelconvent.com\/sv\/wp-json\/wp\/v2\/pages"}],"about":[{"href":"http:\/\/bardelconvent.com\/sv\/wp-json\/wp\/v2\/types\/page"}],"author":[{"embeddable":true,"href":"http:\/\/bardelconvent.com\/sv\/wp-json\/wp\/v2\/users\/1"}],"replies":[{"embeddable":true,"href":"http:\/\/bardelconvent.com\/sv\/wp-json\/wp\/v2\/comments?post=204"}],"version-history":[{"count":0,"href":"http:\/\/bardelconvent.com\/sv\/wp-json\/wp\/v2\/pages\/204\/revisions"}],"wp:featuredmedia":[{"embeddable":true,"href":"http:\/\/bardelconvent.com\/sv\/wp-json\/wp\/v2\/media\/141"}],"wp:attachment":[{"href":"http:\/\/bardelconvent.com\/sv\/wp-json\/wp\/v2\/media?parent=204"}],"curies":[{"name":"wp","href":"https:\/\/api.w.org\/{rel}","templated":true}]}}