{"id":210,"date":"2022-07-08T12:21:20","date_gmt":"2022-07-08T11:21:20","guid":{"rendered":"http:\/\/bardelconvent.com\/palitliga-anslutningsappar-for-att-hitta-sex\/"},"modified":"2022-07-08T12:21:20","modified_gmt":"2022-07-08T11:21:20","slug":"palitliga-anslutningsappar-for-att-hitta-sex","status":"publish","type":"page","link":"http:\/\/bardelconvent.com\/sv\/palitliga-anslutningsappar-for-att-hitta-sex\/","title":{"rendered":"P\u00e5litliga anslutningsappar f\u00f6r att hitta sex"},"content":{"rendered":"<p>N\u00e4tdejting har blivit s\u00e5 vanligt att det n\u00e4stan k\u00e4nns som en vardagsgrej. Oavsett om du letar efter k\u00e4rlek eller bara n\u00e5gon att chatta med online finns det m\u00e5nga alternativ tillg\u00e4ngliga. Du kan tr\u00e4ffa m\u00e4nniskor via sociala medier, appar, webbplatser eller till och med lokala evenemang. Om du \u00e4r intresserad av att tr\u00e4ffa n\u00e5gon speciell, h\u00e4r \u00e4r n\u00e5gra tips som hj\u00e4lper dig att komma ig\u00e5ng.<\/p>\n<p>Speciellt sedan tillkomsten av Tinder och andra liknande appar! Det finns m\u00e5nga f\u00f6rdelar med att anv\u00e4nda en app som denna, inklusive bekv\u00e4mlighet och integritet. Det finns dock ocks\u00e5 risker f\u00f6rknippade med n\u00e4tdejting. Du kan st\u00f6ta p\u00e5 n\u00e5gon som inte \u00e4r \u00e4kta, eller som f\u00f6rs\u00f6ker lura dig ur dina pengar. Du kan till och med bli <a href=\"http:\/\/bardelconvent.com\/sv\/online-dating-apps-sakerhet\/\">fysiskt hotad n\u00e4r du tr\u00e4ffas personligen<\/a>. Om du letar efter k\u00e4rlek, prova n\u00e5got annat!<\/p>\n<h2>S\u00e4kerheten f\u00f6rst<\/h2>\n<p>Innan du tr\u00e4ffar n\u00e5gon i verkliga livet, prova videochatt med dem online. Genom att chatta online kan du se om du gillar varandra direkt. Du kan ocks\u00e5 st\u00e4lla fr\u00e5gor om vad de gillar och ogillar, och om de vill tr\u00e4ffas personligen. Om de verkar tveksamma till att prata med dig kan det vara en r\u00f6d flagga. L\u00e4mna inte ut personlig information f\u00f6rr\u00e4n du har tr\u00e4ffats ansikte mot ansikte. Innan du g\u00e5r med p\u00e5 att tr\u00e4ffas n\u00e5gonstans, ber\u00e4tta f\u00f6r en v\u00e4n vart du \u00e4r p\u00e5 v\u00e4g.<\/p>\n<p>Ta en sk\u00e4rmdump av deras profil och skicka den till dina v\u00e4nner. Att skicka sms till en v\u00e4n medan du \u00e4r p\u00e5 ett datum kanske inte k\u00e4nns bekv\u00e4mt, men det g\u00f6r att du kan h\u00e5lla din v\u00e4n informerad. Om du forts\u00e4tter din dejting f\u00f6rbi den punkt du f\u00f6rv\u00e4ntade dig, skicka ett sms till en v\u00e4n f\u00f6r att ber\u00e4tta f\u00f6r dem vart du \u00e4r p\u00e5 v\u00e4g n\u00e4sta.<\/p>\n<h2>Undvik bedr\u00e4gerier<\/h2>\n<p>Det \u00e4r inte ditt fel om n\u00e5gon f\u00f6rs\u00f6ker lura dig online. Du <a href=\"http:\/\/bardelconvent.com\/sv\/tecken-en-tjej-gillar-dig-online\/\">ska inte beh\u00f6va betala pengar f\u00f6r att komma undan dem<\/a>. Men det finns s\u00e4tt att skydda dig sj\u00e4lv n\u00e4r du anv\u00e4nder en app som Tinder. Vi har sammanst\u00e4llt en lista med s\u00e4kerhetstips nedan, tillsammans med ett diagram som j\u00e4mf\u00f6r de s\u00e4kerhets- och s\u00e4kerhetsfunktioner som finns tillg\u00e4ngliga p\u00e5 n\u00e5gra av de mest popul\u00e4ra apparna 2019. Se om n\u00e5got av dessa alternativ hj\u00e4lper dig att h\u00e5lla dig s\u00e4ker n\u00e4r du anv\u00e4nder Tinder.<\/p>\n<h2>Falska profiler<\/h2>\n<p>Falska profiler, bots och andra bedragare finns i \u00f6verfl\u00f6d online. \u00c4ven om du inte letar efter k\u00e4rlek finns det m\u00e5nga anledningar till varf\u00f6r du kanske vill h\u00e5lla dig borta fr\u00e5n dem. Falska konton kan verka ofarliga f\u00f6rst, men de kan orsaka skada. Om n\u00e5gon f\u00f6rs\u00f6ker lura dig, rapportera dem omedelbart. \u00d6verv\u00e4g ocks\u00e5 att anv\u00e4nda en dejtingsapp som verifierar anv\u00e4ndarnas identiteter innan du l\u00e5ter dem ansluta till andra. Du kan ocks\u00e5 kolla in v\u00e5ra tips nedan f\u00f6r s\u00e4tt att skydda dig sj\u00e4lv n\u00e4r du tr\u00e4ffar m\u00e4nniskor online.<\/p>\n<h2>Chatta med ditt datum innan du tr\u00e4ffas<\/h2>\n<p>Det \u00e4r viktigt att prata med ditt potentiella datum innan du tr\u00e4ffas. Om du inte \u00e4r s\u00e4ker p\u00e5 om han eller hon \u00e4r r\u00e4tt f\u00f6r dig, m\u00e5ste du se om det finns n\u00e5got om honom eller henne som inte sitter bra med dig. Du b\u00f6r ocks\u00e5 fr\u00e5ga dig sj\u00e4lv om du litar p\u00e5 honom eller henne tillr\u00e4ckligt f\u00f6r att ber\u00e4tta f\u00f6r dem n\u00e5got som kan avskr\u00e4cka dem. N\u00e4r ni v\u00e4l har tr\u00e4ffats ansikte mot ansikte kommer ni att kunna bed\u00f6ma varandras personligheter och best\u00e4mma om ni gillar varandra. Dela inte f\u00f6r m\u00e5nga detaljer om dig sj\u00e4lv f\u00f6rst. Du vill inte ge bort n\u00e5gon information om dig sj\u00e4lv som kan f\u00e5 dig att verka oprofessionell eller op\u00e5litlig.<\/p>\n","protected":false},"excerpt":{"rendered":"<p>N\u00e4tdejting har blivit s\u00e5 vanligt att det n\u00e4stan k\u00e4nns som en vardagsgrej. Oavsett om du letar efter k\u00e4rlek eller bara n\u00e5gon att chatta <\/p>\n","protected":false},"author":1,"featured_media":0,"parent":0,"menu_order":0,"comment_status":"closed","ping_status":"closed","template":"","meta":[],"yoast_head":"<!-- This site is optimized with the Yoast SEO plugin v19.2 - https:\/\/yoast.com\/wordpress\/plugins\/seo\/ -->\n<title>P\u00e5litliga anslutningsappar f\u00f6r att hitta sex - Hookup k\u00e4rlek<\/title>\n<meta name=\"robots\" content=\"index, follow, max-snippet:-1, max-image-preview:large, max-video-preview:-1\" \/>\n<link rel=\"canonical\" href=\"http:\/\/bardelconvent.com\/sv\/palitliga-anslutningsappar-for-att-hitta-sex\/\" \/>\n<meta property=\"og:locale\" content=\"sv_SE\" \/>\n<meta property=\"og:type\" content=\"article\" \/>\n<meta property=\"og:title\" content=\"P\u00e5litliga anslutningsappar f\u00f6r att hitta sex - Hookup k\u00e4rlek\" \/>\n<meta property=\"og:description\" content=\"N\u00e4tdejting har blivit s\u00e5 vanligt att det n\u00e4stan k\u00e4nns som en vardagsgrej. Oavsett om du letar efter k\u00e4rlek eller bara n\u00e5gon att chatta\" \/>\n<meta property=\"og:url\" content=\"http:\/\/bardelconvent.com\/sv\/palitliga-anslutningsappar-for-att-hitta-sex\/\" \/>\n<meta property=\"og:site_name\" content=\"Hookup k\u00e4rlek\" \/>\n<meta name=\"author\" content=\"Dating Expert\" \/>\n<meta name=\"twitter:card\" content=\"summary_large_image\" \/>\n<meta name=\"twitter:label1\" content=\"Ber\u00e4knad l\u00e4stid\" \/>\n\t<meta name=\"twitter:data1\" content=\"4 minuter\" \/>\n<script type=\"application\/ld+json\" class=\"yoast-schema-graph\">{\"@context\":\"https:\/\/schema.org\",\"@graph\":[{\"@type\":\"WebSite\",\"@id\":\"http:\/\/bardelconvent.com\/de\/#website\",\"url\":\"http:\/\/bardelconvent.com\/de\/\",\"name\":\"Hookup k\u00e4rlek\",\"description\":\"Dejting &amp; Relationer\",\"potentialAction\":[{\"@type\":\"SearchAction\",\"target\":{\"@type\":\"EntryPoint\",\"urlTemplate\":\"http:\/\/bardelconvent.com\/de\/?s={search_term_string}\"},\"query-input\":\"required name=search_term_string\"}],\"inLanguage\":\"sv-SE\"},{\"@type\":\"WebPage\",\"@id\":\"http:\/\/bardelconvent.com\/sv\/palitliga-anslutningsappar-for-att-hitta-sex\/#webpage\",\"url\":\"http:\/\/bardelconvent.com\/sv\/palitliga-anslutningsappar-for-att-hitta-sex\/\",\"name\":\"P\u00e5litliga anslutningsappar f\u00f6r att hitta sex - Hookup k\u00e4rlek\",\"isPartOf\":{\"@id\":\"http:\/\/bardelconvent.com\/de\/#website\"},\"datePublished\":\"2022-07-08T11:21:20+00:00\",\"dateModified\":\"2022-07-08T11:21:20+00:00\",\"breadcrumb\":{\"@id\":\"http:\/\/bardelconvent.com\/sv\/palitliga-anslutningsappar-for-att-hitta-sex\/#breadcrumb\"},\"inLanguage\":\"sv-SE\",\"potentialAction\":[{\"@type\":\"ReadAction\",\"target\":[\"http:\/\/bardelconvent.com\/sv\/palitliga-anslutningsappar-for-att-hitta-sex\/\"]}]},{\"@type\":\"BreadcrumbList\",\"@id\":\"http:\/\/bardelconvent.com\/sv\/palitliga-anslutningsappar-for-att-hitta-sex\/#breadcrumb\",\"itemListElement\":[{\"@type\":\"ListItem\",\"position\":1,\"name\":\"Hem\",\"item\":\"https:\/\/bardelconvent.com\/sv\/\"},{\"@type\":\"ListItem\",\"position\":2,\"name\":\"P\u00e5litliga anslutningsappar f\u00f6r att hitta sex\"}]}]}<\/script>\n<!-- \/ Yoast SEO plugin. -->","yoast_head_json":{"title":"P\u00e5litliga anslutningsappar f\u00f6r att hitta sex - Hookup k\u00e4rlek","robots":{"index":"index","follow":"follow","max-snippet":"max-snippet:-1","max-image-preview":"max-image-preview:large","max-video-preview":"max-video-preview:-1"},"canonical":"http:\/\/bardelconvent.com\/sv\/palitliga-anslutningsappar-for-att-hitta-sex\/","og_locale":"sv_SE","og_type":"article","og_title":"P\u00e5litliga anslutningsappar f\u00f6r att hitta sex - Hookup k\u00e4rlek","og_description":"N\u00e4tdejting har blivit s\u00e5 vanligt att det n\u00e4stan k\u00e4nns som en vardagsgrej. Oavsett om du letar efter k\u00e4rlek eller bara n\u00e5gon att chatta","og_url":"http:\/\/bardelconvent.com\/sv\/palitliga-anslutningsappar-for-att-hitta-sex\/","og_site_name":"Hookup k\u00e4rlek","author":"Dating Expert","twitter_card":"summary_large_image","twitter_misc":{"Ber\u00e4knad l\u00e4stid":"4 minuter"},"schema":{"@context":"https:\/\/schema.org","@graph":[{"@type":"WebSite","@id":"http:\/\/bardelconvent.com\/de\/#website","url":"http:\/\/bardelconvent.com\/de\/","name":"Hookup k\u00e4rlek","description":"Dejting &amp; Relationer","potentialAction":[{"@type":"SearchAction","target":{"@type":"EntryPoint","urlTemplate":"http:\/\/bardelconvent.com\/de\/?s={search_term_string}"},"query-input":"required name=search_term_string"}],"inLanguage":"sv-SE"},{"@type":"WebPage","@id":"http:\/\/bardelconvent.com\/sv\/palitliga-anslutningsappar-for-att-hitta-sex\/#webpage","url":"http:\/\/bardelconvent.com\/sv\/palitliga-anslutningsappar-for-att-hitta-sex\/","name":"P\u00e5litliga anslutningsappar f\u00f6r att hitta sex - Hookup k\u00e4rlek","isPartOf":{"@id":"http:\/\/bardelconvent.com\/de\/#website"},"datePublished":"2022-07-08T11:21:20+00:00","dateModified":"2022-07-08T11:21:20+00:00","breadcrumb":{"@id":"http:\/\/bardelconvent.com\/sv\/palitliga-anslutningsappar-for-att-hitta-sex\/#breadcrumb"},"inLanguage":"sv-SE","potentialAction":[{"@type":"ReadAction","target":["http:\/\/bardelconvent.com\/sv\/palitliga-anslutningsappar-for-att-hitta-sex\/"]}]},{"@type":"BreadcrumbList","@id":"http:\/\/bardelconvent.com\/sv\/palitliga-anslutningsappar-for-att-hitta-sex\/#breadcrumb","itemListElement":[{"@type":"ListItem","position":1,"name":"Hem","item":"https:\/\/bardelconvent.com\/sv\/"},{"@type":"ListItem","position":2,"name":"P\u00e5litliga anslutningsappar f\u00f6r att hitta sex"}]}]}},"_links":{"self":[{"href":"http:\/\/bardelconvent.com\/sv\/wp-json\/wp\/v2\/pages\/210"}],"collection":[{"href":"http:\/\/bardelconvent.com\/sv\/wp-json\/wp\/v2\/pages"}],"about":[{"href":"http:\/\/bardelconvent.com\/sv\/wp-json\/wp\/v2\/types\/page"}],"author":[{"embeddable":true,"href":"http:\/\/bardelconvent.com\/sv\/wp-json\/wp\/v2\/users\/1"}],"replies":[{"embeddable":true,"href":"http:\/\/bardelconvent.com\/sv\/wp-json\/wp\/v2\/comments?post=210"}],"version-history":[{"count":0,"href":"http:\/\/bardelconvent.com\/sv\/wp-json\/wp\/v2\/pages\/210\/revisions"}],"wp:attachment":[{"href":"http:\/\/bardelconvent.com\/sv\/wp-json\/wp\/v2\/media?parent=210"}],"curies":[{"name":"wp","href":"https:\/\/api.w.org\/{rel}","templated":true}]}}