{"id":211,"date":"2022-07-08T12:08:53","date_gmt":"2022-07-08T11:08:53","guid":{"rendered":"http:\/\/bardelconvent.com\/online-dating-apps-sakerhet\/"},"modified":"2022-07-08T12:08:53","modified_gmt":"2022-07-08T11:08:53","slug":"online-dating-apps-sakerhet","status":"publish","type":"page","link":"http:\/\/bardelconvent.com\/sv\/online-dating-apps-sakerhet\/","title":{"rendered":"Online Dating Apps S\u00e4kerhet"},"content":{"rendered":"<p>Online dating \u00e4r en alltmer popul\u00e4r aktivitet bland singlar. S\u00e4kerhetsproblem uppst\u00e5r dock ofta n\u00e4r man tr\u00e4ffar n\u00e5gon via en webbplats. \u00c4ven om det finns flera s\u00e4tt att skydda dig sj\u00e4lv, kanske det inte alltid \u00e4r m\u00f6jligt att f\u00f6rhindra alla potentiella risker.<\/p>\n<h2>V\u00e5r guide<\/h2>\n<p>H\u00e4r \u00e4r n\u00e5gra s\u00e4tt du kan skydda dig sj\u00e4lv n\u00e4r du anv\u00e4nder en online dating app eller tj\u00e4nst. Dessa tips \u00e4r ingen garanti, men de kan hj\u00e4lpa dig att k\u00e4nna dig s\u00e4krare.<\/p>\n<p>Det \u00e4r b\u00e4st att inte dela personuppgifter p\u00e5 din <a href=\"http:\/\/bardelconvent.com\/sv\/varfor-online-dating-apps-kan-fungera-for-dig\/\">dejtingprofil<\/a>. Du b\u00f6r undvika att dela ditt fullst\u00e4ndiga namn och telefonnummer, liksom all annan information som kan identifiera dig personligen. Det \u00e4r ocks\u00e5 klokt att h\u00e5lla din online-n\u00e4rvaro \u00e5tskild fr\u00e5n ditt verkliga liv. Om du tr\u00e4ffar n\u00e5gon p\u00e5 en bar eller fest, f\u00f6rs\u00f6k att h\u00e5lla dig borta fr\u00e5n dina sociala mediekonton tills du \u00e4r s\u00e4ker p\u00e5 att du gillar varandra tillr\u00e4ckligt f\u00f6r att prata i telefon. L\u00e4mna inte ut din adress eller kreditkortsinformation innan du tr\u00e4ffas personligen. Och be alltid om referenser n\u00e4r du pratar med potentiella datum.<\/p>\n<h2>N\u00e4r du chattar med fr\u00e4mlingar<\/h2>\n<p>Om du letar efter k\u00e4rlek p\u00e5 sociala medier, kolla in ditt potentiella datums profiler f\u00f6rst. Om du k\u00e4nner till deras namn eller handtag p\u00e5 sociala medier, leta upp dem. Titta p\u00e5 deras foton och se om du k\u00e4nner igen dem. Kontrollera om de har gemensamma v\u00e4nner p\u00e5 sociala medier. Om de ser ut som en havskatt, blockera och rapportera dem. Du kan ocks\u00e5 blockera och rapportera andra anv\u00e4ndare om du tycker att deras profiler \u00e4r misst\u00e4nkta eller om de har uppf\u00f6rt sig ol\u00e4mpligt mot dig. Lita alltid p\u00e5 din magk\u00e4nsla n\u00e4r du har att g\u00f6ra med andra. Om du k\u00e4nner att n\u00e5gon inte \u00e4r \u00e4rlig mot dig, g\u00e5 bara bort.<\/p>\n<p>Det finns flera r\u00f6da flaggor som borde <a href=\"http:\/\/bardelconvent.com\/sv\/gratis-sexchattwebbplatser\/\">v\u00e4cka oro f\u00f6r<\/a> n\u00e5gon du kommunicerar med online. Om du k\u00e4nner dig pressad att ge ut personlig information som ditt mobilnummer, eller om du f\u00e5r ett alltf\u00f6r romantiskt meddelande tidigt i ditt f\u00f6rh\u00e5llande, kanske du vill \u00f6verv\u00e4ga att rapportera anv\u00e4ndaren.<\/p>\n<p>Dela inte din personliga information med fr\u00e4mlingar. Du b\u00f6r aldrig l\u00e4mna n\u00e5gon personlig information n\u00e4r du kommunicerar med en annan person via en webbplats eller app. Din personliga information inneh\u00e5ller allt som kan identifiera dig personligen, som ditt namn, telefonnummer, adresser, f\u00f6delsedatum, k\u00f6rkortsnummer, kontonummer, l\u00f6senord och personnummer.<\/p>\n<h2>M\u00f6t offentligt<\/h2>\n<p>M\u00f6t n\u00e5gonstans s\u00e4kert och offentligt. Om du letar efter n\u00e5got avslappnat, v\u00e4lj en offentlig plats som ett kaf\u00e9, restaurang eller bar. Du f\u00e5r se varandra innan du best\u00e4mmer dig f\u00f6r om du ska g\u00e5 ut igen. Om du f\u00f6redrar en mer privat milj\u00f6, \u00f6verv\u00e4ga att g\u00e5 till en v\u00e4ns hus eller en annan gemensam bekants hus eller l\u00e4genhet ist\u00e4llet. Om du \u00e4r nerv\u00f6s f\u00f6r att tr\u00e4ffa n\u00e5gon personligen f\u00f6r f\u00f6rsta g\u00e5ngen, f\u00f6rs\u00f6k anv\u00e4nda en online dejtingsajt f\u00f6r att hj\u00e4lpa dig att bekanta dig med potentiella partners. Du kan ocks\u00e5 be v\u00e4nner om rekommendationer om platser att tr\u00e4ffas.<\/p>\n<p>V\u00e4lj en plats som k\u00e4nns bekv\u00e4m och s\u00e4ker. Ha det s\u00e5 kul! Om du vill \u00e5ka n\u00e5gonstans privat finns det gott om appar som l\u00e5ter dig tr\u00e4ffas privat.<\/p>\n","protected":false},"excerpt":{"rendered":"<p>Online dating \u00e4r en alltmer popul\u00e4r aktivitet bland singlar. S\u00e4kerhetsproblem uppst\u00e5r dock ofta n\u00e4r man tr\u00e4ffar n\u00e5gon via en webbplats. \u00c4ven om det <\/p>\n","protected":false},"author":1,"featured_media":131,"parent":0,"menu_order":0,"comment_status":"closed","ping_status":"closed","template":"","meta":[],"yoast_head":"<!-- This site is optimized with the Yoast SEO plugin v19.2 - https:\/\/yoast.com\/wordpress\/plugins\/seo\/ -->\n<title>Online Dating Apps S\u00e4kerhet - Hookup k\u00e4rlek<\/title>\n<meta name=\"robots\" content=\"index, follow, max-snippet:-1, max-image-preview:large, max-video-preview:-1\" \/>\n<link rel=\"canonical\" href=\"http:\/\/bardelconvent.com\/sv\/online-dating-apps-sakerhet\/\" \/>\n<meta property=\"og:locale\" content=\"sv_SE\" \/>\n<meta property=\"og:type\" content=\"article\" \/>\n<meta property=\"og:title\" content=\"Online Dating Apps S\u00e4kerhet - Hookup k\u00e4rlek\" \/>\n<meta property=\"og:description\" content=\"Online dating \u00e4r en alltmer popul\u00e4r aktivitet bland singlar. S\u00e4kerhetsproblem uppst\u00e5r dock ofta n\u00e4r man tr\u00e4ffar n\u00e5gon via en webbplats. \u00c4ven om det\" \/>\n<meta property=\"og:url\" content=\"http:\/\/bardelconvent.com\/sv\/online-dating-apps-sakerhet\/\" \/>\n<meta property=\"og:site_name\" content=\"Hookup k\u00e4rlek\" \/>\n<meta property=\"og:image\" content=\"https:\/\/bardelconvent.com\/wp-content\/uploads\/2022\/07\/dating-scams.jpeg\" \/>\n\t<meta property=\"og:image:width\" content=\"2250\" \/>\n\t<meta property=\"og:image:height\" content=\"1500\" \/>\n\t<meta property=\"og:image:type\" content=\"image\/jpeg\" \/>\n<meta name=\"author\" content=\"Dating Expert\" \/>\n<meta name=\"twitter:card\" content=\"summary_large_image\" \/>\n<meta name=\"twitter:label1\" content=\"Ber\u00e4knad l\u00e4stid\" \/>\n\t<meta name=\"twitter:data1\" content=\"3 minuter\" \/>\n<script type=\"application\/ld+json\" class=\"yoast-schema-graph\">{\"@context\":\"https:\/\/schema.org\",\"@graph\":[{\"@type\":\"WebSite\",\"@id\":\"http:\/\/bardelconvent.com\/de\/#website\",\"url\":\"http:\/\/bardelconvent.com\/de\/\",\"name\":\"Hookup k\u00e4rlek\",\"description\":\"Dejting &amp; Relationer\",\"potentialAction\":[{\"@type\":\"SearchAction\",\"target\":{\"@type\":\"EntryPoint\",\"urlTemplate\":\"http:\/\/bardelconvent.com\/de\/?s={search_term_string}\"},\"query-input\":\"required name=search_term_string\"}],\"inLanguage\":\"sv-SE\"},{\"@type\":\"ImageObject\",\"inLanguage\":\"sv-SE\",\"@id\":\"http:\/\/bardelconvent.com\/sv\/online-dating-apps-sakerhet\/#primaryimage\",\"url\":\"http:\/\/bardelconvent.com\/wp-content\/uploads\/2022\/07\/dating-scams.jpeg\",\"contentUrl\":\"http:\/\/bardelconvent.com\/wp-content\/uploads\/2022\/07\/dating-scams.jpeg\",\"width\":2250,\"height\":1500},{\"@type\":\"WebPage\",\"@id\":\"http:\/\/bardelconvent.com\/sv\/online-dating-apps-sakerhet\/#webpage\",\"url\":\"http:\/\/bardelconvent.com\/sv\/online-dating-apps-sakerhet\/\",\"name\":\"Online Dating Apps S\u00e4kerhet - Hookup k\u00e4rlek\",\"isPartOf\":{\"@id\":\"http:\/\/bardelconvent.com\/de\/#website\"},\"primaryImageOfPage\":{\"@id\":\"http:\/\/bardelconvent.com\/sv\/online-dating-apps-sakerhet\/#primaryimage\"},\"datePublished\":\"2022-07-08T11:08:53+00:00\",\"dateModified\":\"2022-07-08T11:08:53+00:00\",\"breadcrumb\":{\"@id\":\"http:\/\/bardelconvent.com\/sv\/online-dating-apps-sakerhet\/#breadcrumb\"},\"inLanguage\":\"sv-SE\",\"potentialAction\":[{\"@type\":\"ReadAction\",\"target\":[\"http:\/\/bardelconvent.com\/sv\/online-dating-apps-sakerhet\/\"]}]},{\"@type\":\"BreadcrumbList\",\"@id\":\"http:\/\/bardelconvent.com\/sv\/online-dating-apps-sakerhet\/#breadcrumb\",\"itemListElement\":[{\"@type\":\"ListItem\",\"position\":1,\"name\":\"Hem\",\"item\":\"https:\/\/bardelconvent.com\/sv\/\"},{\"@type\":\"ListItem\",\"position\":2,\"name\":\"Online Dating Apps S\u00e4kerhet\"}]}]}<\/script>\n<!-- \/ Yoast SEO plugin. -->","yoast_head_json":{"title":"Online Dating Apps S\u00e4kerhet - Hookup k\u00e4rlek","robots":{"index":"index","follow":"follow","max-snippet":"max-snippet:-1","max-image-preview":"max-image-preview:large","max-video-preview":"max-video-preview:-1"},"canonical":"http:\/\/bardelconvent.com\/sv\/online-dating-apps-sakerhet\/","og_locale":"sv_SE","og_type":"article","og_title":"Online Dating Apps S\u00e4kerhet - Hookup k\u00e4rlek","og_description":"Online dating \u00e4r en alltmer popul\u00e4r aktivitet bland singlar. S\u00e4kerhetsproblem uppst\u00e5r dock ofta n\u00e4r man tr\u00e4ffar n\u00e5gon via en webbplats. \u00c4ven om det","og_url":"http:\/\/bardelconvent.com\/sv\/online-dating-apps-sakerhet\/","og_site_name":"Hookup k\u00e4rlek","og_image":[{"width":2250,"height":1500,"url":"https:\/\/bardelconvent.com\/wp-content\/uploads\/2022\/07\/dating-scams.jpeg","type":"image\/jpeg"}],"author":"Dating Expert","twitter_card":"summary_large_image","twitter_misc":{"Ber\u00e4knad l\u00e4stid":"3 minuter"},"schema":{"@context":"https:\/\/schema.org","@graph":[{"@type":"WebSite","@id":"http:\/\/bardelconvent.com\/de\/#website","url":"http:\/\/bardelconvent.com\/de\/","name":"Hookup k\u00e4rlek","description":"Dejting &amp; Relationer","potentialAction":[{"@type":"SearchAction","target":{"@type":"EntryPoint","urlTemplate":"http:\/\/bardelconvent.com\/de\/?s={search_term_string}"},"query-input":"required name=search_term_string"}],"inLanguage":"sv-SE"},{"@type":"ImageObject","inLanguage":"sv-SE","@id":"http:\/\/bardelconvent.com\/sv\/online-dating-apps-sakerhet\/#primaryimage","url":"http:\/\/bardelconvent.com\/wp-content\/uploads\/2022\/07\/dating-scams.jpeg","contentUrl":"http:\/\/bardelconvent.com\/wp-content\/uploads\/2022\/07\/dating-scams.jpeg","width":2250,"height":1500},{"@type":"WebPage","@id":"http:\/\/bardelconvent.com\/sv\/online-dating-apps-sakerhet\/#webpage","url":"http:\/\/bardelconvent.com\/sv\/online-dating-apps-sakerhet\/","name":"Online Dating Apps S\u00e4kerhet - Hookup k\u00e4rlek","isPartOf":{"@id":"http:\/\/bardelconvent.com\/de\/#website"},"primaryImageOfPage":{"@id":"http:\/\/bardelconvent.com\/sv\/online-dating-apps-sakerhet\/#primaryimage"},"datePublished":"2022-07-08T11:08:53+00:00","dateModified":"2022-07-08T11:08:53+00:00","breadcrumb":{"@id":"http:\/\/bardelconvent.com\/sv\/online-dating-apps-sakerhet\/#breadcrumb"},"inLanguage":"sv-SE","potentialAction":[{"@type":"ReadAction","target":["http:\/\/bardelconvent.com\/sv\/online-dating-apps-sakerhet\/"]}]},{"@type":"BreadcrumbList","@id":"http:\/\/bardelconvent.com\/sv\/online-dating-apps-sakerhet\/#breadcrumb","itemListElement":[{"@type":"ListItem","position":1,"name":"Hem","item":"https:\/\/bardelconvent.com\/sv\/"},{"@type":"ListItem","position":2,"name":"Online Dating Apps S\u00e4kerhet"}]}]}},"_links":{"self":[{"href":"http:\/\/bardelconvent.com\/sv\/wp-json\/wp\/v2\/pages\/211"}],"collection":[{"href":"http:\/\/bardelconvent.com\/sv\/wp-json\/wp\/v2\/pages"}],"about":[{"href":"http:\/\/bardelconvent.com\/sv\/wp-json\/wp\/v2\/types\/page"}],"author":[{"embeddable":true,"href":"http:\/\/bardelconvent.com\/sv\/wp-json\/wp\/v2\/users\/1"}],"replies":[{"embeddable":true,"href":"http:\/\/bardelconvent.com\/sv\/wp-json\/wp\/v2\/comments?post=211"}],"version-history":[{"count":0,"href":"http:\/\/bardelconvent.com\/sv\/wp-json\/wp\/v2\/pages\/211\/revisions"}],"wp:featuredmedia":[{"embeddable":true,"href":"http:\/\/bardelconvent.com\/sv\/wp-json\/wp\/v2\/media\/131"}],"wp:attachment":[{"href":"http:\/\/bardelconvent.com\/sv\/wp-json\/wp\/v2\/media?parent=211"}],"curies":[{"name":"wp","href":"https:\/\/api.w.org\/{rel}","templated":true}]}}