{"id":236,"date":"2022-07-08T11:59:57","date_gmt":"2022-07-08T10:59:57","guid":{"rendered":"http:\/\/bardelconvent.com\/varfor-online-dating-apps-kan-fungera-for-dig\/"},"modified":"2022-07-08T11:59:57","modified_gmt":"2022-07-08T10:59:57","slug":"varfor-online-dating-apps-kan-fungera-for-dig","status":"publish","type":"page","link":"http:\/\/bardelconvent.com\/sv\/varfor-online-dating-apps-kan-fungera-for-dig\/","title":{"rendered":"Varf\u00f6r online dating apps kan fungera f\u00f6r dig"},"content":{"rendered":"<p>Internet till\u00e5ter oss att ansluta till m\u00e4nniskor \u00f6ver hela v\u00e4rlden. Det ger oss m\u00f6jlighet att n\u00e5 ut till m\u00e4nniskor som vi normalt inte skulle interagera med. Vi kan kommunicera med dem ansikte mot ansikte, dela v\u00e5ra tankar och k\u00e4nslor och till och med bli k\u00e4r. N\u00e4r vi f\u00f6rlitar oss p\u00e5 v\u00e5ra sociala kretsar \u00e4r v\u00e5ra alternativ ganska begr\u00e4nsade. Men om vi utnyttjar Internet till v\u00e5r f\u00f6rdel kan vi f\u00e5 fantastiska upplevelser som vi inte kunde ha f\u00f6rest\u00e4llt oss tidigare.<\/p>\n<p>N\u00e4r du letar efter en lokal anslutning, g\u00e5 alltid ut p\u00e5 ett offentligt datum och undvik att tr\u00e4ffa dem i en privat milj\u00f6. Om du tr\u00e4ffar n\u00e5gon p\u00e5 en restaurang, bar eller n\u00e5gon annan plats med massor av m\u00e4nniskor runt, blir det l\u00e4ttare att uppt\u00e4cka om de f\u00f6rs\u00f6ker fuska. Se till att alla vet om dina planer innan du l\u00e4mnar. H\u00e5ll ocks\u00e5 telefonen p\u00e5slagen och skyddad medan du \u00e4r ute p\u00e5 dejten. Du vet aldrig n\u00e4r n\u00e5got kan h\u00e4nda, och du m\u00e5ste vara s\u00e4ker.<\/p>\n<h2>Vad du kan l\u00e4ra dig om dejtingappar<\/h2>\n<p>Du l\u00e4r dig mycket om dig sj\u00e4lv och din <a href=\"http:\/\/bardelconvent.com\/sv\/palitliga-anslutningsappar-for-att-hitta-sex\/\">egen personlighet<\/a> n\u00e4r du g\u00e5r med i den moderna dejtingscenen. Dejtingappar som Tinder och Bumble v\u00e4xer i popularitet varje dag. Med dessa appar kan du ansluta till andra singlar i n\u00e4rheten och till och med matchas med kompatibla partners. Det finns m\u00e5nga olika typer av medlemskap tillg\u00e4ngliga, inklusive gratis, betalt, premium och guld. Guldmedlemskap ger anv\u00e4ndarna tillg\u00e5ng till exklusiva funktioner, till exempel obegr\u00e4nsade svepningar, obegr\u00e4nsade matchningar och specialrabatter.<\/p>\n<p>Du kan ocks\u00e5 anv\u00e4nda s\u00f6kfunktionen f\u00f6r att hitta personer som liknar dig sj\u00e4lv. Du kan sedan tr\u00e4ffa dem och utbyta meddelanden. Det \u00e4r stor sannolikhet att du hittar n\u00e5gon som vill spendera tid tillsammans med dig.<\/p>\n<h3>Bumble &#8211; Ett av de hetaste valen<\/h3>\n<p>Bumble var utformad f\u00f6r att hj\u00e4lpa kvinnor att g\u00f6ra det f\u00f6rsta steget. Det \u00e4r en <a href=\"http:\/\/bardelconvent.com\/sv\/fungerar-blind-dating\/\">app f\u00f6r kvinnor<\/a> som vill bli lagda. Du kan bl\u00e4ddra igenom profiler av ensamst\u00e5ende m\u00e4n och v\u00e4lja din favorit. Om du gillar det du ser, skicka dem ett meddelande. Om de svarar positivt kan du starta en konversation. Efter det m\u00e5ste du v\u00e4nta tills din man skickar dig en blinkning. Om han g\u00f6r det, \u00e4r du redo att g\u00e5!<\/p>\n<h2>Vad ska man g\u00f6ra n\u00e4sta?<\/h2>\n<p>Om du inte \u00e4r s\u00e4ker p\u00e5 om n\u00e5gon \u00e4r intresserad av dig, f\u00f6rs\u00f6k att fr\u00e5ga dem p\u00e5 ett datum. Du f\u00e5r en b\u00e4ttre uppfattning om vilken typ av person de \u00e4r och om du vill tr\u00e4ffa dem igen. Om du redan \u00e4r v\u00e4nner, fr\u00e5ga dem om deras intressen och hobbyer. Kanske kan ni till och med g\u00e5 p\u00e5 en dubbeldejt tillsammans!<\/p>\n","protected":false},"excerpt":{"rendered":"<p>Internet till\u00e5ter oss att ansluta till m\u00e4nniskor \u00f6ver hela v\u00e4rlden. Det ger oss m\u00f6jlighet att n\u00e5 ut till m\u00e4nniskor som vi normalt inte <\/p>\n","protected":false},"author":1,"featured_media":111,"parent":0,"menu_order":0,"comment_status":"closed","ping_status":"closed","template":"","meta":[],"yoast_head":"<!-- This site is optimized with the Yoast SEO plugin v19.2 - https:\/\/yoast.com\/wordpress\/plugins\/seo\/ -->\n<title>Varf\u00f6r online dating apps kan fungera f\u00f6r dig - Hookup k\u00e4rlek<\/title>\n<meta name=\"robots\" content=\"index, follow, max-snippet:-1, max-image-preview:large, max-video-preview:-1\" \/>\n<link rel=\"canonical\" href=\"http:\/\/bardelconvent.com\/sv\/varfor-online-dating-apps-kan-fungera-for-dig\/\" \/>\n<meta property=\"og:locale\" content=\"sv_SE\" \/>\n<meta property=\"og:type\" content=\"article\" \/>\n<meta property=\"og:title\" content=\"Varf\u00f6r online dating apps kan fungera f\u00f6r dig - Hookup k\u00e4rlek\" \/>\n<meta property=\"og:description\" content=\"Internet till\u00e5ter oss att ansluta till m\u00e4nniskor \u00f6ver hela v\u00e4rlden. Det ger oss m\u00f6jlighet att n\u00e5 ut till m\u00e4nniskor som vi normalt inte\" \/>\n<meta property=\"og:url\" content=\"http:\/\/bardelconvent.com\/sv\/varfor-online-dating-apps-kan-fungera-for-dig\/\" \/>\n<meta property=\"og:site_name\" content=\"Hookup k\u00e4rlek\" \/>\n<meta property=\"og:image\" content=\"http:\/\/bardelconvent.com\/wp-content\/uploads\/2022\/07\/casual-chat-rooms.jpeg\" \/>\n\t<meta property=\"og:image:width\" content=\"2248\" \/>\n\t<meta property=\"og:image:height\" content=\"1500\" \/>\n\t<meta property=\"og:image:type\" content=\"image\/jpeg\" \/>\n<meta name=\"author\" content=\"Dating Expert\" \/>\n<meta name=\"twitter:card\" content=\"summary_large_image\" \/>\n<meta name=\"twitter:label1\" content=\"Ber\u00e4knad l\u00e4stid\" \/>\n\t<meta name=\"twitter:data1\" content=\"3 minuter\" \/>\n<script type=\"application\/ld+json\" class=\"yoast-schema-graph\">{\"@context\":\"https:\/\/schema.org\",\"@graph\":[{\"@type\":\"WebSite\",\"@id\":\"http:\/\/bardelconvent.com\/de\/#website\",\"url\":\"http:\/\/bardelconvent.com\/de\/\",\"name\":\"Hookup k\u00e4rlek\",\"description\":\"Dejting &amp; Relationer\",\"potentialAction\":[{\"@type\":\"SearchAction\",\"target\":{\"@type\":\"EntryPoint\",\"urlTemplate\":\"http:\/\/bardelconvent.com\/de\/?s={search_term_string}\"},\"query-input\":\"required name=search_term_string\"}],\"inLanguage\":\"sv-SE\"},{\"@type\":\"ImageObject\",\"inLanguage\":\"sv-SE\",\"@id\":\"http:\/\/bardelconvent.com\/sv\/varfor-online-dating-apps-kan-fungera-for-dig\/#primaryimage\",\"url\":\"http:\/\/bardelconvent.com\/wp-content\/uploads\/2022\/07\/casual-chat-rooms.jpeg\",\"contentUrl\":\"http:\/\/bardelconvent.com\/wp-content\/uploads\/2022\/07\/casual-chat-rooms.jpeg\",\"width\":2248,\"height\":1500},{\"@type\":\"WebPage\",\"@id\":\"http:\/\/bardelconvent.com\/sv\/varfor-online-dating-apps-kan-fungera-for-dig\/#webpage\",\"url\":\"http:\/\/bardelconvent.com\/sv\/varfor-online-dating-apps-kan-fungera-for-dig\/\",\"name\":\"Varf\u00f6r online dating apps kan fungera f\u00f6r dig - Hookup k\u00e4rlek\",\"isPartOf\":{\"@id\":\"http:\/\/bardelconvent.com\/de\/#website\"},\"primaryImageOfPage\":{\"@id\":\"http:\/\/bardelconvent.com\/sv\/varfor-online-dating-apps-kan-fungera-for-dig\/#primaryimage\"},\"datePublished\":\"2022-07-08T10:59:57+00:00\",\"dateModified\":\"2022-07-08T10:59:57+00:00\",\"breadcrumb\":{\"@id\":\"http:\/\/bardelconvent.com\/sv\/varfor-online-dating-apps-kan-fungera-for-dig\/#breadcrumb\"},\"inLanguage\":\"sv-SE\",\"potentialAction\":[{\"@type\":\"ReadAction\",\"target\":[\"http:\/\/bardelconvent.com\/sv\/varfor-online-dating-apps-kan-fungera-for-dig\/\"]}]},{\"@type\":\"BreadcrumbList\",\"@id\":\"http:\/\/bardelconvent.com\/sv\/varfor-online-dating-apps-kan-fungera-for-dig\/#breadcrumb\",\"itemListElement\":[{\"@type\":\"ListItem\",\"position\":1,\"name\":\"Hem\",\"item\":\"https:\/\/bardelconvent.com\/sv\/\"},{\"@type\":\"ListItem\",\"position\":2,\"name\":\"Varf\u00f6r online dating apps kan fungera f\u00f6r dig\"}]}]}<\/script>\n<!-- \/ Yoast SEO plugin. -->","yoast_head_json":{"title":"Varf\u00f6r online dating apps kan fungera f\u00f6r dig - Hookup k\u00e4rlek","robots":{"index":"index","follow":"follow","max-snippet":"max-snippet:-1","max-image-preview":"max-image-preview:large","max-video-preview":"max-video-preview:-1"},"canonical":"http:\/\/bardelconvent.com\/sv\/varfor-online-dating-apps-kan-fungera-for-dig\/","og_locale":"sv_SE","og_type":"article","og_title":"Varf\u00f6r online dating apps kan fungera f\u00f6r dig - Hookup k\u00e4rlek","og_description":"Internet till\u00e5ter oss att ansluta till m\u00e4nniskor \u00f6ver hela v\u00e4rlden. Det ger oss m\u00f6jlighet att n\u00e5 ut till m\u00e4nniskor som vi normalt inte","og_url":"http:\/\/bardelconvent.com\/sv\/varfor-online-dating-apps-kan-fungera-for-dig\/","og_site_name":"Hookup k\u00e4rlek","og_image":[{"width":2248,"height":1500,"url":"http:\/\/bardelconvent.com\/wp-content\/uploads\/2022\/07\/casual-chat-rooms.jpeg","type":"image\/jpeg"}],"author":"Dating Expert","twitter_card":"summary_large_image","twitter_misc":{"Ber\u00e4knad l\u00e4stid":"3 minuter"},"schema":{"@context":"https:\/\/schema.org","@graph":[{"@type":"WebSite","@id":"http:\/\/bardelconvent.com\/de\/#website","url":"http:\/\/bardelconvent.com\/de\/","name":"Hookup k\u00e4rlek","description":"Dejting &amp; Relationer","potentialAction":[{"@type":"SearchAction","target":{"@type":"EntryPoint","urlTemplate":"http:\/\/bardelconvent.com\/de\/?s={search_term_string}"},"query-input":"required name=search_term_string"}],"inLanguage":"sv-SE"},{"@type":"ImageObject","inLanguage":"sv-SE","@id":"http:\/\/bardelconvent.com\/sv\/varfor-online-dating-apps-kan-fungera-for-dig\/#primaryimage","url":"http:\/\/bardelconvent.com\/wp-content\/uploads\/2022\/07\/casual-chat-rooms.jpeg","contentUrl":"http:\/\/bardelconvent.com\/wp-content\/uploads\/2022\/07\/casual-chat-rooms.jpeg","width":2248,"height":1500},{"@type":"WebPage","@id":"http:\/\/bardelconvent.com\/sv\/varfor-online-dating-apps-kan-fungera-for-dig\/#webpage","url":"http:\/\/bardelconvent.com\/sv\/varfor-online-dating-apps-kan-fungera-for-dig\/","name":"Varf\u00f6r online dating apps kan fungera f\u00f6r dig - Hookup k\u00e4rlek","isPartOf":{"@id":"http:\/\/bardelconvent.com\/de\/#website"},"primaryImageOfPage":{"@id":"http:\/\/bardelconvent.com\/sv\/varfor-online-dating-apps-kan-fungera-for-dig\/#primaryimage"},"datePublished":"2022-07-08T10:59:57+00:00","dateModified":"2022-07-08T10:59:57+00:00","breadcrumb":{"@id":"http:\/\/bardelconvent.com\/sv\/varfor-online-dating-apps-kan-fungera-for-dig\/#breadcrumb"},"inLanguage":"sv-SE","potentialAction":[{"@type":"ReadAction","target":["http:\/\/bardelconvent.com\/sv\/varfor-online-dating-apps-kan-fungera-for-dig\/"]}]},{"@type":"BreadcrumbList","@id":"http:\/\/bardelconvent.com\/sv\/varfor-online-dating-apps-kan-fungera-for-dig\/#breadcrumb","itemListElement":[{"@type":"ListItem","position":1,"name":"Hem","item":"https:\/\/bardelconvent.com\/sv\/"},{"@type":"ListItem","position":2,"name":"Varf\u00f6r online dating apps kan fungera f\u00f6r dig"}]}]}},"_links":{"self":[{"href":"http:\/\/bardelconvent.com\/sv\/wp-json\/wp\/v2\/pages\/236"}],"collection":[{"href":"http:\/\/bardelconvent.com\/sv\/wp-json\/wp\/v2\/pages"}],"about":[{"href":"http:\/\/bardelconvent.com\/sv\/wp-json\/wp\/v2\/types\/page"}],"author":[{"embeddable":true,"href":"http:\/\/bardelconvent.com\/sv\/wp-json\/wp\/v2\/users\/1"}],"replies":[{"embeddable":true,"href":"http:\/\/bardelconvent.com\/sv\/wp-json\/wp\/v2\/comments?post=236"}],"version-history":[{"count":0,"href":"http:\/\/bardelconvent.com\/sv\/wp-json\/wp\/v2\/pages\/236\/revisions"}],"wp:featuredmedia":[{"embeddable":true,"href":"http:\/\/bardelconvent.com\/sv\/wp-json\/wp\/v2\/media\/111"}],"wp:attachment":[{"href":"http:\/\/bardelconvent.com\/sv\/wp-json\/wp\/v2\/media?parent=236"}],"curies":[{"name":"wp","href":"https:\/\/api.w.org\/{rel}","templated":true}]}}