{"id":241,"date":"2022-07-08T12:05:25","date_gmt":"2022-07-08T11:05:25","guid":{"rendered":"http:\/\/bardelconvent.com\/gratis-sexchattwebbplatser\/"},"modified":"2022-07-08T12:05:25","modified_gmt":"2022-07-08T11:05:25","slug":"gratis-sexchattwebbplatser","status":"publish","type":"page","link":"http:\/\/bardelconvent.com\/sv\/gratis-sexchattwebbplatser\/","title":{"rendered":"Gratis sexchattwebbplatser"},"content":{"rendered":"<p>De flesta kommer att ber\u00e4tta f\u00f6r dig att g\u00e5 barhopping eller anv\u00e4nda lokala anslutningsappar. Men dessa alternativ \u00e4r inte s\u00e4rskilt effektiva. Du kan spendera mycket pengar och tid p\u00e5 att g\u00e5 ut varje kv\u00e4ll, eller s\u00e5 kan du bara anv\u00e4nda en av de m\u00e5nga lokala anslutningswebbplatserna som finns tillg\u00e4ngliga idag. Dessa webbplatser erbjuder samma funktioner som andra dejtingsajter, men de har ocks\u00e5 tusentals medlemmar som letar efter kul. S\u00e5 sluta anv\u00e4nda subpar webbplatser och prova en av dessa tj\u00e4nster!<\/p>\n<p>Det verkar som om det st\u00f6rsta problemet med <a href=\"http:\/\/bardelconvent.com\/sv\/varfor-online-dating-apps-kan-fungera-for-dig\/\">online dating webbplatser<\/a> \u00e4r att de inte \u00e4r s\u00e4rskilt effektiva. Du kan se varf\u00f6r &#8211; de erbjuder m\u00e5nga m\u00f6jligheter, men ocks\u00e5 m\u00e5nga problem.<\/p>\n<ul>\n<li>F\u00f6rst och fr\u00e4mst betyder det faktum att du inte kan se vad andra anv\u00e4ndare g\u00f6r p\u00e5 webbplatsen att du aldrig kommer att veta om n\u00e5gon annan \u00e4r intresserad av dig.<\/li>\n<li>F\u00f6r det andra, om du ska tr\u00e4ffa m\u00e4nniskor i verkligheten m\u00e5ste du vara uppm\u00e4rksam p\u00e5 deras utseende och beteende, annars kan du bli besviken n\u00e4r du faktiskt tr\u00e4ffar dem.<\/li>\n<li>F\u00f6r det tredje <a href=\"http:\/\/bardelconvent.com\/sv\/fungerar-blind-dating\/\">\u00e4r online-datingsidor ofta fulla av falska profiler<\/a>. Om du ska tr\u00e4ffa en tjej via en onlineplattform b\u00f6r du kontrollera hennes profil noggrant innan du ger henne ditt telefonnummer. Slutligen \u00e4r m\u00e5nga online dejtingsajter bara bedr\u00e4gerier. De lovar mycket, men levererar ingenting. S\u00e5, f\u00f6r att sammanfatta, online dating \u00e4r en bra id\u00e9, men inte en perfekt.<\/li>\n<\/ul>\n<h2>Sexchattrum<\/h2>\n<p>Sexchattwebbplatser \u00e4r webbplatser d\u00e4r m\u00e4nniskor tr\u00e4ffar varandra online f\u00f6r att diskutera sexuella \u00e4mnen. Det finns m\u00e5nga olika typer av sexchattwebbplatser, inklusive nischwebbplatser som BBW eller BDSM. Vissa av dessa webbplatser till\u00e5ter medlemmar att ladda upp bilder och videor av sig sj\u00e4lva, medan andra kr\u00e4ver att anv\u00e4ndare skickar meddelanden via text- eller snabbmeddelandeprogram.<\/p>\n<ul>\n<li>M\u00e5nga sexchattwebbplatser erbjuder livevideochattar, vilket g\u00f6r att medlemmar kan se varandra p\u00e5 webbkamera.<\/li>\n<li>Sexchattwebbplatser \u00e4r ett utm\u00e4rkt st\u00e4lle att tr\u00e4ffa nya m\u00e4nniskor.<\/li>\n<li>Bra val f\u00f6r att ansluta<\/li>\n<\/ul>\n<p>Letar du efter lite kul ikv\u00e4ll? \u00c4r du tr\u00f6tt p\u00e5 att vara ensam? Varf\u00f6r inte prova sexchattrum d\u00e4r du kan tr\u00e4ffa nya m\u00e4nniskor fr\u00e5n hela v\u00e4rlden! Vi \u00e4r s\u00e4kra p\u00e5 att du hittar n\u00e5gon speciell h\u00e4r.<\/p>\n<p>Dessa appar har tusentals medlemmar fr\u00e5n hela v\u00e4rlden, inklusive USA, Storbritannien, Kanada, Australien, Nya Zeeland, Europa, Asien och Afrika. S\u00e5 om du letar efter en plats att ansluta till andra, kom med oss nu.<\/p>\n<p>Det finns m\u00e5nga f\u00f6rdelar med att anv\u00e4nda den h\u00e4r webbplatsen. F\u00f6rst och fr\u00e4mst \u00e4r det helt gratis s\u00e5 det finns inget att f\u00f6rlora. F\u00f6r det andra kan du v\u00e4lja om du vill anv\u00e4nda en webbkamera eller bara textbaserade chattar. Om du f\u00f6redrar att anv\u00e4nda en webbkamera kan du g\u00f6ra det genom att helt enkelt klicka p\u00e5 knappen &#8221;videochatt&#8221;. Detta \u00f6ppnar ett f\u00f6nster d\u00e4r du kan se din partner live. Du kan prata med dem, st\u00e4lla fr\u00e5gor till dem och till och med dela bilder med dem.<\/p>\n<p>S\u00e5 vad v\u00e4ntar du p\u00e5? G\u00e5 med nu och b\u00f6rja tr\u00e4ffa nya v\u00e4nner!<\/p>\n","protected":false},"excerpt":{"rendered":"<p>De flesta kommer att ber\u00e4tta f\u00f6r dig att g\u00e5 barhopping eller anv\u00e4nda lokala anslutningsappar. Men dessa alternativ \u00e4r inte s\u00e4rskilt effektiva. Du kan <\/p>\n","protected":false},"author":1,"featured_media":121,"parent":0,"menu_order":0,"comment_status":"closed","ping_status":"closed","template":"","meta":[],"yoast_head":"<!-- This site is optimized with the Yoast SEO plugin v19.2 - https:\/\/yoast.com\/wordpress\/plugins\/seo\/ -->\n<title>Gratis sexchattwebbplatser - Hookup k\u00e4rlek<\/title>\n<meta name=\"robots\" content=\"index, follow, max-snippet:-1, max-image-preview:large, max-video-preview:-1\" \/>\n<link rel=\"canonical\" href=\"http:\/\/bardelconvent.com\/sv\/gratis-sexchattwebbplatser\/\" \/>\n<meta property=\"og:locale\" content=\"sv_SE\" \/>\n<meta property=\"og:type\" content=\"article\" \/>\n<meta property=\"og:title\" content=\"Gratis sexchattwebbplatser - Hookup k\u00e4rlek\" \/>\n<meta property=\"og:description\" content=\"De flesta kommer att ber\u00e4tta f\u00f6r dig att g\u00e5 barhopping eller anv\u00e4nda lokala anslutningsappar. Men dessa alternativ \u00e4r inte s\u00e4rskilt effektiva. Du kan\" \/>\n<meta property=\"og:url\" content=\"http:\/\/bardelconvent.com\/sv\/gratis-sexchattwebbplatser\/\" \/>\n<meta property=\"og:site_name\" content=\"Hookup k\u00e4rlek\" \/>\n<meta property=\"og:image\" content=\"https:\/\/bardelconvent.com\/wp-content\/uploads\/2022\/07\/join-now.jpeg\" \/>\n\t<meta property=\"og:image:width\" content=\"2250\" \/>\n\t<meta property=\"og:image:height\" content=\"1500\" \/>\n\t<meta property=\"og:image:type\" content=\"image\/jpeg\" \/>\n<meta name=\"author\" content=\"Dating Expert\" \/>\n<meta name=\"twitter:card\" content=\"summary_large_image\" \/>\n<meta name=\"twitter:label1\" content=\"Ber\u00e4knad l\u00e4stid\" \/>\n\t<meta name=\"twitter:data1\" content=\"3 minuter\" \/>\n<script type=\"application\/ld+json\" class=\"yoast-schema-graph\">{\"@context\":\"https:\/\/schema.org\",\"@graph\":[{\"@type\":\"WebSite\",\"@id\":\"http:\/\/bardelconvent.com\/de\/#website\",\"url\":\"http:\/\/bardelconvent.com\/de\/\",\"name\":\"Hookup k\u00e4rlek\",\"description\":\"Dejting &amp; Relationer\",\"potentialAction\":[{\"@type\":\"SearchAction\",\"target\":{\"@type\":\"EntryPoint\",\"urlTemplate\":\"http:\/\/bardelconvent.com\/de\/?s={search_term_string}\"},\"query-input\":\"required name=search_term_string\"}],\"inLanguage\":\"sv-SE\"},{\"@type\":\"ImageObject\",\"inLanguage\":\"sv-SE\",\"@id\":\"http:\/\/bardelconvent.com\/sv\/gratis-sexchattwebbplatser\/#primaryimage\",\"url\":\"http:\/\/bardelconvent.com\/wp-content\/uploads\/2022\/07\/join-now.jpeg\",\"contentUrl\":\"http:\/\/bardelconvent.com\/wp-content\/uploads\/2022\/07\/join-now.jpeg\",\"width\":2250,\"height\":1500},{\"@type\":\"WebPage\",\"@id\":\"http:\/\/bardelconvent.com\/sv\/gratis-sexchattwebbplatser\/#webpage\",\"url\":\"http:\/\/bardelconvent.com\/sv\/gratis-sexchattwebbplatser\/\",\"name\":\"Gratis sexchattwebbplatser - Hookup k\u00e4rlek\",\"isPartOf\":{\"@id\":\"http:\/\/bardelconvent.com\/de\/#website\"},\"primaryImageOfPage\":{\"@id\":\"http:\/\/bardelconvent.com\/sv\/gratis-sexchattwebbplatser\/#primaryimage\"},\"datePublished\":\"2022-07-08T11:05:25+00:00\",\"dateModified\":\"2022-07-08T11:05:25+00:00\",\"breadcrumb\":{\"@id\":\"http:\/\/bardelconvent.com\/sv\/gratis-sexchattwebbplatser\/#breadcrumb\"},\"inLanguage\":\"sv-SE\",\"potentialAction\":[{\"@type\":\"ReadAction\",\"target\":[\"http:\/\/bardelconvent.com\/sv\/gratis-sexchattwebbplatser\/\"]}]},{\"@type\":\"BreadcrumbList\",\"@id\":\"http:\/\/bardelconvent.com\/sv\/gratis-sexchattwebbplatser\/#breadcrumb\",\"itemListElement\":[{\"@type\":\"ListItem\",\"position\":1,\"name\":\"Hem\",\"item\":\"https:\/\/bardelconvent.com\/sv\/\"},{\"@type\":\"ListItem\",\"position\":2,\"name\":\"Gratis sexchattwebbplatser\"}]}]}<\/script>\n<!-- \/ Yoast SEO plugin. -->","yoast_head_json":{"title":"Gratis sexchattwebbplatser - Hookup k\u00e4rlek","robots":{"index":"index","follow":"follow","max-snippet":"max-snippet:-1","max-image-preview":"max-image-preview:large","max-video-preview":"max-video-preview:-1"},"canonical":"http:\/\/bardelconvent.com\/sv\/gratis-sexchattwebbplatser\/","og_locale":"sv_SE","og_type":"article","og_title":"Gratis sexchattwebbplatser - Hookup k\u00e4rlek","og_description":"De flesta kommer att ber\u00e4tta f\u00f6r dig att g\u00e5 barhopping eller anv\u00e4nda lokala anslutningsappar. Men dessa alternativ \u00e4r inte s\u00e4rskilt effektiva. Du kan","og_url":"http:\/\/bardelconvent.com\/sv\/gratis-sexchattwebbplatser\/","og_site_name":"Hookup k\u00e4rlek","og_image":[{"width":2250,"height":1500,"url":"https:\/\/bardelconvent.com\/wp-content\/uploads\/2022\/07\/join-now.jpeg","type":"image\/jpeg"}],"author":"Dating Expert","twitter_card":"summary_large_image","twitter_misc":{"Ber\u00e4knad l\u00e4stid":"3 minuter"},"schema":{"@context":"https:\/\/schema.org","@graph":[{"@type":"WebSite","@id":"http:\/\/bardelconvent.com\/de\/#website","url":"http:\/\/bardelconvent.com\/de\/","name":"Hookup k\u00e4rlek","description":"Dejting &amp; Relationer","potentialAction":[{"@type":"SearchAction","target":{"@type":"EntryPoint","urlTemplate":"http:\/\/bardelconvent.com\/de\/?s={search_term_string}"},"query-input":"required name=search_term_string"}],"inLanguage":"sv-SE"},{"@type":"ImageObject","inLanguage":"sv-SE","@id":"http:\/\/bardelconvent.com\/sv\/gratis-sexchattwebbplatser\/#primaryimage","url":"http:\/\/bardelconvent.com\/wp-content\/uploads\/2022\/07\/join-now.jpeg","contentUrl":"http:\/\/bardelconvent.com\/wp-content\/uploads\/2022\/07\/join-now.jpeg","width":2250,"height":1500},{"@type":"WebPage","@id":"http:\/\/bardelconvent.com\/sv\/gratis-sexchattwebbplatser\/#webpage","url":"http:\/\/bardelconvent.com\/sv\/gratis-sexchattwebbplatser\/","name":"Gratis sexchattwebbplatser - Hookup k\u00e4rlek","isPartOf":{"@id":"http:\/\/bardelconvent.com\/de\/#website"},"primaryImageOfPage":{"@id":"http:\/\/bardelconvent.com\/sv\/gratis-sexchattwebbplatser\/#primaryimage"},"datePublished":"2022-07-08T11:05:25+00:00","dateModified":"2022-07-08T11:05:25+00:00","breadcrumb":{"@id":"http:\/\/bardelconvent.com\/sv\/gratis-sexchattwebbplatser\/#breadcrumb"},"inLanguage":"sv-SE","potentialAction":[{"@type":"ReadAction","target":["http:\/\/bardelconvent.com\/sv\/gratis-sexchattwebbplatser\/"]}]},{"@type":"BreadcrumbList","@id":"http:\/\/bardelconvent.com\/sv\/gratis-sexchattwebbplatser\/#breadcrumb","itemListElement":[{"@type":"ListItem","position":1,"name":"Hem","item":"https:\/\/bardelconvent.com\/sv\/"},{"@type":"ListItem","position":2,"name":"Gratis sexchattwebbplatser"}]}]}},"_links":{"self":[{"href":"http:\/\/bardelconvent.com\/sv\/wp-json\/wp\/v2\/pages\/241"}],"collection":[{"href":"http:\/\/bardelconvent.com\/sv\/wp-json\/wp\/v2\/pages"}],"about":[{"href":"http:\/\/bardelconvent.com\/sv\/wp-json\/wp\/v2\/types\/page"}],"author":[{"embeddable":true,"href":"http:\/\/bardelconvent.com\/sv\/wp-json\/wp\/v2\/users\/1"}],"replies":[{"embeddable":true,"href":"http:\/\/bardelconvent.com\/sv\/wp-json\/wp\/v2\/comments?post=241"}],"version-history":[{"count":0,"href":"http:\/\/bardelconvent.com\/sv\/wp-json\/wp\/v2\/pages\/241\/revisions"}],"wp:featuredmedia":[{"embeddable":true,"href":"http:\/\/bardelconvent.com\/sv\/wp-json\/wp\/v2\/media\/121"}],"wp:attachment":[{"href":"http:\/\/bardelconvent.com\/sv\/wp-json\/wp\/v2\/media?parent=241"}],"curies":[{"name":"wp","href":"https:\/\/api.w.org\/{rel}","templated":true}]}}